{"id":9783,"date":"2023-02-27T21:12:43","date_gmt":"2023-02-27T21:12:43","guid":{"rendered":"https:\/\/aviva.health\/?page_id=9783"},"modified":"2026-02-05T20:05:59","modified_gmt":"2026-02-05T20:05:59","slug":"reconnect-application","status":"publish","type":"page","link":"https:\/\/aviva.health\/es\/ahecsw\/reconnect-application\/","title":{"rendered":"Aplicaci\u00f3n ReConnect"},"content":{"rendered":"<div class=\"wpb-content-wrapper\">\n<div class=\"mk-page-section-wrapper\" data-mk-full-width=\"true\" data-mk-full-width-init=\"true\" data-mk-stretch-content=\"true\">\n\t<div id=\"page-section-1\" class=\"mk-page-section self-hosted   full_layout full-width-1 js-el js-master-row jupiter-donut-    center-y\"    data-intro-effect=\"false\">\n\n\t\t\t\n\t\t\t<div class=\"mk-page-section-inner\">\n\t\t\t\t\n\n\n<div style=\"background-color:#4da3da;opacity:0.7;\" class=\"mk-video-color-mask\"><\/div>\n\n\t\t\t\t\n\t\t\t\t\n\t\n\t<div class=\"background-layer-holder\">\n\t\t<div id=\"background-layer--1\" data-mk-lazyload=\"false\" class=\"background-layer mk-background-stretch none-blend-effect js-el\"    data-mk-img-set='{\"landscape\":{\"desktop\":\"https:\/\/aviva.health\/wp-content\/uploads\/2017\/03\/building-bw.jpg\",\"tablet\":\"https:\/\/aviva.health\/wp-content\/uploads\/2017\/03\/building-bw-1024x768.jpg\",\"mobile\":\"https:\/\/aviva.health\/wp-content\/uploads\/2017\/03\/building-bw-736x414.jpg\"},\"responsive\":\"true\"}' >\n\t\t\t\t\t\t\t\t\t<div class=\"mk-color-layer\"><\/div>\n\t\t<\/div>\n\t<\/div>\n\n\t\t\t<\/div>\n\n\t\t\t\n        <div class=\"page-section-content vc_row-fluid mk-grid\" >\n            <div class=\"mk-padding-wrapper wpb_row\">\n<div class=\"vc_col-sm-12 wpb_column column_container  jupiter-donut- _ jupiter-donut-height-full\">\n\t\n<h2 id=\"fancy-title-3\" class=\"mk-fancy-title  simple-style jupiter-donut-  color-single\">\n\t<span>\n\t\t\t\t<p>Solicitar la beca ReConnect<\/p>\n\t\t\t<\/span>\n<\/h2>\n<div class=\"clearboth\"><\/div>\n\n\n\n<\/div>\n<\/div>\n            <div class=\"clearboth\"><\/div>\n        <\/div>\n\n\n\t\t\t\n\t\t\t\n\t\t\t\n\t\t<div class=\"clearboth\"><\/div>\n\t<\/div>\n<\/div>\n<div class=\"vc_row-full-width vc_clearfix\"><\/div>\n\n\n<div class=\"mk-page-section-wrapper\" data-mk-full-width=\"true\" data-mk-full-width-init=\"true\" data-mk-stretch-content=\"true\">\n\t<div id=\"page-section-4\" class=\"mk-page-section self-hosted   full_layout full-width-4 js-el js-master-row jupiter-donut-    center-y\"    data-intro-effect=\"false\">\n\n\t\t\t\n\t\t\t<div class=\"mk-page-section-inner\">\n\t\t\t\t\n\n\n<div class=\"mk-video-color-mask\"><\/div>\n\n\t\t\t\t\n\t\t\t\t\t\t\t<\/div>\n\n\t\t\t\n        <div class=\"page-section-content vc_row-fluid mk-grid\" >\n            <div class=\"mk-padding-wrapper wpb_row\">\n<div class=\"vc_col-sm-12 wpb_column column_container  jupiter-donut- _ jupiter-donut-height-full\">\n\t\n<div id=\"padding-6\" class=\"mk-padding-divider jupiter-donut-  jupiter-donut-clearfix\"><\/div>\n\n\n<h2 id=\"fancy-title-7\" class=\"mk-fancy-title  simple-style jupiter-donut-  color-single\">\n\t<span>\n\t\t\t\t<p>\u00bfC\u00f3mo solicito la beca ReConnect?<\/p>\n\t\t\t<\/span>\n<\/h2>\n<div class=\"clearboth\"><\/div>\n\n\n\n\n<h3 id=\"fancy-title-8\" class=\"mk-fancy-title  simple-style jupiter-donut-  color-single\">\n\t<span>\n\t\t\t\t<p>APPLICATION DEADLINE \u2013 March 30, 2026<\/p>\n\t\t\t<\/span>\n<\/h3>\n<div class=\"clearboth\"><\/div>\n\n\n\n\t<div class=\"vc_custom_1677532918764\">\n\n<div id=\"text-block-9\" class=\"mk-text-block  jupiter-donut-\">\n\n\t\n\t<p><span style=\"color: #000000;\">La mayor\u00eda de los candidatos ingresan a la Beca ReConnect al graduarse de la universidad. Un plazo t\u00edpico para un becario ser\u00eda mudarse a Roseburg a principios del verano despu\u00e9s de graduarse y comenzar su trabajo cl\u00ednico en junio o julio de su a\u00f1o de graduaci\u00f3n. Los becarios se comprometen a participar al menos un a\u00f1o en la Beca ReConnect y a permanecer en el programa hasta que ingresen a la escuela de medicina o a la de asistente m\u00e9dico. Algunos becarios optan por tomarse un a\u00f1o sab\u00e1tico adicional y permanecer en la beca durante un segundo a\u00f1o mientras solicitan admisi\u00f3n y se presentan a la entrevista de ingreso a la escuela de medicina.<\/span><\/p>\n\n\t<div class=\"clearboth\"><\/div>\n<\/div>\n\n\t<\/div>\n<\/div>\n<\/div>\n            <div class=\"clearboth\"><\/div>\n        <\/div>\n\n\n\t\t\t\n\t\t\t\n\t\t\t\n\t\t<div class=\"clearboth\"><\/div>\n\t<\/div>\n<\/div>\n<div class=\"vc_row-full-width vc_clearfix\"><\/div>\n\n\n<div class=\"mk-page-section-wrapper\" data-mk-full-width=\"true\" data-mk-full-width-init=\"true\" data-mk-stretch-content=\"true\">\n\t<div id=\"page-section-10\" class=\"mk-page-section self-hosted   full_layout full-width-10 js-el js-master-row jupiter-donut-\"    data-intro-effect=\"false\">\n\n\t\t\t\n\t\t\t<div class=\"mk-page-section-inner\">\n\t\t\t\t\n\n\n<div class=\"mk-video-color-mask\"><\/div>\n\n\t\t\t\t\n\t\t\t\t\t\t\t<\/div>\n\n\t\t\t\n        <div class=\"page-section-content vc_row-fluid mk-grid\" >\n            <div class=\"mk-padding-wrapper wpb_row\">\n<div class=\"vc_col-sm-2 wpb_column column_container  jupiter-donut- _ jupiter-donut-height-full\">\n\t<\/div>\n\n<div class=\"vc_col-sm-8 wpb_column column_container  jupiter-donut- _ jupiter-donut-height-full\">\n\t\n<div id=\"padding-13\" class=\"mk-padding-divider jupiter-donut-  jupiter-donut-clearfix\"><\/div>\n\n\t<div class=\"vc_custom_1770321953775\">\n\n<div id=\"text-block-14\" class=\"mk-text-block  jupiter-donut-\">\n\n\t\n\t<h2>C\u00d3MO APLICAR<\/h2>\n<p class=\"x_MsoNormal\"><span style=\"font-size: 18pt;\"><b>The application deadline for 2026 Fellows is March 30, 2026<\/b>. Applications received after the deadline will be considered, but prioritized below applications submitted prior to the deadline. Applicants will be interviewed via Zoom in early April and selections will be made by April 17, 2026.<\/span><\/p>\n<p class=\"x_MsoNormal\"><span style=\"font-size: 18pt;\">Para solicitar la beca ReConnect, los candidatos deben completar lo siguiente:<\/span><\/p>\n<ol start=\"1\" type=\"1\">\n<li class=\"x_MsoListParagraph\"><span style=\"font-size: 18pt;\"><a href=\"https:\/\/forms.gle\/DFwQpnqWLxhCU6Yx9\">Complete el formulario de solicitud en l\u00ednea<\/a><\/span><\/li>\n<li class=\"x_MsoListParagraph\"><span style=\"font-size: 18pt;\">Presentar una carta de presentaci\u00f3n indicando su inter\u00e9s en la Beca ReConnect<\/span><\/li>\n<li class=\"x_MsoListParagraph\"><span style=\"font-size: 18pt;\">Presentar curr\u00edculum vitae actualizado<\/span><\/li>\n<li class=\"x_MsoListParagraph\"><span style=\"font-size: 18pt;\">Presentar dos cartas de recomendaci\u00f3n: las cartas de recomendaci\u00f3n pueden ser presentadas por el candidato o por la persona que las escribe.<\/span><\/li>\n<\/ol>\n<h2>C\u00f3mo enviar cartas de presentaci\u00f3n, curr\u00edculum y cartas de recomendaci\u00f3n<\/h2>\n<p><span style=\"font-size: 18pt;\"><strong>Todos los elementos de solicitud complementarios anteriores se pueden enviar mediante carga en el <a href=\"https:\/\/forms.gle\/DFwQpnqWLxhCU6Yx9\">formulario de solicitud en l\u00ednea<\/a>, o pueden enviarse por correo electr\u00f3nico como archivos adjuntos a <\/strong><strong><span style=\"text-decoration: underline;\"><a href=\"mailto:reconnect@aviva.health\">reconnect@aviva.health<\/a><\/span><span style=\"font-size: large;\">.\u00a0<span style=\"font-size: 18pt;\">Los solicitantes recibir\u00e1n una confirmaci\u00f3n por correo electr\u00f3nico cuando se hayan recibido sus materiales.<\/span><\/span><\/strong><\/span><\/p>\n\n\t<div class=\"clearboth\"><\/div>\n<\/div>\n\n\t<\/div>\n<\/div>\n\n<div class=\"vc_col-sm-2 wpb_column column_container  jupiter-donut- _ jupiter-donut-height-full\">\n\t<\/div>\n<\/div>\n            <div class=\"clearboth\"><\/div>\n        <\/div>\n\n\n\t\t\t\n\t\t\t\n\t\t\t\n\t\t<div class=\"clearboth\"><\/div>\n\t<\/div>\n<\/div>\n<div class=\"vc_row-full-width vc_clearfix\"><\/div>\n\n\n<\/div>","protected":false},"excerpt":{"rendered":"Apply For ReConnect Fellowship How do I apply for the ReConnect Fellowship? APPLICATION DEADLINE \u2013 March 30, 2026 Most candidates enter the ReConnect Fellowship upon graduation from college. A typical [...]","protected":false},"author":5,"featured_media":0,"parent":10504,"menu_order":0,"comment_status":"closed","ping_status":"closed","template":"","meta":{"nf_dc_page":"","om_disable_all_campaigns":false,"_monsterinsights_skip_tracking":false,"_monsterinsights_sitenote_active":false,"_monsterinsights_sitenote_note":"","_monsterinsights_sitenote_category":0,"footnotes":""},"class_list":["post-9783","page","type-page","status-publish","hentry"],"aioseo_notices":[],"_links":{"self":[{"href":"https:\/\/aviva.health\/es\/wp-json\/wp\/v2\/pages\/9783","targetHints":{"allow":["GET"]}}],"collection":[{"href":"https:\/\/aviva.health\/es\/wp-json\/wp\/v2\/pages"}],"about":[{"href":"https:\/\/aviva.health\/es\/wp-json\/wp\/v2\/types\/page"}],"author":[{"embeddable":true,"href":"https:\/\/aviva.health\/es\/wp-json\/wp\/v2\/users\/5"}],"replies":[{"embeddable":true,"href":"https:\/\/aviva.health\/es\/wp-json\/wp\/v2\/comments?post=9783"}],"version-history":[{"count":7,"href":"https:\/\/aviva.health\/es\/wp-json\/wp\/v2\/pages\/9783\/revisions"}],"predecessor-version":[{"id":12046,"href":"https:\/\/aviva.health\/es\/wp-json\/wp\/v2\/pages\/9783\/revisions\/12046"}],"up":[{"embeddable":true,"href":"https:\/\/aviva.health\/es\/wp-json\/wp\/v2\/pages\/10504"}],"wp:attachment":[{"href":"https:\/\/aviva.health\/es\/wp-json\/wp\/v2\/media?parent=9783"}],"curies":[{"name":"gracias","href":"https:\/\/api.w.org\/{rel}","templated":true}]}}