{"id":9741,"date":"2017-03-08T23:37:05","date_gmt":"2017-03-08T23:37:05","guid":{"rendered":"https:\/\/aviva.health\/medical-services-3\/"},"modified":"2025-12-22T18:39:53","modified_gmt":"2025-12-22T18:39:53","slug":"pharmacy","status":"publish","type":"page","link":"https:\/\/aviva.health\/es\/pharmacy\/","title":{"rendered":"Farmacia"},"content":{"rendered":"<div class=\"wpb-content-wrapper\">\n<div class=\"mk-page-section-wrapper\" data-mk-full-width=\"true\" data-mk-full-width-init=\"true\" data-mk-stretch-content=\"true\">\n\t<div id=\"page-section-1\" class=\"mk-page-section self-hosted   full_layout full-width-1 js-el js-master-row jupiter-donut-\"    data-intro-effect=\"false\">\n\n\t\t\t\n\t\t\t<div class=\"mk-page-section-inner\">\n\t\t\t\t\n\n\n<div style=\"background-color:#4da3da;opacity:0.5;\" class=\"mk-video-color-mask\"><\/div>\n\n\t\t\t\t\n\t\t\t\t\n\t\n\t<div class=\"background-layer-holder\">\n\t\t<div id=\"background-layer--1\" data-mk-lazyload=\"false\" class=\"background-layer mk-background-stretch none-blend-effect js-el\"    data-mk-img-set='{\"landscape\":{\"desktop\":\"https:\/\/aviva.health\/wp-content\/uploads\/2017\/03\/medical-header.jpg\",\"tablet\":\"https:\/\/aviva.health\/wp-content\/uploads\/2017\/03\/medical-header-1024x768.jpg\",\"mobile\":\"https:\/\/aviva.health\/wp-content\/uploads\/2017\/03\/medical-header-736x414.jpg\"},\"responsive\":\"true\"}' >\n\t\t\t\t\t\t\t\t\t<div class=\"mk-color-layer\"><\/div>\n\t\t<\/div>\n\t<\/div>\n\n\t\t\t<\/div>\n\n\t\t\t\n        <div class=\"page-section-content vc_row-fluid mk-grid\" >\n            <div class=\"mk-padding-wrapper wpb_row\">\n<div class=\"vc_col-sm-8 wpb_column column_container  jupiter-donut- _ jupiter-donut-height-full\">\n\t\n<h2 id=\"fancy-title-3\" class=\"mk-fancy-title  simple-style jupiter-donut-  color-single\">\n\t<span>\n\t\t\t\t<p>Farmacia<\/p>\n\t\t\t<\/span>\n<\/h2>\n<div class=\"clearboth\"><\/div>\n\n\n\n<\/div>\n\n<div class=\"vc_col-sm-4 wpb_column column_container  jupiter-donut- _ jupiter-donut-height-full\">\n\t\n<h2 id=\"fancy-title-5\" class=\"mk-fancy-title  simple-style jupiter-donut-  color-single\">\n\t<span>\n\t\t\t\t<h3><span style=\"color: #ffffff;\">Descargue la aplicaci\u00f3n Rx365 hoy para administrar sus recetas<\/span><\/h3>\n<blockquote>\n<p style=\"padding-left: 40px;\"><span style=\"font-size: 14pt; color: #ffffff;\">Puede \u2026<br \/>\n<\/span><\/p>\n<p style=\"padding-left: 40px;\"><span style=\"color: #ffffff;\">&gt; Con\u00e9ctese de forma segura a la Farmacia Aviva Health<\/span><br \/>\n<span style=\"color: #ffffff;\">&gt; Solicitar recargas<\/span><br \/>\n<span style=\"color: #ffffff;\">&gt; Chatea con el personal de la farmacia<\/span><br \/>\n<span style=\"color: #ffffff;\">&gt; Solicitar transferencias de recetas de otras farmacias<\/span>\n<\/p><\/blockquote>\n\t\t\t<\/span>\n<\/h2>\n<div class=\"clearboth\"><\/div>\n\n\n\n<div  class=\"mk-image mk-image-6 jupiter-donut-  mk-image-lazyload align-center simple-frame inside-image\" style=\"margin-bottom:10px\"><div class=\"mk-image-container\" style=\"max-width: 150px;\"><div  class=\"mk-image-holder\" style=\"max-width: 150px;\"><div class=\"mk-image-inner\"><a href=\"https:\/\/apps.apple.com\/us\/app\/rx365-mobile\/id1639398219\" target=\"_blank\" class=\"mk-image-link\"><img loading=\"lazy\" decoding=\"async\" class=\"lightbox-false\" alt=\"app-store-icon-web\" title=\"icono de la tienda de aplicaciones web\" width=\"150\" height=\"50\" src=\"https:\/\/aviva.health\/wp-content\/uploads\/2024\/09\/app-store-icon-web.png\" \/><\/a><\/div><\/div><div class=\"clearboth\"><\/div><\/div><\/div><div  class=\"mk-image mk-image-7 jupiter-donut-  mk-image-lazyload align-center simple-frame inside-image\" style=\"margin-bottom:10px\"><div class=\"mk-image-container\" style=\"max-width: 150px;\"><div  class=\"mk-image-holder\" style=\"max-width: 150px;\"><div class=\"mk-image-inner\"><a href=\"https:\/\/play.google.com\/store\/apps\/details?id=com.libertysoftware.rx365\" target=\"_blank\" class=\"mk-image-link\"><img loading=\"lazy\" decoding=\"async\" class=\"lightbox-false\" alt=\"google-play-icon-web\" title=\"icono de google play web\" width=\"150\" height=\"44\" src=\"https:\/\/aviva.health\/wp-content\/uploads\/2024\/09\/google-play-icon-web.png\" \/><\/a><\/div><\/div><div class=\"clearboth\"><\/div><\/div><\/div><\/div>\n<\/div>\n            <div class=\"clearboth\"><\/div>\n        <\/div>\n\n\n\t\t\t\n\t\t\t\n\t\t\t\n\t\t<div class=\"clearboth\"><\/div>\n\t<\/div>\n<\/div>\n<div class=\"vc_row-full-width vc_clearfix\"><\/div>\n\n\n<div class=\"mk-page-section-wrapper\" data-mk-full-width=\"true\" data-mk-full-width-init=\"true\" data-mk-stretch-content=\"true\">\n\t<div id=\"page-section-8\" class=\"mk-page-section self-hosted   half_right_layout half_fluid full-width-8 js-el js-master-row jupiter-donut-\"    data-intro-effect=\"false\">\n\n\t\t\t\n\t\t\t<div class=\"mk-page-section-inner\">\n\t\t\t\t\n\n\n<div class=\"mk-video-color-mask\"><\/div>\n\n\t\t\t\t\n\t\t\t\t\t\t\t<\/div>\n\n\t\t\t\n\t\t\t \n \n\n <div class=\"mk-half-layout half_right_layout\" data-mk-img-set='{\"landscape\":{\"desktop\":\"https:\/\/aviva.health\/wp-content\/uploads\/2025\/09\/pharm-team-copy3-1-scaled-e1766428684710.jpg\",\"tablet\":\"https:\/\/aviva.health\/wp-content\/uploads\/2025\/09\/pharm-team-copy3-1-scaled-e1766428684710-1024x768.jpg\",\"mobile\":\"https:\/\/aviva.health\/wp-content\/uploads\/2025\/09\/pharm-team-copy3-1-scaled-e1766428684710-736x414.jpg\"},\"responsive\":\"true\"}'>\n     <\/div>\n\n <div class=\"mk-half-layout-container page-section-content half_right_layout\">\n    <div class=\"mk-half-layout-inner\">\n \t  \n<div class=\"vc_col-sm-12 wpb_column column_container  jupiter-donut- _ jupiter-donut-height-full\">\n\t\n<div id=\"padding-10\" class=\"mk-padding-divider jupiter-donut-  jupiter-donut-clearfix\"><\/div>\n\n\n<h2 id=\"fancy-title-11\" class=\"mk-fancy-title  simple-style jupiter-donut-  color-single\">\n\t<span>\n\t\t\t\t<p>Recetas a su conveniencia<\/p>\n\t\t\t<\/span>\n<\/h2>\n<div class=\"clearboth\"><\/div>\n\n\n\n<style>#fancy-title-11 {font-family: \"Raleway\"}<\/style>\t<div class=\"vc_custom_1675819572976\">\n\n<div id=\"text-block-12\" class=\"mk-text-block  jupiter-donut-\">\n\n\t\n\t<p>Aviva Health, un centro de salud calificado a nivel federal con sede en el condado de Douglas, se enorgullece de anunciar la apertura de una farmacia interna en nuestro <a href=\"https:\/\/aviva.health\/es\/locations\/#roseburg-main\">Cl\u00ednica principal de Roseburg<\/a>Participamos con orgullo en el <a href=\"https:\/\/aviva.health\/es\/discount-prescription-drug-program\/\">Programa de precios de medicamentos 340B<\/a>, que est\u00e1 disponible para pacientes asegurados y no asegurados y puede ayudar con costos de recetas con descuento.<\/p>\n<p>Si tiene una cita, las recetas suelen estar listas para recoger poco despu\u00e9s de su consulta con el m\u00e9dico, y la mayor\u00eda de las solicitudes de resurtido est\u00e1n disponibles el mismo d\u00eda. En la Farmacia Aviva Health se aceptan OHP (UHA), Atrio Medicare y la mayor\u00eda de los seguros comerciales. Consulte a continuaci\u00f3n para obtener una lista de opciones. <a href=\"#pharmacyinsurance\">lista completa de seguros aceptados<\/a>.<\/p>\n<p>Aviva Health se compromete a brindarle una experiencia de paciente excepcional, y nuestra nueva farmacia es una forma m\u00e1s en la que cumplimos nuestra promesa de esperanza, salud y vida.<\/p>\n<p>Si desea surtir sus recetas en la farmacia Aviva Health, ll\u00e1menos al <a href=\"tel:+15414922078\">(541) 492-2078<\/a> o informe a su proveedor durante su pr\u00f3xima visita.<\/p>\n<p>Esperamos poder atenderle. Gracias por confiar en nosotros.<\/p>\n\n\t<div class=\"clearboth\"><\/div>\n<\/div>\n\n\t<\/div>\n\n<h2 id=\"fancy-title-13\" class=\"mk-fancy-title  simple-style jupiter-donut-  color-single\">\n\t<span>\n\t\t\t\t<p>Horario de atenci\u00f3n<\/p>\n\t\t\t<\/span>\n<\/h2>\n<div class=\"clearboth\"><\/div>\n\n\n\n<style>#fancy-title-13 {font-family: \"Raleway\"}<\/style>\t<div class=\"vc_custom_1675819971665\">\n\n<div id=\"text-block-14\" class=\"mk-text-block  jupiter-donut-\">\n\n\t\n\t<p>La farmacia Aviva Health est\u00e1 ubicada en <a href=\"https:\/\/www.google.com\/maps\/place\/Aviva+Health\/@43.2620724,-123.352559,17z\/data=!3m1!4b1!4m5!3m4!1s0x54c418860baea7df:0x4b9c4a5f7596536b!8m2!3d43.2620724!4d-123.3503703\">150 Kenneth Ford Drive<\/a> en Roseburg y abierto de lunes a viernes, de 8 a. m. a 5 p. m. (cerrado del mediod\u00eda a la 1 p. m. todos los d\u00edas para el almuerzo)<\/p>\n\n\t<div class=\"clearboth\"><\/div>\n<\/div>\n\n\t<\/div>\n\n<h2 id=\"fancy-title-15\" class=\"mk-fancy-title  simple-style jupiter-donut-  color-single\">\n\t<span>\n\t\t\t\t<p><a id=\"pharmacyinsurance\"><\/a>Seguros aceptados<\/p>\n\t\t\t<\/span>\n<\/h2>\n<div class=\"clearboth\"><\/div>\n\n\n\n<style>#fancy-title-15 {font-family: \"Raleway\"}<\/style>\t<div class=\"vc_custom_1675818318259\">\n\n<div id=\"text-block-16\" class=\"mk-text-block  jupiter-donut-\">\n\n\t\n\t<p>La farmacia Aviva Health actualmente acepta los siguientes seguros:<\/p>\n<ul>\n<li>Plan de Salud de Oreg\u00f3n (UHA)<\/li>\n<li>Atrio Medicare Parte D<\/li>\n<li>CVS CareMark<\/li>\n<li>Express Scripts<\/li>\n<li>Navitus (para Moda Medical)<\/li>\n<\/ul>\n\n\t<div class=\"clearboth\"><\/div>\n<\/div>\n\n\t<\/div>\n<\/div>\n    <\/div>\n <\/div>\n\n\n\t\t\t\n\t\t\t\n\t\t<div class=\"clearboth\"><\/div>\n\t<\/div>\n<\/div>\n<div class=\"vc_row-full-width vc_clearfix\"><\/div>\n\n\n<div class=\"mk-page-section-wrapper\" data-mk-full-width=\"true\" data-mk-full-width-init=\"true\" data-mk-stretch-content=\"true\">\n\t<div id=\"page-section-17\" class=\"mk-page-section self-hosted   half_left_layout half_fluid full-width-17 js-el js-master-row jupiter-donut-\"    data-intro-effect=\"false\">\n\n\t\t\t\n\t\t\t<div class=\"mk-page-section-inner\">\n\t\t\t\t\n\n\n<div class=\"mk-video-color-mask\"><\/div>\n\n\t\t\t\t\n\t\t\t\t\t\t\t<\/div>\n\n\t\t\t\n\t\t\t \n \n\n <div class=\"mk-half-layout half_left_layout\" data-mk-img-set='{\"landscape\":{\"desktop\":\"https:\/\/aviva.health\/wp-content\/uploads\/2023\/02\/gen-pharm-scaled.jpg\",\"tablet\":\"https:\/\/aviva.health\/wp-content\/uploads\/2023\/02\/gen-pharm-scaled-1024x768.jpg\",\"mobile\":\"https:\/\/aviva.health\/wp-content\/uploads\/2023\/02\/gen-pharm-scaled-736x414.jpg\"},\"responsive\":\"true\"}'>\n     <\/div>\n\n <div class=\"mk-half-layout-container page-section-content half_left_layout\">\n    <div class=\"mk-half-layout-inner\">\n \t  \n<div class=\"vc_col-sm-12 wpb_column column_container  jupiter-donut- _ jupiter-donut-height-full\">\n\t\n<h2 id=\"fancy-title-19\" class=\"mk-fancy-title  simple-style jupiter-donut-  color-single\">\n\t<span>\n\t\t\t\t<p>Programa de precios de medicamentos 340B<\/p>\n\t\t\t<\/span>\n<\/h2>\n<div class=\"clearboth\"><\/div>\n\n\n\n<style>#fancy-title-19 {font-family: \"Raleway\"}<\/style>\t<div class=\"vc_custom_1675819042769\">\n\n<div id=\"text-block-20\" class=\"mk-text-block  jupiter-donut-\">\n\n\t\n\t<p>Aviva Health participa en el Programa de Precios de Medicamentos 340B, un programa gubernamental que puede ayudar a los pacientes a obtener descuentos en medicamentos recetados. Este programa est\u00e1 disponible para pacientes con y sin seguro m\u00e9dico.<\/p>\n<p>Participar en el programa es f\u00e1cil. Programe una cita con un proveedor de Aviva Health y, cuando le expida una receta, solic\u00edtela a trav\u00e9s de Aviva Health o de una de nuestras farmacias asociadas en el condado de Douglas, Oreg\u00f3n.<\/p>\n<p>Si tiene seguro y sus medicamentos est\u00e1n cubiertos por su p\u00f3liza, pagar\u00e1 su copago como de costumbre. Aunque sus costos no cambiar\u00e1n, nuestro centro de salud recibir\u00e1 un beneficio financiero de su compa\u00f1\u00eda de seguros. Este financiamiento adicional nos ayuda a brindar atenci\u00f3n a las familias m\u00e1s necesitadas de nuestra comunidad. <a href=\"https:\/\/aviva.health\/es\/discount-prescription-drug-program\/\">haga clic aqu\u00ed<\/a> para obtener m\u00e1s informaci\u00f3n sobre el Programa de Precios de Medicamentos 340B.<\/p>\n\n\t<div class=\"clearboth\"><\/div>\n<\/div>\n\n\t<\/div>\n<\/div>\n    <\/div>\n <\/div>\n\n\n\t\t\t\n\t\t\t\n\t\t<div class=\"clearboth\"><\/div>\n\t<\/div>\n<\/div>\n<div class=\"vc_row-full-width vc_clearfix\"><\/div>\n\n\n<\/div>","protected":false},"excerpt":{"rendered":"Pharmacy Download the Rx365 App Today to Manage your Prescriptions You can ... &gt; Securely connect to the Aviva Health Pharmacy &gt; Request refills &gt; Chat with the pharmacy staff [...]","protected":false},"author":5,"featured_media":0,"parent":0,"menu_order":0,"comment_status":"closed","ping_status":"closed","template":"","meta":{"nf_dc_page":"","om_disable_all_campaigns":false,"_monsterinsights_skip_tracking":false,"_monsterinsights_sitenote_active":false,"_monsterinsights_sitenote_note":"","_monsterinsights_sitenote_category":0,"footnotes":""},"class_list":["post-9741","page","type-page","status-publish","hentry"],"aioseo_notices":[],"_links":{"self":[{"href":"https:\/\/aviva.health\/es\/wp-json\/wp\/v2\/pages\/9741","targetHints":{"allow":["GET"]}}],"collection":[{"href":"https:\/\/aviva.health\/es\/wp-json\/wp\/v2\/pages"}],"about":[{"href":"https:\/\/aviva.health\/es\/wp-json\/wp\/v2\/types\/page"}],"author":[{"embeddable":true,"href":"https:\/\/aviva.health\/es\/wp-json\/wp\/v2\/users\/5"}],"replies":[{"embeddable":true,"href":"https:\/\/aviva.health\/es\/wp-json\/wp\/v2\/comments?post=9741"}],"version-history":[{"count":5,"href":"https:\/\/aviva.health\/es\/wp-json\/wp\/v2\/pages\/9741\/revisions"}],"predecessor-version":[{"id":11961,"href":"https:\/\/aviva.health\/es\/wp-json\/wp\/v2\/pages\/9741\/revisions\/11961"}],"wp:attachment":[{"href":"https:\/\/aviva.health\/es\/wp-json\/wp\/v2\/media?parent=9741"}],"curies":[{"name":"gracias","href":"https:\/\/api.w.org\/{rel}","templated":true}]}}