{"id":9635,"date":"2017-03-08T23:37:05","date_gmt":"2017-03-08T23:37:05","guid":{"rendered":"https:\/\/aviva.health\/medical-services-2\/"},"modified":"2025-06-03T00:28:55","modified_gmt":"2025-06-03T00:28:55","slug":"mobile-medical","status":"publish","type":"page","link":"https:\/\/aviva.health\/es\/mobile-medical\/","title":{"rendered":"Servicios m\u00e9dicos m\u00f3viles"},"content":{"rendered":"<div class=\"wpb-content-wrapper\">\n<div class=\"mk-page-section-wrapper\" data-mk-full-width=\"true\" data-mk-full-width-init=\"true\" data-mk-stretch-content=\"true\">\n\t<div id=\"page-section-1\" class=\"mk-page-section self-hosted   full_layout full-width-1 js-el js-master-row jupiter-donut-\"    data-intro-effect=\"false\">\n\n\t\t\t\n\t\t\t<div class=\"mk-page-section-inner\">\n\t\t\t\t\n\n\n<div style=\"background-color:#4da3da;opacity:0.5;\" class=\"mk-video-color-mask\"><\/div>\n\n\t\t\t\t\n\t\t\t\t\n\t\n\t<div class=\"background-layer-holder\">\n\t\t<div id=\"background-layer--1\" data-mk-lazyload=\"false\" class=\"background-layer mk-background-stretch none-blend-effect js-el\"    data-mk-img-set='{\"landscape\":{\"desktop\":\"https:\/\/aviva.health\/wp-content\/uploads\/2022\/09\/mobile-2-scaled.jpg\",\"tablet\":\"https:\/\/aviva.health\/wp-content\/uploads\/2022\/09\/mobile-2-scaled-1024x768.jpg\",\"mobile\":\"https:\/\/aviva.health\/wp-content\/uploads\/2022\/09\/mobile-2-scaled-736x414.jpg\"},\"responsive\":\"true\"}' >\n\t\t\t\t\t\t\t\t\t<div class=\"mk-color-layer\"><\/div>\n\t\t<\/div>\n\t<\/div>\n\n\t\t\t<\/div>\n\n\t\t\t\n        <div class=\"page-section-content vc_row-fluid mk-grid\" >\n            <div class=\"mk-padding-wrapper wpb_row\">\n<div class=\"vc_col-sm-12 wpb_column column_container  jupiter-donut- _ jupiter-donut-height-full\">\n\t\n<h2 id=\"fancy-title-3\" class=\"mk-fancy-title  simple-style jupiter-donut-  color-single\">\n\t<span>\n\t\t\t\t<p style=\"text-align: right;\">Servicios m\u00e9dicos m\u00f3viles<\/p>\n\t\t\t<\/span>\n<\/h2>\n<div class=\"clearboth\"><\/div>\n\n\n\n<\/div>\n<\/div>\n            <div class=\"clearboth\"><\/div>\n        <\/div>\n\n\n\t\t\t\n\t\t\t\n\t\t\t\n\t\t<div class=\"clearboth\"><\/div>\n\t<\/div>\n<\/div>\n<div class=\"vc_row-full-width vc_clearfix\"><\/div>\n\n\n<div class=\"mk-page-section-wrapper\" data-mk-full-width=\"true\" data-mk-full-width-init=\"true\" data-mk-stretch-content=\"true\">\n\t<div id=\"page-section-4\" class=\"mk-page-section self-hosted   full_layout full-width-4 js-el js-master-row jupiter-donut-\"    data-intro-effect=\"false\">\n\n\t\t\t\n\t\t\t<div class=\"mk-page-section-inner\">\n\t\t\t\t\n\n\n<div class=\"mk-video-color-mask\"><\/div>\n\n\t\t\t\t\n\t\t\t\t\t\t\t<\/div>\n\n\t\t\t\n        <div class=\"page-section-content vc_row-fluid mk-grid\" >\n            <div class=\"mk-padding-wrapper wpb_row\">\n<div class=\"vc_col-sm-12 wpb_column column_container  jupiter-donut- _ jupiter-donut-height-full\">\n\t\n<div id=\"padding-6\" class=\"mk-padding-divider jupiter-donut-  jupiter-donut-clearfix\"><\/div>\n\n\n<h2 id=\"fancy-title-7\" class=\"mk-fancy-title  simple-style jupiter-donut-  color-single\">\n\t<span>\n\t\t\t\t<p>Una mejor salud en camino<\/p>\n\t\t\t<\/span>\n<\/h2>\n<div class=\"clearboth\"><\/div>\n\n\n\n<style>#fancy-title-7 {font-family: \"Raleway\"}<\/style>\t<div class=\"vc_custom_1748910533510\">\n\n<div id=\"text-block-8\" class=\"mk-text-block  jupiter-donut-\">\n\n\t\n\t<p>Aviva Health opera dos unidades m\u00e9dicas m\u00f3viles que nos asignaron los comisionados del condado de Douglas para brindar atenci\u00f3n a las comunidades alrededor de Roseburg que no tienen acceso a servicios de salud confiables.<\/p>\n<p>Nuestro equipo m\u00e9dico m\u00f3vil est\u00e1 emocionado de brindar acceso a la atenci\u00f3n m\u00e9dica a los residentes de Diamond Lake, Oregon, el segundo viernes de cada mes, de 8 a. m. a 4 p. m., si el clima lo permite.<\/p>\n<p>Llame al (541) 672-9596 para programar una cita. Nuestro equipo m\u00f3vil atiende a personas de todas las edades: ni\u00f1os, adultos y adultos mayores.<\/p>\n<p>Aviva Health recibi\u00f3 las unidades m\u00e9dicas m\u00f3viles durante la pandemia de COVID-19. Durante ese tiempo, utilizamos las &quot;cl\u00ednicas m\u00f3viles&quot; para ofrecer vacunas y pruebas de COVID-19 en todo el condado de Douglas.<\/p>\n<p>El equipo m\u00f3vil est\u00e1 ansioso por aumentar el uso de estos importantes recursos para garantizar que las personas en todo el condado de Douglas tengan acceso a servicios m\u00e9dicos importantes para ayudarlos a vivir vidas m\u00e1s saludables.<\/p>\n<p>Aviva Health se enorgullece de servir a los miembros del Plan de Salud de Oreg\u00f3n y acepta la mayor\u00eda de los seguros comerciales. Para las personas sin seguro m\u00e9dico o con seguro insuficiente, los servicios se ofrecen con una escala m\u00f3vil de tarifas basada en sus ingresos mensuales. Para obtener una lista completa de los seguros que acepta Aviva Health, <a href=\"https:\/\/aviva.health\/es\/patient-resources\/#acceptedinsurances\">haga clic aqu\u00ed<\/a>.<\/p>\n\n\t<div class=\"clearboth\"><\/div>\n<\/div>\n\n\t<\/div>\n<div  class=\"mk-image mk-image-9 jupiter-donut-  mk-image-lazyload align-center simple-frame inside-image\" style=\"margin-bottom:10px\"><div class=\"mk-image-container\" style=\"max-width: 2016px;\"><div  class=\"mk-image-holder\" style=\"max-width: 2016px;\"><div class=\"mk-image-inner\"><img loading=\"lazy\" decoding=\"async\" class=\"lightbox-false\" alt=\"pre-er-triage-mobile\" title=\"pre-triaje-m\u00f3vil\" width=\"2016\" height=\"1134\" src=\"https:\/\/aviva.health\/wp-content\/uploads\/2022\/09\/pre-er-triage-mobile.jpg\" \/><\/div><\/div><div class=\"clearboth\"><\/div><\/div><\/div>\n<div id=\"padding-10\" class=\"mk-padding-divider jupiter-donut-  jupiter-donut-clearfix\"><\/div>\n\n\n<h2 id=\"fancy-title-11\" class=\"mk-fancy-title  simple-style jupiter-donut-  color-single\">\n\t<span>\n\t\t\t\t<p>Servicios ofrecidos<\/p>\n\t\t\t<\/span>\n<\/h2>\n<div class=\"clearboth\"><\/div>\n\n\n\n<style>#fancy-title-11 {font-family: \"Raleway\"}<\/style>\t<div class=\"vc_custom_1709845943831\">\n\n<div id=\"text-block-12\" class=\"mk-text-block  jupiter-donut-\">\n\n\t\n\t<p>Las unidades m\u00e9dicas m\u00f3viles de Aviva Health brindan una variedad de servicios de atenci\u00f3n m\u00e9dica importantes a las comunidades de todo el condado de Douglas, que incluyen:<\/p>\n<ul>\n<li>Atenci\u00f3n sanitaria general y preventiva para ni\u00f1os y adultos<\/li>\n<li>Manejo de enfermedades cr\u00f3nicas<\/li>\n<li>Vacunas<\/li>\n<li>Referencias a especialistas<\/li>\n<li>Educaci\u00f3n para la salud<\/li>\n<li>Difusi\u00f3n e inscripci\u00f3n<\/li>\n<\/ul>\n\n\t<div class=\"clearboth\"><\/div>\n<\/div>\n\n\t<\/div>\n\n<div id=\"padding-13\" class=\"mk-padding-divider jupiter-donut-  jupiter-donut-clearfix\"><\/div>\n\n<\/div>\n<\/div>\n            <div class=\"clearboth\"><\/div>\n        <\/div>\n\n\n\t\t\t\n\t\t\t\n\t\t\t\n\t\t<div class=\"clearboth\"><\/div>\n\t<\/div>\n<\/div>\n<div class=\"vc_row-full-width vc_clearfix\"><\/div>\n\n\n<div class=\"mk-page-section-wrapper\" data-mk-full-width=\"true\" data-mk-full-width-init=\"true\" data-mk-stretch-content=\"true\">\n\t<div id=\"page-section-14\" class=\"mk-page-section self-hosted   half_left_layout half_fluid full-width-14 js-el js-master-row jupiter-donut-\"    data-intro-effect=\"false\">\n\n\t\t\t\n\t\t\t<div class=\"mk-page-section-inner\">\n\t\t\t\t\n\n\n<div class=\"mk-video-color-mask\"><\/div>\n\n\t\t\t\t\n\t\t\t\t\t\t\t<\/div>\n\n\t\t\t\n\t\t\t \n \n\n <div class=\"mk-half-layout half_left_layout\" data-mk-img-set='{\"landscape\":{\"desktop\":\"https:\/\/aviva.health\/wp-content\/uploads\/2015\/06\/bloodpressure_web.jpg\",\"tablet\":\"https:\/\/aviva.health\/wp-content\/uploads\/2015\/06\/bloodpressure_web-1024x768.jpg\",\"mobile\":\"https:\/\/aviva.health\/wp-content\/uploads\/2015\/06\/bloodpressure_web-736x414.jpg\"},\"responsive\":\"true\"}'>\n     <\/div>\n\n <div class=\"mk-half-layout-container page-section-content half_left_layout\">\n    <div class=\"mk-half-layout-inner\">\n \t  \n<div class=\"vc_col-sm-12 wpb_column column_container  jupiter-donut- _ jupiter-donut-height-full\">\n\t\n<h2 id=\"fancy-title-16\" class=\"mk-fancy-title  simple-style jupiter-donut-  color-single\">\n\t<span>\n\t\t\t\t<p>Lo que dicen los pacientes de Aviva Health<\/p>\n\t\t\t<\/span>\n<\/h2>\n<div class=\"clearboth\"><\/div>\n\n\n\n<style>#fancy-title-16 {font-family: \"Raleway\"}<\/style>\n<div class=\"mk-testimonial mk-script-call mk-flexslider js-flexslider modern-style dark-version   jupiter-donut-clearfix\" id=\"testimonial_17\" data-iscarousel=\"false\" data-animation=\"fade\" data-easing=\"swing\" data-direction=\"horizontal\" data-smoothheight=\"false\" data-pauseonhover=\"true\" data-animationspeed=\"500\" data-slideshowspeed=\"7000\" data-controlnav=\"true\" data-directionnav=\"false\">\n\t\t<ul class=\"mk-flex-slides\">\n\t\t<li class=\"testimonial-item\">\n\t<div class=\"mk-testimonial-content\">\n\t\t<p class=\"mk-testimonial-quote\">Los proveedores de Aviva Health realmente se preocupan por m\u00ed como paciente. Definitivamente, eso los distingue del resto.<\/p><span class=\"mk-testimonial-author\"><\/span>\t\t<div class=\"clearboth\"><\/div>\n\t<\/div>\n<\/li><li class=\"testimonial-item\">\n\t<div class=\"mk-testimonial-content\">\n\t\t<p class=\"mk-testimonial-quote\">El equipo de Salud Femenina es incre\u00edble. \u00a1Gracias por todo lo que hacen!<\/p><span class=\"mk-testimonial-author\"><\/span>\t\t<div class=\"clearboth\"><\/div>\n\t<\/div>\n<\/li><li class=\"testimonial-item\">\n\t<div class=\"mk-testimonial-content\">\n\t\t<p class=\"mk-testimonial-quote\">Hay otras opciones de atenci\u00f3n primaria en el condado de Douglas, pero encontr\u00e9 lo que necesito en Aviva Health.<\/p><span class=\"mk-testimonial-author\"><\/span>\t\t<div class=\"clearboth\"><\/div>\n\t<\/div>\n<\/li>\t<\/ul>\n\t<div class=\"clearboth\"><\/div>\n<\/div>\n<\/div>\n    <\/div>\n <\/div>\n\n\n\t\t\t\n\t\t\t\n\t\t<div class=\"clearboth\"><\/div>\n\t<\/div>\n<\/div>\n<div class=\"vc_row-full-width vc_clearfix\"><\/div>\n\n\n<div class=\"mk-page-section-wrapper\" data-mk-full-width=\"true\" data-mk-full-width-init=\"true\" data-mk-stretch-content=\"true\">\n\t<div id=\"medical-providers\" class=\"mk-page-section self-hosted   full_layout full-width-18 js-el js-master-row jupiter-donut-\"    data-intro-effect=\"false\">\n\n\t\t\t\n\t\t\t<div class=\"mk-page-section-inner\">\n\t\t\t\t\n\n\n<div class=\"mk-video-color-mask\"><\/div>\n\n\t\t\t\t\n\t\t\t\t\t\t\t<\/div>\n\n\t\t\t\n        <div class=\"page-section-content vc_row-fluid mk-grid\" >\n            <div class=\"mk-padding-wrapper wpb_row\">\n<div class=\"vc_col-sm-12 wpb_column column_container  jupiter-donut- _ jupiter-donut-height-full\">\n\t\n<h2 id=\"fancy-title-20\" class=\"mk-fancy-title  simple-style jupiter-donut-  color-single\">\n\t<span>\n\t\t\t\t<p>Conozca a nuestro proveedor m\u00e9dico<\/p>\n\t\t\t<\/span>\n<\/h2>\n<div class=\"clearboth\"><\/div>\n\n\n\n<style>#fancy-title-20 {font-family: \"Raleway\"}<\/style>\n<div id=\"box-21\" class=\"mk-employees jupiter-donut-margin-bottom-10 jupiter-donut-margin-top-10 one-column u6col u5col u4col u3col o0col  mk-employees-grayscale boxed   jupiter-donut-\">\n\t<ul>\n\n\t\n\t\t<li class=\"mk-employee-item jupiter-donut-colitem jupiter-donut-align-center jupiter-donut-display-inline-block jupiter-donut-float-left m_7\">\n\t\t\t<div class=\"item-holder\">\n\t\t\t\t<div class=\"team-thumbnail jupiter-donut-position-relative jupiter-donut-width-100-per jupiter-donut-height-100-per jupiter-donut-overflow-hidden rounded-true\">\n\t\t\t\t\t\t<a href=\"https:\/\/aviva.health\/es\/team\/shannon-suhr\/\">\n\t\t<img decoding=\"async\" alt=\"Shannon Suhr, FNP\" title=\"Shannon Suhr, enfermera practicante\" src=\"https:\/\/aviva.health\/wp-content\/uploads\/bfi_thumb\/dummy-transparent-rg12ob7z42e6dgnn6eamreeqik56sgup26x9qep9my.png\" data-mk-image-src-set='{\"default\":\"https:\/\/aviva.health\/wp-content\/uploads\/2022\/09\/shanno-suhr-web-225x225.jpeg\",\"2x\":\"https:\/\/aviva.health\/wp-content\/uploads\/2022\/09\/shanno-suhr-web.jpeg\",\"mobile\":\"\",\"responsive\":\"true\"}'\/>\n\n\t<\/a>\n\n\t\t\t\t\t\n\t\t\t\t<\/div>\n\n\t\t\t\t<div class=\"team-info-wrapper m_7\" itemscope=\"itemscope\" itemtype=\"https:\/\/schema.org\/Person\" >\n\t\t\t\t\t\t<a class=\"team-member-name\" href=\"https:\/\/aviva.health\/es\/team\/shannon-suhr\/\">\n\t<span class=\"team-member-name jupiter-donut-font-16 jupiter-donut-display-block jupiter-donut-font-weight-bold jupiter-donut-text-transform-up jupiter-donut-color-333\">Shannon Suhr, enfermera practicante<\/span>\n\t<\/a>\n\t\t\t\t\t<span class=\"team-member-position jupiter-donut-font-12 jupiter-donut-text-transform-up jupiter-donut-display-block jupiter-donut-color-777 jupiter-donut-letter-spacing-1\">Enfermera de Familia<\/span>\n\t\t\t\t\t\n\t\t\t\t\t<div class=\"clearboth\"><\/div>\n\n\t\t\t\t\t\n<ul class=\"mk-employeee-networks\">\n\t<\/ul>\n\t\t\t\t<\/div>\n\t\t\t<\/div>\n\t\t<\/li>\n\n\t\t\t\t\t<div class=\"clearboth\"><\/div>\n\t\t\t<\/ul>\n<div class=\"clearboth\"><\/div>\n<\/div>\n<\/div>\n<\/div>\n            <div class=\"clearboth\"><\/div>\n        <\/div>\n\n\n\t\t\t\n\t\t\t\n\t\t\t\n\t\t<div class=\"clearboth\"><\/div>\n\t<\/div>\n<\/div>\n<div class=\"vc_row-full-width vc_clearfix\"><\/div>\n\n\n<\/div>","protected":false},"excerpt":{"rendered":"Shannon Suhr received a degree in nursing from Oregon Health &amp; Science University (OHSU) in 2001 and gained experience in various areas, such as inpatient care, oncology, rheumatology, and a [...]","protected":false},"author":5,"featured_media":0,"parent":0,"menu_order":0,"comment_status":"closed","ping_status":"closed","template":"","meta":{"nf_dc_page":"","om_disable_all_campaigns":false,"_monsterinsights_skip_tracking":false,"_monsterinsights_sitenote_active":false,"_monsterinsights_sitenote_note":"","_monsterinsights_sitenote_category":0,"footnotes":""},"class_list":["post-9635","page","type-page","status-publish","hentry"],"aioseo_notices":[],"_links":{"self":[{"href":"https:\/\/aviva.health\/es\/wp-json\/wp\/v2\/pages\/9635","targetHints":{"allow":["GET"]}}],"collection":[{"href":"https:\/\/aviva.health\/es\/wp-json\/wp\/v2\/pages"}],"about":[{"href":"https:\/\/aviva.health\/es\/wp-json\/wp\/v2\/types\/page"}],"author":[{"embeddable":true,"href":"https:\/\/aviva.health\/es\/wp-json\/wp\/v2\/users\/5"}],"replies":[{"embeddable":true,"href":"https:\/\/aviva.health\/es\/wp-json\/wp\/v2\/comments?post=9635"}],"version-history":[{"count":6,"href":"https:\/\/aviva.health\/es\/wp-json\/wp\/v2\/pages\/9635\/revisions"}],"predecessor-version":[{"id":11559,"href":"https:\/\/aviva.health\/es\/wp-json\/wp\/v2\/pages\/9635\/revisions\/11559"}],"wp:attachment":[{"href":"https:\/\/aviva.health\/es\/wp-json\/wp\/v2\/media?parent=9635"}],"curies":[{"name":"gracias","href":"https:\/\/api.w.org\/{rel}","templated":true}]}}