{"id":9254,"date":"2021-11-19T19:21:52","date_gmt":"2021-11-19T19:21:52","guid":{"rendered":"https:\/\/aviva.health\/?page_id=9254"},"modified":"2025-01-31T22:25:04","modified_gmt":"2025-01-31T22:25:04","slug":"pediatrics","status":"publish","type":"page","link":"https:\/\/aviva.health\/es\/pediatrics\/","title":{"rendered":"Pediatr\u00eda"},"content":{"rendered":"<div class=\"wpb-content-wrapper\">\n<div class=\"mk-page-section-wrapper\" data-mk-full-width=\"true\" data-mk-full-width-init=\"true\" data-mk-stretch-content=\"true\">\n\t<div id=\"page-section-1\" class=\"mk-page-section self-hosted   full_layout full-width-1 js-el js-master-row jupiter-donut-    center-y\"    data-intro-effect=\"false\">\n\n\t\t\t\n\t\t\t<div class=\"mk-page-section-inner\">\n\t\t\t\t\n\n\n<div style=\"background-color:#4da3da;opacity:0.5;\" class=\"mk-video-color-mask\"><\/div>\n\n\t\t\t\t\n\t\t\t\t\n\t\t\t<div class=\"mk-section-preloader js-el\" data-mk-component=\"Preloader\">\n\t\t\t<div class=\"mk-section-preloader__icon\"><\/div>\n\t\t<\/div>\n\t\n\t<div class=\"background-layer-holder\">\n\t\t<div id=\"background-layer--1\" data-mk-lazyload=\"false\" class=\"background-layer mk-background-stretch none-blend-effect js-el\" data-mk-component=\"Parallax\" data-parallax-config='{\"speed\" : 0.3 }'  data-mk-img-set='{\"landscape\":{\"desktop\":\"https:\/\/aviva.health\/wp-content\/uploads\/2021\/11\/photo_2021-11-19-11.19.01.jpeg\",\"tablet\":\"https:\/\/aviva.health\/wp-content\/uploads\/2021\/11\/photo_2021-11-19-11.19.01-1024x768.jpeg\",\"mobile\":\"https:\/\/aviva.health\/wp-content\/uploads\/2021\/11\/photo_2021-11-19-11.19.01-736x414.jpeg\"},\"responsive\":\"true\"}' >\n\t\t\t\t\t\t\t\t\t<div class=\"mk-color-layer\"><\/div>\n\t\t<\/div>\n\t<\/div>\n\n\t\t\t<\/div>\n\n\t\t\t\n        <div class=\"page-section-content vc_row-fluid mk-grid\" >\n            <div class=\"mk-padding-wrapper wpb_row\">\n<div class=\"vc_col-sm-12 wpb_column column_container  jupiter-donut- _ jupiter-donut-height-full\">\n\t\n<h2 id=\"fancy-title-3\" class=\"mk-fancy-title  simple-style jupiter-donut-  color-single\">\n\t<span>\n\t\t\t\t<p>Pediatr\u00eda<\/p>\n\t\t\t<\/span>\n<\/h2>\n<div class=\"clearboth\"><\/div>\n\n\n\n<\/div>\n<\/div>\n            <div class=\"clearboth\"><\/div>\n        <\/div>\n\n\n\t\t\t\n\t\t\t\n\t\t\t\n\t\t<div class=\"clearboth\"><\/div>\n\t<\/div>\n<\/div>\n<div class=\"vc_row-full-width vc_clearfix\"><\/div>\n\n\n<div class=\"mk-page-section-wrapper\" data-mk-full-width=\"true\" data-mk-full-width-init=\"true\" data-mk-stretch-content=\"true\">\n\t<div id=\"page-section-4\" class=\"mk-page-section self-hosted   half_left_layout half_fluid full-width-4 js-el js-master-row jupiter-donut-    center-y\"    data-intro-effect=\"false\">\n\n\t\t\t\n\t\t\t<div class=\"mk-page-section-inner\">\n\t\t\t\t\n\n\n<div class=\"mk-video-color-mask\"><\/div>\n\n\t\t\t\t\n\t\t\t\t\t\t\t<\/div>\n\n\t\t\t\n\t\t\t \n \n\n <div class=\"mk-half-layout half_left_layout\" data-mk-img-set='{\"landscape\":{\"desktop\":\"https:\/\/aviva.health\/wp-content\/uploads\/2017\/03\/behavioral-hands.jpg\",\"tablet\":\"https:\/\/aviva.health\/wp-content\/uploads\/2017\/03\/behavioral-hands-1024x768.jpg\",\"mobile\":\"https:\/\/aviva.health\/wp-content\/uploads\/2017\/03\/behavioral-hands-736x414.jpg\"},\"responsive\":\"true\"}'>\n     <\/div>\n\n <div class=\"mk-half-layout-container page-section-content half_left_layout\">\n    <div class=\"mk-half-layout-inner\">\n \t  \n<div class=\"vc_col-sm-12 wpb_column column_container  jupiter-donut- _ jupiter-donut-height-full\">\n\t\n<div id=\"padding-6\" class=\"mk-padding-divider jupiter-donut-  jupiter-donut-clearfix\"><\/div>\n\n\n<h2 id=\"fancy-title-7\" class=\"mk-fancy-title  simple-style jupiter-donut-  color-single\">\n\t<span>\n\t\t\t\t<p>Quienes somos<\/p>\n\t\t\t<\/span>\n<\/h2>\n<div class=\"clearboth\"><\/div>\n\n\n\n<style>#fancy-title-7 {font-family: \"Raleway\"}<\/style>\t<div class=\"vc_custom_1637350780693\">\n\n<div id=\"text-block-8\" class=\"mk-text-block  jupiter-donut-\">\n\n\t\n\t<p>El Departamento de Pediatr\u00eda de Aviva Health ofrece servicios m\u00e9dicos integrales a ni\u00f1os desde su nacimiento hasta la adolescencia. Un equipo dedicado de profesionales sanitarios y personal de apoyo, todos ellos con capacitaci\u00f3n espec\u00edfica para trabajar con beb\u00e9s, ni\u00f1os y adolescentes, ofrece una variedad de servicios de atenci\u00f3n primaria adaptados a cada edad, con compasi\u00f3n y profesionalismo.<\/p>\n\n\t<div class=\"clearboth\"><\/div>\n<\/div>\n\n\t<\/div>\n\n<div id=\"padding-9\" class=\"mk-padding-divider jupiter-donut-  jupiter-donut-clearfix\"><\/div>\n\n<\/div>\n    <\/div>\n <\/div>\n\n\n\t\t\t\n\t\t\t\n\t\t<div class=\"clearboth\"><\/div>\n\t<\/div>\n<\/div>\n<div class=\"vc_row-full-width vc_clearfix\"><\/div>\n\n\n<div class=\"mk-page-section-wrapper\" data-mk-full-width=\"true\" data-mk-full-width-init=\"true\" data-mk-stretch-content=\"true\">\n\t<div id=\"page-section-10\" class=\"mk-page-section self-hosted   half_right_layout half_fluid full-width-10 js-el js-master-row jupiter-donut-    center-y\"    data-intro-effect=\"false\">\n\n\t\t\t\n\t\t\t<div class=\"mk-page-section-inner\">\n\t\t\t\t\n\n\n<div class=\"mk-video-color-mask\"><\/div>\n\n\t\t\t\t\n\t\t\t\t\t\t\t<\/div>\n\n\t\t\t\n\t\t\t \n \n\n <div class=\"mk-half-layout half_right_layout\" data-mk-img-set='{\"landscape\":{\"desktop\":\"https:\/\/aviva.health\/wp-content\/uploads\/2020\/08\/building-edited.jpg\",\"tablet\":\"https:\/\/aviva.health\/wp-content\/uploads\/2020\/08\/building-edited-1024x768.jpg\",\"mobile\":\"https:\/\/aviva.health\/wp-content\/uploads\/2020\/08\/building-edited-736x414.jpg\"},\"responsive\":\"true\"}'>\n     <\/div>\n\n <div class=\"mk-half-layout-container page-section-content half_right_layout\">\n    <div class=\"mk-half-layout-inner\">\n \t  \n<div class=\"vc_col-sm-12 wpb_column column_container  jupiter-donut- _ jupiter-donut-height-full\">\n\t\n<div id=\"padding-12\" class=\"mk-padding-divider jupiter-donut-  jupiter-donut-clearfix\"><\/div>\n\n\n<h2 id=\"fancy-title-13\" class=\"mk-fancy-title  simple-style jupiter-donut-  color-single\">\n\t<span>\n\t\t\t\t<p>Servicios que ofrecemos<\/p>\n\t\t\t<\/span>\n<\/h2>\n<div class=\"clearboth\"><\/div>\n\n\n\n<style>#fancy-title-13 {font-family: \"Raleway\"}<\/style>\t<div class=\"vc_custom_1637350598891\">\n\n<div id=\"text-block-14\" class=\"mk-text-block  jupiter-donut-\">\n\n\t\n\t<ul>\n<li class=\"li1\">Visitas de ni\u00f1o sano y ex\u00e1menes f\u00edsicos<\/li>\n<li class=\"li1\">Atenci\u00f3n de enfermedades el mismo d\u00eda<\/li>\n<li class=\"li1\">Vacunas recomendadas<\/li>\n<li class=\"li1\">C\u00f3mo asegurarse de que su hijo est\u00e9 alcanzando los hitos de desarrollo en crecimiento, comportamiento y habilidades<\/li>\n<li class=\"li1\">Diagn\u00f3stico y tratamiento de enfermedades, infecciones, lesiones y otros problemas de salud.<\/li>\n<li class=\"li1\">Informaci\u00f3n sobre salud, seguridad, nutrici\u00f3n y estado f\u00edsico infantil.<\/li>\n<li class=\"li1\">Referencias y colaboraci\u00f3n con especialistas pedi\u00e1tricos que puedan estar involucrados en el cuidado de su hijo<\/li>\n<\/ul>\n\n\t<div class=\"clearboth\"><\/div>\n<\/div>\n\n\t<\/div>\n\n<div id=\"padding-15\" class=\"mk-padding-divider jupiter-donut-  jupiter-donut-clearfix\"><\/div>\n\n<\/div>\n    <\/div>\n <\/div>\n\n\n\t\t\t\n\t\t\t\n\t\t<div class=\"clearboth\"><\/div>\n\t<\/div>\n<\/div>\n<div class=\"vc_row-full-width vc_clearfix\"><\/div>\n\n\n<div class=\"mk-page-section-wrapper\" data-mk-full-width=\"true\" data-mk-full-width-init=\"true\" data-mk-stretch-content=\"true\">\n\t<div id=\"behavioral-providers\" class=\"mk-page-section self-hosted   full_layout full-width-16 js-el js-master-row jupiter-donut-\"    data-intro-effect=\"false\">\n\n\t\t\t\n\t\t\t<div class=\"mk-page-section-inner\">\n\t\t\t\t\n\n\n<div class=\"mk-video-color-mask\"><\/div>\n\n\t\t\t\t\n\t\t\t\t\t\t\t<\/div>\n\n\t\t\t\n        <div class=\"page-section-content vc_row-fluid mk-grid\" >\n            <div class=\"mk-padding-wrapper wpb_row\">\n<div class=\"vc_col-sm-12 wpb_column column_container  jupiter-donut- _ jupiter-donut-height-full\">\n\t\n<h2 id=\"fancy-title-18\" class=\"mk-fancy-title  simple-style jupiter-donut-  color-single\">\n\t<span>\n\t\t\t\t<p>Nuestro equipo<\/p>\n\t\t\t<\/span>\n<\/h2>\n<div class=\"clearboth\"><\/div>\n\n\n\n<style>#fancy-title-18 {font-family: \"Raleway\"}<\/style>\n<div id=\"box-19\" class=\"mk-employees jupiter-donut-margin-bottom-10 jupiter-donut-margin-top-10 three-column u6col u5col u4col o0col o1col o2col mk-employees-grayscale classic c_cs  jupiter-donut-\">\n\t<ul>\n\n\t\n\t\t<li class=\"mk-employee-item jupiter-donut-colitem jupiter-donut-align-center jupiter-donut-display-inline-block jupiter-donut-float-left m_7\">\n\t\t\t<div class=\"item-holder\">\n\t\t\t\t<div class=\"team-thumbnail jupiter-donut-position-relative jupiter-donut-width-100-per jupiter-donut-height-100-per jupiter-donut-overflow-hidden rounded-true\">\n\t\t\t\t\t\t<a href=\"https:\/\/aviva.health\/es\/team\/bob-dannenhoffer\/\">\n\t\t<img decoding=\"async\" alt=\"Bob Dannenhoffer, MD\" title=\"Dr. Bob Dannenhoffer\" src=\"https:\/\/aviva.health\/wp-content\/uploads\/bfi_thumb\/dummy-transparent-rg12ob82go2daz3eteockm88d8q63sox8mjhn9imq0.png\" data-mk-image-src-set='{\"default\":\"https:\/\/aviva.health\/wp-content\/uploads\/2017\/07\/uchc-portrait-dannenhofer-500x500.jpg\",\"2x\":\"https:\/\/aviva.health\/wp-content\/uploads\/2017\/07\/uchc-portrait-dannenhofer.jpg\",\"mobile\":\"\",\"responsive\":\"true\"}'\/>\n\n\t<\/a>\n\n\t\t\t\t\t\n<ul class=\"mk-employeee-networks\">\n\t<\/ul>\t\t\t\t\t\t<div class=\"employee-hover-overlay jupiter-donut-fly-top-left jupiter-donut-opacity-100\"><\/div>\n\t\t\t\t\t\n\t\t\t\t<\/div>\n\n\t\t\t\t<div class=\"team-info-wrapper m_7\" itemscope=\"itemscope\" itemtype=\"https:\/\/schema.org\/Person\" >\n\t\t\t\t\t\t<a class=\"team-member-name\" href=\"https:\/\/aviva.health\/es\/team\/bob-dannenhoffer\/\">\n\t<span class=\"team-member-name jupiter-donut-font-16 jupiter-donut-display-block jupiter-donut-font-weight-bold jupiter-donut-text-transform-up jupiter-donut-color-333\">Dr. Bob Dannenhoffer<\/span>\n\t<\/a>\n\t\t\t\t\t<span class=\"team-member-position jupiter-donut-font-12 jupiter-donut-text-transform-up jupiter-donut-display-block jupiter-donut-color-777 jupiter-donut-letter-spacing-1\">M\u00e9dico pediatra<\/span>\n\t\t\t\t\t\n\t\t\t\t\t<div class=\"clearboth\"><\/div>\n\n\t\t\t\t\t\n\t\t\t\t<\/div>\n\t\t\t<\/div>\n\t\t<\/li>\n\n\t\t\n\t\t<li class=\"mk-employee-item jupiter-donut-colitem jupiter-donut-align-center jupiter-donut-display-inline-block jupiter-donut-float-left m_7\">\n\t\t\t<div class=\"item-holder\">\n\t\t\t\t<div class=\"team-thumbnail jupiter-donut-position-relative jupiter-donut-width-100-per jupiter-donut-height-100-per jupiter-donut-overflow-hidden rounded-true\">\n\t\t\t\t\t\t<a href=\"https:\/\/aviva.health\/es\/team\/rachelle-shelley-wells\/\">\n\t\t<img decoding=\"async\" alt=\"Rachelle &#8220;Shelley&#8221; Wells, CPNP-PC\" title=\"Rachelle \u201cShelley\u201d Wells, CPNP-PC\" src=\"https:\/\/aviva.health\/wp-content\/uploads\/bfi_thumb\/dummy-transparent-rg12ob82go2daz3eteockm88d8q63sox8mjhn9imq0.png\" data-mk-image-src-set='{\"default\":\"https:\/\/aviva.health\/wp-content\/uploads\/2019\/10\/shelley-wells-cropped-web-500x500.jpg\",\"2x\":\"https:\/\/aviva.health\/wp-content\/uploads\/2019\/10\/shelley-wells-cropped-web.jpg\",\"mobile\":\"\",\"responsive\":\"true\"}'\/>\n\n\t<\/a>\n\n\t\t\t\t\t\n<ul class=\"mk-employeee-networks\">\n\t<\/ul>\t\t\t\t\t\t<div class=\"employee-hover-overlay jupiter-donut-fly-top-left jupiter-donut-opacity-100\"><\/div>\n\t\t\t\t\t\n\t\t\t\t<\/div>\n\n\t\t\t\t<div class=\"team-info-wrapper m_7\" itemscope=\"itemscope\" itemtype=\"https:\/\/schema.org\/Person\" >\n\t\t\t\t\t\t<a class=\"team-member-name\" href=\"https:\/\/aviva.health\/es\/team\/rachelle-shelley-wells\/\">\n\t<span class=\"team-member-name jupiter-donut-font-16 jupiter-donut-display-block jupiter-donut-font-weight-bold jupiter-donut-text-transform-up jupiter-donut-color-333\">Rachelle \u201cShelley\u201d Wells, CPNP-PC<\/span>\n\t<\/a>\n\t\t\t\t\t<span class=\"team-member-position jupiter-donut-font-12 jupiter-donut-text-transform-up jupiter-donut-display-block jupiter-donut-color-777 jupiter-donut-letter-spacing-1\">Enfermera practicante pedi\u00e1trica<\/span>\n\t\t\t\t\t\n\t\t\t\t\t<div class=\"clearboth\"><\/div>\n\n\t\t\t\t\t\n\t\t\t\t<\/div>\n\t\t\t<\/div>\n\t\t<\/li>\n\n\t\t\n\t\t<li class=\"mk-employee-item jupiter-donut-colitem jupiter-donut-align-center jupiter-donut-display-inline-block jupiter-donut-float-left m_7\">\n\t\t\t<div class=\"item-holder\">\n\t\t\t\t<div class=\"team-thumbnail jupiter-donut-position-relative jupiter-donut-width-100-per jupiter-donut-height-100-per jupiter-donut-overflow-hidden rounded-true\">\n\t\t\t\t\t\t<a href=\"https:\/\/aviva.health\/es\/team\/family-medicine-physician-2\/\">\n\t\t<img decoding=\"async\" alt=\"James Barry, MD\" title=\"Dr. James Barry\" src=\"https:\/\/aviva.health\/wp-content\/uploads\/bfi_thumb\/dummy-transparent-rg12ob82go2daz3eteockm88d8q63sox8mjhn9imq0.png\" data-mk-image-src-set='{\"default\":\"https:\/\/aviva.health\/wp-content\/uploads\/2024\/09\/dr.-james-barry-e1738362649733-500x500.png\",\"2x\":\"https:\/\/aviva.health\/wp-content\/uploads\/2024\/09\/dr.-james-barry-e1738362649733.png\",\"mobile\":\"\",\"responsive\":\"true\"}'\/>\n\n\t<\/a>\n\n\t\t\t\t\t\n<ul class=\"mk-employeee-networks\">\n\t<\/ul>\t\t\t\t\t\t<div class=\"employee-hover-overlay jupiter-donut-fly-top-left jupiter-donut-opacity-100\"><\/div>\n\t\t\t\t\t\n\t\t\t\t<\/div>\n\n\t\t\t\t<div class=\"team-info-wrapper m_7\" itemscope=\"itemscope\" itemtype=\"https:\/\/schema.org\/Person\" >\n\t\t\t\t\t\t<a class=\"team-member-name\" href=\"https:\/\/aviva.health\/es\/team\/family-medicine-physician-2\/\">\n\t<span class=\"team-member-name jupiter-donut-font-16 jupiter-donut-display-block jupiter-donut-font-weight-bold jupiter-donut-text-transform-up jupiter-donut-color-333\">Dr. James Barry<\/span>\n\t<\/a>\n\t\t\t\t\t<span class=\"team-member-position jupiter-donut-font-12 jupiter-donut-text-transform-up jupiter-donut-display-block jupiter-donut-color-777 jupiter-donut-letter-spacing-1\">M\u00e9dico pediatra<\/span>\n\t\t\t\t\t\n\t\t\t\t\t<div class=\"clearboth\"><\/div>\n\n\t\t\t\t\t\n\t\t\t\t<\/div>\n\t\t\t<\/div>\n\t\t<\/li>\n\n\t\t\t\t\t<div class=\"clearboth\"><\/div>\n\t\t\t<\/ul>\n<div class=\"clearboth\"><\/div>\n<\/div>\n<\/div>\n<\/div>\n            <div class=\"clearboth\"><\/div>\n        <\/div>\n\n\n\t\t\t\n\t\t\t\n\t\t\t\n\t\t<div class=\"clearboth\"><\/div>\n\t<\/div>\n<\/div>\n<div class=\"vc_row-full-width vc_clearfix\"><\/div>\n\n\n<\/div>","protected":false},"excerpt":{"rendered":"Dr. Barry earned his medical degree from Oregon Health and Science University and completed his pediatrics residency at the San Antonio Military Medical Center, where he was recognized as a [...]","protected":false},"author":5,"featured_media":0,"parent":0,"menu_order":0,"comment_status":"closed","ping_status":"closed","template":"","meta":{"nf_dc_page":"","om_disable_all_campaigns":false,"_monsterinsights_skip_tracking":false,"_monsterinsights_sitenote_active":false,"_monsterinsights_sitenote_note":"","_monsterinsights_sitenote_category":0,"footnotes":""},"class_list":["post-9254","page","type-page","status-publish","hentry"],"aioseo_notices":[],"_links":{"self":[{"href":"https:\/\/aviva.health\/es\/wp-json\/wp\/v2\/pages\/9254","targetHints":{"allow":["GET"]}}],"collection":[{"href":"https:\/\/aviva.health\/es\/wp-json\/wp\/v2\/pages"}],"about":[{"href":"https:\/\/aviva.health\/es\/wp-json\/wp\/v2\/types\/page"}],"author":[{"embeddable":true,"href":"https:\/\/aviva.health\/es\/wp-json\/wp\/v2\/users\/5"}],"replies":[{"embeddable":true,"href":"https:\/\/aviva.health\/es\/wp-json\/wp\/v2\/comments?post=9254"}],"version-history":[{"count":3,"href":"https:\/\/aviva.health\/es\/wp-json\/wp\/v2\/pages\/9254\/revisions"}],"predecessor-version":[{"id":11326,"href":"https:\/\/aviva.health\/es\/wp-json\/wp\/v2\/pages\/9254\/revisions\/11326"}],"wp:attachment":[{"href":"https:\/\/aviva.health\/es\/wp-json\/wp\/v2\/media?parent=9254"}],"curies":[{"name":"gracias","href":"https:\/\/api.w.org\/{rel}","templated":true}]}}