{"id":9004,"date":"2021-08-25T18:46:02","date_gmt":"2021-08-25T18:46:02","guid":{"rendered":"https:\/\/aviva.health\/?page_id=9004"},"modified":"2023-10-18T20:23:27","modified_gmt":"2023-10-18T20:23:27","slug":"covid-19-resources","status":"publish","type":"page","link":"https:\/\/aviva.health\/es\/covid-19-resources\/","title":{"rendered":"Servicios de Aviva Health para la COVID-19"},"content":{"rendered":"<div class=\"wpb-content-wrapper\">\n<div class=\"mk-page-section-wrapper\" data-mk-full-width=\"true\" data-mk-full-width-init=\"true\" data-mk-stretch-content=\"true\">\n\t<div id=\"page-section-1\" class=\"mk-page-section self-hosted   full_layout full-width-1 js-el js-master-row jupiter-donut-\"    data-intro-effect=\"false\">\n\n\t\t\t\n\t\t\t<div class=\"mk-page-section-inner\">\n\t\t\t\t\n\n\n<div class=\"mk-video-color-mask\"><\/div>\n\n\t\t\t\t\n\t\t\t\t\n\t\n\t<div class=\"background-layer-holder\">\n\t\t<div id=\"background-layer--1\" data-mk-lazyload=\"false\" class=\"background-layer mk-background-stretch none-blend-effect js-el\"    data-mk-img-set='{\"landscape\":{\"desktop\":\"https:\/\/aviva.health\/wp-content\/uploads\/2021\/08\/covid.jpg\",\"tablet\":\"https:\/\/aviva.health\/wp-content\/uploads\/2021\/08\/covid-1024x768.jpg\",\"mobile\":\"https:\/\/aviva.health\/wp-content\/uploads\/2021\/08\/covid-736x414.jpg\"},\"responsive\":\"true\"}' >\n\t\t\t\t\t\t\t\t\t<div class=\"mk-color-layer\"><\/div>\n\t\t<\/div>\n\t<\/div>\n\n\t\t\t<\/div>\n\n\t\t\t\n        <div class=\"page-section-content vc_row-fluid page-section-fullwidth\" >\n            <div class=\"mk-padding-wrapper wpb_row\">\n<div class=\"vc_col-sm-12 wpb_column column_container  jupiter-donut- _ jupiter-donut-height-full\">\n\t\n<h2 id=\"fancy-title-3\" class=\"mk-fancy-title  simple-style jupiter-donut-  color-single\">\n\t<span>\n\t\t\t\t<p class=\"p1\" style=\"text-align: center;\"><strong><span style=\"font-size: 36pt; color: #ffffff;\">Recursos de Aviva Health sobre la COVID-19<\/span><\/strong><\/p>\n\t\t\t<\/span>\n<\/h2>\n<div class=\"clearboth\"><\/div>\n\n\n\n<\/div>\n<\/div>\n            <div class=\"clearboth\"><\/div>\n        <\/div>\n\n\n\t\t\t\n\t\t\t\n\t\t\t\n\t\t<div class=\"clearboth\"><\/div>\n\t<\/div>\n<\/div>\n<div class=\"vc_row-full-width vc_clearfix\"><\/div>\n\n\n<div  data-mk-stretch-content=\"true\" class=\"wpb_row vc_row vc_row-fluid jupiter-donut- mk-fullwidth-false  attched-false    vc_custom_1629922087537  js-master-row  mk-grid\">\n\t\t\t\t\n<div class=\"vc_col-sm-4 wpb_column column_container  jupiter-donut- _ jupiter-donut-height-full\">\n\t\n\t<div  class=\"wpb_single_image wpb_content_element vc_align_center wpb_content_element\">\n\t\t\n\t\t<figure class=\"wpb_wrapper vc_figure\">\n\t\t\t<div class=\"vc_single_image-wrapper   vc_box_border_grey\"><img loading=\"lazy\" decoding=\"async\" width=\"1920\" height=\"1280\" src=\"https:\/\/aviva.health\/wp-content\/uploads\/2021\/08\/towfiqu-barbhuiya-j1dzpfts4gu-unsplash.jpeg\" class=\"vc_single_image-img attachment-medium\" alt=\"\" title=\"towfiqu-barbhuiya-j1dzpfts4gu-unsplash\" srcset=\"https:\/\/aviva.health\/wp-content\/uploads\/2021\/08\/towfiqu-barbhuiya-j1dzpfts4gu-unsplash.jpeg 1920w, https:\/\/aviva.health\/wp-content\/uploads\/2021\/08\/towfiqu-barbhuiya-j1dzpfts4gu-unsplash-768x512.jpeg 768w\" sizes=\"auto, (max-width: 1920px) 100vw, 1920px\" itemprop=\"image\" \/><\/div>\n\t\t<\/figure>\n\t<\/div>\n<\/div>\n\n<div class=\"vc_col-sm-8 wpb_column column_container  jupiter-donut- _ jupiter-donut-height-full\">\n\t\n<h2 id=\"fancy-title-6\" class=\"mk-fancy-title  simple-style jupiter-donut-  color-single\">\n\t<span>\n\t\t\t\t<h4 id=\"Vaccine\" class=\"p1\"><span style=\"color: #124069; font-size: 18pt;\">Vacunas para COVID-19<br \/>\n<\/span><\/h4>\n\t\t\t<\/span>\n<\/h2>\n<div class=\"clearboth\"><\/div>\n\n\n\n\t<div class=\"vc_custom_1673556298737\">\n\n<div id=\"text-block-7\" class=\"mk-text-block  jupiter-donut-\">\n\n\t\n\t<p class=\"p1\"><strong><a id=\"first-dose\"><\/a>Vacunas contra la COVID-19<br \/>\n<\/strong>Los CDC recomiendan que todos se mantengan al d\u00eda con la vacunaci\u00f3n contra la COVID-19, incluidas todas las dosis de la serie primaria y los refuerzos para su grupo de edad:<\/p>\n<ul>\n<li>Las personas de 6 meses a 4 a\u00f1os deben recibir todas las dosis de la serie primaria de la vacuna contra la COVID-19.<\/li>\n<li>Las personas de 5 a\u00f1os o m\u00e1s deben recibir todas las dosis de la serie primaria y la dosis de refuerzo recomendada para ellas por los CDC, si son elegibles.\n<ul style=\"list-style-type: circle;\">\n<li>Actualmente se recomienda que las personas de entre 5 y 11 a\u00f1os reciban la dosis de refuerzo original (monovalente).<\/li>\n<li>Se recomienda que las personas de 12 a\u00f1os o m\u00e1s reciban una dosis de refuerzo actualizada de Pfizer o Moderna (bivalente).\n<ul style=\"list-style-type: square;\">\n<li>Esto incluye a las personas que han recibido todas las dosis de la serie primaria y a las personas que previamente han recibido uno o m\u00e1s refuerzos originales (monovalentes).<\/li>\n<li>En este momento, las personas de entre 12 y 17 a\u00f1os solo pueden recibir la vacuna de refuerzo bivalente actualizada de Pfizer.<\/li>\n<\/ul>\n<\/li>\n<\/ul>\n<\/li>\n<\/ul>\n<p>Recibir la vacuna contra la COVID-19 despu\u00e9s de recuperarse de la infecci\u00f3n proporciona protecci\u00f3n adicional contra la COVID-19.<\/p>\n<p>Las personas con un sistema inmunitario moderada o gravemente comprometido tienen\u00a0<a href=\"https:\/\/www.cdc.gov\/coronavirus\/2019-ncov\/vaccines\/recommendations\/immuno.html\">Diferentes recomendaciones para las vacunas contra la COVID-19<\/a>, incluidos los potenciadores.<\/p>\n<p><a href=\"https:\/\/www.cdc.gov\/coronavirus\/2019-ncov\/vaccines\/stay-up-to-date.html#recommendations\">Recomendaciones sobre la vacuna contra la COVID-19 y las dosis de refuerzo<\/a>\u00a0Puede actualizarse a medida que los CDC contin\u00faan monitoreando los datos m\u00e1s recientes.<\/p>\n<p class=\"p1\">Aviva Health ofrece vacunas gratuitas contra la COVID-19 a todos los residentes del condado de Douglas mayores de 12 a\u00f1os, de lunes a viernes, de 8:30 a. m. a 11:30 a. m. y de 1 p. m. a 4 p. m., en su cl\u00ednica de vacunaci\u00f3n ubicada en 150 NE Kenneth Ford Drive, Roseburg. Para programar su cita, llame al (541) 492-2067.<\/p>\n<p class=\"p1\">Actualmente estamos ofreciendo el <a href=\"https:\/\/www.fda.gov\/emergency-preparedness-and-response\/coronavirus-disease-2019-covid-19\/pfizer-biontech-covid-19-vaccines\" target=\"_blank\" rel=\"noopener\">Pfizer-BioNTech<\/a> y <a href=\"https:\/\/www.fda.gov\/emergency-preparedness-and-response\/coronavirus-disease-2019-covid-19\/moderna-covid-19-vaccines\" target=\"_blank\" rel=\"noopener\">Moderna<\/a> Vacunas contra la COVID-19 para personas de 6 meses o m\u00e1s. Aviva Health tambi\u00e9n ofrece la <a href=\"https:\/\/www.fda.gov\/emergency-preparedness-and-response\/coronavirus-disease-2019-covid-19\/novavax-covid-19-vaccine-adjuvanted\" target=\"_blank\" rel=\"noopener\">Novavax<\/a> Vacuna COVID-19 para personas de 12 a\u00f1os o m\u00e1s.<\/p>\n<p class=\"p1\">Las vacunas tambi\u00e9n est\u00e1n disponibles de forma limitada en las cl\u00ednicas perif\u00e9ricas de Aviva Health ubicadas en Drain, Sutherlin, Glide y Myrtle Creek. Para obtener m\u00e1s informaci\u00f3n sobre las vacunas contra la COVID-19 y los requisitos de elegibilidad, llame a Aviva Health al (541) 492-2067.<\/p>\n\n\t<div class=\"clearboth\"><\/div>\n<\/div>\n\n\t<\/div>\n<\/div>\n\t<\/div>\n\n<div  data-mk-stretch-content=\"true\" class=\"wpb_row vc_row vc_row-fluid jupiter-donut- mk-fullwidth-false  attched-false    vc_custom_1629922100248  js-master-row  mk-grid\">\n\t\t\t\t\n<div class=\"vc_col-sm-4 wpb_column column_container  jupiter-donut- _ jupiter-donut-height-full\">\n\t\n\t<div  class=\"wpb_single_image wpb_content_element vc_align_center wpb_content_element\">\n\t\t\n\t\t<figure class=\"wpb_wrapper vc_figure\">\n\t\t\t<div class=\"vc_single_image-wrapper   vc_box_border_grey\"><img loading=\"lazy\" decoding=\"async\" width=\"1920\" height=\"1280\" src=\"https:\/\/aviva.health\/wp-content\/uploads\/2021\/08\/mufid-majnun-oi20ehignd4-unsplash.jpeg\" class=\"vc_single_image-img attachment-full\" alt=\"\" title=\"mufid-majnun-oi20ehignd4-unsplash\" srcset=\"https:\/\/aviva.health\/wp-content\/uploads\/2021\/08\/mufid-majnun-oi20ehignd4-unsplash.jpeg 1920w, https:\/\/aviva.health\/wp-content\/uploads\/2021\/08\/mufid-majnun-oi20ehignd4-unsplash-768x512.jpeg 768w\" sizes=\"auto, (max-width: 1920px) 100vw, 1920px\" itemprop=\"image\" \/><\/div>\n\t\t<\/figure>\n\t<\/div>\n<\/div>\n\n<div class=\"vc_col-sm-8 wpb_column column_container  jupiter-donut- _ jupiter-donut-height-full\">\n\t\n<h2 id=\"fancy-title-10\" class=\"mk-fancy-title  simple-style jupiter-donut-  color-single\">\n\t<span>\n\t\t\t\t<h3 id=\"Testing\" class=\"p1\"><span style=\"color: #124069; font-size: 18pt;\">Pruebas de COVID-19<\/span><\/h3>\n\t\t\t<\/span>\n<\/h2>\n<div class=\"clearboth\"><\/div>\n\n\n\n\t<div class=\"vc_custom_1697660579827\">\n\n<div id=\"text-block-11\" class=\"mk-text-block  jupiter-donut-\">\n\n\t\n\t<p class=\"p1\">Aviva Health solo ofrece pruebas de COVID-19 a pacientes con cita programada que presenten s\u00edntomas de COVID-19. Para m\u00e1s informaci\u00f3n, llame al (541) 672-9596.<\/p>\n\n\t<div class=\"clearboth\"><\/div>\n<\/div>\n\n\t<\/div>\n<\/div>\n\t<\/div>\n\n<div  data-mk-stretch-content=\"true\" class=\"wpb_row vc_row vc_row-fluid jupiter-donut- mk-fullwidth-false  attched-false    vc_custom_1629922100248  js-master-row  mk-grid\">\n\t\t\t\t\n<div class=\"vc_col-sm-4 wpb_column column_container  jupiter-donut- _ jupiter-donut-height-full\">\n\t\n\t<div  class=\"wpb_single_image wpb_content_element vc_align_center wpb_content_element\">\n\t\t\n\t\t<figure class=\"wpb_wrapper vc_figure\">\n\t\t\t<div class=\"vc_single_image-wrapper   vc_box_border_grey\"><img loading=\"lazy\" decoding=\"async\" width=\"1920\" height=\"1280\" src=\"https:\/\/aviva.health\/wp-content\/uploads\/2021\/08\/diana-polekhina-reyb3iazjj4-unsplash.jpeg\" class=\"vc_single_image-img attachment-full\" alt=\"\" title=\"diana-polekhina-reyb3iazjj4-unsplash\" srcset=\"https:\/\/aviva.health\/wp-content\/uploads\/2021\/08\/diana-polekhina-reyb3iazjj4-unsplash.jpeg 1920w, https:\/\/aviva.health\/wp-content\/uploads\/2021\/08\/diana-polekhina-reyb3iazjj4-unsplash-768x512.jpeg 768w\" sizes=\"auto, (max-width: 1920px) 100vw, 1920px\" itemprop=\"image\" \/><\/div>\n\t\t<\/figure>\n\t<\/div>\n<\/div>\n\t<\/div>\n\n<\/div>","protected":false},"excerpt":{"rendered":"Aviva Health COVID-19 Resources COVID-19 Vaccines COVID-19 Vaccinations CDC recommends everyone stay up to date with COVID-19 vaccination, including all primary series doses and boosters for their age group: People [...]","protected":false},"author":7,"featured_media":0,"parent":0,"menu_order":0,"comment_status":"closed","ping_status":"closed","template":"","meta":{"nf_dc_page":"","om_disable_all_campaigns":false,"_monsterinsights_skip_tracking":false,"_monsterinsights_sitenote_active":false,"_monsterinsights_sitenote_note":"","_monsterinsights_sitenote_category":0,"footnotes":""},"class_list":["post-9004","page","type-page","status-publish","hentry"],"aioseo_notices":[],"_links":{"self":[{"href":"https:\/\/aviva.health\/es\/wp-json\/wp\/v2\/pages\/9004","targetHints":{"allow":["GET"]}}],"collection":[{"href":"https:\/\/aviva.health\/es\/wp-json\/wp\/v2\/pages"}],"about":[{"href":"https:\/\/aviva.health\/es\/wp-json\/wp\/v2\/types\/page"}],"author":[{"embeddable":true,"href":"https:\/\/aviva.health\/es\/wp-json\/wp\/v2\/users\/7"}],"replies":[{"embeddable":true,"href":"https:\/\/aviva.health\/es\/wp-json\/wp\/v2\/comments?post=9004"}],"version-history":[{"count":5,"href":"https:\/\/aviva.health\/es\/wp-json\/wp\/v2\/pages\/9004\/revisions"}],"predecessor-version":[{"id":10027,"href":"https:\/\/aviva.health\/es\/wp-json\/wp\/v2\/pages\/9004\/revisions\/10027"}],"wp:attachment":[{"href":"https:\/\/aviva.health\/es\/wp-json\/wp\/v2\/media?parent=9004"}],"curies":[{"name":"gracias","href":"https:\/\/api.w.org\/{rel}","templated":true}]}}