{"id":8922,"date":"2021-06-30T16:19:37","date_gmt":"2021-06-30T16:19:37","guid":{"rendered":"https:\/\/aviva.health\/?page_id=8922"},"modified":"2023-11-02T19:58:28","modified_gmt":"2023-11-02T19:58:28","slug":"pfac","status":"publish","type":"page","link":"https:\/\/aviva.health\/es\/pfac\/","title":{"rendered":"Consejo Asesor de Pacientes y Familias"},"content":{"rendered":"<div class=\"wpb-content-wrapper\">\n<div  data-mk-stretch-content=\"true\" class=\"wpb_row vc_row vc_row-fluid jupiter-donut- mk-fullwidth-false  attched-false     js-master-row  mk-grid\">\n\t\t\t\t\n<div class=\"vc_col-sm-8 wpb_column column_container  jupiter-donut- _ jupiter-donut-height-full\">\n\t\n<h2 id=\"fancy-title-2\" class=\"mk-fancy-title  simple-style jupiter-donut-  color-single\">\n\t<span>\n\t\t\t\t<h2>Consejo Asesor de Pacientes y Familias<\/h2>\n\t\t\t<\/span>\n<\/h2>\n<div class=\"clearboth\"><\/div>\n\n\n\n\t<div class=\"vc_custom_1625069661596\">\n\n<div id=\"text-block-3\" class=\"mk-text-block  jupiter-donut-\">\n\n\t\n\t<h3>Declaraci\u00f3n de misi\u00f3n y visi\u00f3n<\/h3>\n<p>El Consejo Asesor de Pacientes y Familias (PFAC) de Aviva Health es una asociaci\u00f3n de pacientes, asesores familiares y personal de Aviva Health. El consejo se dedica a mejorar una atenci\u00f3n m\u00e9dica integral y compasiva, centrada en el paciente y la familia.<\/p>\n<p>Aviva Health es una organizaci\u00f3n que ofrece igualdad de oportunidades. Nos comprometemos a brindar un entorno libre de toda forma de discriminaci\u00f3n, acoso o represalias por motivos de raza, etnia, religi\u00f3n, color, origen nacional, ascendencia, discapacidad, informaci\u00f3n gen\u00e9tica, uso de licencias protegidas, estado militar, estado civil o familiar, afecciones relacionadas con el embarazo, orientaci\u00f3n sexual, sexo, g\u00e9nero o identidad de g\u00e9nero, edad u otra condici\u00f3n protegida por la ley. Al cultivar una cultura de diversidad, inclusi\u00f3n y conexi\u00f3n, fortalecemos nuestra capacidad para lograr una atenci\u00f3n de alta calidad, un equipo humano compasivo y una organizaci\u00f3n innovadora y centrada en la equidad.<\/p>\n<p>Por lo tanto, nuestro objetivo es establecer un consejo representado por personas con diversos or\u00edgenes y estilos de vida que aporten una variedad de perspectivas y opiniones \u00fanicas.<\/p>\n<p>La visi\u00f3n del PFAC es priorizar esfuerzos e implementar estrategias que promuevan un enfoque integral de la salud y el bienestar para los pacientes de Aviva Health. El consejo se compromete a alinear las actividades de mejora con los atributos fundamentales del modelo del Programa de Atenci\u00f3n Primaria Centrada en el Paciente: accesible, responsable, integral, continuo, coordinado y centrado en el paciente y la familia.<\/p>\n\n\t<div class=\"clearboth\"><\/div>\n<\/div>\n\n\t<\/div>\n<\/div>\n\n<div class=\"vc_col-sm-4 wpb_column column_container  jupiter-donut- _ jupiter-donut-height-full\">\n\t\n<div id=\"padding-5\" class=\"mk-padding-divider jupiter-donut-  jupiter-donut-clearfix\"><\/div>\n\n<div  class=\"mk-image mk-image-6 jupiter-donut-  mk-image-lazyload align-left simple-frame inside-image\" style=\"margin-bottom:10px\"><div class=\"mk-image-container\" style=\"max-width: 2560px;\"><div  class=\"mk-image-holder\" style=\"max-width: 2560px;\"><div class=\"mk-image-inner\"><img loading=\"lazy\" decoding=\"async\" class=\"lightbox-false\" alt=\"img_7575\" title=\"img_7575\" width=\"2560\" height=\"1920\" src=\"https:\/\/aviva.health\/wp-content\/uploads\/2021\/06\/img_7575-scaled.jpg\" \/><\/div><\/div><div class=\"clearboth\"><\/div><\/div><\/div><\/div>\n\t<\/div>\n\n<div  data-mk-stretch-content=\"true\" class=\"wpb_row vc_row vc_row-fluid jupiter-donut- mk-fullwidth-false  attched-false     js-master-row  mk-grid\">\n\t\t\t\t\n<div class=\"vc_col-sm-6 wpb_column column_container  jupiter-donut- _ jupiter-donut-height-full\">\n\t\n<div id=\"padding-8\" class=\"mk-padding-divider jupiter-donut-  jupiter-donut-clearfix\"><\/div>\n\n\t<div class=\"vc_custom_1625069686792\">\n\n<div id=\"text-block-9\" class=\"mk-text-block  jupiter-donut-\">\n\n\t\n\t<h3>Metas y objetivos<\/h3>\n<ul>\n<li>Promover y fortalecer la colaboraci\u00f3n entre pacientes y familias y Aviva Health<\/li>\n<li>Proporcionar una plataforma para recibir, procesar y responder a los comentarios de los pacientes.<\/li>\n<li>Establecer un mecanismo sistem\u00e1tico y eficaz para mejorar la calidad de los servicios y resultados de la atenci\u00f3n sanitaria incorporando la retroalimentaci\u00f3n y las decisiones adoptadas por el consejo.<\/li>\n<\/ul>\n\n\t<div class=\"clearboth\"><\/div>\n<\/div>\n\n\t<\/div>\n\n<div id=\"padding-10\" class=\"mk-padding-divider jupiter-donut-  jupiter-donut-clearfix\"><\/div>\n\n\t<div class=\"vc_custom_1625069738146\">\n\n<div id=\"text-block-11\" class=\"mk-text-block  jupiter-donut-\">\n\n\t\n\t<h3>Estructura de membres\u00eda<\/h3>\n<p>El Consejo Asesor de Pacientes y Familias estar\u00e1 compuesto por nueve a once miembros:<\/p>\n<ul>\n<li>1-3 representantes de pacientes\/familias de las cl\u00ednicas m\u00e9dicas Roseburg, Sutherlin, Glide y Myrtle Creek<\/li>\n<li>Director M\u00e9dico (copresidente)<\/li>\n<li>Director de operaciones<\/li>\n<li>Gerente de Calidad Cl\u00ednica (copresidente\/asesor y enlace con el personal)<\/li>\n<li>Gerente de Riesgo de Cumplimiento<\/li>\n<\/ul>\n<p>Adem\u00e1s, se podr\u00e1 invitar a otros miembros del personal a las reuniones, seg\u00fan los temas de la agenda. Esto puede incluir a miembros de la junta directiva, l\u00edderes ejecutivos, directores, gerentes, proveedores, enfermeras y personal de apoyo cl\u00ednico y administrativo.<\/p>\n\n\t<div class=\"clearboth\"><\/div>\n<\/div>\n\n\t<\/div>\n<\/div>\n\n<div class=\"vc_col-sm-6 wpb_column column_container  jupiter-donut- _ jupiter-donut-height-full\">\n\t\n<div id=\"padding-13\" class=\"mk-padding-divider jupiter-donut-  jupiter-donut-clearfix\"><\/div>\n\n\t<div class=\"vc_custom_1625069902673\">\n\n<div id=\"text-block-14\" class=\"mk-text-block  jupiter-donut-\">\n\n\t\n\t<h3>\u00danase al Consejo Asesor de Pacientes y Familias<\/h3>\n<p>Aviva Health valora los conocimientos y las experiencias de sus pacientes y sus familias. Unirse a PFAC es una excelente manera de garantizar una comunicaci\u00f3n s\u00f3lida entre Aviva Health y las personas a las que servimos, y de ayudar a la organizaci\u00f3n a satisfacer las diversas y cambiantes necesidades de atenci\u00f3n m\u00e9dica de la comunidad. Las personas interesadas en unirse a PFAC en Aviva Health deben cumplir con los siguientes requisitos:<\/p>\n<ul>\n<li>El candidato debe ser un paciente establecido o un familiar\/cuidador de un paciente establecido que est\u00e9 recibiendo servicios en Aviva.<\/li>\n<li>El candidato debe tener 18 a\u00f1os de edad o 15 a\u00f1os de edad con un padre\/tutor presente en las reuniones.<\/li>\n<li>Preferido: pacientes que han utilizado m\u00e1s de una l\u00ednea o tipo de servicio (es decir, un paciente adulto que recibe atenci\u00f3n m\u00e9dica y dental y que tiene un hijo que recibe atenci\u00f3n pedi\u00e1trica dentro de la organizaci\u00f3n)<\/li>\n<li>Los candidatos pueden ser nominados o recomendados por los miembros del personal de Aviva Health.<\/li>\n<li>Los candidatos deben completar una solicitud de PFAC describiendo su inter\u00e9s en convertirse en paciente.<\/li>\n<li>Despu\u00e9s de presentar la solicitud completa, los candidatos ser\u00e1n entrevistados y seleccionados por ambos copresidentes del consejo.<\/li>\n<li>Los nuevos asesores asistir\u00e1n a la orientaci\u00f3n de PFAC y cumplir\u00e1n con todas las capacitaciones requeridas como voluntarios de Aviva Health antes de asistir a su primer PFAC.<\/li>\n<li>La remoci\u00f3n del asesor ser\u00e1 decidida por unanimidad por ambos copresidentes.<\/li>\n<\/ul>\n\n\t<div class=\"clearboth\"><\/div>\n<\/div>\n\n\t<\/div>\n\n<div id=\"mk-button-15\" class=\"mk-button-container _ jupiter-donut-relative    jupiter-donut-block jupiter-donut-text-center\">\n\n\t\n\t\t<a href=\"https:\/\/aviva.health\/es\/patient-family-advisory-council-application\/\" target=\"_blank\" class=\"mk-button js-smooth-scroll mk-button--dimension-three mk-button--size-x-large mk-button--corner-rounded text-color-light _ jupiter-donut-relative jupiter-donut-text-center jupiter-donut-font-weight-700 jupiter-donut-no-backface  jupiter-donut-letter-spacing-2 jupiter-donut-inline-block\"><span class=\"mk-button--text\">Solicitar convertirse en asesor<\/span><\/a>\n\n\t\n<\/div>\n<\/div>\n\t<\/div>\n\n<\/div>","protected":false},"excerpt":{"rendered":"Patient and Family Advisory Council Mission and Vision Statement Aviva Health\u2019s Patient and Family Advisory Council (PFAC) is a partnership of patients and family advisors and Aviva Health\u2019s staff. The [...]","protected":false},"author":5,"featured_media":0,"parent":0,"menu_order":0,"comment_status":"closed","ping_status":"closed","template":"","meta":{"nf_dc_page":"","om_disable_all_campaigns":false,"_monsterinsights_skip_tracking":false,"_monsterinsights_sitenote_active":false,"_monsterinsights_sitenote_note":"","_monsterinsights_sitenote_category":0,"footnotes":""},"class_list":["post-8922","page","type-page","status-publish","hentry"],"aioseo_notices":[],"_links":{"self":[{"href":"https:\/\/aviva.health\/es\/wp-json\/wp\/v2\/pages\/8922","targetHints":{"allow":["GET"]}}],"collection":[{"href":"https:\/\/aviva.health\/es\/wp-json\/wp\/v2\/pages"}],"about":[{"href":"https:\/\/aviva.health\/es\/wp-json\/wp\/v2\/types\/page"}],"author":[{"embeddable":true,"href":"https:\/\/aviva.health\/es\/wp-json\/wp\/v2\/users\/5"}],"replies":[{"embeddable":true,"href":"https:\/\/aviva.health\/es\/wp-json\/wp\/v2\/comments?post=8922"}],"version-history":[{"count":5,"href":"https:\/\/aviva.health\/es\/wp-json\/wp\/v2\/pages\/8922\/revisions"}],"predecessor-version":[{"id":10065,"href":"https:\/\/aviva.health\/es\/wp-json\/wp\/v2\/pages\/8922\/revisions\/10065"}],"wp:attachment":[{"href":"https:\/\/aviva.health\/es\/wp-json\/wp\/v2\/media?parent=8922"}],"curies":[{"name":"gracias","href":"https:\/\/api.w.org\/{rel}","templated":true}]}}