{"id":8766,"date":"2021-03-16T20:24:39","date_gmt":"2021-03-16T20:24:39","guid":{"rendered":"https:\/\/aviva.health\/\/?page_id=8766"},"modified":"2023-10-10T23:00:57","modified_gmt":"2023-10-10T23:00:57","slug":"discount-prescription-drug-program","status":"publish","type":"page","link":"https:\/\/aviva.health\/es\/discount-prescription-drug-program\/","title":{"rendered":"Programa de descuento en medicamentos recetados"},"content":{"rendered":"<table class=\"aligncenter\" style=\"border-collapse: collapse; width: 100%;\">\n<tbody>\n<tr>\n<td style=\"width: 50%;\">\n<h2>Programa de precios de medicamentos 340B<\/h2>\n<p>Aviva Health participa en el Programa de Precios de Medicamentos 340B, un programa gubernamental que puede ayudar a los pacientes a obtener descuentos en medicamentos recetados. Este programa est\u00e1 disponible para pacientes con y sin seguro m\u00e9dico.<img loading=\"lazy\" decoding=\"async\" class=\"wp-image-8768 alignright\" src=\"https:\/\/aviva.health\/wp-content\/uploads\/2021\/03\/340-b-family.png\" alt=\"\" width=\"376\" height=\"277\" \/><\/p>\n<p>Participar en el programa es f\u00e1cil. Programe una cita con un proveedor de Aviva Health y, cuando le expida una receta, solic\u00edtela a trav\u00e9s de una de nuestras farmacias asociadas en el condado de Douglas.<\/p>\n<p>Si est\u00e1 asegurado y sus medicamentos est\u00e1n cubiertos por su p\u00f3liza, usted<span style=\"font-family: inherit; font-size: inherit;\">Pago su copago como de costumbre. Aunque sus costos no cambiar\u00e1n, nuestro centro de salud recibir\u00e1 un beneficio financiero de su compa\u00f1\u00eda de seguros. Este financiamiento adicional nos ayuda a brindar atenci\u00f3n a las familias m\u00e1s necesitadas de nuestra comunidad.<\/span><\/p>\n<p>Si su seguro no cubre sus medicamentos o no tiene seguro, este programa puede reducir el costo de su receta hasta en 60%. Durante su visita, deber\u00e1 recoger una Tarjeta de Efectivo 340B de nuestro personal de recepci\u00f3n y presentarla en la farmacia con contrato de Aviva Health que prefiera. Esta tarjeta le indica a la farmacia c\u00f3mo procesar la receta para que pueda recibir el precio en efectivo de la Tarjeta 340B.<\/p>\n<p>Su tarjeta de medicamentos es solo para su uso. Sin embargo, cualquier paciente que consulte con un proveedor de Aviva Health puede participar en el programa y obtener su propia tarjeta.<\/p>\n<p>Si su proveedor de Aviva Health lo deriva a un especialista, esas recetas tambi\u00e9n podr\u00edan estar cubiertas.<\/p>\n<p>La mayor\u00eda de los medicamentos est\u00e1n disponibles a trav\u00e9s de este programa, aunque hay algunas excepciones.<\/p>\n<p>Visite una de nuestras farmacias asociadas contratadas y comience a ahorrar hoy mismo.<\/p>\n<p>No todas nuestras farmacias con contrato 340B aceptan todos los m\u00e9todos de pago. Si tiene alguna pregunta o necesita ayuda para pagar sus recetas, comun\u00edquese con Aviva Health al (541) 672-9596. \u00a1Estamos aqu\u00ed para ayudarle!<\/td>\n<td style=\"width: 50%;\">\n<h2>Socios farmac\u00e9uticos contratados<\/h2>\n<h3>Roseburg<\/h3>\n<p><strong>Farmacia Albertsons<\/strong><br \/>\n3013 NW Stewart Parkway<br \/>\nRoseburg, OR 97471<\/p>\n<p><strong>Farmacia Fred Meyer<br \/>\n<\/strong>929 NW Garden Valley Blvd<br \/>\nRoseburg, OR 97471<\/p>\n<p><strong>Farmacia Rite Aid<\/strong><br \/>\n1430 NW Garden Valley Blvd<br \/>\nRoseburg, OR 97471<\/p>\n<p><strong>Farmacia Safeway<\/strong><br \/>\n1539 E. Stephens St.<br \/>\nRoseburg, OR 97470<\/p>\n<p><strong>Walgreens<\/strong><br \/>\n1236 NW Garden Valley Blvd<br \/>\nRoseburg, OR 97471<\/p>\n<p><strong>Walgreens<\/strong><br \/>\n1377 NE Stephens St.<br \/>\nRoseburg, OR 97470<\/p>\n<p><strong>Farmacia Walmart<\/strong><br \/>\n2125 NW Stewart Pkwy<br \/>\nRoseburg, OR 97471<\/p>\n<h3>Canyonville<\/h3>\n<p><strong>Farmacia Gordon<\/strong><br \/>\n314 S. Main St.<br \/>\nCanyonville, OR 97417<\/p>\n<h3>Myrtle Creek<\/h3>\n<p><strong>Medicamentos de mirto<\/strong><br \/>\n821 S. Main St.<br \/>\nMyrtle Creek, OR 97457<\/p>\n<h3>Sutherlin<\/h3>\n<p><strong>Sutherlin Drug<\/strong><br \/>\n113 E. Central<br \/>\nSutherlin, OR 97479<\/p>\n<h3>Winston<\/h3>\n<p><strong>Farmacias del Valle<br \/>\n<\/strong>157 W. Douglas Blvd<br \/>\nWinston, OR 97496<\/p>\n<p>&nbsp;<\/p>\n<p>***Aviva Health tambi\u00e9n tiene muchas farmacias especializadas y de venta por correo con las que tiene contrato.<\/td>\n<\/tr>\n<\/tbody>\n<\/table>","protected":false},"excerpt":{"rendered":"<p>340B Drug Pricing Program Aviva Health participates in the 340B Drug Pricing Program, a government program that may help patients receive discounted prescription drugs. This program is available to insured [&hellip;]<\/p>\n","protected":false},"author":5,"featured_media":0,"parent":0,"menu_order":0,"comment_status":"closed","ping_status":"closed","template":"","meta":{"nf_dc_page":"","om_disable_all_campaigns":false,"_monsterinsights_skip_tracking":false,"_monsterinsights_sitenote_active":false,"_monsterinsights_sitenote_note":"","_monsterinsights_sitenote_category":0,"footnotes":""},"class_list":["post-8766","page","type-page","status-publish","hentry"],"aioseo_notices":[],"_links":{"self":[{"href":"https:\/\/aviva.health\/es\/wp-json\/wp\/v2\/pages\/8766","targetHints":{"allow":["GET"]}}],"collection":[{"href":"https:\/\/aviva.health\/es\/wp-json\/wp\/v2\/pages"}],"about":[{"href":"https:\/\/aviva.health\/es\/wp-json\/wp\/v2\/types\/page"}],"author":[{"embeddable":true,"href":"https:\/\/aviva.health\/es\/wp-json\/wp\/v2\/users\/5"}],"replies":[{"embeddable":true,"href":"https:\/\/aviva.health\/es\/wp-json\/wp\/v2\/comments?post=8766"}],"version-history":[{"count":5,"href":"https:\/\/aviva.health\/es\/wp-json\/wp\/v2\/pages\/8766\/revisions"}],"predecessor-version":[{"id":10025,"href":"https:\/\/aviva.health\/es\/wp-json\/wp\/v2\/pages\/8766\/revisions\/10025"}],"wp:attachment":[{"href":"https:\/\/aviva.health\/es\/wp-json\/wp\/v2\/media?parent=8766"}],"curies":[{"name":"gracias","href":"https:\/\/api.w.org\/{rel}","templated":true}]}}