{"id":8639,"date":"2021-02-20T17:22:07","date_gmt":"2021-02-20T17:22:07","guid":{"rendered":"https:\/\/aviva.health\/\/?page_id=8639"},"modified":"2024-02-13T18:44:19","modified_gmt":"2024-02-13T18:44:19","slug":"affiliations","status":"publish","type":"page","link":"https:\/\/aviva.health\/es\/affiliations\/","title":{"rendered":"Afiliaciones"},"content":{"rendered":"<div class=\"wpb-content-wrapper\">\n<div  data-mk-stretch-content=\"true\" class=\"wpb_row vc_row vc_row-fluid jupiter-donut- mk-fullwidth-false  attched-false     js-master-row  mk-grid\">\n\t\t\t\t\t<\/div>\n\n<div class=\"vc_col-sm-12 wpb_column column_container  jupiter-donut- _ jupiter-donut-height-full\">\n\t<\/div>\n\t<div class=\"vc_custom_1677533988498\">\n\n<div id=\"text-block-2\" class=\"mk-text-block  jupiter-donut-\">\n\n\t\n\t\n\t<div class=\"clearboth\"><\/div>\n<\/div>\n\n\t<\/div>\n\n<h2>Afiliaciones<\/h2>\n<p>Aviva Health trabaja con organizaciones afines en todo el condado de Douglas y m\u00e1s all\u00e1 para garantizar que las personas que dependen de nuestros servicios tengan acceso a programas y servicios integrales destinados a abordar una variedad de necesidades que van mucho m\u00e1s all\u00e1 de la atenci\u00f3n m\u00e9dica tradicional.<\/p>\n<p>Estos socios comparten nuestro compromiso con las personas a las que servimos y son aliados importantes en nuestros esfuerzos por cuidar a los miembros de la comunidad.<\/p>\n<p>&nbsp;<\/p>\n<h3><em><strong>Local<br \/>\n<\/strong><\/em><\/h3>\n<table style=\"height: 168px; width: 100%; border-collapse: collapse;\">\n<tbody>\n<tr style=\"height: 0px;\">\n<td style=\"width: 11.095%; height: 168px;\"><a href=\"https:\/\/adaptoregon.org\/\" target=\"_blank\" rel=\"noopener\"><img loading=\"lazy\" decoding=\"async\" class=\"alignleft size-full wp-image-10291\" src=\"https:\/\/aviva.health\/wp-content\/uploads\/2024\/02\/adapt.png\" alt=\"\" width=\"358\" height=\"141\" \/><\/a><\/td>\n<td style=\"width: 11.095%; height: 168px;\"><a href=\"https:\/\/www.ohsu.edu\/area-health-education-centers\/ahecsw\" target=\"_blank\" rel=\"noopener\"><img loading=\"lazy\" decoding=\"async\" class=\"alignleft size-full wp-image-10292\" src=\"https:\/\/aviva.health\/wp-content\/uploads\/2024\/02\/ahecsw.png\" alt=\"\" width=\"1463\" height=\"346\" srcset=\"https:\/\/aviva.health\/wp-content\/uploads\/2024\/02\/ahecsw.png 1463w, https:\/\/aviva.health\/wp-content\/uploads\/2024\/02\/ahecsw-768x182.png 768w\" sizes=\"auto, (max-width: 1463px) 100vw, 1463px\" \/><\/a><\/td>\n<td style=\"width: 11.095%; height: 168px;\"><a href=\"https:\/\/chimercyhealth.com\/\" target=\"_blank\" rel=\"noopener\"><img loading=\"lazy\" decoding=\"async\" class=\"alignleft size-full wp-image-10293\" src=\"https:\/\/aviva.health\/wp-content\/uploads\/2024\/02\/chimh-logo-240x80pix.png\" alt=\"\" width=\"123\" height=\"80\" \/><\/a><\/td>\n<td style=\"width: 11.095%; height: 168px;\"><a href=\"https:\/\/douglasesd.k12.or.us\/\" target=\"_blank\" rel=\"noopener\"><img loading=\"lazy\" decoding=\"async\" class=\"alignleft size-full wp-image-10294\" src=\"https:\/\/aviva.health\/wp-content\/uploads\/2024\/02\/desd.png\" alt=\"\" width=\"2221\" height=\"747\" srcset=\"https:\/\/aviva.health\/wp-content\/uploads\/2024\/02\/desd.png 2221w, https:\/\/aviva.health\/wp-content\/uploads\/2024\/02\/desd-768x258.png 768w, https:\/\/aviva.health\/wp-content\/uploads\/2024\/02\/desd-1536x517.png 1536w, https:\/\/aviva.health\/wp-content\/uploads\/2024\/02\/desd-2048x689.png 2048w\" sizes=\"auto, (max-width: 2221px) 100vw, 2221px\" \/><\/a><\/td>\n<td style=\"width: 11.095%; height: 168px;\"><a href=\"https:\/\/douglaspublichealthnetwork.org\/\" target=\"_blank\" rel=\"noopener\"><img loading=\"lazy\" decoding=\"async\" class=\"alignleft size-full wp-image-10295\" src=\"https:\/\/aviva.health\/wp-content\/uploads\/2024\/02\/dphn.png\" alt=\"\" width=\"350\" height=\"90\" \/><\/a><\/td>\n<td style=\"width: 11.095%; height: 168px;\"><a href=\"https:\/\/www.fdcroseburg.org\/\" target=\"_blank\" rel=\"noopener\"><img loading=\"lazy\" decoding=\"async\" class=\"alignleft size-full wp-image-10288\" src=\"https:\/\/aviva.health\/wp-content\/uploads\/2024\/02\/fdc-logo.jpg\" alt=\"\" width=\"416\" height=\"283\" \/><\/a><\/td>\n<td style=\"width: 11.095%; height: 168px;\"><a href=\"https:\/\/fishofroseburg.org\/\" target=\"_blank\" rel=\"noopener\"><img loading=\"lazy\" decoding=\"async\" class=\"alignleft size-full wp-image-10287\" src=\"https:\/\/aviva.health\/wp-content\/uploads\/2024\/02\/bnw-fish-logo.jpg\" alt=\"\" width=\"1950\" height=\"1387\" srcset=\"https:\/\/aviva.health\/wp-content\/uploads\/2024\/02\/bnw-fish-logo.jpg 1950w, https:\/\/aviva.health\/wp-content\/uploads\/2024\/02\/bnw-fish-logo-768x546.jpg 768w, https:\/\/aviva.health\/wp-content\/uploads\/2024\/02\/bnw-fish-logo-1536x1093.jpg 1536w\" sizes=\"auto, (max-width: 1950px) 100vw, 1950px\" \/><\/a><\/td>\n<td style=\"width: 11.095%; height: 168px;\"><a href=\"https:\/\/www.facebook.com\/jbcommunitycampus\/\" target=\"_blank\" rel=\"noopener\"><img loading=\"lazy\" decoding=\"async\" class=\"alignleft size-full wp-image-10286\" src=\"https:\/\/aviva.health\/wp-content\/uploads\/2024\/02\/jbcc-full.png\" alt=\"\" width=\"1000\" height=\"1000\" srcset=\"https:\/\/aviva.health\/wp-content\/uploads\/2024\/02\/jbcc-full.png 1000w, https:\/\/aviva.health\/wp-content\/uploads\/2024\/02\/jbcc-full-768x768.png 768w\" sizes=\"auto, (max-width: 1000px) 100vw, 1000px\" \/><\/a><\/td>\n<td style=\"width: 11.095%; height: 168px;\"><a href=\"https:\/\/aviva.health\/es\/rfmr-index\/\"><img loading=\"lazy\" decoding=\"async\" class=\"alignleft size-full wp-image-10296\" src=\"https:\/\/aviva.health\/wp-content\/uploads\/2024\/02\/family-medicine-residency-logo_updated-7-22-2020-no-address.jpg\" alt=\"\" width=\"1631\" height=\"1274\" srcset=\"https:\/\/aviva.health\/wp-content\/uploads\/2024\/02\/family-medicine-residency-logo_updated-7-22-2020-no-address.jpg 1631w, https:\/\/aviva.health\/wp-content\/uploads\/2024\/02\/family-medicine-residency-logo_updated-7-22-2020-no-address-768x600.jpg 768w, https:\/\/aviva.health\/wp-content\/uploads\/2024\/02\/family-medicine-residency-logo_updated-7-22-2020-no-address-1536x1200.jpg 1536w\" sizes=\"auto, (max-width: 1631px) 100vw, 1631px\" \/><\/a><\/td>\n<\/tr>\n<tr style=\"height: 178px;\">\n<td style=\"width: 11.095%; height: 178px;\"><a href=\"https:\/\/www.roseburg.k12.or.us\/\" target=\"_blank\" rel=\"noopener\"><img loading=\"lazy\" decoding=\"async\" class=\"alignleft size-full wp-image-10307\" src=\"https:\/\/aviva.health\/wp-content\/uploads\/2024\/02\/roseburg-usd.webp\" alt=\"\" width=\"256\" height=\"181\" \/><\/a><\/td>\n<td style=\"width: 11.095%; height: 178px;\"><a href=\"https:\/\/www.tfff.org\/\" target=\"_blank\" rel=\"noopener\"><img loading=\"lazy\" decoding=\"async\" class=\"alignleft size-full wp-image-10310\" src=\"https:\/\/aviva.health\/wp-content\/uploads\/2024\/02\/tfff-color.jpg\" alt=\"\" width=\"1741\" height=\"660\" srcset=\"https:\/\/aviva.health\/wp-content\/uploads\/2024\/02\/tfff-color.jpg 1741w, https:\/\/aviva.health\/wp-content\/uploads\/2024\/02\/tfff-color-768x291.jpg 768w\" sizes=\"auto, (max-width: 1741px) 100vw, 1741px\" \/><\/a><\/td>\n<td style=\"width: 11.095%; height: 178px;\"><a href=\"https:\/\/thriveumpqua.com\/\" target=\"_blank\" rel=\"noopener\"><img loading=\"lazy\" decoding=\"async\" class=\"alignleft size-full wp-image-10311\" src=\"https:\/\/aviva.health\/wp-content\/uploads\/2024\/02\/thrive-umpqua.jpg\" alt=\"\" width=\"210\" height=\"192\" \/><\/a><\/td>\n<td style=\"width: 11.095%; height: 178px;\"><a href=\"https:\/\/www.ucancap.org\/\" target=\"_blank\" rel=\"noopener\"><img loading=\"lazy\" decoding=\"async\" class=\"alignleft size-full wp-image-10290\" src=\"https:\/\/aviva.health\/wp-content\/uploads\/2024\/02\/microsoftteams-image.png\" alt=\"\" width=\"2896\" height=\"1157\" srcset=\"https:\/\/aviva.health\/wp-content\/uploads\/2024\/02\/microsoftteams-image.png 2896w, https:\/\/aviva.health\/wp-content\/uploads\/2024\/02\/microsoftteams-image-768x307.png 768w, https:\/\/aviva.health\/wp-content\/uploads\/2024\/02\/microsoftteams-image-1536x614.png 1536w, https:\/\/aviva.health\/wp-content\/uploads\/2024\/02\/microsoftteams-image-2048x818.png 2048w\" sizes=\"auto, (max-width: 2896px) 100vw, 2896px\" \/><\/a><\/td>\n<td style=\"width: 11.095%; height: 178px;\"><a href=\"https:\/\/umpqua.edu\/\" target=\"_blank\" rel=\"noopener\"><img loading=\"lazy\" decoding=\"async\" class=\"alignleft size-full wp-image-10312\" src=\"https:\/\/aviva.health\/wp-content\/uploads\/2024\/02\/ucc.png\" alt=\"\" width=\"768\" height=\"692\" \/><\/a><\/td>\n<td style=\"width: 11.095%; height: 178px;\"><a href=\"https:\/\/www.umpquahealth.com\/\" target=\"_blank\" rel=\"noopener\"><img loading=\"lazy\" decoding=\"async\" class=\"alignleft size-full wp-image-10313\" src=\"https:\/\/aviva.health\/wp-content\/uploads\/2024\/02\/uha.jpg\" alt=\"\" width=\"1500\" height=\"1605\" srcset=\"https:\/\/aviva.health\/wp-content\/uploads\/2024\/02\/uha.jpg 1500w, https:\/\/aviva.health\/wp-content\/uploads\/2024\/02\/uha-768x822.jpg 768w\" sizes=\"auto, (max-width: 1500px) 100vw, 1500px\" \/><\/a><\/td>\n<td style=\"width: 11.095%; height: 178px;\"><a href=\"http:\/\/www.umpquahomes.org\/\" target=\"_blank\" rel=\"noopener\"><img loading=\"lazy\" decoding=\"async\" class=\"alignleft size-full wp-image-10289\" src=\"https:\/\/aviva.health\/wp-content\/uploads\/2024\/02\/logo_white_background-scaled.jpg\" alt=\"\" width=\"2560\" height=\"1063\" srcset=\"https:\/\/aviva.health\/wp-content\/uploads\/2024\/02\/logo_white_background-scaled.jpg 2560w, https:\/\/aviva.health\/wp-content\/uploads\/2024\/02\/logo_white_background-768x319.jpg 768w, https:\/\/aviva.health\/wp-content\/uploads\/2024\/02\/logo_white_background-1536x638.jpg 1536w, https:\/\/aviva.health\/wp-content\/uploads\/2024\/02\/logo_white_background-2048x851.jpg 2048w\" sizes=\"auto, (max-width: 2560px) 100vw, 2560px\" \/><\/a><\/td>\n<td style=\"width: 11.095%; height: 178px;\"><a href=\"https:\/\/www.va.gov\/roseburg-health-care\/\" target=\"_blank\" rel=\"noopener\"><img loading=\"lazy\" decoding=\"async\" class=\"alignleft size-full wp-image-10315\" src=\"https:\/\/aviva.health\/wp-content\/uploads\/2024\/02\/roseburg-va-1.png\" alt=\"\" width=\"204\" height=\"204\" \/><\/a><\/td>\n<td style=\"width: 11.095%; height: 178px;\"><\/td>\n<\/tr>\n<\/tbody>\n<\/table>\n<p><em><strong>\u00a0<\/strong><\/em><\/p>\n<h3><em><strong>Regional<br \/>\n<\/strong><\/em><\/h3>\n<table style=\"border-collapse: collapse; width: 100%;\">\n<tbody>\n<tr>\n<td style=\"width: 11.1111%;\"><a href=\"https:\/\/hccso.org\/\" target=\"_blank\" rel=\"noopener\"><img loading=\"lazy\" decoding=\"async\" class=\"alignleft size-full wp-image-10297\" src=\"https:\/\/aviva.health\/wp-content\/uploads\/2024\/02\/hccso.png\" alt=\"\" width=\"204\" height=\"204\" \/><\/a><\/td>\n<td style=\"width: 11.1111%;\"><a href=\"https:\/\/oregonnetwork.org\/\" target=\"_blank\" rel=\"noopener\"><img loading=\"lazy\" decoding=\"async\" class=\"alignleft size-full wp-image-10304\" src=\"https:\/\/aviva.health\/wp-content\/uploads\/2024\/02\/onchc.jpg\" alt=\"\" width=\"512\" height=\"512\" \/><\/a><\/td>\n<td style=\"width: 11.1111%;\"><a href=\"https:\/\/www.ohsu.edu\/\" target=\"_blank\" rel=\"noopener\"><img loading=\"lazy\" decoding=\"async\" class=\"alignleft size-full wp-image-10303\" src=\"https:\/\/aviva.health\/wp-content\/uploads\/2024\/02\/ohsu.jpg\" alt=\"\" width=\"435\" height=\"303\" \/><\/a><\/td>\n<td style=\"width: 11.1111%;\"><a href=\"https:\/\/www.ohsu.edu\/oregon-office-of-rural-health\" target=\"_blank\" rel=\"noopener\"><img loading=\"lazy\" decoding=\"async\" class=\"alignleft size-full wp-image-10305\" src=\"https:\/\/aviva.health\/wp-content\/uploads\/2024\/02\/oorh.png\" alt=\"\" width=\"284\" height=\"178\" \/><\/a><\/td>\n<td style=\"width: 11.1111%;\"><a href=\"https:\/\/www.nwrpca.org\/\" target=\"_blank\" rel=\"noopener\"><img loading=\"lazy\" decoding=\"async\" class=\"alignleft size-full wp-image-10302\" src=\"https:\/\/aviva.health\/wp-content\/uploads\/2024\/02\/nwrpca.png\" alt=\"\" width=\"560\" height=\"230\" \/><\/a><\/td>\n<td style=\"width: 11.1111%;\"><a href=\"https:\/\/www.oregon.gov\/oha\/hpa\/dsi-pcpch\/pages\/index.aspx\" target=\"_blank\" rel=\"noopener\"><img loading=\"lazy\" decoding=\"async\" class=\"alignleft size-full wp-image-10306\" src=\"https:\/\/aviva.health\/wp-content\/uploads\/2024\/02\/pcpch.png\" alt=\"\" width=\"740\" height=\"149\" \/><\/a><\/td>\n<td style=\"width: 11.1111%;\"><a href=\"https:\/\/www.sowib.org\/\" target=\"_blank\" rel=\"noopener\"><img loading=\"lazy\" decoding=\"async\" class=\"alignleft size-full wp-image-10309\" src=\"https:\/\/aviva.health\/wp-content\/uploads\/2024\/02\/sowib.png\" alt=\"\" width=\"640\" height=\"350\" \/><\/a><\/td>\n<td style=\"width: 11.1111%;\"><\/td>\n<td style=\"width: 11.1111%;\"><\/td>\n<\/tr>\n<\/tbody>\n<\/table>\n<h3><em><strong>\u00a0<\/strong><\/em><\/h3>\n<h3><em><strong>Nacional<br \/>\n<\/strong><\/em><\/h3>\n<table style=\"border-collapse: collapse; width: 100%;\">\n<tbody>\n<tr>\n<td style=\"width: 11.1111%;\"><a href=\"https:\/\/www.hrsa.gov\/\" target=\"_blank\" rel=\"noopener\"><img loading=\"lazy\" decoding=\"async\" class=\"alignleft size-full wp-image-10298\" src=\"https:\/\/aviva.health\/wp-content\/uploads\/2024\/02\/hrsa.jpg\" alt=\"\" width=\"1200\" height=\"630\" srcset=\"https:\/\/aviva.health\/wp-content\/uploads\/2024\/02\/hrsa.jpg 1200w, https:\/\/aviva.health\/wp-content\/uploads\/2024\/02\/hrsa-768x403.jpg 768w\" sizes=\"auto, (max-width: 1200px) 100vw, 1200px\" \/><\/a><\/td>\n<td style=\"width: 11.1111%;\"><a href=\"https:\/\/www.nachc.org\/\" target=\"_blank\" rel=\"noopener\"><img loading=\"lazy\" decoding=\"async\" class=\"alignleft size-full wp-image-10300\" src=\"https:\/\/aviva.health\/wp-content\/uploads\/2024\/02\/nachc.jpg\" alt=\"\" width=\"500\" height=\"365\" \/><\/a><\/td>\n<td style=\"width: 11.1111%;\"><a href=\"https:\/\/nhsc.hrsa.gov\/\" target=\"_blank\" rel=\"noopener\"><img loading=\"lazy\" decoding=\"async\" class=\"alignleft size-full wp-image-10301\" src=\"https:\/\/aviva.health\/wp-content\/uploads\/2024\/02\/nhsc-badge-site-badge.png\" alt=\"\" width=\"309\" height=\"288\" \/><\/a><\/td>\n<td style=\"width: 11.1111%;\"><\/td>\n<td style=\"width: 11.1111%;\"><\/td>\n<td style=\"width: 11.1111%;\"><\/td>\n<td style=\"width: 11.1111%;\"><\/td>\n<td style=\"width: 11.1111%;\"><\/td>\n<td style=\"width: 11.1111%;\"><\/td>\n<\/tr>\n<\/tbody>\n<\/table>\n<\/div>","protected":false},"excerpt":{"rendered":"<p>Affiliations Aviva Health works with like-minded organizations across Douglas County and beyond to ensure the people who depend on our services have access to comprehensive programs and services aimed at [&hellip;]<\/p>\n","protected":false},"author":5,"featured_media":0,"parent":0,"menu_order":0,"comment_status":"closed","ping_status":"closed","template":"","meta":{"nf_dc_page":"","om_disable_all_campaigns":false,"_monsterinsights_skip_tracking":false,"_monsterinsights_sitenote_active":false,"_monsterinsights_sitenote_note":"","_monsterinsights_sitenote_category":0,"footnotes":""},"class_list":["post-8639","page","type-page","status-publish","hentry"],"aioseo_notices":[],"_links":{"self":[{"href":"https:\/\/aviva.health\/es\/wp-json\/wp\/v2\/pages\/8639","targetHints":{"allow":["GET"]}}],"collection":[{"href":"https:\/\/aviva.health\/es\/wp-json\/wp\/v2\/pages"}],"about":[{"href":"https:\/\/aviva.health\/es\/wp-json\/wp\/v2\/types\/page"}],"author":[{"embeddable":true,"href":"https:\/\/aviva.health\/es\/wp-json\/wp\/v2\/users\/5"}],"replies":[{"embeddable":true,"href":"https:\/\/aviva.health\/es\/wp-json\/wp\/v2\/comments?post=8639"}],"version-history":[{"count":5,"href":"https:\/\/aviva.health\/es\/wp-json\/wp\/v2\/pages\/8639\/revisions"}],"predecessor-version":[{"id":10319,"href":"https:\/\/aviva.health\/es\/wp-json\/wp\/v2\/pages\/8639\/revisions\/10319"}],"wp:attachment":[{"href":"https:\/\/aviva.health\/es\/wp-json\/wp\/v2\/media?parent=8639"}],"curies":[{"name":"gracias","href":"https:\/\/api.w.org\/{rel}","templated":true}]}}