{"id":8622,"date":"2021-02-11T23:40:49","date_gmt":"2021-02-11T23:40:49","guid":{"rendered":"https:\/\/aviva.health\/\/?page_id=8622"},"modified":"2022-01-14T19:25:46","modified_gmt":"2022-01-14T19:25:46","slug":"omicron-faqs","status":"publish","type":"page","link":"https:\/\/aviva.health\/es\/omicron-faqs\/","title":{"rendered":"Preguntas frecuentes sobre Aviva Health: Variante Omicron"},"content":{"rendered":"<h2><strong>Preguntas frecuentes sobre la variante Omicron de Aviva Health<\/strong><\/h2>\n<p><em>La variante \u00f3micron del COVID-19 ya se encuentra en el condado de Douglas. Si bien parece causar una enfermedad menos grave, es m\u00e1s contagiosa, por lo que m\u00e1s personas la contraer\u00e1n. Prevemos tasas m\u00e1s altas de enfermedad grave y hospitalizaci\u00f3n debido a estas cifras m\u00e1s altas.\u00a0<\/em><\/p>\n<p><em>Las autoridades de salud del condado de Douglas han establecido una l\u00ednea directa (541) 464-6550 si tiene alguna pregunta. Esta l\u00ednea est\u00e1 atendida por profesionales de la salud que pueden responder preguntas del p\u00fablico de 8:00 a. m. a 5:00 p. m., todos los d\u00edas de la semana. \u00a0<\/em><\/p>\n<p><em>Estas preguntas frecuentes est\u00e1n pensadas para ayudarle a ordenar la informaci\u00f3n y tomar buenas decisiones.\u00a0<\/em><\/p>\n<p>&nbsp;<\/p>\n<p><b><span data-contrast=\"auto\">Si estoy expuesto al COVID-19 o enfermo, \u00bfqu\u00e9 hago?<\/span><\/b><span data-ccp-props=\"{&quot;201341983&quot;:0,&quot;335559739&quot;:160,&quot;335559740&quot;:256}\">\u00a0<\/span><\/p>\n<p><span data-contrast=\"auto\">Si no presenta s\u00edntomas, debe seguir tomando las precauciones habituales de uso de mascarilla, lavado de manos y distanciamiento social. Durante este aumento repentino de COVID-19, que podr\u00eda durar hasta febrero, deber\u00eda considerar evitar las multitudes a menos que sea necesario.<\/span><span data-ccp-props=\"{&quot;201341983&quot;:0,&quot;335559739&quot;:160,&quot;335559740&quot;:256}\">\u00a0<\/span><\/p>\n<p><span data-contrast=\"auto\">Si tiene s\u00edntomas leves, como un resfriado o una gripe leve, qu\u00e9dese en casa hasta que se mejore. Probablemente no necesite hacerse la prueba. Simplemente cu\u00eddese bien en casa y est\u00e9 atento a enfermedades m\u00e1s graves.<\/span><span data-ccp-props=\"{&quot;201341983&quot;:0,&quot;335559739&quot;:160,&quot;335559740&quot;:256}\">\u00a0<\/span><\/p>\n<p><span data-contrast=\"auto\">Si tiene fiebre, dificultad para respirar, v\u00f3mitos, diarrea, dificultad para beber agua o caminar, llame a su m\u00e9dico de cabecera (PCP), incluso antes de ir a urgencias. Solo acuda a urgencias o llame al 911 si se trata de una emergencia real (dolor en el pecho, dificultad extrema para respirar, lesi\u00f3n traum\u00e1tica o signos de accidente cerebrovascular). Si no cuenta con un profesional de la salud, llame a la l\u00ednea directa de la DPHN al (541) 464-6550 para obtener asesoramiento.<\/span><span data-ccp-props=\"{&quot;201341983&quot;:0,&quot;335559739&quot;:160,&quot;335559740&quot;:256}\">\u00a0<\/span><\/p>\n<p>&nbsp;<\/p>\n<p><b><span data-contrast=\"auto\">\u00bfPuedo hacerme la prueba del COVID-19?<\/span><\/b><span data-ccp-props=\"{&quot;201341983&quot;:0,&quot;335559739&quot;:160,&quot;335559740&quot;:256}\">\u00a0<\/span><\/p>\n<p><span data-contrast=\"auto\">Aviva ofrece un servicio de pruebas de COVID-19 con cita previa y desde el autom\u00f3vil, de lunes a viernes, de 8:30 a. m. a 4:30 p. m. Debido al aumento actual de COVID-19 y la menor disponibilidad de suministros para pruebas, Aviva Health sigue las directrices de OHA para priorizar las pruebas de COVID-19 para las personas que las necesitan urgentemente. Si tiene preguntas sobre las pruebas, llame al (541) 492-2067.<\/span><\/p>\n<p>&nbsp;<\/p>\n<p><b><span data-contrast=\"auto\">\u00bfPuedo todav\u00eda vacunarme contra la COVID-19?<\/span><\/b><span data-ccp-props=\"{&quot;201341983&quot;:0,&quot;335559739&quot;:160,&quot;335559740&quot;:256}\">\u00a0<\/span><\/p>\n<p><span data-contrast=\"auto\">Para la mayor\u00eda de las personas, s\u00ed. La vacunaci\u00f3n es la mejor manera de ayudar al cuerpo a combatir enfermedades graves y evitar la hospitalizaci\u00f3n y otros efectos graves de la COVID-19.<\/span><span data-ccp-props=\"{&quot;201341983&quot;:0,&quot;335559739&quot;:160,&quot;335559740&quot;:256}\">\u00a0<\/span><\/p>\n<p><span data-contrast=\"auto\">Nuevamente, llame a la l\u00ednea directa del DPHN al (541) 464-6550 para obtener asesoramiento.<\/span><span data-ccp-props=\"{&quot;201341983&quot;:0,&quot;335559739&quot;:160,&quot;335559740&quot;:256}\">\u00a0<\/span><\/p>\n<p><span data-contrast=\"auto\">Aviva opera una cl\u00ednica de vacunaci\u00f3n con cita previa de lunes a viernes, de 8:30 a. m. a 4:30 p. m. <a href=\"https:\/\/aviva.health\/es\/\">haga clic aqu\u00ed<\/a><\/span><span data-contrast=\"auto\">\u00a0Para programar una cita. Si no est\u00e1 seguro de si actualmente es elegible para la vacunaci\u00f3n, llame al (541) 492-2067.<\/span><b><span data-contrast=\"auto\">\u00a0<\/span><\/b><span data-ccp-props=\"{&quot;201341983&quot;:0,&quot;335559739&quot;:160,&quot;335559740&quot;:256}\">\u00a0<\/span><\/p>\n<p>&nbsp;<\/p>\n<p><b><span data-contrast=\"auto\">\u00bfCu\u00e1les son los s\u00edntomas del virus COVID-19?<\/span><\/b><span data-ccp-props=\"{&quot;201341983&quot;:0,&quot;335559739&quot;:160,&quot;335559740&quot;:256}\">\u00a0<\/span><\/p>\n<p><span data-contrast=\"auto\">La COVID-19 causa muchos s\u00edntomas diferentes. Los principales a los que debe prestar atenci\u00f3n son fiebre, tos, dolor de garganta, n\u00e1useas, v\u00f3mitos y\/o diarrea. Si siente dificultad para respirar o para mantener el equilibrio (no puede caminar bien), podr\u00eda necesitar tratamiento.<\/span><span data-ccp-props=\"{&quot;201341983&quot;:0,&quot;335559739&quot;:160,&quot;335559740&quot;:256}\">\u00a0<\/span><\/p>\n<p>Preguntas que debes hacerte:<\/p>\n<ul>\n<li>\u00bfTengo fiebre?<\/li>\n<li>\u00bfTengo n\u00e1useas, v\u00f3mitos o diarrea?<\/li>\n<li>\u00bfTengo dificultad para respirar profundamente?<\/li>\n<li>\u00bfMe siento mareado, tengo dificultad para mantener el equilibrio o para caminar?<\/li>\n<li>\u00bfSoy capaz de retener el agua?<\/li>\n<\/ul>\n<p><span data-contrast=\"auto\">Si responde afirmativamente a una o m\u00e1s de estas preguntas, llame a su m\u00e9dico de cabecera o a la l\u00ednea directa de la DPHN al (541) 464-6550 para obtener asesoramiento. Llame al 911 o acuda a urgencias solo si se encuentra en una situaci\u00f3n de emergencia real.<\/span><span data-ccp-props=\"{&quot;201341983&quot;:0,&quot;335559739&quot;:160,&quot;335559740&quot;:256}\">\u00a0<\/span><\/p>\n<p>&nbsp;<\/p>\n<p><b><span data-contrast=\"auto\">\u00bfCu\u00e1l es mi riesgo de contraer COVID-19?\u00a0<\/span><\/b><span data-ccp-props=\"{&quot;201341983&quot;:0,&quot;335559739&quot;:160,&quot;335559740&quot;:256}\">\u00a0<\/span><\/p>\n<p><span data-contrast=\"auto\">Su riesgo de contraer COVID-19 depende de su exposici\u00f3n al virus. Le recomendamos seguir las siguientes medidas para reducir el riesgo de infecci\u00f3n. <\/span><span data-ccp-props=\"{&quot;201341983&quot;:0,&quot;335559739&quot;:160,&quot;335559740&quot;:256}\">\u00a0<\/span><\/p>\n<p>&nbsp;<\/p>\n<p><b><span data-contrast=\"auto\">\u00bfCu\u00e1l es el mejor consejo para reducir mis posibilidades de contraer COVID-19?<\/span><\/b><span data-ccp-props=\"{&quot;201341983&quot;:0,&quot;335559739&quot;:160,&quot;335559740&quot;:256}\">\u00a0<\/span><\/p>\n<p><span data-contrast=\"auto\">La mejor manera de evitar o disminuir la gravedad de la COVID-19 es vacunarse y recibir la dosis de refuerzo cuando sea posible. Esto, junto con las dem\u00e1s medidas l\u00f3gicas que se indican a continuaci\u00f3n, es la mejor opci\u00f3n para superar esta situaci\u00f3n y evitar una enfermedad grave.<\/span><span data-ccp-props=\"{&quot;201341983&quot;:0,&quot;335559739&quot;:160,&quot;335559740&quot;:256}\">\u00a0<\/span><\/p>\n<p><span data-contrast=\"auto\">Tome precauciones diarias para mantener el espacio entre usted y los dem\u00e1s (tambi\u00e9n conocido como \u201cdistanciamiento social\u201d).<\/span><span data-ccp-props=\"{&quot;201341983&quot;:0,&quot;335559739&quot;:160,&quot;335559740&quot;:256}\">\u00a0<\/span><\/p>\n<p><span data-contrast=\"auto\">Use una mascarilla m\u00e9dica v\u00e1lida cuando est\u00e9 cerca de otras personas. Usar bufandas, protectores faciales o polainas de tela, aunque es mejor que nada, no ha demostrado ser tan efectivo como una mascarilla m\u00e9dica.<\/span><span data-ccp-props=\"{&quot;201341983&quot;:0,&quot;335559739&quot;:160,&quot;335559740&quot;:256}\">\u00a0<\/span><\/p>\n<p><span data-contrast=\"auto\">Al salir en p\u00fablico, mant\u00e9ngase alejado de los dem\u00e1s tanto como sea posible. Limite el contacto cercano y l\u00e1vese las manos con frecuencia.<\/span><span data-ccp-props=\"{&quot;201341983&quot;:0,&quot;335559739&quot;:160,&quot;335559740&quot;:256}\">\u00a0<\/span><\/p>\n<p><span data-contrast=\"auto\">Evite las multitudes tanto como sea posible.<\/span><span data-ccp-props=\"{&quot;201341983&quot;:0,&quot;335559739&quot;:160,&quot;335559740&quot;:256}\">\u00a0<\/span><\/p>\n<p><span data-contrast=\"auto\">Evite los viajes en crucero y los viajes a\u00e9reos no esenciales.<\/span><span data-ccp-props=\"{&quot;201341983&quot;:0,&quot;335559739&quot;:160,&quot;335559740&quot;:256}\">\u00a0<\/span><\/p>\n<p><span data-contrast=\"auto\">Durante un brote de COVID-19 en su comunidad, qu\u00e9dese en casa tanto como sea posible para reducir a\u00fan m\u00e1s el riesgo de exposici\u00f3n.<\/span><span data-ccp-props=\"{&quot;201341983&quot;:0,&quot;335559739&quot;:160,&quot;335559740&quot;:256}\">\u00a0<\/span><\/p>\n<p>&nbsp;<\/p>\n<p><b><span data-contrast=\"auto\">\u00bfQui\u00e9n corre mayor riesgo?<\/span><\/b><span data-ccp-props=\"{&quot;201341983&quot;:0,&quot;335559739&quot;:160,&quot;335559740&quot;:256}\">\u00a0<\/span><\/p>\n<p><span data-contrast=\"auto\">La variante \u00d3micron ha cambiado este perfil. Antes, el mayor riesgo lo presentaban principalmente los adultos mayores. Ahora, estamos viendo m\u00e1s ni\u00f1os con COVID-19. Los adultos mayores y las personas con enfermedades cr\u00f3nicas siguen teniendo mayor riesgo, especialmente si no est\u00e1n vacunados.<\/span><span data-ccp-props=\"{&quot;201341983&quot;:0,&quot;335559739&quot;:160,&quot;335559740&quot;:256}\">\u00a0<\/span><\/p>\n<p>&nbsp;<\/p>\n<p><b><span data-contrast=\"auto\">\u00bfExiste una plataforma de informaci\u00f3n p\u00fablica preferida? \u00bfC\u00f3mo se mantendr\u00e1 informado al p\u00fablico?<\/span><\/b><span data-ccp-props=\"{&quot;201341983&quot;:0,&quot;335559739&quot;:160,&quot;335559740&quot;:256}\">\u00a0<\/span><\/p>\n<p><span data-contrast=\"auto\">El Oficial de Salud P\u00fablica del Condado de Douglas, Dr. Robert Dannenhoffer, proporcionar\u00e1 actualizaciones en comunicados de prensa a trav\u00e9s de FlashAlert, a trav\u00e9s de las p\u00e1ginas de Twitter y Facebook de Douglas Public Health Network, y en www.douglaspublichealthnetwork.org.\u00a0<\/span><span data-ccp-props=\"{&quot;201341983&quot;:0,&quot;335559739&quot;:160,&quot;335559740&quot;:256}\">\u00a0<\/span><\/p>\n<p><span data-contrast=\"auto\">La l\u00ednea directa del centro de llamadas de DPHN, (541) 464-6550, es otro buen recurso. El centro de llamadas cuenta con profesionales de la salud que pueden responder preguntas del p\u00fablico. El horario de atenci\u00f3n es de 8:00 a. m. a 5:00 p. m., los siete d\u00edas de la semana hasta nuevo aviso.<\/span><span data-ccp-props=\"{&quot;201341983&quot;:0,&quot;335559739&quot;:160,&quot;335559740&quot;:256}\">\u00a0<\/span><\/p>\n<p><b><span data-contrast=\"auto\">\u00bfLas personas que pueden trabajar desde casa deber\u00edan hacerlo en este momento?<\/span><\/b><span data-ccp-props=\"{&quot;201341983&quot;:0,&quot;335559739&quot;:160,&quot;335559740&quot;:256}\">\u00a0<\/span><\/p>\n<p><span data-contrast=\"none\">En general, s\u00ed. Hay ciertos tipos de trabajadores, como el personal sanitario, que tienen diferentes requisitos de reincorporaci\u00f3n al trabajo. Hable con su empleador para determinar su situaci\u00f3n.<\/span><span data-ccp-props=\"{&quot;201341983&quot;:0,&quot;335559739&quot;:160,&quot;335559740&quot;:256}\">\u00a0<\/span><\/p>\n<p><span data-ccp-props=\"{&quot;201341983&quot;:0,&quot;335559739&quot;:160,&quot;335559740&quot;:256}\">\u00a0<\/span><\/p>\n<p><b><span data-contrast=\"auto\">Tengo m\u00e1s de 50 a\u00f1os o tengo problemas de salud\u2026 \u00bfdeber\u00eda ir a trabajar?<\/span><\/b><span data-ccp-props=\"{&quot;201341983&quot;:0,&quot;335559739&quot;:160,&quot;335559740&quot;:256}\">\u00a0<\/span><\/p>\n<p><span data-contrast=\"auto\">Las personas con mayor riesgo de enfermarse gravemente por COVID-19 incluyen a los adultos mayores y a las personas con enfermedades cr\u00f3nicas como cardiopat\u00edas, diabetes y enfermedades pulmonares. Para determinar su nivel de riesgo, consulte con su m\u00e9dico de cabecera. Dependiendo de su nivel de riesgo y su tipo de trabajo, podr\u00eda convenirle hablar con su empleador sobre la posibilidad de teletrabajar, trabajar en un turno con menos personas u otras adaptaciones. Quedarse en casa reducir\u00e1 su riesgo de exposici\u00f3n. <\/span><span data-ccp-props=\"{&quot;201341983&quot;:0,&quot;335559739&quot;:160,&quot;335559740&quot;:256}\">\u00a0<\/span><\/p>\n<p>&nbsp;<\/p>\n<p><b><span data-contrast=\"auto\">\u00bfDeber\u00edamos todos usar mascarillas?<\/span><\/b><span data-ccp-props=\"{&quot;201341983&quot;:0,&quot;335559739&quot;:160,&quot;335559740&quot;:256}\">\u00a0<\/span><\/p>\n<p><span data-contrast=\"auto\">S\u00ed, use una mascarilla m\u00e9dica mientras est\u00e9 en p\u00fablico y en contacto cercano con otras personas.<\/span><span data-ccp-props=\"{&quot;201341983&quot;:0,&quot;335559739&quot;:160,&quot;335559740&quot;:256}\">\u00a0<\/span><\/p>\n<p><span data-contrast=\"auto\">Confiar en bufandas, protectores faciales o polainas de tela, si bien es mejor que nada, no ha demostrado ser tan eficaz como una mascarilla m\u00e9dica.<\/span><span data-ccp-props=\"{&quot;201341983&quot;:0,&quot;335559739&quot;:160,&quot;335559740&quot;:256}\">\u00a0<\/span><\/p>\n<p>&nbsp;<\/p>\n<p><b><span data-contrast=\"auto\">\u00bfCu\u00e1les son los planes del condado de Douglas para manejar el COVID-19?<\/span><\/b><span data-ccp-props=\"{&quot;201341983&quot;:0,&quot;335559739&quot;:160,&quot;335559740&quot;:256}\">\u00a0<\/span><\/p>\n<p><span data-contrast=\"auto\">La comunidad m\u00e9dica del condado de Douglas se re\u00fane peri\u00f3dicamente para mantenerse al d\u00eda sobre la situaci\u00f3n del COVID-19 en la zona, compartir situaciones espec\u00edficas y desarrollar planes regionales para una respuesta coordinada ante emergencias. Esta iniciativa cuenta con el apoyo de la Junta de Comisionados del Condado de Douglas, la Red de Salud P\u00fablica de Douglas, el Centro M\u00e9dico CHI Mercy, el Hospital Lower Umpqua, VA Roseburg Health Care, Umpqua Health Alliance, Aviva Health, Evergreen Family Medicine, Cow Creek Health and Wellness, Adapt Integrated Health Care y otras entidades que prestan servicios a los pacientes.<\/span><span data-ccp-props=\"{&quot;201341983&quot;:0,&quot;335559739&quot;:160,&quot;335559740&quot;:256}\">\u00a0<\/span><\/p>\n<p>&nbsp;<\/p>\n<p><b><span data-contrast=\"auto\">\u00bfEs seguro abrir paquetes de China u otros pa\u00edses extranjeros?<\/span><\/b><span data-ccp-props=\"{&quot;201341983&quot;:0,&quot;335559739&quot;:160,&quot;335559740&quot;:256}\">\u00a0<\/span><\/p>\n<p><span data-contrast=\"auto\">S\u00ed.<\/span><span data-ccp-props=\"{&quot;201341983&quot;:0,&quot;335559739&quot;:160,&quot;335559740&quot;:256}\">\u00a0<\/span><\/p>\n<p>&nbsp;<\/p>\n<p><b><span data-contrast=\"auto\">\u00bfTenemos suficientes respiradores, camas de UCI y tanques de ox\u00edgeno en el condado de Douglas? \u00bfCu\u00e1ntas camas de cuidados intensivos tenemos? \u00bfCu\u00e1ntas hay disponibles actualmente?\u00a0<\/span><\/b><span data-ccp-props=\"{&quot;201341983&quot;:0,&quot;335559739&quot;:160,&quot;335559740&quot;:256}\">\u00a0<\/span><\/p>\n<p><span data-contrast=\"auto\">S\u00ed, actualmente. Es importante que todos hagamos nuestra parte para evitar el sistema hospitalario a menos que sea necesario. Qu\u00e9dese en casa si la enfermedad es leve. Llame a su m\u00e9dico de cabecera o a su enfermero de atenci\u00f3n primaria para obtener asesoramiento si tiene alguna pregunta.\u00a0\u00a0<\/span><span data-ccp-props=\"{&quot;201341983&quot;:0,&quot;335559739&quot;:160,&quot;335559740&quot;:256}\">\u00a0<\/span><\/p>\n<p>&nbsp;<\/p>\n<p><b><span data-contrast=\"auto\">\u00bfSon efectivas las vacunas actuales?\u00a0<\/span><\/b><span data-ccp-props=\"{&quot;201341983&quot;:0,&quot;335559739&quot;:160,&quot;335559740&quot;:256}\">\u00a0<\/span><\/p>\n<p><span data-contrast=\"auto\">Se ha demostrado una y otra vez que la vacunaci\u00f3n es segura y eficaz para reducir enfermedades graves y mantener a las personas con vida y fuera del hospital. \u00a0<\/span><span data-ccp-props=\"{&quot;201341983&quot;:0,&quot;335559739&quot;:160,&quot;335559740&quot;:256}\">\u00a0<\/span><\/p>\n<p><span data-contrast=\"auto\">Las formulaciones actuales de las vacunas de Moderna y Pfizer tienen eficacia contra la variante actual Omicron y las variantes pasadas.<\/span><span data-ccp-props=\"{&quot;201341983&quot;:0,&quot;335559739&quot;:160,&quot;335559740&quot;:256}\">\u00a0<\/span><\/p>\n<p><span data-contrast=\"auto\">Existen informes contradictorios sobre la eficacia de la vacuna de Johnson &amp; Johnson contra la variante \u00d3micron. Por ello, si recibe una dosis de refuerzo y recibi\u00f3 la vacuna de Johnson &amp; Johnson en su primera dosis, le recomendamos una dosis de refuerzo con una de las otras dos. Sin embargo, es su decisi\u00f3n si desea recibir la dosis de refuerzo de Johnson &amp; Johnson.<\/span><span data-ccp-props=\"{&quot;201341983&quot;:0,&quot;335559739&quot;:160,&quot;335559740&quot;:256}\">\u00a0<\/span><\/p>\n<p>&nbsp;<\/p>\n<p><b><span data-contrast=\"auto\">Le\u00ed que hacer g\u00e1rgaras con agua y vinagre cura el virus antes de que llegue a los pulmones. \u00bfEs cierto? \u00bfQu\u00e9 otros tratamientos hay para la COVID-19?\u00a0<\/span><\/b><span data-ccp-props=\"{&quot;201341983&quot;:0,&quot;335559739&quot;:160,&quot;335559740&quot;:256}\">\u00a0<\/span><\/p>\n<p><span data-contrast=\"auto\">Existen muchos tratamientos no probados para la COVID-19, principalmente en redes sociales. Las teor\u00edas van desde comer barro hasta hacer g\u00e1rgaras con vinagre y un medicamento para par\u00e1sitos intestinales (lombrices). Entendemos que la gente busca soluciones f\u00e1ciles. Pero antes de evitar lo que ha demostrado cient\u00edficamente su eficacia (las vacunas contra la COVID-19) por algo que no est\u00e1 comprobado (hacer g\u00e1rgaras con vinagre), le recomendamos encarecidamente que consulte con su m\u00e9dico de cabecera.<\/span><span data-ccp-props=\"{&quot;201341983&quot;:0,&quot;335559739&quot;:160,&quot;335559740&quot;:256}\">\u00a0<\/span><\/p>\n<p><span data-contrast=\"auto\">Existen nuevos tratamientos prometedores autorizados para uso de emergencia por la FDA. Se utilizan en todo el mundo y han demostrado ser eficaces y de bajo riesgo en comparaci\u00f3n con el riesgo de contraer COVID-19. Estos abarcan desde infusiones de anticuerpos monoclonales (v\u00edas intravenosas o inyecciones) hasta nuevas pastillas. Si bien todas son prometedoras, a\u00fan no est\u00e1n ampliamente disponibles. Su m\u00e9dico de cabecera le indicar\u00e1 si deber\u00eda considerar alguna de estas terapias.<\/span><span data-ccp-props=\"{&quot;201341983&quot;:0,&quot;335559739&quot;:160,&quot;335559740&quot;:256}\">\u00a0<\/span><\/p>\n<p>&nbsp;<\/p>\n<p><b><span data-contrast=\"auto\">\u00bfDebo entrar en p\u00e1nico?\u00a0<\/span><\/b><span data-ccp-props=\"{&quot;201341983&quot;:0,&quot;335559739&quot;:160,&quot;335559740&quot;:256}\">\u00a0<\/span><\/p>\n<p><span data-contrast=\"auto\">Esto es grave, pero no hay que alarmarse. La variante \u00f3micron enfermar\u00e1 a muchas personas, pero se espera que la enfermedad sea m\u00e1s leve que la observada en el pasado.<\/span><span data-ccp-props=\"{&quot;201341983&quot;:0,&quot;335559739&quot;:160,&quot;335559740&quot;:256}\">\u00a0<\/span><\/p>\n<p><span data-contrast=\"auto\">Tome precauciones (qu\u00e9dese en casa, use mascarilla, mantenga la distancia social y l\u00e1vese las manos). Tambi\u00e9n debe limitar los viajes y las salidas en p\u00fablico. \u00a0<\/span><span data-ccp-props=\"{&quot;201341983&quot;:0,&quot;335559739&quot;:160,&quot;335559740&quot;:256}\">\u00a0<\/span><\/p>\n<p>&nbsp;<\/p>\n<p><b><span data-contrast=\"auto\">\u00bfDebo acudir a mi cita para donar sangre?\u00a0<\/span><\/b><span data-ccp-props=\"{&quot;201341983&quot;:0,&quot;335559739&quot;:160,&quot;335559740&quot;:256}\">\u00a0<\/span><\/p>\n<p><span data-contrast=\"auto\">La Cruz Roja Americana se enfrenta a una grave escasez de sangre debido a un n\u00famero sin precedentes de cancelaciones de campa\u00f1as de donaci\u00f3n de sangre debido a la pandemia de COVID-19. Si usted goza de buena salud, le animamos a seguir donando sangre que salva vidas. <\/span><span data-ccp-props=\"{&quot;201341983&quot;:0,&quot;335559739&quot;:160,&quot;335559740&quot;:256}\">\u00a0<\/span><\/p>\n<p><span data-contrast=\"auto\">Si tiene un alto riesgo de complicaciones por COVID-19 (mayor de 65 a\u00f1os, enfermedades cr\u00f3nicas, etc.), consulte con su m\u00e9dico de cabecera sobre el nivel de distanciamiento social que deber\u00eda mantener. Donar sangre en la oficina de la Cruz Roja puede tener menos riesgo de exposici\u00f3n que donar sangre en el autob\u00fas de donaci\u00f3n, que es m\u00e1s peque\u00f1o. <\/span><span data-ccp-props=\"{&quot;201341983&quot;:0,&quot;335559739&quot;:160,&quot;335559740&quot;:256}\">\u00a0<\/span><\/p>\n<p><span data-contrast=\"auto\">El director general de servicios de salud de EE. UU. ha declarado: \u00abA\u00fan pueden salir a donar sangre. Nos preocupa la posible escasez de sangre en el futuro. El distanciamiento social no tiene por qu\u00e9 implicar desconexi\u00f3n social\u00bb.<\/span><span data-ccp-props=\"{&quot;201341983&quot;:0,&quot;335559739&quot;:160,&quot;335559740&quot;:256}\">\u00a0<\/span><\/p>\n<p><span data-ccp-props=\"{&quot;201341983&quot;:0,&quot;335559739&quot;:160,&quot;335559740&quot;:256}\">\u00a0<\/span><span data-ccp-props=\"{&quot;201341983&quot;:0,&quot;335559739&quot;:160,&quot;335559740&quot;:240}\">\u00a0<\/span><\/p>\n<p><b><span data-contrast=\"auto\">\u00bfD\u00f3nde puedo encontrar m\u00e1s informaci\u00f3n?\u00a0<\/span><\/b><span data-ccp-props=\"{&quot;201341983&quot;:0,&quot;335559739&quot;:160,&quot;335559740&quot;:240}\">\u00a0<\/span><\/p>\n<p><a href=\"https:\/\/www.douglaspublichealthnetwork.org\" target=\"_blank\" rel=\"noopener\"><span data-contrast=\"auto\">Red de Salud P\u00fablica de Douglas<\/span><\/a><span data-ccp-props=\"{&quot;201341983&quot;:0,&quot;335559739&quot;:160,&quot;335559740&quot;:240}\">\u00a0<\/span><\/p>\n<p><span data-contrast=\"auto\">Siga la Red de Salud P\u00fablica de Douglas en <a href=\"https:\/\/www.facebook.com\/DouglasPublicHealthNetwork\" target=\"_blank\" rel=\"noopener\">Facebook <\/a><\/span><span data-ccp-props=\"{&quot;201341983&quot;:0,&quot;335559739&quot;:160,&quot;335559740&quot;:240}\">\u00a0<\/span><\/p>\n<p><a href=\"https:\/\/www.cdc.gov\/coronavirus\/2019-ncov\/index.html\" target=\"_blank\" rel=\"noopener\"><span data-contrast=\"auto\">Recursos sobre la COVID-19 de los Centros para el Control y la Prevenci\u00f3n de Enfermedades<\/span><span data-ccp-props=\"{&quot;201341983&quot;:0,&quot;335559739&quot;:160,&quot;335559740&quot;:240}\">\u00a0<\/span><\/a><\/p>\n<p><span data-ccp-props=\"{&quot;201341983&quot;:0,&quot;335559739&quot;:160,&quot;335559740&quot;:240}\">\u00a0<\/span><span data-contrast=\"auto\"><a href=\"https:\/\/www.oregon.gov\/oha\/PH\/DISEASESCONDITIONS\/DISEASESAZ\/Pages\/emerging-respiratory-infections.aspx\" target=\"_blank\" rel=\"noopener\">Autoridad de Salud de Oreg\u00f3n<\/a>\u202f<\/span><span data-ccp-props=\"{&quot;201341983&quot;:0,&quot;335559739&quot;:160,&quot;335559740&quot;:240}\">\u00a0<\/span><\/p>","protected":false},"excerpt":{"rendered":"<p>Aviva Health Omicron Variant FAQs The COVID-19 Omicron variant is now in Douglas County. While it seems to cause less severe disease, it is more contagious so more people will [&hellip;]<\/p>\n","protected":false},"author":5,"featured_media":0,"parent":0,"menu_order":0,"comment_status":"closed","ping_status":"closed","template":"","meta":{"nf_dc_page":"","om_disable_all_campaigns":false,"_monsterinsights_skip_tracking":false,"_monsterinsights_sitenote_active":false,"_monsterinsights_sitenote_note":"","_monsterinsights_sitenote_category":0,"footnotes":""},"class_list":["post-8622","page","type-page","status-publish","hentry"],"aioseo_notices":[],"_links":{"self":[{"href":"https:\/\/aviva.health\/es\/wp-json\/wp\/v2\/pages\/8622","targetHints":{"allow":["GET"]}}],"collection":[{"href":"https:\/\/aviva.health\/es\/wp-json\/wp\/v2\/pages"}],"about":[{"href":"https:\/\/aviva.health\/es\/wp-json\/wp\/v2\/types\/page"}],"author":[{"embeddable":true,"href":"https:\/\/aviva.health\/es\/wp-json\/wp\/v2\/users\/5"}],"replies":[{"embeddable":true,"href":"https:\/\/aviva.health\/es\/wp-json\/wp\/v2\/comments?post=8622"}],"version-history":[{"count":5,"href":"https:\/\/aviva.health\/es\/wp-json\/wp\/v2\/pages\/8622\/revisions"}],"predecessor-version":[{"id":9294,"href":"https:\/\/aviva.health\/es\/wp-json\/wp\/v2\/pages\/8622\/revisions\/9294"}],"wp:attachment":[{"href":"https:\/\/aviva.health\/es\/wp-json\/wp\/v2\/media?parent=8622"}],"curies":[{"name":"gracias","href":"https:\/\/api.w.org\/{rel}","templated":true}]}}