{"id":8541,"date":"2020-10-08T23:00:09","date_gmt":"2020-10-08T23:00:09","guid":{"rendered":"https:\/\/aviva.health\/\/?page_id=8541"},"modified":"2020-10-08T23:00:19","modified_gmt":"2020-10-08T23:00:19","slug":"message-from-our-ceo-october-2020","status":"publish","type":"page","link":"https:\/\/aviva.health\/es\/message-from-our-ceo-october-2020\/","title":{"rendered":"Mensaje de nuestro CEO \u2013 Octubre de 2020"},"content":{"rendered":"<p class=\"xmsonormal\"><img loading=\"lazy\" decoding=\"async\" class=\"alignleft wp-image-7787\" src=\"https:\/\/aviva.health\/wp-content\/uploads\/2020\/05\/2020-05-29-11.24.42.jpg\" alt=\"\" width=\"208\" height=\"220\" \/>Ya es oficialmente oto\u00f1o, la temporada que nos trae f\u00fatbol, fogatas c\u00e1lidas, caf\u00e9 con leche y especias de calabaza, sopas abundantes, velas arom\u00e1ticas y s\u00ed, lluvia.<\/p>\n<p class=\"xmsonormal\">Pero tambi\u00e9n es momento de compartir nuestro agradecimiento y dar.<\/p>\n<p class=\"xmsonormal\">En Aviva Health, estamos muy agradecidos por muchas cosas, como el apoyo de nuestra comunidad, la confianza y lealtad de nuestros pacientes, y el compromiso de nuestro personal y la Junta Directiva. Tambi\u00e9n agradecemos a nuestras numerosas organizaciones colaboradoras, como la Red de Salud P\u00fablica de Douglas, el Instituto Infantil, UCAN, la Despensa de Alimentos FISH, el Centro de Desarrollo Infantil, Mercy, la Alianza de Salud de Umpqua, el Equipo de Respuesta al COVID-19 del Condado de Douglas y muchas otras, por su esfuerzo al colaborar con nosotros para abordar diversas necesidades en nuestra \u00e1rea.<\/p>\n<p class=\"xmsonormal\">Todas estas personas y organizaciones han bendecido a Aviva Health, brind\u00e1ndonos una gran oportunidad para ofrecer atenci\u00f3n m\u00e9dica excepcional, de alta calidad y compasiva a nuestros pacientes y a la comunidad que amamos. Con su ayuda, tambi\u00e9n estamos preparados para crecer.<\/p>\n<p class=\"xmsonormal\">Como ya sabr\u00e1n, Aviva Health est\u00e1 construyendo una nueva instalaci\u00f3n en Roseburg y renovando el espacio cl\u00ednico existente para dar un hogar a nuestros m\u00e9dicos residentes, ampliar la pediatr\u00eda y la salud de la mujer y ofrecer un mayor acceso a la atenci\u00f3n cl\u00ednica, algo que se necesita desesperadamente en el condado de Douglas.<\/p>\n<p class=\"xmsonormal\">Pero no se queda ah\u00ed. Aviva Health recibi\u00f3 recientemente una propiedad en el centro de Roseburg, cerca de donde abrimos nuestra primera cl\u00ednica en 1992, donde pretendemos devolver la atenci\u00f3n m\u00e9dica a los vecinos desfavorecidos de la zona y sus alrededores.<\/p>\n<p class=\"xmsonormal\">Se est\u00e1n gestando cosas buenas y estamos agradecidos por la oportunidad de ayudar a la gente del condado de Douglas.<\/p>\n<p class=\"xmsonormal\">Disfrute de su sopa, del c\u00e1lido fuego y, s\u00ed, incluso del ocasional caf\u00e9 con leche con especias de calabaza.<\/p>\n<p class=\"xmsonormal\">Kansas City<\/p>","protected":false},"excerpt":{"rendered":"<p>It\u2019s officially fall, the season that brings us football, warm fires, pumpkin spice lattes, hearty soups, scented candles, and yes, rain. But it\u2019s also a time to share our thanks [&hellip;]<\/p>\n","protected":false},"author":5,"featured_media":0,"parent":0,"menu_order":0,"comment_status":"closed","ping_status":"closed","template":"","meta":{"nf_dc_page":"","om_disable_all_campaigns":false,"_monsterinsights_skip_tracking":false,"_monsterinsights_sitenote_active":false,"_monsterinsights_sitenote_note":"","_monsterinsights_sitenote_category":0,"footnotes":""},"class_list":["post-8541","page","type-page","status-publish","hentry"],"aioseo_notices":[],"_links":{"self":[{"href":"https:\/\/aviva.health\/es\/wp-json\/wp\/v2\/pages\/8541","targetHints":{"allow":["GET"]}}],"collection":[{"href":"https:\/\/aviva.health\/es\/wp-json\/wp\/v2\/pages"}],"about":[{"href":"https:\/\/aviva.health\/es\/wp-json\/wp\/v2\/types\/page"}],"author":[{"embeddable":true,"href":"https:\/\/aviva.health\/es\/wp-json\/wp\/v2\/users\/5"}],"replies":[{"embeddable":true,"href":"https:\/\/aviva.health\/es\/wp-json\/wp\/v2\/comments?post=8541"}],"version-history":[{"count":1,"href":"https:\/\/aviva.health\/es\/wp-json\/wp\/v2\/pages\/8541\/revisions"}],"predecessor-version":[{"id":8542,"href":"https:\/\/aviva.health\/es\/wp-json\/wp\/v2\/pages\/8541\/revisions\/8542"}],"wp:attachment":[{"href":"https:\/\/aviva.health\/es\/wp-json\/wp\/v2\/media?parent=8541"}],"curies":[{"name":"gracias","href":"https:\/\/api.w.org\/{rel}","templated":true}]}}