{"id":8471,"date":"2020-09-29T17:57:57","date_gmt":"2020-09-29T17:57:57","guid":{"rendered":"https:\/\/aviva.health\/\/?page_id=8471"},"modified":"2023-03-03T19:27:46","modified_gmt":"2023-03-03T19:27:46","slug":"virtual-tour","status":"publish","type":"page","link":"https:\/\/aviva.health\/es\/virtual-tour\/","title":{"rendered":"Virtual Tour"},"content":{"rendered":"<div class=\"wpb-content-wrapper\">\n<div  data-mk-stretch-content=\"true\" class=\"wpb_row vc_row vc_row-fluid jupiter-donut- mk-fullwidth-false  attched-false     js-master-row  mk-grid\">\n\t\t\t\t\n<div class=\"vc_col-sm-6 wpb_column column_container  jupiter-donut- _ jupiter-donut-height-full\">\n\t\n<h2 id=\"fancy-title-2\" class=\"mk-fancy-title  simple-style jupiter-donut-  color-single\">\n\t<span>\n\t\t\t\t<p class=\"p1\"><strong><span style=\"font-size: 18pt;\">Nuestro sitio de pr\u00e1ctica primaria de medicina familiar,<\/span><\/strong><br \/>\n<strong><span style=\"font-size: 18pt;\">Aviva Health se est\u00e1 expandiendo<\/span><\/strong><\/p>\n\t\t\t<\/span>\n<\/h2>\n<div class=\"clearboth\"><\/div>\n\n\n\n\t<div class=\"vc_custom_1601402647763\">\n\n<div id=\"text-block-3\" class=\"mk-text-block  jupiter-donut-\">\n\n\t\n\t<p class=\"p1\">Aviva Health est\u00e1 emprendiendo un proyecto integral de construcci\u00f3n para garantizar que los habitantes del condado de Douglas tengan mayor acceso a atenci\u00f3n m\u00e9dica primaria, dental y de salud mental de alta calidad. El proyecto incluye la construcci\u00f3n de un nuevo centro de dos plantas que ampliar\u00e1 los espacios para el m\u00e9dico de cabecera del programa de Residencia de Medicina Familiar de Roseburg.<\/p>\n\n\t<div class=\"clearboth\"><\/div>\n<\/div>\n\n\t<\/div>\n<\/div>\n\n<div class=\"vc_col-sm-6 wpb_column column_container  jupiter-donut- _ jupiter-donut-height-full\">\n\t\t<div class=\"vc_custom_1601402738920\">\n\n<div id=\"text-block-5\" class=\"mk-text-block  jupiter-donut-\">\n\n\t\n\t<p><iframe loading=\"lazy\" src=\"\/\/www.youtube.com\/embed\/70CRZJtt0aY\" width=\"560\" height=\"314\" allowfullscreen=\"allowfullscreen\"><\/iframe><\/p>\n\n\t<div class=\"clearboth\"><\/div>\n<\/div>\n\n\t<\/div>\n<\/div>\n\t<\/div>\n\n<\/div>","protected":false},"excerpt":{"rendered":"Our Primary Family Medicine Practice Site, Aviva Health is Expanding Aviva Health is embarking on a comprehensive building project to ensure the people of Douglas County have greater access to [...]","protected":false},"author":7,"featured_media":0,"parent":0,"menu_order":0,"comment_status":"closed","ping_status":"closed","template":"","meta":{"nf_dc_page":"","om_disable_all_campaigns":false,"_monsterinsights_skip_tracking":false,"_monsterinsights_sitenote_active":false,"_monsterinsights_sitenote_note":"","_monsterinsights_sitenote_category":0,"footnotes":""},"class_list":["post-8471","page","type-page","status-publish","hentry"],"aioseo_notices":[],"_links":{"self":[{"href":"https:\/\/aviva.health\/es\/wp-json\/wp\/v2\/pages\/8471","targetHints":{"allow":["GET"]}}],"collection":[{"href":"https:\/\/aviva.health\/es\/wp-json\/wp\/v2\/pages"}],"about":[{"href":"https:\/\/aviva.health\/es\/wp-json\/wp\/v2\/types\/page"}],"author":[{"embeddable":true,"href":"https:\/\/aviva.health\/es\/wp-json\/wp\/v2\/users\/7"}],"replies":[{"embeddable":true,"href":"https:\/\/aviva.health\/es\/wp-json\/wp\/v2\/comments?post=8471"}],"version-history":[{"count":6,"href":"https:\/\/aviva.health\/es\/wp-json\/wp\/v2\/pages\/8471\/revisions"}],"predecessor-version":[{"id":10009,"href":"https:\/\/aviva.health\/es\/wp-json\/wp\/v2\/pages\/8471\/revisions\/10009"}],"wp:attachment":[{"href":"https:\/\/aviva.health\/es\/wp-json\/wp\/v2\/media?parent=8471"}],"curies":[{"name":"gracias","href":"https:\/\/api.w.org\/{rel}","templated":true}]}}