{"id":7949,"date":"2020-07-07T16:33:33","date_gmt":"2020-07-07T16:33:33","guid":{"rendered":"https:\/\/aviva.health\/\/?page_id=7949"},"modified":"2020-07-07T16:34:04","modified_gmt":"2020-07-07T16:34:04","slug":"aviva-health-patient-portal-puts-you-at-the-center-of-your-care","status":"publish","type":"page","link":"https:\/\/aviva.health\/es\/aviva-health-patient-portal-puts-you-at-the-center-of-your-care\/","title":{"rendered":"Aviva Health Patient Portal Puts You at the Center of Your Care"},"content":{"rendered":"<p><img loading=\"lazy\" decoding=\"async\" class=\"wp-image-7952 alignleft\" src=\"https:\/\/aviva.health\/wp-content\/uploads\/2020\/07\/patient-portal.jpg\" alt=\"\" width=\"397\" height=\"264\" srcset=\"https:\/\/aviva.health\/wp-content\/uploads\/2020\/07\/patient-portal.jpg 880w, https:\/\/aviva.health\/wp-content\/uploads\/2020\/07\/patient-portal-768x511.jpg 768w\" sizes=\"auto, (max-width: 397px) 100vw, 397px\" \/>Es frustrante llamar a una cl\u00ednica para solicitar una cita o obtener resultados de laboratorio y esperar una eternidad. Por eso, ofrecemos el Portal del Paciente de Aviva Health, un recurso web seguro que le permite gestionar muchas de sus necesidades de atenci\u00f3n m\u00e9dica cuando y donde le convenga, sin esperas.<\/p>\n<p>Con un solo clic, el Portal del Paciente de Aviva Health le brinda acceso seguro a sus resultados de laboratorio e historial m\u00e9dico las 24 horas, los 7 d\u00edas de la semana. \u00bfNecesita contactar a su proveedor o solicitar una resurtido? La plataforma le permite enviar una nota a su proveedor para hacer preguntas o resurtir una receta en cualquier momento, de d\u00eda o de noche. Si necesita visitar a su proveedor, tambi\u00e9n puede solicitar una cita.<\/p>\n<p>Tambi\u00e9n puede ahorrar tiempo completando su historial m\u00e9dico y formularios de consentimiento en el portal antes de su consulta o actualizando su informaci\u00f3n de contacto. Adem\u00e1s, el portal le permite pagar facturas con un simple clic en lugar de tener que emitir un cheque.<\/p>\n<p>El Portal del Paciente de Aviva Health es una pr\u00e1ctica soluci\u00f3n integral que le ofrece una experiencia m\u00e1s sencilla y optimizada para gestionar mejor su atenci\u00f3n m\u00e9dica. Registrarse es f\u00e1cil. Para empezar a usar el Portal del Paciente de Aviva Health. <a href=\"https:\/\/17792-1.portal.athenahealth.com\/?section=landing&amp;sub=registration_wizard&amp;CSRFPROTECT=NONE\" target=\"_blank\" rel=\"noopener noreferrer\">Reg\u00edstrate hoy<\/a>.<\/p>","protected":false},"excerpt":{"rendered":"<p>It&#8217;s frustrating to call a clinic to request an appointment or get lab results only to wait on hold for what seems like forever. That&#8217;s why we offer the Aviva [&hellip;]<\/p>\n","protected":false},"author":5,"featured_media":0,"parent":0,"menu_order":0,"comment_status":"closed","ping_status":"closed","template":"","meta":{"nf_dc_page":"","om_disable_all_campaigns":false,"_monsterinsights_skip_tracking":false,"_monsterinsights_sitenote_active":false,"_monsterinsights_sitenote_note":"","_monsterinsights_sitenote_category":0,"footnotes":""},"class_list":["post-7949","page","type-page","status-publish","hentry"],"aioseo_notices":[],"_links":{"self":[{"href":"https:\/\/aviva.health\/es\/wp-json\/wp\/v2\/pages\/7949","targetHints":{"allow":["GET"]}}],"collection":[{"href":"https:\/\/aviva.health\/es\/wp-json\/wp\/v2\/pages"}],"about":[{"href":"https:\/\/aviva.health\/es\/wp-json\/wp\/v2\/types\/page"}],"author":[{"embeddable":true,"href":"https:\/\/aviva.health\/es\/wp-json\/wp\/v2\/users\/5"}],"replies":[{"embeddable":true,"href":"https:\/\/aviva.health\/es\/wp-json\/wp\/v2\/comments?post=7949"}],"version-history":[{"count":3,"href":"https:\/\/aviva.health\/es\/wp-json\/wp\/v2\/pages\/7949\/revisions"}],"predecessor-version":[{"id":7954,"href":"https:\/\/aviva.health\/es\/wp-json\/wp\/v2\/pages\/7949\/revisions\/7954"}],"wp:attachment":[{"href":"https:\/\/aviva.health\/es\/wp-json\/wp\/v2\/media?parent=7949"}],"curies":[{"name":"gracias","href":"https:\/\/api.w.org\/{rel}","templated":true}]}}