{"id":7947,"date":"2020-07-06T17:46:03","date_gmt":"2020-07-06T17:46:03","guid":{"rendered":"https:\/\/aviva.health\/\/?page_id=7947"},"modified":"2020-07-06T17:46:03","modified_gmt":"2020-07-06T17:46:03","slug":"road-to-roseburg-family-medicine-residency-program-paved-with-hardship-hope-healing","status":"publish","type":"page","link":"https:\/\/aviva.health\/es\/road-to-roseburg-family-medicine-residency-program-paved-with-hardship-hope-healing\/","title":{"rendered":"El camino hacia el Programa de Residencia en Medicina Familiar de Roseburg est\u00e1 lleno de dificultades, esperanza y sanaci\u00f3n."},"content":{"rendered":"<p><img loading=\"lazy\" decoding=\"async\" class=\"wp-image-7740 alignleft\" src=\"https:\/\/aviva.health\/wp-content\/uploads\/2020\/05\/resident-amal-alyusuf.jpg\" alt=\"\" width=\"202\" height=\"202\" \/>A menudo pienso en el juramento hipocr\u00e1tico que recit\u00e9 hace a\u00f1os. Sab\u00eda que no ten\u00eda otra opci\u00f3n que escuchar el llamado de mi coraz\u00f3n. Desde que mi familia y yo llegamos a Estados Unidos como solicitantes de asilo debido a circunstancias extremas, mi coraz\u00f3n nunca dej\u00f3 de llamarme a encontrar el prop\u00f3sito de mi vida aqu\u00ed.<\/p>\n<p>Las dificultades son en realidad bendiciones disfrazadas. Son oportunidades humildes, enriquecedoras y maravillosas para crecer y cambiar. Como dijo el famoso poeta Rumi: \u00abLa herida es por donde entra la luz\u00bb. Los eventos traum\u00e1ticos que vivimos mi familia y yo realmente me abrieron el coraz\u00f3n. Ahora veo mejor, comprendo mejor y empatizo mejor. Ahora s\u00e9 que el amor lo es todo y es el mejor sanador.<\/p>\n<p>Amor por uno mismo, por los dem\u00e1s, por nuestro planeta y por todas las criaturas. Un amor que abarca todo y a todos, sin excepciones ni condiciones. Con amor, encontramos alegr\u00eda en medio del dolor y paz en medio del caos. Con amor, podemos afrontar cualquier dificultad y salir fortalecidos. Con amor, podemos sanar.<\/p>\n<p>A trav\u00e9s de este viaje, comprend\u00ed que la sanaci\u00f3n no es unidireccional. Es un proceso bidireccional. Sanamos personalmente al sanar a los dem\u00e1s. Recibimos al dar. Aprendemos al ense\u00f1ar. No existe una jerarqu\u00eda entre sanador y sanado (ni entre m\u00e9dico y paciente). Todos somos iguales: estamos juntos en esto, hermanos y hermanas, tomados de la mano en este viaje que llamamos vida. Como las c\u00e9lulas del cuerpo, podemos tener diferentes formas, diferentes roles, diferentes nombres, pero todos servimos a un mismo prop\u00f3sito y tenemos un mismo objetivo. En realidad, somos uno.<\/p>\n<p>Ahora s\u00e9 cu\u00e1l es el prop\u00f3sito de mi presencia aqu\u00ed: dar la mano a mis pacientes, como les doy la suya. Brindar amor y cari\u00f1o, y expresar gratitud a quienes nos acogieron a m\u00ed y a mi familia, y nos dieron un refugio seguro y un nuevo hogar.<\/p>","protected":false},"excerpt":{"rendered":"<p>I often think about the Hippocratic oath I recited years ago. I knew I really had no choice but listen to the calling of my heart. Since my family and [&hellip;]<\/p>\n","protected":false},"author":5,"featured_media":0,"parent":0,"menu_order":0,"comment_status":"closed","ping_status":"closed","template":"","meta":{"nf_dc_page":"","om_disable_all_campaigns":false,"_monsterinsights_skip_tracking":false,"_monsterinsights_sitenote_active":false,"_monsterinsights_sitenote_note":"","_monsterinsights_sitenote_category":0,"footnotes":""},"class_list":["post-7947","page","type-page","status-publish","hentry"],"aioseo_notices":[],"_links":{"self":[{"href":"https:\/\/aviva.health\/es\/wp-json\/wp\/v2\/pages\/7947","targetHints":{"allow":["GET"]}}],"collection":[{"href":"https:\/\/aviva.health\/es\/wp-json\/wp\/v2\/pages"}],"about":[{"href":"https:\/\/aviva.health\/es\/wp-json\/wp\/v2\/types\/page"}],"author":[{"embeddable":true,"href":"https:\/\/aviva.health\/es\/wp-json\/wp\/v2\/users\/5"}],"replies":[{"embeddable":true,"href":"https:\/\/aviva.health\/es\/wp-json\/wp\/v2\/comments?post=7947"}],"version-history":[{"count":1,"href":"https:\/\/aviva.health\/es\/wp-json\/wp\/v2\/pages\/7947\/revisions"}],"predecessor-version":[{"id":7948,"href":"https:\/\/aviva.health\/es\/wp-json\/wp\/v2\/pages\/7947\/revisions\/7948"}],"wp:attachment":[{"href":"https:\/\/aviva.health\/es\/wp-json\/wp\/v2\/media?parent=7947"}],"curies":[{"name":"gracias","href":"https:\/\/api.w.org\/{rel}","templated":true}]}}