{"id":7517,"date":"2020-03-05T18:33:39","date_gmt":"2020-03-05T18:33:39","guid":{"rendered":"http:\/\/aviva.health\/?page_id=7517"},"modified":"2020-03-19T18:01:04","modified_gmt":"2020-03-19T18:01:04","slug":"coronavirus","status":"publish","type":"page","link":"https:\/\/aviva.health\/es\/coronavirus\/","title":{"rendered":"Actualizaciones sobre el coronavirus"},"content":{"rendered":"<div class=\"wpb-content-wrapper\">\n<div  data-mk-stretch-content=\"true\" class=\"wpb_row vc_row vc_row-fluid jupiter-donut- mk-fullwidth-false  attched-false     js-master-row  mk-grid\">\n\t\t\t\t\n<div class=\"vc_col-sm-12 wpb_column column_container  jupiter-donut- _ jupiter-donut-height-full\">\n\t\n<h2 id=\"fancy-title-2\" class=\"mk-fancy-title  simple-style jupiter-donut-  color-single\">\n\t<span>\n\t\t\t\t<h2><strong>Actualizaciones sobre el coronavirus (COVID-19)<\/strong><\/h2>\n\t\t\t<\/span>\n<\/h2>\n<div class=\"clearboth\"><\/div>\n\n\n\n\t<div class=\"vc_custom_1584638575094\">\n\n<div id=\"text-block-3\" class=\"mk-text-block  jupiter-donut-\">\n\n\t\n\t<p><img loading=\"lazy\" decoding=\"async\" class=\"alignright wp-image-7518\" src=\"https:\/\/aviva.health\/\/wp-content\/uploads\/2020\/03\/coronavirus-banner.png\" alt=\"\" width=\"650\" height=\"300\" srcset=\"https:\/\/aviva.health\/wp-content\/uploads\/2020\/03\/coronavirus-banner.png 810w, https:\/\/aviva.health\/wp-content\/uploads\/2020\/03\/coronavirus-banner-768x355.png 768w\" sizes=\"auto, (max-width: 650px) 100vw, 650px\" \/>A partir del domingo 8 de marzo de 2020, el nuevo coronavirus, tambi\u00e9n llamado COVID-19, lleg\u00f3 al condado de Douglas, Oreg\u00f3n. <em><strong>Tenga en cuenta: Aviva Health no realiza pruebas para COVID-19.<\/strong><\/em><\/p>\n<p>Si tiene preguntas sobre COVID-19 o presenta s\u00edntomas que incluyen tos, fiebre de 100.4 o m\u00e1s, dificultad para respirar o ha estado expuesto a un paciente diagnosticado, <em><strong>Por favor llame a la l\u00ednea de triaje de coronavirus del DPHN al (541) 464-6550<\/strong><\/em>.<\/p>\n<p>Aviva Health alienta a sus pacientes y al p\u00fablico a estar atentos y tomar medidas b\u00e1sicas como lavarse las manos y evitar el contacto con personas enfermas para prevenir la propagaci\u00f3n del coronavirus.<\/p>\n<p>Adem\u00e1s, aqu\u00ed hay algunos recursos para aprender m\u00e1s sobre el coronavirus y lo que puede hacer para protegerse y proteger a su familia.<\/p>\n<ul>\n<li><a href=\"https:\/\/www.cdc.gov\/coronavirus\/2019-ncov\/index.html\" target=\"_blank\" rel=\"noopener noreferrer\">P\u00e1gina web de los CDC sobre el coronavirus<\/a><\/li>\n<li><a href=\"https:\/\/www.oregon.gov\/oha\/PH\/DISEASESCONDITIONS\/DISEASESAZ\/Pages\/emerging-respiratory-infections.aspx\" target=\"_blank\" rel=\"noopener noreferrer\">Actualizaciones sobre el coronavirus de la Autoridad de Salud de Oreg\u00f3n<\/a><\/li>\n<li><a href=\"http:\/\/douglaspublichealthnetwork.org\/index.php\/covid-19\/?utm_campaign=meetedgar&amp;utm_medium=social&amp;utm_source=meetedgar.com&amp;fbclid=IwAR0PfIVqTu73ZraKAdMucUgWYIwLkCNnp9xUJrdnc5jqKASBn2UeDtfz2Yg\" target=\"_blank\" rel=\"noopener noreferrer\">Preguntas frecuentes sobre la Red de Salud P\u00fablica de Douglas<\/a><\/li>\n<li><a href=\"https:\/\/www.cdc.gov\/coronavirus\/2019-ncov\/prepare\/disinfecting-your-home.html\" target=\"_blank\" rel=\"noopener noreferrer\">Desinfectar su hogar si alguien est\u00e1 enfermo<\/a><\/li>\n<\/ul>\n\n\t<div class=\"clearboth\"><\/div>\n<\/div>\n\n\t<\/div>\n<\/div>\n\t<\/div>\n\n<div  data-mk-stretch-content=\"true\" class=\"wpb_row vc_row vc_row-fluid jupiter-donut- mk-fullwidth-false  attched-false     js-master-row  mk-grid\">\n\t\t\t\t\n<div class=\"vc_col-sm-12 wpb_column column_container  jupiter-donut- _ jupiter-donut-height-full\">\n\t<\/div>\n\t<\/div>\n\n<\/div>","protected":false},"excerpt":{"rendered":"Coronavirus (COVID-19) Updates As of Sunday, March 8, 2020, novel (new) coronavirus, also called COVID-19, has reached Douglas County, Oregon. Please note: Aviva Health is not testing for COVID-19. If [...]","protected":false},"author":5,"featured_media":0,"parent":0,"menu_order":0,"comment_status":"closed","ping_status":"closed","template":"","meta":{"nf_dc_page":"","om_disable_all_campaigns":false,"_monsterinsights_skip_tracking":false,"_monsterinsights_sitenote_active":false,"_monsterinsights_sitenote_note":"","_monsterinsights_sitenote_category":0,"footnotes":""},"class_list":["post-7517","page","type-page","status-publish","hentry"],"aioseo_notices":[],"_links":{"self":[{"href":"https:\/\/aviva.health\/es\/wp-json\/wp\/v2\/pages\/7517","targetHints":{"allow":["GET"]}}],"collection":[{"href":"https:\/\/aviva.health\/es\/wp-json\/wp\/v2\/pages"}],"about":[{"href":"https:\/\/aviva.health\/es\/wp-json\/wp\/v2\/types\/page"}],"author":[{"embeddable":true,"href":"https:\/\/aviva.health\/es\/wp-json\/wp\/v2\/users\/5"}],"replies":[{"embeddable":true,"href":"https:\/\/aviva.health\/es\/wp-json\/wp\/v2\/comments?post=7517"}],"version-history":[{"count":23,"href":"https:\/\/aviva.health\/es\/wp-json\/wp\/v2\/pages\/7517\/revisions"}],"predecessor-version":[{"id":7576,"href":"https:\/\/aviva.health\/es\/wp-json\/wp\/v2\/pages\/7517\/revisions\/7576"}],"wp:attachment":[{"href":"https:\/\/aviva.health\/es\/wp-json\/wp\/v2\/media?parent=7517"}],"curies":[{"name":"gracias","href":"https:\/\/api.w.org\/{rel}","templated":true}]}}