{"id":7219,"date":"2020-02-02T23:13:02","date_gmt":"2020-02-02T23:13:02","guid":{"rendered":"http:\/\/aviva.health\/?page_id=7219"},"modified":"2026-04-03T19:21:10","modified_gmt":"2026-04-03T19:21:10","slug":"rfmr-medical-students","status":"publish","type":"page","link":"https:\/\/aviva.health\/es\/rfmr-index\/rfmr-medical-students\/","title":{"rendered":"Estudiantes de medicina de la RFMR"},"content":{"rendered":"<div class=\"wpb-content-wrapper\">\n<div class=\"mk-page-section-wrapper\" data-mk-full-width=\"true\" data-mk-full-width-init=\"true\" data-mk-stretch-content=\"true\">\n\t<div id=\"page-section-1\" class=\"mk-page-section self-hosted   full_layout full-width-1 js-el js-master-row jupiter-donut-    center-y\"    data-intro-effect=\"false\">\n\n\t\t\t\n\t\t\t<div class=\"mk-page-section-inner\">\n\t\t\t\t\n\n\n<div style=\"background-color:#a5cb57;opacity:0.5;\" class=\"mk-video-color-mask\"><\/div>\n\n\t\t\t\t\n\t\t\t\t\n\t\n\t<div class=\"background-layer-holder\">\n\t\t<div id=\"background-layer--1\" data-mk-lazyload=\"false\" class=\"background-layer mk-background-stretch none-blend-effect js-el\"    data-mk-img-set='{\"landscape\":{\"desktop\":\"https:\/\/aviva.health\/wp-content\/uploads\/2020\/02\/apply-medical-student-rotations-crop-u1931.jpg\",\"tablet\":\"https:\/\/aviva.health\/wp-content\/uploads\/2020\/02\/apply-medical-student-rotations-crop-u1931-1024x768.jpg\",\"mobile\":\"https:\/\/aviva.health\/wp-content\/uploads\/2020\/02\/apply-medical-student-rotations-crop-u1931-736x414.jpg\"},\"responsive\":\"true\"}' >\n\t\t\t\t\t\t\t\t\t<div class=\"mk-color-layer\"><\/div>\n\t\t<\/div>\n\t<\/div>\n\n\t\t\t<\/div>\n\n\t\t\t\n        <div class=\"page-section-content vc_row-fluid mk-grid\" >\n            <div class=\"mk-padding-wrapper wpb_row\">\n<div class=\"vc_col-sm-12 wpb_column column_container  jupiter-donut- _ jupiter-donut-height-full\">\n\t\n<h2 id=\"fancy-title-3\" class=\"mk-fancy-title  simple-style jupiter-donut-  color-single\">\n\t<span>\n\t\t\t\t<p><span style=\"color: #000000;\">Rotaciones cl\u00ednicas de estudiantes de medicina<\/span><\/p>\n\t\t\t<\/span>\n<\/h2>\n<div class=\"clearboth\"><\/div>\n\n\n\n<\/div>\n<\/div>\n            <div class=\"clearboth\"><\/div>\n        <\/div>\n\n\n\t\t\t\n\t\t\t\n\t\t\t\n\t\t<div class=\"clearboth\"><\/div>\n\t<\/div>\n<\/div>\n<div class=\"vc_row-full-width vc_clearfix\"><\/div>\n\n\n<div  data-mk-stretch-content=\"true\" class=\"wpb_row vc_row vc_row-fluid jupiter-donut- mk-fullwidth-false  attched-false     js-master-row  mk-grid\">\n\t\t\t\t\n<div class=\"vc_col-sm-2 wpb_column column_container  jupiter-donut- _ jupiter-donut-height-full\">\n\t<\/div>\n\n<div class=\"vc_col-sm-8 wpb_column column_container  jupiter-donut- _ jupiter-donut-height-full\">\n\t\n<div id=\"padding-6\" class=\"mk-padding-divider jupiter-donut-  jupiter-donut-clearfix\"><\/div>\n\n\t<div class=\"vc_custom_1775244064908\">\n\n<div id=\"text-block-7\" class=\"mk-text-block  jupiter-donut-\">\n\n\t\n\t<p class=\"p1\">Los estudiantes de medicina interesados en rotar en Roseburg, Oregon, durante su tercer o cuarto a\u00f1o deben enviar una solicitud completa (enlace a continuaci\u00f3n) a la oficina de Residencia de Medicina Familiar de Roseburg por correo electr\u00f3nico a <a href=\"mailto:residency@aviva.health\">Larena Hatfield<\/a>Tenga en cuenta que no estamos aceptando estudiantes internacionales para rotaciones m\u00e9dicas en este momento.<\/p>\n<p class=\"p2\"><span class=\"s2\">Descargar el\u00a0<a href=\"https:\/\/aviva.health\/wp-content\/uploads\/2025\/06\/aviva-med-student-request-fillable-2025.pdf\"><span class=\"s3\">Formulario de solicitud de rotaci\u00f3n de medicina familiar.<\/span><\/a><\/span><\/p>\n<p class=\"p1\">Nuestra oficina le ayudar\u00e1 a conseguir una rotaci\u00f3n con el profesorado de la Residencia de Medicina Familiar de Roseburg en nuestra sede principal, Aviva Health. Nos esforzamos al m\u00e1ximo para atender sus solicitudes; sin embargo, presentar una solicitud no garantiza la colocaci\u00f3n en la rotaci\u00f3n. Una vez recibida y procesada su solicitud, le enviaremos un correo electr\u00f3nico para confirmar si fue aprobada o rechazada. Si no recibe noticias de nuestra oficina en 3 o 4 semanas, env\u00ede un correo electr\u00f3nico a <a href=\"mailto:residency@aviva.health\">Larena Hatfield<\/a>\u00a0para dar seguimiento a su solicitud original.<\/p>\n<p><b>FECHAS DE ROTACI\u00d3N:<span class=\"Apple-converted-space\">\u00a0<\/span><\/b><\/p>\n<p class=\"p1\">Actualmente, con el fin de maximizar la cantidad de rotaciones de estudiantes que podemos ofrecer y garantizar que podamos acomodar las rotaciones de subpasant\u00edas de cuarto a\u00f1o, solicitamos que los estudiantes seleccionen entre las siguientes fechas de rotaci\u00f3n establecidas:<\/p>\n<table style=\"border-collapse: collapse; width: 100.356%; height: 304px;\">\n<tbody>\n<tr style=\"height: 24px;\">\n<td style=\"width: 50%; height: 23px;\">\n<div class=\"qF8_5\"><\/div>\n<table class=\"x_MsoNormalTable\" border=\"0\" width=\"203\" cellspacing=\"0\" cellpadding=\"0\">\n<tbody>\n<tr>\n<td width=\"203\" data-ogsb=\"white\">\n<p class=\"x_MsoNormal\" align=\"center\"><b><span data-ogsc=\"black\">2026 &#8211; 2027 Rotation Dates<\/span><\/b><\/p>\n<\/td>\n<\/tr>\n<tr>\n<td width=\"203\" data-ogsb=\"white\">\n<p class=\"x_MsoNormal\" align=\"center\"><span data-ogsc=\"black\">4\/27\/26 \u20135\/22\/26<\/span><\/p>\n<\/td>\n<\/tr>\n<tr>\n<td width=\"203\" data-ogsb=\"white\">\n<p class=\"x_MsoNormal\" align=\"center\"><span data-ogsc=\"black\">5\/25\/26 \u2013 6\/19\/26<\/span><\/p>\n<\/td>\n<\/tr>\n<tr>\n<td width=\"203\" data-ogsb=\"white\">\n<p class=\"x_MsoNormal\" align=\"center\"><span data-ogsc=\"black\">7\/27\/26 \u2013 8\/21\/26<\/span><\/p>\n<\/td>\n<\/tr>\n<tr>\n<td width=\"203\" data-ogsb=\"white\">\n<p class=\"x_MsoNormal\" align=\"center\"><span data-ogsc=\"black\">8\/24\/26 \u2013 9\/18\/26*<\/span><\/p>\n<\/td>\n<\/tr>\n<tr>\n<td width=\"203\" data-ogsb=\"white\">\n<p class=\"x_MsoNormal\" align=\"center\"><span data-ogsc=\"black\">(break)<\/span><\/p>\n<\/td>\n<\/tr>\n<tr>\n<td width=\"203\" data-ogsb=\"white\">\n<p class=\"x_MsoNormal\" align=\"center\"><span data-ogsc=\"black\">9\/28\/26 \u2013 10\/23\/26*<\/span><\/p>\n<\/td>\n<\/tr>\n<tr>\n<td width=\"203\" data-ogsb=\"white\">\n<p class=\"x_MsoNormal\" align=\"center\"><span data-ogsc=\"black\">10\/26\/26 \u2013 11\/20\/26<\/span><\/p>\n<\/td>\n<\/tr>\n<tr>\n<td width=\"203\" data-ogsb=\"white\">\n<p class=\"x_MsoNormal\" align=\"center\"><span data-ogsc=\"black\">11\/23\/26 \u2013 12\/18\/26*<\/span><\/p>\n<\/td>\n<\/tr>\n<tr>\n<td width=\"203\" data-ogsb=\"white\">\n<p class=\"x_MsoNormal\" align=\"center\"><span data-ogsc=\"black\">(break)<\/span><\/p>\n<\/td>\n<\/tr>\n<tr>\n<td width=\"203\" data-ogsb=\"white\">\n<p class=\"x_MsoNormal\" align=\"center\"><span data-ogsc=\"black\">12\/28\/2026 &#8211; 1\/22\/2027*<\/span><\/p>\n<\/td>\n<\/tr>\n<tr>\n<td width=\"203\" data-ogsb=\"white\">\n<p class=\"x_MsoNormal\" align=\"center\"><span data-ogsc=\"black\">1\/25\/2027 &#8211; 2\/19\/2027<\/span><\/p>\n<\/td>\n<\/tr>\n<tr>\n<td width=\"203\" data-ogsb=\"white\">\n<p class=\"x_MsoNormal\" align=\"center\"><span data-ogsc=\"black\">2\/22\/2027 &#8211; 3\/19\/2027*<\/span><\/p>\n<\/td>\n<\/tr>\n<tr>\n<td width=\"203\" data-ogsb=\"white\">\n<p class=\"x_MsoNormal\" align=\"center\"><span data-ogsc=\"black\">(break)<\/span><\/p>\n<\/td>\n<\/tr>\n<tr>\n<td width=\"203\" data-ogsb=\"white\">\n<p class=\"x_MsoNormal\" align=\"center\"><span data-ogsc=\"black\">3\/29\/2027 &#8211; 4\/23\/2027*<\/span><\/p>\n<\/td>\n<\/tr>\n<tr>\n<td width=\"203\" data-ogsb=\"white\">\n<p class=\"x_MsoNormal\" align=\"center\"><span data-ogsc=\"black\">4\/26\/2027 &#8211; 5\/21\/2027<\/span><\/p>\n<\/td>\n<\/tr>\n<\/tbody>\n<\/table>\n<\/td>\n<\/tr>\n<\/tbody>\n<\/table>\n<p class=\"p1\">*Las fechas de rotaci\u00f3n durante las vacaciones pueden ser flexibles. Por favor, cont\u00e1ctenos individualmente para consultar.<\/p>\n<p class=\"p2\">Si su programa de rotaci\u00f3n no le permite modificar las fechas o las fechas de rotaci\u00f3n solicitadas son diferentes a las indicadas anteriormente, cont\u00e1ctenos por correo electr\u00f3nico y veremos si hay alguna flexibilidad con respecto a ese bloque de rotaci\u00f3n. Preferimos que todas las rotaciones de subpr\u00e1cticas de 4.\u00ba a\u00f1o tengan una duraci\u00f3n de 4 semanas.<\/p>\n<p>&nbsp;<\/p>\n<p class=\"p1\"><b>REQUISITOS ADICIONALES PARA ROTACIONES DE ESTUDIANTES DE 4\u00ba A\u00d1O:<\/b><\/p>\n<ul class=\"ul1\">\n<li class=\"li7\"><span class=\"s7\">Solicitud (Formulario de solicitud)<span class=\"Apple-converted-space\">\u00a0<\/span><\/span><\/li>\n<li class=\"li7\"><span class=\"s7\">CV actual \/ Resumen<\/span><\/li>\n<li class=\"li3\"><span class=\"s7\">Transcripciones no oficiales<span class=\"Apple-converted-space\">\u00a0<\/span><\/span><\/li>\n<li class=\"li3\"><span class=\"s7\">Transcripciones no oficiales de COMLEX o USMLE<\/span><\/li>\n<li class=\"li3\"><span class=\"s7\">Fotograf\u00eda \/ Retrato profesional (<i>Se utilizar\u00e1 para su credencial de identificaci\u00f3n en Aviva.<\/i>)<\/span><\/li>\n<li class=\"li3\"><span class=\"s7\">P\u00e1rrafo corto: \u00bfQu\u00e9 es lo que m\u00e1s le interesa actualmente de nuestro programa de residencia?<\/span><\/li>\n<\/ul>\n<p class=\"p9\">Por favor, incluya los documentos mencionados anteriormente con su solicitud y env\u00edelos como un solo paquete\/correo electr\u00f3nico a nuestras oficinas para su revisi\u00f3n. Las solicitudes de rotaci\u00f3n incompletas no se procesar\u00e1n hasta que se reciban todos los documentos.<\/p>\n<p class=\"p1\"><b>REQUISITOS PARA <\/b><span class=\"s1\"><b>TODOS LOS ESTUDIANTES<\/b><\/span><b> ROTACI\u00d3N EN AVIVA HEALTH:<\/b><\/p>\n<ul>\n<li style=\"list-style-type: none;\">\n<ul class=\"ul1\">\n<li class=\"li1\">Debe existir un Acuerdo de Afiliaci\u00f3n vigente (o MOU\/MOA) entre su facultad de medicina y Aviva Health antes de la fecha de inicio de su rotaci\u00f3n.\n<ul class=\"ul2\">\n<li class=\"li1\"><i>tenga en cuenta<\/i> A los estudiantes de medicina de cuarto a\u00f1o que deseen solicitar el programa de residencia se les asignar\u00e1 una rotaci\u00f3n de &quot;subpr\u00e1cticas&quot; donde pasar\u00e1n dos semanas en el servicio de hospitalizaci\u00f3n del Mercy Medical Center y dos semanas en la cl\u00ednica ambulatoria. Su instituci\u00f3n educativa deber\u00e1 tener un acuerdo de afiliaci\u00f3n vigente con Aviva Health. <span class=\"s1\">y<\/span> Centro M\u00e9dico Mercy.<span class=\"Apple-converted-space\">\u00a0<\/span><\/li>\n<\/ul>\n<\/li>\n<li class=\"li1\">Los estudiantes deben presentar todos los documentos de autorizaci\u00f3n a Recursos Humanos de Aviva Health al menos 60 d\u00edas antes de la fecha de inicio de su rotaci\u00f3n. Los documentos de autorizaci\u00f3n incluyen:\n<ul class=\"ul2\">\n<li class=\"li1\">Una carta de buena reputaci\u00f3n de su escuela de medicina<\/li>\n<li class=\"li1\">Una copia del seguro de mala praxis y responsabilidad civil de su escuela<\/li>\n<li class=\"li1\">Su CV o curr\u00edculum actual<\/li>\n<li class=\"li1\">Una copia de sus tarjetas ACLS\/BLS<\/li>\n<li class=\"li1\">Sus registros de vacunaci\u00f3n, incluyendo la vacuna contra la hepatitis B y una prueba de tuberculosis\/PPD negativa dentro del \u00faltimo a\u00f1o.<\/li>\n<\/ul>\n<\/li>\n<li class=\"li1\">Los estudiantes deben asistir a la orientaci\u00f3n en Aviva Health antes o durante su primer d\u00eda de estudio. Durante la orientaci\u00f3n, se les entregar\u00e1 una credencial de Aviva Health. Deben usarla en todo momento mientras est\u00e9n en la cl\u00ednica.<\/li>\n<li class=\"li1\">\u00bfTiene preguntas sobre los acuerdos de afiliaci\u00f3n, los documentos de autorizaci\u00f3n o la orientaci\u00f3n de Aviva Health? Cont\u00e1ctenos. <a href=\"mailto:residency@aviva.health\">Larena Hatfield<\/a> al 541-672-9596, ext. 139.<\/li>\n<\/ul>\n<\/li>\n<\/ul>\n<p class=\"p1\"><b>PASOS ADICIONALES SI ROTAR\u00c1 TANTO EN AVIVA HEALTH COMO EN MERCY MEDICAL CENTER:<\/b><\/p>\n<ul class=\"ul1\">\n<li class=\"li1\">Su facultad de medicina debe tener un Acuerdo de Afiliaci\u00f3n con Mercy Medical Center si va a rotar en el servicio de hospitalizaci\u00f3n. El proceso debe iniciarse al menos 60 a 90 d\u00edas antes del inicio de su rotaci\u00f3n para que haya tiempo suficiente para que la facultad de medicina y el hospital firmen y ejecuten el acuerdo.\n<ul class=\"ul2\">\n<li class=\"li1\">\u00bfTiene preguntas sobre los acuerdos de afiliaci\u00f3n del Mercy Medical Center? Comun\u00edquese con Evelyn Klemmer al <a href=\"mailto:evelyn.klemmer@commonspirit.org\"><span class=\"s3\">evelyn.klemmer@commonspirit.org<\/span><\/a> o 541-677-2368<span class=\"Apple-converted-space\">\u00a0<\/span><\/li>\n<\/ul>\n<\/li>\n<li class=\"li1\">Una vez aprobada su rotaci\u00f3n, los estudiantes deben presentar todos los documentos de autorizaci\u00f3n requeridos en la Oficina de Personal M\u00e9dico del Mercy Medical Center al menos 45 d\u00edas antes de la fecha de inicio de su rotaci\u00f3n. Para comunicarse con la Directora de Asuntos del Personal M\u00e9dico del MMC, Melissa Ragon, escriba a <a href=\"mailto:melissa.ragon@commonspirit.org\"><span class=\"s3\">melissa.ragon@commonspirit.org<\/span><\/a> o 541-677-4373 para obtener una lista de los documentos requeridos.\n<ul class=\"ul2\">\n<li class=\"li1\">\u00bfTiene preguntas sobre los documentos y tr\u00e1mites de autorizaci\u00f3n del Mercy Medical Center? Comun\u00edquese con Melissa Ragon al <a href=\"mailto:melissa.ragon@commonspirit.org\"><span class=\"s3\">melissa.ragon@commonspirit.org<\/span><\/a> o 541-677-4373 <span class=\"Apple-converted-space\">\u00a0 <\/span><\/li>\n<\/ul>\n<\/li>\n<\/ul>\n<p class=\"p1\"><b>OBSERVACIONES \/ SECUENCIAS:<\/b><\/p>\n<p class=\"p1\">La pol\u00edtica de CHI proh\u00edbe cualquier tipo de observaci\u00f3n en el Centro M\u00e9dico Mercy de CHI Mercy Health y todas las cl\u00ednicas afiliadas. El Centro de Salud Comunitario Umpqua (que opera como Aviva Health) tambi\u00e9n proh\u00edbe la observaci\u00f3n en todas las cl\u00ednicas. Para m\u00e1s informaci\u00f3n, consulte\u00a0<a href=\"http:\/\/aviva.health\/wp-content\/uploads\/2020\/02\/policy-for-observership-and-shadowing_rfmr-and-uchc.pdf\"><span class=\"s3\">Pol\u00edtica de Observaci\u00f3n y Seguimiento<\/span><\/a>.<\/p>\n\n\t<div class=\"clearboth\"><\/div>\n<\/div>\n\n\t<\/div>\n<\/div>\n\n<div class=\"vc_col-sm-2 wpb_column column_container  jupiter-donut- _ jupiter-donut-height-full\">\n\t<\/div>\n\t<\/div>\n\n<\/div>","protected":false},"excerpt":{"rendered":"Medical Student Clinical Rotations Medical students interested in rotating in Roseburg, Oregon, during their third or fourth year should submit a completed application (link below) to the Roseburg Family Medicine [...]","protected":false},"author":5,"featured_media":0,"parent":7197,"menu_order":0,"comment_status":"closed","ping_status":"closed","template":"","meta":{"nf_dc_page":"","om_disable_all_campaigns":false,"_monsterinsights_skip_tracking":false,"_monsterinsights_sitenote_active":false,"_monsterinsights_sitenote_note":"","_monsterinsights_sitenote_category":0,"footnotes":""},"class_list":["post-7219","page","type-page","status-publish","hentry"],"aioseo_notices":[],"_links":{"self":[{"href":"https:\/\/aviva.health\/es\/wp-json\/wp\/v2\/pages\/7219","targetHints":{"allow":["GET"]}}],"collection":[{"href":"https:\/\/aviva.health\/es\/wp-json\/wp\/v2\/pages"}],"about":[{"href":"https:\/\/aviva.health\/es\/wp-json\/wp\/v2\/types\/page"}],"author":[{"embeddable":true,"href":"https:\/\/aviva.health\/es\/wp-json\/wp\/v2\/users\/5"}],"replies":[{"embeddable":true,"href":"https:\/\/aviva.health\/es\/wp-json\/wp\/v2\/comments?post=7219"}],"version-history":[{"count":8,"href":"https:\/\/aviva.health\/es\/wp-json\/wp\/v2\/pages\/7219\/revisions"}],"predecessor-version":[{"id":7426,"href":"https:\/\/aviva.health\/es\/wp-json\/wp\/v2\/pages\/7219\/revisions\/7426"}],"up":[{"embeddable":true,"href":"https:\/\/aviva.health\/es\/wp-json\/wp\/v2\/pages\/7197"}],"wp:attachment":[{"href":"https:\/\/aviva.health\/es\/wp-json\/wp\/v2\/media?parent=7219"}],"curies":[{"name":"gracias","href":"https:\/\/api.w.org\/{rel}","templated":true}]}}