{"id":7217,"date":"2020-02-02T23:12:42","date_gmt":"2020-02-02T23:12:42","guid":{"rendered":"http:\/\/aviva.health\/?page_id=7217"},"modified":"2024-06-10T18:36:05","modified_gmt":"2024-06-10T18:36:05","slug":"rfmr-faq","status":"publish","type":"page","link":"https:\/\/aviva.health\/es\/rfmr-index\/rfmr-faq\/","title":{"rendered":"Preguntas frecuentes sobre RFMR"},"content":{"rendered":"<div class=\"wpb-content-wrapper\">\n<div class=\"mk-page-section-wrapper\" data-mk-full-width=\"true\" data-mk-full-width-init=\"true\" data-mk-stretch-content=\"true\">\n\t<div id=\"page-section-1\" class=\"mk-page-section self-hosted   full_layout full-width-1 js-el js-master-row jupiter-donut-    center-y\"    data-intro-effect=\"false\">\n\n\t\t\t\n\t\t\t<div class=\"mk-page-section-inner\">\n\t\t\t\t\n\n\n<div style=\"background-color:#a5cb57;opacity:0.5;\" class=\"mk-video-color-mask\"><\/div>\n\n\t\t\t\t\n\t\t\t\t\n\t\n\t<div class=\"background-layer-holder\">\n\t\t<div id=\"background-layer--1\" data-mk-lazyload=\"false\" class=\"background-layer mk-background-stretch none-blend-effect js-el\"    data-mk-img-set='{\"landscape\":{\"desktop\":\"https:\/\/aviva.health\/wp-content\/uploads\/2020\/02\/physicians-in-a-group-flip-crop-u1914.jpg\",\"tablet\":\"https:\/\/aviva.health\/wp-content\/uploads\/2020\/02\/physicians-in-a-group-flip-crop-u1914-1024x768.jpg\",\"mobile\":\"https:\/\/aviva.health\/wp-content\/uploads\/2020\/02\/physicians-in-a-group-flip-crop-u1914-736x414.jpg\"},\"responsive\":\"true\"}' >\n\t\t\t\t\t\t\t\t\t<div class=\"mk-color-layer\"><\/div>\n\t\t<\/div>\n\t<\/div>\n\n\t\t\t<\/div>\n\n\t\t\t\n        <div class=\"page-section-content vc_row-fluid mk-grid\" >\n            <div class=\"mk-padding-wrapper wpb_row\">\n<div class=\"vc_col-sm-12 wpb_column column_container  jupiter-donut- _ jupiter-donut-height-full\">\n\t\n<h2 id=\"fancy-title-3\" class=\"mk-fancy-title  simple-style jupiter-donut-  color-single\">\n\t<span>\n\t\t\t\t<p><span style=\"color: #000000;\">Medicina Familiar Rural para el Siglo XXI<\/span><\/p>\n\t\t\t<\/span>\n<\/h2>\n<div class=\"clearboth\"><\/div>\n\n\n\n<\/div>\n<\/div>\n            <div class=\"clearboth\"><\/div>\n        <\/div>\n\n\n\t\t\t\n\t\t\t\n\t\t\t\n\t\t<div class=\"clearboth\"><\/div>\n\t<\/div>\n<\/div>\n<div class=\"vc_row-full-width vc_clearfix\"><\/div>\n\n\n<div  data-mk-stretch-content=\"true\" class=\"wpb_row vc_row vc_row-fluid jupiter-donut- mk-fullwidth-false  attched-false     js-master-row  mk-grid\">\n\t\t\t\t\n<div class=\"vc_col-sm-2 wpb_column column_container  jupiter-donut- _ jupiter-donut-height-full\">\n\t<\/div>\n\n<div class=\"vc_col-sm-8 wpb_column column_container  jupiter-donut- _ jupiter-donut-height-full\">\n\t\n<div id=\"padding-6\" class=\"mk-padding-divider jupiter-donut-  jupiter-donut-clearfix\"><\/div>\n\n<div  class=\"vc_do_toggle vc_toggle vc_toggle_default vc_toggle_color_default  vc_toggle_size_md vc_toggle_active\"><div class=\"vc_toggle_title\"><h4>\u00bfQu\u00e9 busca su programa en un residente?<\/h4><i class=\"vc_toggle_icon\"><\/i><\/div><div class=\"vc_toggle_content\"><p>Buscamos residentes trabajadores, que disfruten de la vida rural y est\u00e9n dispuestos a ayudar al profesorado, al hospital y a la comunidad a crear un programa de residencia superior. La primera generaci\u00f3n, que se matricular\u00e1 en julio de 2020, ser\u00e1 fundamental para impulsar los cambios curriculares y administrativos, proporcionando retroalimentaci\u00f3n en tiempo real al profesorado y a la administraci\u00f3n del programa. Queremos que nuestra primera generaci\u00f3n contribuya a la configuraci\u00f3n del programa y tenemos un inter\u00e9s particular en mejorar no solo el programa de residencia, sino tambi\u00e9n nuestra comunidad local. Adem\u00e1s, esta ser\u00e1 la primera generaci\u00f3n que marcar\u00e1 la pauta en la interacci\u00f3n con los preceptores de la comunidad y servir\u00e1 de liderazgo para las siguientes generaciones en 2021 y 2022.<\/p>\n<p>Aviva Health es un empleador que ofrece igualdad de oportunidades; todos los solicitantes ser\u00e1n considerados sin importar su raza, color, religi\u00f3n, sexo, orientaci\u00f3n sexual, identidad de g\u00e9nero, origen nacional, condici\u00f3n de veterano o discapacidad.<\/p>\n<p><img loading=\"lazy\" decoding=\"async\" class=\"alignnone wp-image-7358 size-full\" src=\"https:\/\/aviva.health\/wp-content\/uploads\/2020\/02\/about-us-faqs.jpg\" alt=\"\" width=\"537\" height=\"358\" \/><\/p>\n<\/div><\/div><div  class=\"vc_do_toggle vc_toggle vc_toggle_default vc_toggle_color_default  vc_toggle_size_md\"><div class=\"vc_toggle_title\"><h4>\u00bfAceptar\u00e1n solicitudes de graduados m\u00e9dicos internacionales?<\/h4><i class=\"vc_toggle_icon\"><\/i><\/div><div class=\"vc_toggle_content\"><p>S\u00ed. Los graduados de escuelas internacionales reconocidas pueden postularse siempre que cumplan con los requisitos de ECFMG, soliciten a trav\u00e9s de ERAS y se registren en el Programa Nacional de Emparejamiento de Residentes. Sin embargo, actualmente no contamos con los recursos para ofrecer patrocinio de visas. Todos los graduados m\u00e9dicos internacionales que postulen deben ser ciudadanos estadounidenses o residentes permanentes para ser considerados.<\/p>\n<p>CHI Mercy Health es un empleador que ofrece igualdad de oportunidades; todos los solicitantes ser\u00e1n considerados sin importar su raza, color, religi\u00f3n, sexo, orientaci\u00f3n sexual, identidad de g\u00e9nero, origen nacional, estado de veterano o discapacidad.<\/p>\n<p><img loading=\"lazy\" decoding=\"async\" class=\"alignnone wp-image-7263 size-full\" src=\"https:\/\/aviva.health\/wp-content\/uploads\/2020\/02\/faqs-orsc.jpg\" alt=\"\" width=\"537\" height=\"358\" \/><\/p>\n<\/div><\/div><div  class=\"vc_do_toggle vc_toggle vc_toggle_default vc_toggle_color_default  vc_toggle_size_md\"><div class=\"vc_toggle_title\"><h4>\u00bfSu programa tiene un tiempo m\u00e1ximo desde la graduaci\u00f3n de la escuela de medicina despu\u00e9s del cual no considerar\u00e1 a los solicitantes?<\/h4><i class=\"vc_toggle_icon\"><\/i><\/div><div class=\"vc_toggle_content\"><p>No revisamos a solicitantes que tengan m\u00e1s de cinco (5) a\u00f1os desde su fecha de graduaci\u00f3n de la escuela de medicina.<\/p>\n<\/div><\/div><div  class=\"vc_do_toggle vc_toggle vc_toggle_default vc_toggle_color_default  vc_toggle_size_md\"><div class=\"vc_toggle_title\"><h4>\u00bfSu programa tiene un \u201cpuntaje m\u00ednimo para aprobar\u201d para los ex\u00e1menes USMLE\/NBOME?<\/h4><i class=\"vc_toggle_icon\"><\/i><\/div><div class=\"vc_toggle_content\"><p>No tenemos requisitos de puntuaci\u00f3n m\u00ednima para los ex\u00e1menes USMLE o COMLEX Paso 1 y Paso 2; se prefiere aprobar en el primer intento.<\/p>\n<\/div><\/div><div  class=\"vc_do_toggle vc_toggle vc_toggle_default vc_toggle_color_default  vc_toggle_size_md\"><div class=\"vc_toggle_title\"><h4>\u00bfSu programa considerar\u00e1 a los solicitantes que no hayan aprobado el USMLE Paso 1, Paso 2 CK o Paso 2 CS?<\/h4><i class=\"vc_toggle_icon\"><\/i><\/div><div class=\"vc_toggle_content\"><p>Las calificaciones del examen son un indicador importante de conocimientos, pero reconocemos que a veces existen factores ajenos al conocimiento o la inteligencia que afectan el rendimiento en el examen. Aprobar en el primer intento es preferible, pero no obligatorio.<\/p>\n<\/div><\/div><div  class=\"vc_do_toggle vc_toggle vc_toggle_default vc_toggle_color_default  vc_toggle_size_md\"><div class=\"vc_toggle_title\"><h4>\u00bfSu programa tiene requisitos espec\u00edficos para las cartas de recomendaci\u00f3n?<\/h4><i class=\"vc_toggle_icon\"><\/i><\/div><div class=\"vc_toggle_content\"><p>Solicitamos un m\u00ednimo de tres (3) cartas de recomendaci\u00f3n, a las cuales usted haya renunciado a su derecho de acceso. Las cartas deben reflejar la interpretaci\u00f3n m\u00e9dica de su capacidad para desempe\u00f1arse como m\u00e9dico residente. Al menos una (1) carta de recomendaci\u00f3n debe ser de un m\u00e9dico de familia, preferiblemente un director de pr\u00e1cticas de medicina familiar. Las cartas personalizadas que reflejen una relaci\u00f3n a largo plazo siempre son muy valoradas.<\/p>\n<p><img loading=\"lazy\" decoding=\"async\" class=\"alignnone size-full wp-image-7361\" src=\"https:\/\/aviva.health\/wp-content\/uploads\/2020\/02\/mmc-nurse.jpg\" alt=\"\" width=\"537\" height=\"383\" \/><\/p>\n<\/div><\/div><div  class=\"vc_do_toggle vc_toggle vc_toggle_default vc_toggle_color_default  vc_toggle_size_md\"><div class=\"vc_toggle_title\"><h4>\u00bfHay rotaciones en otros hospitales adem\u00e1s de CHI Mercy Health Mercy Medical Center?<\/h4><i class=\"vc_toggle_icon\"><\/i><\/div><div class=\"vc_toggle_content\"><p>S\u00ed. Durante el primer a\u00f1o de posgrado (PGY-1), los residentes realizar\u00e1n una rotaci\u00f3n de un mes en el Hospital de Veteranos de Roseburg (a menos de 10 minutos de MMC) durante su rotaci\u00f3n de Introducci\u00f3n a la Medicina de Veteranos. El objetivo principal de esta rotaci\u00f3n es que el residente adquiera experiencia y conocimientos sobre el Sistema de Salud de Veteranos antes de asumir la responsabilidad de un grupo de veteranos durante los a\u00f1os 2 y 3. Durante los a\u00f1os 2 y 3, se dedicar\u00e1 medio d\u00eda a la semana a la cl\u00ednica de continuidad para residentes del Hospital de Veteranos de Roseburg (nuestra cl\u00ednica secundaria de Medicina de Veteranos) para atender a veteranos.<\/p>\n<p>En PGY-2 y PGY-3, los residentes recibir\u00e1n capacitaci\u00f3n especializada en salud mental y abuso de sustancias que afectan a nuestra comunidad. Las rotaciones en Medicina de Adicciones son una experiencia combinada que se llevar\u00e1 a cabo en las instalaciones de ADAPT, incluyendo tratamiento ambulatorio (a menos de 10 minutos de MMC), una cl\u00ednica de metadona (a menos de 10 minutos) y un centro de desintoxicaci\u00f3n para pacientes hospitalizados (a menos de 15 minutos). Durante su rotaci\u00f3n en Medicina de Adicciones en Adapt, los residentes adquirir\u00e1n habilidades en la detecci\u00f3n, intervenci\u00f3n y tratamiento de trastornos por consumo de sustancias en desintoxicaci\u00f3n, tratamiento hospitalario, ambulatorio y certificado con opioides asistidos con medicaci\u00f3n (metadona y buprenorfina). Dada la creciente prevalencia de trastornos por consumo de sustancias il\u00edcitas (especialmente relacionados con opi\u00e1ceos), la capacitaci\u00f3n en este tipo de trastornos es vital para el futuro de la medicina.<\/p>\n<p><img loading=\"lazy\" decoding=\"async\" class=\"alignnone size-full wp-image-7360\" src=\"https:\/\/aviva.health\/wp-content\/uploads\/2020\/02\/mmc-er-amb.jpg\" alt=\"\" width=\"537\" height=\"358\" \/><\/p>\n<\/div><\/div><div  class=\"vc_do_toggle vc_toggle vc_toggle_default vc_toggle_color_default  vc_toggle_size_md\"><div class=\"vc_toggle_title\"><h4>\u00bfQu\u00e9 procedimientos ense\u00f1ar\u00e1s a los residentes?<\/h4><i class=\"vc_toggle_icon\"><\/i><\/div><div class=\"vc_toggle_content\"><p>Contamos con docentes que realizan diversos procedimientos, incluyendo: procedimientos cut\u00e1neos menores (biopsias, escisiones, crioterapia); colposcopia y biopsia cervical; colocaci\u00f3n\/extracci\u00f3n de dispositivo intrauterino; biopsia endometrial; vasectom\u00eda; colocaci\u00f3n\/extracci\u00f3n de Nexplanon; ecograf\u00eda obst\u00e9trica del primer trimestre; y escisi\u00f3n electroquir\u00fargica con asa (LEEP). Durante la rotaci\u00f3n de Cirug\u00eda\/Procedimientos del segundo a\u00f1o de posgrado, los residentes tendr\u00e1n la oportunidad de aprender endoscopia alta y baja, y podr\u00e1n aprovechar su tiempo electivo para adquirir competencia en estos procedimientos, as\u00ed como en otros que no se realizan en nuestra consulta de Medicina Familiar.<\/p>\n<\/div><\/div><div  class=\"vc_do_toggle vc_toggle vc_toggle_default vc_toggle_color_default  vc_toggle_size_md\"><div class=\"vc_toggle_title\"><h4>\u00bfTendr\u00e9 la oportunidad de hacer rotaciones \u201cfuera de lugar\u201d?<\/h4><i class=\"vc_toggle_icon\"><\/i><\/div><div class=\"vc_toggle_content\"><p>S\u00ed, dentro de los l\u00edmites establecidos por el Consejo de Acreditaci\u00f3n para la Educaci\u00f3n M\u00e9dica de Posgrado. Generalmente, se ofrece una asignatura optativa de 4 semanas durante los a\u00f1os de posgrado (2.\u00ba y 3.\u00ba a\u00f1o) para una rotaci\u00f3n fuera de la instituci\u00f3n. Se han establecido l\u00edmites de tiempo fuera de la instituci\u00f3n para mantener la continuidad en las cl\u00ednicas de Medicina Familiar.<\/p>\n<p><img loading=\"lazy\" decoding=\"async\" class=\"alignnone size-full wp-image-7357\" src=\"https:\/\/aviva.health\/wp-content\/uploads\/2020\/02\/047_mercy-2015_cap_1806_no-blur.jpg\" alt=\"\" width=\"537\" height=\"345\" \/><\/p>\n<\/div><\/div><div  class=\"vc_do_toggle vc_toggle vc_toggle_default vc_toggle_color_default  vc_toggle_size_md\"><div class=\"vc_toggle_title\"><h4>\u00bfCu\u00e1ntas rotaciones electivas se ofrecen y c\u00f3mo ser\u00e1n estas rotaciones?<\/h4><i class=\"vc_toggle_icon\"><\/i><\/div><div class=\"vc_toggle_content\"><p>La Residencia de Medicina Familiar de Roseburg permite a los residentes completar ocho (8) semanas de asignaturas optativas durante el segundo a\u00f1o de posgrado y doce (12) semanas m\u00e1s durante el tercer a\u00f1o, lo que suma un total de 20 semanas de asignaturas optativas. El tipo de rotaciones depende del residente y se coordina a trav\u00e9s de las oficinas de residencia. RFMR considera las asignaturas optativas como una oportunidad para adquirir habilidades o conocimientos adicionales que usted, como individuo, desea incorporar a su futura pr\u00e1ctica profesional. Por ejemplo, si est\u00e1 considerando realizar una beca de especializaci\u00f3n en obstetricia, nuestra oficina trabajar\u00e1 con usted para obtener m\u00e1s oportunidades en obstetricia dentro de nuestra comunidad. Si un residente est\u00e1 interesado en Urgencias o Medicina de Emergencia, se pueden organizar rotaciones electivas con el Servicio de Urgencias de Medicina Familiar de Evergreen, el Departamento de Urgencias de MMC o incluso con las unidades locales de servicios m\u00e9dicos de emergencia (EMS), como el Departamento de Bomberos de Roseburg o el Servicio de Ambulancias de Bay Cities. Tambi\u00e9n existen oportunidades para adquirir experiencia adicional como m\u00e9dico hospitalario, con pacientes hospitalizados o en procedimientos quir\u00fargicos ambulatorios, si estas se alinean con su trayectoria profesional. Nuestro objetivo es adaptar sus rotaciones electivas PGY-2 y PGY-3 a usted, sus intereses y ampliar sus habilidades relevantes para sus preferencias de pr\u00e1ctica.<\/p>\n<\/div><\/div><div  class=\"vc_do_toggle vc_toggle vc_toggle_default vc_toggle_color_default  vc_toggle_size_md\"><div class=\"vc_toggle_title\"><h4>\u00bfCu\u00e1l es el cronograma de presentaciones did\u00e1cticas?<\/h4><i class=\"vc_toggle_icon\"><\/i><\/div><div class=\"vc_toggle_content\"><p>Todos los mi\u00e9rcoles por la tarde, de 13:00 a 17:00, se dedican a la instrucci\u00f3n did\u00e1ctica. Esta incluir\u00e1 presentaciones, talleres de capacitaci\u00f3n en procedimientos, actividades de gesti\u00f3n de la pr\u00e1ctica, un club de lectura, oportunidades de investigaci\u00f3n y mejora de la calidad, actividades de laboratorio de simulaci\u00f3n, sesiones de revisi\u00f3n de la junta y actividades de mantenimiento de la certificaci\u00f3n. El profesorado revisar\u00e1 peri\u00f3dicamente los temas disponibles y los adaptar\u00e1 a las necesidades de los residentes. Adem\u00e1s, aprovecharemos el quinto mi\u00e9rcoles del mes para participar en actividades de concienciaci\u00f3n cultural, actividades de trabajo en equipo y un club de lectura. Nuestro objetivo es que las actividades de concienciaci\u00f3n cultural fomenten la camarader\u00eda y una mejor comprensi\u00f3n de nuestra comunidad en Roseburg. Comprender a la comunidad y a nuestros pacientes nos permite ser mejores profesionales de la salud.<\/p>\n<\/div><\/div><div  class=\"vc_do_toggle vc_toggle vc_toggle_default vc_toggle_color_default  vc_toggle_size_md\"><div class=\"vc_toggle_title\"><h4>\u00bfTendr\u00e9 la oportunidad de realizar trabajos extra durante la residencia?<\/h4><i class=\"vc_toggle_icon\"><\/i><\/div><div class=\"vc_toggle_content\"><p>S\u00ed, los residentes de Medicina Familiar de PGY-2 y PGY-3 que posean una licencia m\u00e9dica v\u00e1lida y sin restricciones en el estado de Oreg\u00f3n podr\u00e1n realizar pr\u00e1cticas extracurriculares con la aprobaci\u00f3n del director del programa. Nuestro programa reconoce que las pr\u00e1cticas extracurriculares en la comunidad permiten a los residentes acceder a oportunidades de pr\u00e1ctica cl\u00ednica en nuestra \u00e1rea local. Esta experiencia no solo beneficia al residente, sino tambi\u00e9n a nuestra comunidad. CHI-Mercy Medical Center no ofrece cobertura de responsabilidad civil profesional para actividades extracurriculares, ya que estas quedan fuera del alcance del programa de residencia.<\/p>\n<p><img loading=\"lazy\" decoding=\"async\" class=\"alignnone size-full wp-image-7359\" src=\"https:\/\/aviva.health\/wp-content\/uploads\/2020\/02\/mmc-birthplace-nurses-baby-patient-croppedv2-crop-u1972.jpg\" alt=\"\" width=\"537\" height=\"308\" \/><\/p>\n<\/div><\/div><div  class=\"vc_do_toggle vc_toggle vc_toggle_default vc_toggle_color_default  vc_toggle_size_md\"><div class=\"vc_toggle_title\"><h4>\u00bfHay escuelas de alta calidad en la zona para mis hijos?<\/h4><i class=\"vc_toggle_icon\"><\/i><\/div><div class=\"vc_toggle_content\"><p>El condado que rodea a Roseburg tiene varios distritos escolares p\u00fablicos, incluidas ocho (8) escuelas primarias, dos (2) escuelas intermedias y una (1) escuela secundaria.<\/p>\n<p>Obtenga m\u00e1s informaci\u00f3n sobre el distrito escolar de Roseburg a trav\u00e9s de\u00a0<a class=\"nonblock\" href=\"http:\/\/www.roseburg.k12.or.us\/\" target=\"_blank\" rel=\"noopener noreferrer\">http:\/\/www.roseburg.k12.or.us\/<\/a>\u00a0sitio web.<\/p>\n<p>Tambi\u00e9n hay varias escuelas privadas en la comunidad, incluida la\u00a0<a class=\"nonblock\" href=\"http:\/\/genevaroseburg.com\/\" target=\"_blank\" rel=\"noopener noreferrer\">Academia de Ginebra<\/a>,\u00a0<a class=\"nonblock\" href=\"http:\/\/www.melrosechristianschoolhouse.com\/\" target=\"_blank\" rel=\"noopener noreferrer\">Escuela Cristiana Melrose<\/a>,\u00a0<a class=\"nonblock\" href=\"https:\/\/www.cobbschool.org\/about\" target=\"_blank\" rel=\"noopener noreferrer\">Guarder\u00eda y escuela infantil Cobb,\u00a0<\/a><a class=\"nonblock\" href=\"http:\/\/www.roseburgjunioracademy.org\/\" target=\"_blank\" rel=\"noopener noreferrer\">Academia Juvenil Roseburg<\/a>\u00a0y\u00a0<a class=\"nonblock\" href=\"http:\/\/www.uvcs.org\/about-us\/\" target=\"_blank\" rel=\"noopener noreferrer\">Escuela Cristiana del Valle de Umpqua<\/a><\/p>\n<p><img loading=\"lazy\" decoding=\"async\" class=\"alignnone size-full wp-image-7362\" src=\"https:\/\/aviva.health\/wp-content\/uploads\/2020\/02\/mmc-top-20.jpg\" alt=\"\" width=\"274\" height=\"411\" \/><\/p>\n<\/div><\/div><div  class=\"vc_do_toggle vc_toggle vc_toggle_default vc_toggle_color_default  vc_toggle_size_md\"><div class=\"vc_toggle_title\"><h4>\u00bfC\u00f3mo es realmente Roseburg?<\/h4><i class=\"vc_toggle_icon\"><\/i><\/div><div class=\"vc_toggle_content\"><p>Nuestro profesorado y personal coincidir\u00edan en que Roseburg es un lugar maravilloso para vivir. Tenemos climas templados, las cuatro estaciones, muchas oportunidades para aventuras al aire libre, cada d\u00eda m\u00e1s bodegas llegan a nuestra zona y vivimos en una comunidad muy unida. La gente todav\u00eda les abre la puerta a los desconocidos, les ofrece una sonrisa amable y entabla conversaci\u00f3n en la fila del supermercado.<\/p>\n<p>RFMR se dedica a garantizar que cada uno de nuestros residentes se sienta como en casa en la zona rural (pero no fronteriza) de Roseburg, Oreg\u00f3n. Queremos que se sienta bienvenido y que no solo se una a un programa de residencia, sino que se convierta en parte de nuestra familia RFMR. Sabemos que la residencia es exigente para los residentes, sus parejas, familias, hijos, padres y cualquier persona cercana al residente. Trabajar muchas horas puede ser agotador, pero queremos que nuestros residentes sepan que siempre estamos aqu\u00ed para apoyarlos y que haremos todo lo posible para ayudarlos a tener \u00e9xito en su camino.<\/p>\n<\/div><\/div><\/div>\n\n<div class=\"vc_col-sm-2 wpb_column column_container  jupiter-donut- _ jupiter-donut-height-full\">\n\t<\/div>\n\t<\/div>\n\n<\/div>","protected":false},"excerpt":{"rendered":"Rural Family Medicine for the 21st Century What is your program looking for in a resident?We are looking for residents who are hardworking, enjoy rural living, and are willing to [...]","protected":false},"author":5,"featured_media":0,"parent":7197,"menu_order":0,"comment_status":"closed","ping_status":"closed","template":"","meta":{"nf_dc_page":"","om_disable_all_campaigns":false,"_monsterinsights_skip_tracking":false,"_monsterinsights_sitenote_active":false,"_monsterinsights_sitenote_note":"","_monsterinsights_sitenote_category":0,"footnotes":""},"class_list":["post-7217","page","type-page","status-publish","hentry"],"aioseo_notices":[],"_links":{"self":[{"href":"https:\/\/aviva.health\/es\/wp-json\/wp\/v2\/pages\/7217","targetHints":{"allow":["GET"]}}],"collection":[{"href":"https:\/\/aviva.health\/es\/wp-json\/wp\/v2\/pages"}],"about":[{"href":"https:\/\/aviva.health\/es\/wp-json\/wp\/v2\/types\/page"}],"author":[{"embeddable":true,"href":"https:\/\/aviva.health\/es\/wp-json\/wp\/v2\/users\/5"}],"replies":[{"embeddable":true,"href":"https:\/\/aviva.health\/es\/wp-json\/wp\/v2\/comments?post=7217"}],"version-history":[{"count":8,"href":"https:\/\/aviva.health\/es\/wp-json\/wp\/v2\/pages\/7217\/revisions"}],"predecessor-version":[{"id":7812,"href":"https:\/\/aviva.health\/es\/wp-json\/wp\/v2\/pages\/7217\/revisions\/7812"}],"up":[{"embeddable":true,"href":"https:\/\/aviva.health\/es\/wp-json\/wp\/v2\/pages\/7197"}],"wp:attachment":[{"href":"https:\/\/aviva.health\/es\/wp-json\/wp\/v2\/media?parent=7217"}],"curies":[{"name":"gracias","href":"https:\/\/api.w.org\/{rel}","templated":true}]}}