{"id":7207,"date":"2020-02-02T23:09:34","date_gmt":"2020-02-02T23:09:34","guid":{"rendered":"http:\/\/aviva.health\/?page_id=7207"},"modified":"2024-06-10T18:37:02","modified_gmt":"2024-06-10T18:37:02","slug":"rfmr-apply","status":"publish","type":"page","link":"https:\/\/aviva.health\/es\/rfmr-index\/rfmr-apply\/","title":{"rendered":"RFMR Aplicar"},"content":{"rendered":"<div class=\"wpb-content-wrapper\">\n<div class=\"mk-page-section-wrapper\" data-mk-full-width=\"true\" data-mk-full-width-init=\"true\" data-mk-stretch-content=\"true\">\n\t<div id=\"page-section-1\" class=\"mk-page-section self-hosted   full_layout full-width-1 js-el js-master-row jupiter-donut-    center-y\"    data-intro-effect=\"false\">\n\n\t\t\t\n\t\t\t<div class=\"mk-page-section-inner\">\n\t\t\t\t\n\n\n<div style=\"background-color:#a5cb57;opacity:0.5;\" class=\"mk-video-color-mask\"><\/div>\n\n\t\t\t\t\n\t\t\t\t\n\t\n\t<div class=\"background-layer-holder\">\n\t\t<div id=\"background-layer--1\" data-mk-lazyload=\"false\" class=\"background-layer mk-background-stretch none-blend-effect js-el\"    data-mk-img-set='{\"landscape\":{\"desktop\":\"https:\/\/aviva.health\/wp-content\/uploads\/2020\/02\/apply-medical-student-rotations-crop-u1931.jpg\",\"tablet\":\"https:\/\/aviva.health\/wp-content\/uploads\/2020\/02\/apply-medical-student-rotations-crop-u1931-1024x768.jpg\",\"mobile\":\"https:\/\/aviva.health\/wp-content\/uploads\/2020\/02\/apply-medical-student-rotations-crop-u1931-736x414.jpg\"},\"responsive\":\"true\"}' >\n\t\t\t\t\t\t\t\t\t<div class=\"mk-color-layer\"><\/div>\n\t\t<\/div>\n\t<\/div>\n\n\t\t\t<\/div>\n\n\t\t\t\n        <div class=\"page-section-content vc_row-fluid mk-grid\" >\n            <div class=\"mk-padding-wrapper wpb_row\">\n<div class=\"vc_col-sm-12 wpb_column column_container  jupiter-donut- _ jupiter-donut-height-full\">\n\t\n<h2 id=\"fancy-title-3\" class=\"mk-fancy-title  simple-style jupiter-donut-  color-single\">\n\t<span>\n\t\t\t\t<p><span style=\"color: #000000;\">Solicite el Programa de Residencia en Medicina Familiar de Roseburg<\/span><\/p>\n\t\t\t<\/span>\n<\/h2>\n<div class=\"clearboth\"><\/div>\n\n\n\n<\/div>\n<\/div>\n            <div class=\"clearboth\"><\/div>\n        <\/div>\n\n\n\t\t\t\n\t\t\t\n\t\t\t\n\t\t<div class=\"clearboth\"><\/div>\n\t<\/div>\n<\/div>\n<div class=\"vc_row-full-width vc_clearfix\"><\/div>\n\n\n<div  data-mk-stretch-content=\"true\" class=\"wpb_row vc_row vc_row-fluid jupiter-donut- mk-fullwidth-false  attched-false     js-master-row  mk-grid\">\n\t\t\t\t\n<div class=\"vc_col-sm-2 wpb_column column_container  jupiter-donut- _ jupiter-donut-height-full\">\n\t<\/div>\n\n<div class=\"vc_col-sm-8 wpb_column column_container  jupiter-donut- _ jupiter-donut-height-full\">\n\t\n<div id=\"padding-6\" class=\"mk-padding-divider jupiter-donut-  jupiter-donut-clearfix\"><\/div>\n\n\t<div class=\"vc_custom_1603388109905\">\n\n<div id=\"text-block-7\" class=\"mk-text-block  jupiter-donut-\">\n\n\t\n\t<p class=\"p1\">Los solicitantes deben enviar su solicitud completa a trav\u00e9s del Servicio Electr\u00f3nico de Solicitud de Residencia (ERAS). El c\u00f3digo del programa ACGME de la Residencia en Medicina Familiar de Roseburg es: <b>1204000732<\/b>Programa de Medicina Familiar OPTI West (Roseburg). Se contactar\u00e1 a los solicitantes a trav\u00e9s de ERAS si se les invita a una entrevista personal.<\/p>\n<p>Los solicitantes deben incluir los siguientes elementos en su solicitud ERAS:<\/p>\n<ul>\n<li>Declaraci\u00f3n personal que indique por qu\u00e9 eligi\u00f3 estudiar medicina familiar y por qu\u00e9 el Programa de Residencia en Medicina Familiar de Roseburg es una buena opci\u00f3n para usted.<\/li>\n<li>Tres cartas de recomendaci\u00f3n, al menos una de ellas de un m\u00e9dico de medicina familiar.<\/li>\n<li>Puntuaciones del USMLE o COMLEX<\/li>\n<li>Transcripciones<\/li>\n<\/ul>\n<p>La residencia de medicina familiar de Roseburg (2190120C0) participa en el Programa Nacional de Emparejamiento de Residentes (NRMP).<\/p>\n<p>Reg\u00edstrate aqu\u00ed: <a href=\"http:\/\/www.nrmp.org\/\" target=\"_blank\" rel=\"noopener noreferrer\">Programa Nacional de Emparejamiento de Residentes (NRMP)<\/a>.<\/p>\n<p>Haga clic aqu\u00ed para <a href=\"http:\/\/www.nrmp.org\/match-calendars\/\" target=\"_blank\" rel=\"noopener noreferrer\">Fechas y plazos importantes de los partidos<\/a>.<\/p>\n<p>Informaci\u00f3n adicional sobre los criterios del solicitante:<\/p>\n<ul>\n<li>Todos los candidatos deben ser elegibles para trabajar en Aviva Health al momento de la contrataci\u00f3n.<\/li>\n<li>Todos los candidatos deben calificar para una licencia m\u00e9dica limitada a trav\u00e9s de la Junta de Examinadores M\u00e9dicos de Oregon.<\/li>\n<li>Los candidatos que se grad\u00faen de una escuela de medicina fuera de los Estados Unidos o Canad\u00e1 antes de 2020 deben tener un certificado ECFMG completo y v\u00e1lido al momento de la solicitud.<\/li>\n<li>S\u00f3lo se aceptar\u00e1n solicitudes ERAS<\/li>\n<li>Todos los solicitantes ser\u00e1n seleccionados a trav\u00e9s del NRMP Match<br \/>\nTenemos una fecha l\u00edmite de graduaci\u00f3n de tres a\u00f1os.<\/li>\n<li>No tenemos requisitos de puntuaci\u00f3n m\u00ednima para los ex\u00e1menes USMLE o COMLEX, se prefiere aprobar en el primer intento.<\/li>\n<li>Los graduados de escuelas internacionales reconocidas pueden postularse siempre que cumplan con los requisitos de ECFMG, presenten su solicitud a trav\u00e9s de ERAS y se registren en el NRMP.<\/li>\n<li>Actualmente no contamos con los recursos para ofrecer patrocinio de visas. Todos los graduados m\u00e9dicos internacionales que soliciten este programa deben ser ciudadanos estadounidenses o residentes permanentes para ser considerados.<\/li>\n<\/ul>\n<p><em>Aviva Health es un empleador que ofrece igualdad de oportunidades; todos los solicitantes ser\u00e1n considerados sin importar su raza, color, religi\u00f3n, sexo, orientaci\u00f3n sexual, identidad de g\u00e9nero, origen nacional, condici\u00f3n de veterano o discapacidad.<\/em><\/p>\n\n\t<div class=\"clearboth\"><\/div>\n<\/div>\n\n\t<\/div>\n<\/div>\n\n<div class=\"vc_col-sm-2 wpb_column column_container  jupiter-donut- _ jupiter-donut-height-full\">\n\t<\/div>\n\t<\/div>\n\n<\/div>","protected":false},"excerpt":{"rendered":"Apply to the Roseburg Family Medicine Residency Program Applicants should submit their completed application through the Electronic Residency Application Service (ERAS). The Roseburg Family Medicine Residency ACGME Program Code is: [...]","protected":false},"author":5,"featured_media":0,"parent":7197,"menu_order":0,"comment_status":"closed","ping_status":"closed","template":"","meta":{"nf_dc_page":"","om_disable_all_campaigns":false,"_monsterinsights_skip_tracking":false,"_monsterinsights_sitenote_active":false,"_monsterinsights_sitenote_note":"","_monsterinsights_sitenote_category":0,"footnotes":""},"class_list":["post-7207","page","type-page","status-publish","hentry"],"aioseo_notices":[],"_links":{"self":[{"href":"https:\/\/aviva.health\/es\/wp-json\/wp\/v2\/pages\/7207","targetHints":{"allow":["GET"]}}],"collection":[{"href":"https:\/\/aviva.health\/es\/wp-json\/wp\/v2\/pages"}],"about":[{"href":"https:\/\/aviva.health\/es\/wp-json\/wp\/v2\/types\/page"}],"author":[{"embeddable":true,"href":"https:\/\/aviva.health\/es\/wp-json\/wp\/v2\/users\/5"}],"replies":[{"embeddable":true,"href":"https:\/\/aviva.health\/es\/wp-json\/wp\/v2\/comments?post=7207"}],"version-history":[{"count":7,"href":"https:\/\/aviva.health\/es\/wp-json\/wp\/v2\/pages\/7207\/revisions"}],"predecessor-version":[{"id":10017,"href":"https:\/\/aviva.health\/es\/wp-json\/wp\/v2\/pages\/7207\/revisions\/10017"}],"up":[{"embeddable":true,"href":"https:\/\/aviva.health\/es\/wp-json\/wp\/v2\/pages\/7197"}],"wp:attachment":[{"href":"https:\/\/aviva.health\/es\/wp-json\/wp\/v2\/media?parent=7207"}],"curies":[{"name":"gracias","href":"https:\/\/api.w.org\/{rel}","templated":true}]}}