{"id":7205,"date":"2020-02-02T23:07:05","date_gmt":"2020-02-02T23:07:05","guid":{"rendered":"http:\/\/aviva.health\/?page_id=7205"},"modified":"2024-06-10T18:36:11","modified_gmt":"2024-06-10T18:36:11","slug":"rfmr-our-clinic","status":"publish","type":"page","link":"https:\/\/aviva.health\/es\/rfmr-index\/rfmr-our-clinic\/","title":{"rendered":"RFMR Nuestra Cl\u00ednica"},"content":{"rendered":"<div class=\"wpb-content-wrapper\">\n<div class=\"mk-page-section-wrapper\" data-mk-full-width=\"true\" data-mk-full-width-init=\"true\" data-mk-stretch-content=\"true\">\n\t<div id=\"page-section-1\" class=\"mk-page-section self-hosted   full_layout full-width-1 js-el js-master-row jupiter-donut-    center-y\"    data-intro-effect=\"false\">\n\n\t\t\t\n\t\t\t<div class=\"mk-page-section-inner\">\n\t\t\t\t\n\n\n<div style=\"background-color:#a5cb57;opacity:0.5;\" class=\"mk-video-color-mask\"><\/div>\n\n\t\t\t\t\n\t\t\t\t\n\t\n\t<div class=\"background-layer-holder\">\n\t\t<div id=\"background-layer--1\" data-mk-lazyload=\"false\" class=\"background-layer mk-background-stretch none-blend-effect js-el\"    data-mk-img-set='{\"landscape\":{\"desktop\":\"https:\/\/aviva.health\/wp-content\/uploads\/2023\/10\/aviva-main-building-web-scaled.jpg\",\"tablet\":\"https:\/\/aviva.health\/wp-content\/uploads\/2023\/10\/aviva-main-building-web-scaled-1024x768.jpg\",\"mobile\":\"https:\/\/aviva.health\/wp-content\/uploads\/2023\/10\/aviva-main-building-web-scaled-736x414.jpg\"},\"responsive\":\"true\"}' >\n\t\t\t\t\t\t\t\t\t<div class=\"mk-color-layer\"><\/div>\n\t\t<\/div>\n\t<\/div>\n\n\t\t\t<\/div>\n\n\t\t\t\n        <div class=\"page-section-content vc_row-fluid mk-grid\" >\n            <div class=\"mk-padding-wrapper wpb_row\">\n<div class=\"vc_col-sm-12 wpb_column column_container  jupiter-donut- _ jupiter-donut-height-full\">\n\t\n<h2 id=\"fancy-title-3\" class=\"mk-fancy-title  simple-style jupiter-donut-  color-single\">\n\t<span>\n\t\t\t\t<p><span style=\"color: #000000;\">Nuestra Cl\u00ednica de Continuidad<\/span><\/p>\n\t\t\t<\/span>\n<\/h2>\n<div class=\"clearboth\"><\/div>\n\n\n\n<\/div>\n<\/div>\n            <div class=\"clearboth\"><\/div>\n        <\/div>\n\n\n\t\t\t\n\t\t\t\n\t\t\t\n\t\t<div class=\"clearboth\"><\/div>\n\t<\/div>\n<\/div>\n<div class=\"vc_row-full-width vc_clearfix\"><\/div>\n\n\n<div  data-mk-stretch-content=\"true\" class=\"wpb_row vc_row vc_row-fluid jupiter-donut- mk-fullwidth-false  attched-false     js-master-row  mk-grid\">\n\t\t\t\t\n<div class=\"vc_col-sm-2 wpb_column column_container  jupiter-donut- _ jupiter-donut-height-full\">\n\t<\/div>\n\n<div class=\"vc_col-sm-8 wpb_column column_container  jupiter-donut- _ jupiter-donut-height-full\">\n\t\n<div id=\"padding-6\" class=\"mk-padding-divider jupiter-donut-  jupiter-donut-clearfix\"><\/div>\n\n\n<h2 id=\"fancy-title-7\" class=\"mk-fancy-title  simple-style jupiter-donut-  color-single\">\n\t<span>\n\t\t\t\t<p>Un gran lugar para aprender<\/p>\n\t\t\t<\/span>\n<\/h2>\n<div class=\"clearboth\"><\/div>\n\n\n\n\t<div class=\"vc_custom_1619625809036\">\n\n<div id=\"text-block-8\" class=\"mk-text-block  jupiter-donut-\">\n\n\t\n\t<p>Aviva Health, el Centro de Salud Federalmente Calificado (FQHC) m\u00e1s grande del condado de Douglas, se asoci\u00f3 con el hospital comunitario CHI Mercy Health-Mercy Medical Center para establecer el Programa de Residencia en Medicina Familiar de Roseburg (RFMR). Aviva Health, un centro de atenci\u00f3n primaria de nivel 5 centrado en el paciente, funciona como consultorio de medicina familiar para la residencia.<\/p>\n<p>Fundada en 1992, Aviva Health es una organizaci\u00f3n independiente, sin fines de lucro y regida por una junta directiva, que atiende a los residentes del condado de Douglas, Oreg\u00f3n, brind\u00e1ndoles atenci\u00f3n m\u00e9dica, dental y de salud mental de alta calidad, centrada en el paciente, accesible y asequible, independientemente de su capacidad de pago o de su seguro m\u00e9dico. Ofrece servicios integrados en ocho cl\u00ednicas en Roseburg, Myrtle Creek, Sutherlin, North County y Glide, incluyendo un Centro de Salud para Adolescentes ubicado en el campus de la Escuela Secundaria Roseburg y dos unidades m\u00e9dicas m\u00f3viles. Aviva Health atiende a m\u00e1s de 13,500 residentes del condado de Douglas y recibe un promedio de casi 50,000 visitas anuales. Los residentes de RFMR atienden a pacientes de todas las edades de forma continua en Aviva Health durante el programa de residencia de tres a\u00f1os.<\/p>\n<h3><span style=\"color: #a5cb57;\">Esperanza. Salud. Vida.<\/span><\/h3>\n\n\t<div class=\"clearboth\"><\/div>\n<\/div>\n\n\t<\/div>\n<\/div>\n\n<div class=\"vc_col-sm-2 wpb_column column_container  jupiter-donut- _ jupiter-donut-height-full\">\n\t<\/div>\n\t<\/div>\n\n<\/div>","protected":false},"excerpt":{"rendered":"Our Continuity Clinic A Great Place to Learn Aviva Health, the largest Federally Qualified Health Center (FQHC) in Douglas County, partnered with sole-community hospital CHI Mercy Health-Mercy Medical Center to [...]","protected":false},"author":5,"featured_media":0,"parent":7197,"menu_order":0,"comment_status":"closed","ping_status":"closed","template":"","meta":{"nf_dc_page":"","om_disable_all_campaigns":false,"_monsterinsights_skip_tracking":false,"_monsterinsights_sitenote_active":false,"_monsterinsights_sitenote_note":"","_monsterinsights_sitenote_category":0,"footnotes":""},"class_list":["post-7205","page","type-page","status-publish","hentry"],"aioseo_notices":[],"_links":{"self":[{"href":"https:\/\/aviva.health\/es\/wp-json\/wp\/v2\/pages\/7205","targetHints":{"allow":["GET"]}}],"collection":[{"href":"https:\/\/aviva.health\/es\/wp-json\/wp\/v2\/pages"}],"about":[{"href":"https:\/\/aviva.health\/es\/wp-json\/wp\/v2\/types\/page"}],"author":[{"embeddable":true,"href":"https:\/\/aviva.health\/es\/wp-json\/wp\/v2\/users\/5"}],"replies":[{"embeddable":true,"href":"https:\/\/aviva.health\/es\/wp-json\/wp\/v2\/comments?post=7205"}],"version-history":[{"count":6,"href":"https:\/\/aviva.health\/es\/wp-json\/wp\/v2\/pages\/7205\/revisions"}],"predecessor-version":[{"id":10014,"href":"https:\/\/aviva.health\/es\/wp-json\/wp\/v2\/pages\/7205\/revisions\/10014"}],"up":[{"embeddable":true,"href":"https:\/\/aviva.health\/es\/wp-json\/wp\/v2\/pages\/7197"}],"wp:attachment":[{"href":"https:\/\/aviva.health\/es\/wp-json\/wp\/v2\/media?parent=7205"}],"curies":[{"name":"gracias","href":"https:\/\/api.w.org\/{rel}","templated":true}]}}