{"id":7203,"date":"2020-02-02T23:05:48","date_gmt":"2020-02-02T23:05:48","guid":{"rendered":"http:\/\/aviva.health\/?page_id=7203"},"modified":"2024-06-10T18:34:38","modified_gmt":"2024-06-10T18:34:38","slug":"rfmr-about-us","status":"publish","type":"page","link":"https:\/\/aviva.health\/es\/rfmr-index\/rfmr-about-us\/","title":{"rendered":"RFMR Sobre nosotros"},"content":{"rendered":"<div class=\"wpb-content-wrapper\">\n<div class=\"mk-page-section-wrapper\" data-mk-full-width=\"true\" data-mk-full-width-init=\"true\" data-mk-stretch-content=\"true\">\n\t<div id=\"page-section-1\" class=\"mk-page-section self-hosted   full_layout full-width-1 js-el js-master-row jupiter-donut-    center-y\"    data-intro-effect=\"false\">\n\n\t\t\t\n\t\t\t<div class=\"mk-page-section-inner\">\n\t\t\t\t\n\n\n<div style=\"background-color:#a5cb57;opacity:0.5;\" class=\"mk-video-color-mask\"><\/div>\n\n\t\t\t\t\n\t\t\t\t\n\t\n\t<div class=\"background-layer-holder\">\n\t\t<div id=\"background-layer--1\" data-mk-lazyload=\"false\" class=\"background-layer mk-background-stretch none-blend-effect js-el\"    data-mk-img-set='{\"landscape\":{\"desktop\":\"https:\/\/aviva.health\/wp-content\/uploads\/2020\/02\/physicians-in-a-group-flip-crop-u1914.jpg\",\"tablet\":\"https:\/\/aviva.health\/wp-content\/uploads\/2020\/02\/physicians-in-a-group-flip-crop-u1914-1024x768.jpg\",\"mobile\":\"https:\/\/aviva.health\/wp-content\/uploads\/2020\/02\/physicians-in-a-group-flip-crop-u1914-736x414.jpg\"},\"responsive\":\"true\"}' >\n\t\t\t\t\t\t\t\t\t<div class=\"mk-color-layer\"><\/div>\n\t\t<\/div>\n\t<\/div>\n\n\t\t\t<\/div>\n\n\t\t\t\n        <div class=\"page-section-content vc_row-fluid mk-grid\" >\n            <div class=\"mk-padding-wrapper wpb_row\">\n<div class=\"vc_col-sm-12 wpb_column column_container  jupiter-donut- _ jupiter-donut-height-full\">\n\t\n<h2 id=\"fancy-title-3\" class=\"mk-fancy-title  simple-style jupiter-donut-  color-single\">\n\t<span>\n\t\t\t\t<p><span style=\"color: #000000;\">Medicina Familiar Rural para el Siglo XXI<\/span><\/p>\n\t\t\t<\/span>\n<\/h2>\n<div class=\"clearboth\"><\/div>\n\n\n\n<\/div>\n<\/div>\n            <div class=\"clearboth\"><\/div>\n        <\/div>\n\n\n\t\t\t\n\t\t\t\n\t\t\t\n\t\t<div class=\"clearboth\"><\/div>\n\t<\/div>\n<\/div>\n<div class=\"vc_row-full-width vc_clearfix\"><\/div>\n\n\n<div class=\"mk-page-section-wrapper\" data-mk-full-width=\"true\" data-mk-full-width-init=\"true\" data-mk-stretch-content=\"true\">\n\t<div id=\"page-section-4\" class=\"mk-page-section self-hosted   half_left_layout half_boxed full-width-4 js-el js-master-row jupiter-donut-\"    data-intro-effect=\"false\">\n\n\t\t\t\n\t\t\t<div class=\"mk-page-section-inner\">\n\t\t\t\t\n\n\n<div class=\"mk-video-color-mask\"><\/div>\n\n\t\t\t\t\n\t\t\t\t\t\t\t<\/div>\n\n\t\t\t\n\t\t\t \n \n\n <div class=\"mk-half-layout half_left_layout\" data-mk-img-set='{\"landscape\":{\"desktop\":\"https:\/\/aviva.health\/wp-content\/uploads\/2020\/08\/building-edited-1.jpg\",\"tablet\":\"https:\/\/aviva.health\/wp-content\/uploads\/2020\/08\/building-edited-1-1024x768.jpg\",\"mobile\":\"https:\/\/aviva.health\/wp-content\/uploads\/2020\/08\/building-edited-1-736x414.jpg\"},\"responsive\":\"true\"}'>\n     <\/div>\n\n <div class=\"mk-half-layout-container page-section-content half_left_layout\">\n    <div class=\"mk-half-layout-inner\">\n \t  \n<div class=\"vc_col-sm-12 wpb_column column_container  jupiter-donut- _ jupiter-donut-height-full\">\n\t\n<div id=\"padding-6\" class=\"mk-padding-divider jupiter-donut-  jupiter-donut-clearfix\"><\/div>\n\n\n<h2 id=\"fancy-title-7\" class=\"mk-fancy-title  simple-style jupiter-donut-  color-single\">\n\t<span>\n\t\t\t\t<p>Aviva Salud<\/p>\n\t\t\t<\/span>\n<\/h2>\n<div class=\"clearboth\"><\/div>\n\n\n\n<style>#fancy-title-7 {font-family: \"Raleway\"}<\/style>\t<div class=\"vc_custom_1581112828093\">\n\n<div id=\"text-block-8\" class=\"mk-text-block  jupiter-donut-\">\n\n\t\n\t<p>Aviva Health es una <em><strong>Centro de salud calificado a nivel federal <\/strong><\/em>(FQHC). Es una cl\u00ednica de atenci\u00f3n m\u00e9dica sin fines de lucro que brinda servicios de atenci\u00f3n m\u00e9dica primaria, dental y de salud conductual de alta calidad y a un precio accesible a cualquier persona, independientemente de su seguro m\u00e9dico o capacidad de pago.<\/p>\n<p>Aviva Health comenz\u00f3 a atender pacientes en 1991 como la Cl\u00ednica de Puertas Abiertas, iniciativa de un grupo de trabajo comunitario con el objetivo de brindar atenci\u00f3n m\u00e9dica a las personas desfavorecidas. Ubicada en Pine Street, la cl\u00ednica atendi\u00f3 1241 consultas durante ese primer a\u00f1o. Aviva Health se convirti\u00f3 en un Centro de Salud Federalmente Calificado (FQHC) en el a\u00f1o 2000 y ha crecido hasta contar con ocho centros de servicio que ofrecen servicios m\u00e9dicos primarios, dentales y de salud mental. En 2019, Aviva Health atendi\u00f3 a casi 55\u00a0000 pacientes.<\/p>\n<p>Aviva Health es un centro considerado como tal por la FTCA. La Ley de Asistencia a Centros de Salud con Apoyo Federal de 1992 y 1995 otorg\u00f3 protecci\u00f3n contra la responsabilidad por negligencia m\u00e9dica a trav\u00e9s de la Ley Federal de Reclamaciones por Agravios (FTCA) a los centros de salud financiados por la HRSA. Seg\u00fan esta ley, los centros de salud se consideran empleados federales y gozan de inmunidad ante demandas, siendo el gobierno federal su aseguradora principal.<\/p>\n\n\t<div class=\"clearboth\"><\/div>\n<\/div>\n\n\t<\/div>\n\n<div id=\"padding-9\" class=\"mk-padding-divider jupiter-donut-  jupiter-donut-clearfix\"><\/div>\n\n<\/div>\n    <\/div>\n <\/div>\n\n\n\t\t\t\n\t\t\t\n\t\t<div class=\"clearboth\"><\/div>\n\t<\/div>\n<\/div>\n<div class=\"vc_row-full-width vc_clearfix\"><\/div>\n\n\n<div class=\"mk-page-section-wrapper\" data-mk-full-width=\"true\" data-mk-full-width-init=\"true\" data-mk-stretch-content=\"true\">\n\t<div id=\"page-section-10\" class=\"mk-page-section self-hosted   half_right_layout half_fluid full-width-10 js-el js-master-row jupiter-donut-\"    data-intro-effect=\"false\">\n\n\t\t\t\n\t\t\t<div class=\"mk-page-section-inner\">\n\t\t\t\t\n\n\n<div class=\"mk-video-color-mask\"><\/div>\n\n\t\t\t\t\n\t\t\t\t\t\t\t<\/div>\n\n\t\t\t\n\t\t\t \n \n\n <div class=\"mk-half-layout half_right_layout\" data-mk-img-set='{\"landscape\":{\"desktop\":\"https:\/\/aviva.health\/wp-content\/uploads\/2020\/02\/mmc6-reduced.jpg\",\"tablet\":\"https:\/\/aviva.health\/wp-content\/uploads\/2020\/02\/mmc6-reduced-1024x768.jpg\",\"mobile\":\"https:\/\/aviva.health\/wp-content\/uploads\/2020\/02\/mmc6-reduced-736x414.jpg\"},\"responsive\":\"true\"}'>\n     <\/div>\n\n <div class=\"mk-half-layout-container page-section-content half_right_layout\">\n    <div class=\"mk-half-layout-inner\">\n \t  \n<div class=\"vc_col-sm-12 wpb_column column_container  jupiter-donut- _ jupiter-donut-height-full\">\n\t\n<div id=\"padding-12\" class=\"mk-padding-divider jupiter-donut-  jupiter-donut-clearfix\"><\/div>\n\n\n<h2 id=\"fancy-title-13\" class=\"mk-fancy-title  simple-style jupiter-donut-  color-single\">\n\t<span>\n\t\t\t\t<p>Centro M\u00e9dico Mercy<\/p>\n\t\t\t<\/span>\n<\/h2>\n<div class=\"clearboth\"><\/div>\n\n\n\n<style>#fancy-title-13 {font-family: \"Raleway\"}<\/style>\t<div class=\"vc_custom_1581113440693\">\n\n<div id=\"text-block-14\" class=\"mk-text-block  jupiter-donut-\">\n\n\t\n\t<p>Mercy Medical Center es el proveedor l\u00edder de servicios y programas de atenci\u00f3n m\u00e9dica integrales para los m\u00e1s de 107,000 residentes del condado de Douglas, Oreg\u00f3n.<\/p>\n<p>Nuestra trayectoria de servicio en la regi\u00f3n se remonta a m\u00e1s de 100 a\u00f1os, cuando las Hermanas de la Misericordia recaudaron 12.000 T\/T de generosos donantes locales para construir el primer hospital de Roseburg. El Hospital de la Misericordia, con 25 camas, abri\u00f3 sus puertas el 22 de febrero de 1909 a orillas del r\u00edo South Umpqua, en la intersecci\u00f3n de la avenida Harvard y la calle Madrone.<\/p>\n<p>Hoy Mercy es un sofisticado centro m\u00e9dico de 174 camas que ofrece a los pacientes de toda la regi\u00f3n acceso local a profesionales m\u00e9dicos altamente capacitados, tecnolog\u00edas avanzadas y una amplia gama de servicios preventivos, de diagn\u00f3stico, terap\u00e9uticos y de rehabilitaci\u00f3n.<\/p>\n<p>Nuestros m\u00e1s de 1000 empleados, 225 profesionales m\u00e9dicos y 300 voluntarios ofrecen una variedad de servicios que, en la gran mayor\u00eda de los casos, eliminan la necesidad de que los pacientes viajen fuera de la ciudad para recibir atenci\u00f3n. Esta es solo una peque\u00f1a muestra de lo que encontrar\u00e1 en Mercy Medical Center:<\/p>\n<ul>\n<li>Atenci\u00f3n que ha sido reconocida por la acreditaci\u00f3n de la Comisi\u00f3n Conjunta por cumplir con los estrictos est\u00e1ndares de calidad de los Centros de Servicios de Medicare y Medicaid y el Estado de Oreg\u00f3n.<\/li>\n<li>Un centro m\u00e9dico totalmente comprometido con la seguridad del paciente, como lo demuestran sus consistentemente altas calificaciones de seguridad hospitalaria.<\/li>\n<li>Atenci\u00f3n diagn\u00f3stica, terap\u00e9utica y de rehabilitaci\u00f3n de \u00faltima generaci\u00f3n para pacientes con afecciones card\u00edacas en Shaw Heart and Vascular Center, el primer programa al oeste de Texas en obtener la acreditaci\u00f3n de excelencia cardiovascular del Colegio Americano de Cardiolog\u00eda.<\/li>\n<li>Servicios integrales de im\u00e1genes para pacientes ambulatorios, incluido el acceso a nuestro \u201cCentro de excelencia en im\u00e1genes mamarias\u201d designado.<\/li>\n<\/ul>\n\n\t<div class=\"clearboth\"><\/div>\n<\/div>\n\n\t<\/div>\n\n<div id=\"padding-15\" class=\"mk-padding-divider jupiter-donut-  jupiter-donut-clearfix\"><\/div>\n\n<\/div>\n    <\/div>\n <\/div>\n\n\n\t\t\t\n\t\t\t\n\t\t<div class=\"clearboth\"><\/div>\n\t<\/div>\n<\/div>\n<div class=\"vc_row-full-width vc_clearfix\"><\/div>\n\n\n<\/div>","protected":false},"excerpt":{"rendered":"Rural Family Medicine for the 21st Century Aviva Health Aviva Health is a Federally Qualified Health Center (FQHC). It is a non-profit healthcare practice that provides high-quality, cost-effective primary medical, [...]","protected":false},"author":5,"featured_media":0,"parent":7197,"menu_order":0,"comment_status":"closed","ping_status":"closed","template":"","meta":{"nf_dc_page":"","om_disable_all_campaigns":false,"_monsterinsights_skip_tracking":false,"_monsterinsights_sitenote_active":false,"_monsterinsights_sitenote_note":"","_monsterinsights_sitenote_category":0,"footnotes":""},"class_list":["post-7203","page","type-page","status-publish","hentry"],"aioseo_notices":[],"_links":{"self":[{"href":"https:\/\/aviva.health\/es\/wp-json\/wp\/v2\/pages\/7203","targetHints":{"allow":["GET"]}}],"collection":[{"href":"https:\/\/aviva.health\/es\/wp-json\/wp\/v2\/pages"}],"about":[{"href":"https:\/\/aviva.health\/es\/wp-json\/wp\/v2\/types\/page"}],"author":[{"embeddable":true,"href":"https:\/\/aviva.health\/es\/wp-json\/wp\/v2\/users\/5"}],"replies":[{"embeddable":true,"href":"https:\/\/aviva.health\/es\/wp-json\/wp\/v2\/comments?post=7203"}],"version-history":[{"count":7,"href":"https:\/\/aviva.health\/es\/wp-json\/wp\/v2\/pages\/7203\/revisions"}],"predecessor-version":[{"id":9428,"href":"https:\/\/aviva.health\/es\/wp-json\/wp\/v2\/pages\/7203\/revisions\/9428"}],"up":[{"embeddable":true,"href":"https:\/\/aviva.health\/es\/wp-json\/wp\/v2\/pages\/7197"}],"wp:attachment":[{"href":"https:\/\/aviva.health\/es\/wp-json\/wp\/v2\/media?parent=7203"}],"curies":[{"name":"gracias","href":"https:\/\/api.w.org\/{rel}","templated":true}]}}