{"id":7201,"date":"2020-02-02T23:04:52","date_gmt":"2020-02-02T23:04:52","guid":{"rendered":"http:\/\/aviva.health\/?page_id=7201"},"modified":"2025-05-22T17:56:47","modified_gmt":"2025-05-22T17:56:47","slug":"rfmr-welcome","status":"publish","type":"page","link":"https:\/\/aviva.health\/es\/rfmr-index\/rfmr-welcome\/","title":{"rendered":"RFMR-Bienvenido"},"content":{"rendered":"<div class=\"wpb-content-wrapper\">\n<div class=\"mk-page-section-wrapper\" data-mk-full-width=\"true\" data-mk-full-width-init=\"true\" data-mk-stretch-content=\"true\">\n\t<div id=\"page-section-1\" class=\"mk-page-section self-hosted   full_layout full-width-1 js-el js-master-row jupiter-donut-    center-y\"    data-intro-effect=\"false\">\n\n\t\t\t\n\t\t\t<div class=\"mk-page-section-inner\">\n\t\t\t\t\n\n\n<div style=\"background-color:#a5cb57;opacity:0.5;\" class=\"mk-video-color-mask\"><\/div>\n\n\t\t\t\t\n\t\t\t\t\n\t\n\t<div class=\"background-layer-holder\">\n\t\t<div id=\"background-layer--1\" data-mk-lazyload=\"false\" class=\"background-layer mk-background-stretch none-blend-effect js-el\"    data-mk-img-set='{\"landscape\":{\"desktop\":\"https:\/\/aviva.health\/wp-content\/uploads\/2020\/02\/home-page-option-1-crop-u675.jpg\",\"tablet\":\"https:\/\/aviva.health\/wp-content\/uploads\/2020\/02\/home-page-option-1-crop-u675-1024x768.jpg\",\"mobile\":\"https:\/\/aviva.health\/wp-content\/uploads\/2020\/02\/home-page-option-1-crop-u675-736x414.jpg\"},\"responsive\":\"true\"}' >\n\t\t\t\t\t\t\t\t\t<div class=\"mk-color-layer\"><\/div>\n\t\t<\/div>\n\t<\/div>\n\n\t\t\t<\/div>\n\n\t\t\t\n        <div class=\"page-section-content vc_row-fluid mk-grid\" >\n            <div class=\"mk-padding-wrapper wpb_row\">\n<div class=\"vc_col-sm-12 wpb_column column_container  jupiter-donut- _ jupiter-donut-height-full\">\n\t\n<h2 id=\"fancy-title-3\" class=\"mk-fancy-title  simple-style jupiter-donut-  color-single\">\n\t<span>\n\t\t\t\t<p><span style=\"color: #000000;\">Bienvenido<\/span><\/p>\n\t\t\t<\/span>\n<\/h2>\n<div class=\"clearboth\"><\/div>\n\n\n\n<\/div>\n<\/div>\n            <div class=\"clearboth\"><\/div>\n        <\/div>\n\n\n\t\t\t\n\t\t\t\n\t\t\t\n\t\t<div class=\"clearboth\"><\/div>\n\t<\/div>\n<\/div>\n<div class=\"vc_row-full-width vc_clearfix\"><\/div>\n\n\n<div  data-mk-stretch-content=\"true\" class=\"wpb_row vc_row vc_row-fluid jupiter-donut- mk-fullwidth-false  attched-false     js-master-row  mk-grid\">\n\t\t\t\t\n<div class=\"vc_col-sm-2 wpb_column column_container  jupiter-donut- _ jupiter-donut-height-full\">\n\t<\/div>\n\n<div class=\"vc_col-sm-8 wpb_column column_container  jupiter-donut- _ jupiter-donut-height-full\">\n\t\n<div id=\"padding-6\" class=\"mk-padding-divider jupiter-donut-  jupiter-donut-clearfix\"><\/div>\n\n\n<h2 id=\"fancy-title-7\" class=\"mk-fancy-title  simple-style jupiter-donut-  color-single\">\n\t<span>\n\t\t\t\t<p>Un mensaje de nuestro director del programa de residencia<\/p>\n\t\t\t<\/span>\n<\/h2>\n<div class=\"clearboth\"><\/div>\n\n\n\n\n<div id=\"padding-8\" class=\"mk-padding-divider jupiter-donut-  jupiter-donut-clearfix\"><\/div>\n\n<\/div>\n\n<div class=\"vc_col-sm-2 wpb_column column_container  jupiter-donut- _ jupiter-donut-height-full\">\n\t<\/div>\n\t<\/div>\n\n<div  data-mk-stretch-content=\"true\" class=\"wpb_row vc_row vc_row-fluid jupiter-donut- mk-fullwidth-false  attched-false     js-master-row  mk-grid\">\n\t\t\t\t\n<div class=\"vc_col-sm-2 wpb_column column_container  jupiter-donut- _ jupiter-donut-height-full\">\n\t<\/div>\n\n<div class=\"vc_col-sm-8 wpb_column column_container  jupiter-donut- _ jupiter-donut-height-full\">\n\t\t<div class=\"vc_custom_1719955256391\">\n\n<div id=\"text-block-12\" class=\"mk-text-block  jupiter-donut-\">\n\n\t\n\t<p>Nuestra residencia surgi\u00f3 de la necesidad de capacitar a m\u00e1s m\u00e9dicos de familia para atender a las comunidades rurales del noroeste del Pac\u00edfico. Para 2030, Oreg\u00f3n enfrentar\u00e1 un d\u00e9ficit de m\u00e1s de 1000 m\u00e9dicos de atenci\u00f3n primaria, y esta necesidad es m\u00e1s aguda en las zonas rurales de Oreg\u00f3n.<\/p>\n<p>Roseburg, nuestra comunidad de 23,000 habitantes, se encuentra a una hora al sur de Eugene, Oreg\u00f3n. Somos una zona rural, pero no fronteriza. Contamos con un hospital bien equipado y con personal competente, con una amplia variedad de especialistas y tecnolog\u00eda que nos permite capacitarle para brindar atenci\u00f3n primaria integral de la m\u00e1s alta calidad a pacientes en todas las etapas de la vida.<img loading=\"lazy\" decoding=\"async\" class=\"wp-image-10015 alignright\" src=\"https:\/\/aviva.health\/wp-content\/uploads\/2023\/10\/stearman-heather-web-scaled.jpg\" alt=\"\" width=\"270\" height=\"263\" srcset=\"https:\/\/aviva.health\/wp-content\/uploads\/2023\/10\/stearman-heather-web-scaled.jpg 2560w, https:\/\/aviva.health\/wp-content\/uploads\/2023\/10\/stearman-heather-web-768x748.jpg 768w\" sizes=\"auto, (max-width: 270px) 100vw, 270px\" \/><\/p>\n<p>Nuestra misi\u00f3n es formar m\u00e9dicos de familia excepcionales, id\u00f3neos para la pr\u00e1ctica rural en el siglo XXI. Hemos trabajado incansablemente para definir el marco curricular. Utilizamos un programa de 13 turnos rotativos (de cuatro semanas) que aprovechan al m\u00e1ximo nuestra vasta experiencia cl\u00ednica en medicina para adultos, urgencias, atenci\u00f3n de emergencias, atenci\u00f3n de trastornos por consumo de sustancias y una amplia poblaci\u00f3n de veteranos. Hemos incluido varios turnos electivos en el segundo y tercer a\u00f1o que pueden utilizarse para ampliar las habilidades en procedimientos, maternidad, hospitalizaci\u00f3n y urgencias, lo que permite a los residentes adaptar su residencia a sus intereses y a su futura pr\u00e1ctica. Nuestro objetivo es prepararte para convertirte en un m\u00e9dico de familia excepcional.<\/p>\n<p>Cada uno de nuestros profesores tiene intereses, talentos y habilidades \u00fanicos que aportan a la experiencia de residencia. A todos les apasiona cuidar a sus pacientes, a la comunidad y ayudar a formar a la pr\u00f3xima generaci\u00f3n de m\u00e9dicos. El programa de Residencia de Medicina Familiar de Roseburg es un verdadero proyecto comunitario y una colaboraci\u00f3n entre nuestro \u00fanico hospital comunitario y nuestra cl\u00ednica de medicina familiar primaria, Aviva Health. En 2017, Mercy Medical Center fue nombrado uno de los 20 Mejores Hospitales Comunitarios Rurales del pa\u00eds. Aviva Health es el primer Centro de Atenci\u00f3n Primaria Centrado en el Paciente de Nivel 5 del Condado de Douglas, la m\u00e1xima designaci\u00f3n ofrecida por la Autoridad de Salud de Oreg\u00f3n. Roseburg es un<a class=\"nonblock\" href=\"https:\/\/www.facebook.com\/BlueZonesProjectUmpqua\/\" target=\"_blank\" rel=\"noopener noreferrer\">\u00a0Proyecto Zonas Azules\u2122<\/a> Sitio de demostraci\u00f3n que trabaja para mejorar los factores sociales que afectan la salud. Adem\u00e1s, Roseburg y las ciudades aleda\u00f1as se complacen en darle la bienvenida a nuestra comunidad.<\/p>\n<p>Si te interesa unirte a nuestra residencia, esperamos que seas una persona competente, atenta, compasiva y \u00e9tica. Buscamos residentes apasionados por el aprendizaje continuo, con mentalidad emprendedora y esp\u00edritu pionero. Debes disfrutar de la naturaleza y\/o la vida rural. Debes tener el h\u00e1bito de tomarte tu trabajo en serio, pero no demasiado en serio a ti mismo. Nuestros residentes, especialmente las primeras clases, tendr\u00e1n un gran impacto en el rumbo de la residencia y contribuir\u00e1n a moldear nuestro programa. Los residentes contribuir\u00e1n a establecer la cultura de nuestra residencia. Buscamos residentes que puedan colaborar con el profesorado y la comunidad para crear el mejor programa de residencia.<\/p>\n<p>Si crees que tienes lo necesario para ser uno de estos residentes pioneros, queremos que te unas a nosotros en esta gran aventura. No te decepcionar\u00e1 la calidad de la educaci\u00f3n que recibir\u00e1s ni el sentido de pertenencia que experimentar\u00e1s al formar parte de nuestra familia de residentes.<\/p>\n<p>El\u00a0<a href=\"https:\/\/aviva.health\/es\/rfmr-faq\/\">Preguntas frecuentes<\/a>\u00a0La p\u00e1gina est\u00e1 disponible para responder preguntas comunes y estoy feliz de responder cualquier pregunta que no pueda abordarse all\u00ed.<\/p>\n\n\t<div class=\"clearboth\"><\/div>\n<\/div>\n\n\t<\/div>\n<\/div>\n\n<div class=\"vc_col-sm-2 wpb_column column_container  jupiter-donut- _ jupiter-donut-height-full\">\n\t<\/div>\n\t<\/div>\n\n<\/div>","protected":false},"excerpt":{"rendered":"Welcome A Message from our Residency Program Director Our residency was born from a need to train more family physicians to serve rural communities in the Pacific Northwest. By 2030, [...]","protected":false},"author":5,"featured_media":0,"parent":7197,"menu_order":0,"comment_status":"closed","ping_status":"closed","template":"","meta":{"nf_dc_page":"","om_disable_all_campaigns":false,"_monsterinsights_skip_tracking":false,"_monsterinsights_sitenote_active":false,"_monsterinsights_sitenote_note":"","_monsterinsights_sitenote_category":0,"footnotes":""},"class_list":["post-7201","page","type-page","status-publish","hentry"],"aioseo_notices":[],"_links":{"self":[{"href":"https:\/\/aviva.health\/es\/wp-json\/wp\/v2\/pages\/7201","targetHints":{"allow":["GET"]}}],"collection":[{"href":"https:\/\/aviva.health\/es\/wp-json\/wp\/v2\/pages"}],"about":[{"href":"https:\/\/aviva.health\/es\/wp-json\/wp\/v2\/types\/page"}],"author":[{"embeddable":true,"href":"https:\/\/aviva.health\/es\/wp-json\/wp\/v2\/users\/5"}],"replies":[{"embeddable":true,"href":"https:\/\/aviva.health\/es\/wp-json\/wp\/v2\/comments?post=7201"}],"version-history":[{"count":6,"href":"https:\/\/aviva.health\/es\/wp-json\/wp\/v2\/pages\/7201\/revisions"}],"predecessor-version":[{"id":11547,"href":"https:\/\/aviva.health\/es\/wp-json\/wp\/v2\/pages\/7201\/revisions\/11547"}],"up":[{"embeddable":true,"href":"https:\/\/aviva.health\/es\/wp-json\/wp\/v2\/pages\/7197"}],"wp:attachment":[{"href":"https:\/\/aviva.health\/es\/wp-json\/wp\/v2\/media?parent=7201"}],"curies":[{"name":"gracias","href":"https:\/\/api.w.org\/{rel}","templated":true}]}}