{"id":7197,"date":"2020-02-02T23:05:07","date_gmt":"2020-02-02T23:05:07","guid":{"rendered":"http:\/\/aviva.health\/?page_id=7197"},"modified":"2025-01-16T21:57:42","modified_gmt":"2025-01-16T21:57:42","slug":"rfmr-index","status":"publish","type":"page","link":"https:\/\/aviva.health\/es\/rfmr-index\/","title":{"rendered":"RFMR-Index"},"content":{"rendered":"<div class=\"wpb-content-wrapper\">\n<div class=\"mk-page-section-wrapper\" data-mk-full-width=\"true\" data-mk-full-width-init=\"true\" data-mk-stretch-content=\"true\">\n\t<div id=\"page-section-1\" class=\"mk-page-section self-hosted  mk-adaptive-height full_layout full-width-1 js-el js-master-row jupiter-donut-    center-y\"    data-intro-effect=\"false\">\n\n\t\t\t\n\t\t\t<div class=\"mk-page-section-inner\">\n\t\t\t\t\n\n\n<div style=\"background-color:rgba(10,10,10,0.4);opacity:0.6;\" class=\"mk-video-color-mask\"><\/div>\n\n\t\t\t\t\n\t\t\t\t\n\t\t\t<div class=\"mk-section-preloader js-el\" data-mk-component=\"Preloader\">\n\t\t\t<div class=\"mk-section-preloader__icon\"><\/div>\n\t\t<\/div>\n\t\n\t<div class=\"background-layer-holder\">\n\t\t<div id=\"background-layer--1\" data-mk-lazyload=\"false\" class=\"background-layer mk-background-stretch none-blend-effect js-el\"    data-mk-img-set='{\"landscape\":{\"desktop\":\"https:\/\/aviva.health\/wp-content\/uploads\/2023\/07\/aviva-011b-scaled.jpg\",\"tablet\":\"https:\/\/aviva.health\/wp-content\/uploads\/2023\/07\/aviva-011b-scaled-1024x768.jpg\",\"mobile\":\"https:\/\/aviva.health\/wp-content\/uploads\/2023\/07\/aviva-011b-scaled-736x414.jpg\"},\"responsive\":\"true\"}' >\n\t\t\t\t\t\t\t<img decoding=\"async\" class=\"mk-adaptive-image mk-background-stretch\" src=\"\" title=\"\" \/>\n\t\t\t\t\t\t\t\t\t<div class=\"mk-color-layer\"><\/div>\n\t\t<\/div>\n\t<\/div>\n\n\t\t\t<\/div>\n\n\t\t\t\n        <div class=\"page-section-content vc_row-fluid page-section-fullwidth\" >\n            <div class=\"mk-padding-wrapper wpb_row\">\n<div class=\"vc_col-sm-12 wpb_column column_container  jupiter-donut- _ jupiter-donut-height-full\">\n\t\n<h2 id=\"fancy-title-3\" class=\"mk-fancy-title  simple-style jupiter-donut-  color-single\">\n\t<span>\n\t\t\t\t<p style=\"text-align: center;\">Medicina Familiar Rural para el Siglo XXI<\/p>\n\t\t\t<\/span>\n<\/h2>\n<div class=\"clearboth\"><\/div>\n\n\n\n\n<h4 id=\"fancy-title-4\" class=\"mk-fancy-title  simple-style jupiter-donut-  color-single\">\n\t<span>\n\t\t\t\t<p style=\"text-align: center;\"><span style=\"color: #fff; font-size: 18pt;\">Formaci\u00f3n de m\u00e9dicos de familia excepcionales, ideales para la pr\u00e1ctica rural.<\/span><\/p>\n\t\t\t<\/span>\n<\/h4>\n<div class=\"clearboth\"><\/div>\n\n\n\n<\/div>\n<\/div>\n            <div class=\"clearboth\"><\/div>\n        <\/div>\n\n\n\t\t\t\n\t\t\t\n\t\t\t<div class=\"mk-shape-divider mk-shape-divider--stick jagged-bottom-style small-size mk-shape-divider--stick-bottom\" id=\"mk-shape-divider-5\">\n\t\t\t<div class=\"shape__container\">\n\t\t\t\t<div class=\"shape\">\n\t\t\t\t\n\t\t<svg width=\"100%\" height=\"5px\">\n\t\t\t<defs>\n\t\t\t    <pattern id=\"shapeDividerPattern-5\" preserveaspectratio=\"none\" style=\"background-repeat: none;\" patternunits=\"userSpaceOnUse\" x=\"0\" y=\"0\" width=\"11px\" height=\"50px\" viewbox=\"0 0 11 50\">\n\t\t\t        <polygon fill=\"transparent\" points=\"10.5,5 5.497,0 0.5,4.994 \"><\/polygon>\n\t\t\t    <\/pattern>\n\t\t\t<\/defs>\n\n\t\t\t<!-- Background -->\n\t\t\t<rect x=\"0\" y=\"0\" width=\"100%\" height=\"5px\" fill=\"url(#shapeDividerPattern-5)\"><\/rect>\n\t\t<\/svg>\n\t<\/div>\n\t\t\t<\/div>\n\t\t<\/div>\n\t\t<div class=\"clearboth\"><\/div>\n\t<\/div>\n<\/div>\n<div class=\"vc_row-full-width vc_clearfix\"><\/div>\n\n\n<div class=\"mk-page-section-wrapper\" data-mk-full-width=\"true\" data-mk-full-width-init=\"true\" data-mk-stretch-content=\"true\">\n\t<div id=\"page-section-6\" class=\"mk-page-section self-hosted   full_layout full-width-6 js-el js-master-row jupiter-donut-\"    data-intro-effect=\"false\">\n\n\t\t\t\n\t\t\t<div class=\"mk-page-section-inner\">\n\t\t\t\t\n\n\n<div class=\"mk-video-color-mask\"><\/div>\n\n\t\t\t\t\n\t\t\t\t\t\t\t<\/div>\n\n\t\t\t\n        <div class=\"page-section-content vc_row-fluid mk-grid\" >\n            <div class=\"mk-padding-wrapper wpb_row\">\n<div class=\"vc_col-sm-3 wpb_column column_container  jupiter-donut- _ jupiter-donut-height-full\">\n\t<\/div>\n\n<div class=\"vc_col-sm-6 wpb_column column_container  jupiter-donut- _ jupiter-donut-height-full\">\n\t\n<h2 id=\"fancy-title-9\" class=\"mk-fancy-title  simple-style jupiter-donut-  color-single\">\n\t<span>\n\t\t\t\t<p>Reverencia. Integridad. Compasi\u00f3n. Excelencia.<\/p>\n\t\t\t<\/span>\n<\/h2>\n<div class=\"clearboth\"><\/div>\n\n\n\n<style>#fancy-title-9 {font-family: \"Raleway\"}<\/style>\t<div class=\"vc_custom_1696521940783\">\n\n<div id=\"text-block-10\" class=\"mk-text-block  jupiter-donut-\">\n\n\t\n\t<p>Reverencia. Integridad. Compasi\u00f3n. Excelencia. Estos son los valores que la Residencia de Medicina Familiar de Roseburg conf\u00eda en que nuestros m\u00e9dicos en formaci\u00f3n adoptar\u00e1n durante sus tres a\u00f1os de residencia y a lo largo de su carrera m\u00e9dica. Somos un programa de residencia acreditado, sin oposici\u00f3n, con un programa de 8 horas y 8 horas, integrado en Aviva Health, una innovadora cl\u00ednica de Atenci\u00f3n Primaria Centrada en el Paciente (PCPCH) y afiliada a <a href=\"https:\/\/www.chimercyhealth.com\/\" target=\"_blank\" rel=\"noopener noreferrer\">CHI Mercy Health-Centro M\u00e9dico Mercy<\/a>, un centro m\u00e9dico regional de servicio completo en Roseburg, Oreg\u00f3n.<\/p>\n<p>Ofrecemos oportunidades educativas \u00fanicas que incluyen una experiencia de medicina comunitaria longitudinal y guiada por intereses, capacitaci\u00f3n mejorada en salud mental, capacitaci\u00f3n en terapia asistida por medicamentos (MAT), capacitaci\u00f3n en una amplia variedad de habilidades de procedimiento en el consultorio, oportunidades de rotaci\u00f3n en salud global y capacitaci\u00f3n integral en gesti\u00f3n de la pr\u00e1ctica.<\/p>\n<p>Roseburg se encuentra en el hermoso condado de Douglas, una comunidad que ofrece viviendas asequibles, excelentes escuelas, incre\u00edbles actividades recreativas al aire libre, mercados agr\u00edcolas, bodegas y mucho m\u00e1s. Animamos a nuestros residentes a mantener un equilibrio saludable entre la vida laboral y personal y a disfrutar de su tiempo libre explorando los lugares \u00fanicos que ofrece la zona.<\/p>\n<p>Le dimos la bienvenida a nuestra primera clase de pasantes en julio de 2020. Esperamos que visite Roseburg y se enamore de la comunidad tanto como nosotros.<\/p>\n\n\t<div class=\"clearboth\"><\/div>\n<\/div>\n\n\t<\/div>\n<\/div>\n\n<div class=\"vc_col-sm-3 wpb_column column_container  jupiter-donut- _ jupiter-donut-height-full\">\n\t<\/div>\n<\/div>\n            <div class=\"clearboth\"><\/div>\n        <\/div>\n\n\n\t\t\t\n\t\t\t\n\t\t\t\n\t\t<div class=\"clearboth\"><\/div>\n\t<\/div>\n<\/div>\n<div class=\"vc_row-full-width vc_clearfix\"><\/div>\n\n\n<div  data-mk-stretch-content=\"true\" class=\"wpb_row vc_row vc_row-fluid jupiter-donut- mk-fullwidth-false  attched-false     js-master-row  mk-grid\">\n\t\t\t\t\n<div class=\"vc_col-sm-12 wpb_column column_container  jupiter-donut- _ jupiter-donut-height-full\">\n\t\n<div id=\"padding-13\" class=\"mk-padding-divider jupiter-donut-  jupiter-donut-clearfix\"><\/div>\n\n<\/div>\n\t<\/div>\n\n<div  data-mk-stretch-content=\"true\" class=\"wpb_row vc_row vc_row-fluid jupiter-donut- mk-fullwidth-false  attched-false     js-master-row  mk-grid\">\n\t\t\t\t\n<div class=\"vc_col-sm-12 wpb_column column_container  jupiter-donut- _ jupiter-donut-height-full\">\n\t\n<div id=\"padding-15\" class=\"mk-padding-divider jupiter-donut-  jupiter-donut-clearfix\"><\/div>\n\n\n<div id=\"padding-16\" class=\"mk-padding-divider jupiter-donut-  jupiter-donut-clearfix\"><\/div>\n\n<\/div>\n\t<\/div>\n\n<div  data-mk-full-width=\"true\" data-mk-full-width-init=\"false\" data-mk-stretch-content=\"true\" class=\"wpb_row vc_row vc_row-fluid jupiter-donut- mk-fullwidth-true  attched-false     js-master-row  mk-full-content-true\">\n\t\t\t\t\n<div class=\"vc_col-sm-12 wpb_column column_container  jupiter-donut- _ jupiter-donut-height-full\">\n\t\n<div id=\"fullwidth-slideshow-wrapper-18\" class=\"jupiter-donut-\">\n\t<div id=\"fullwidth-slideshow-18\" class=\"mk-fullwidth-slideshow mk-script-call mk-flexslider js-flexslider slideshow stretch-images-true\" data-speedfactor=\"0.3\" data-animation=\"fade\" data-easing=\"swing\" data-direction=\"horizontal\" data-smoothheight=\"true\" data-animationspeed=\"700\" data-slideshowspeed=\"7000\" data-pauseonhover=\"false\" data-controlnav=\"false\" data-directionnav=\"true\" data-iscarousel=\"false\">\n\t\t<ul class=\"mk-flex-slides\">\n\t\t\t\t\t\t\t<li>\n\t\t\t\t\t<img decoding=\"async\" src=\"https:\/\/aviva.health\/wp-content\/uploads\/2020\/02\/home-page-or-resident-wellness-page-crop-u671.jpg\" alt=\"\" \/>\n\t\t\t\t<\/li>\n\t\t\t\t\t\t\t<li>\n\t\t\t\t\t<img decoding=\"async\" src=\"https:\/\/aviva.health\/wp-content\/uploads\/2020\/02\/home-page-options-2-crop-u677.jpg\" alt=\"\" \/>\n\t\t\t\t<\/li>\n\t\t\t\t\t\t\t<li>\n\t\t\t\t\t<img decoding=\"async\" src=\"https:\/\/aviva.health\/wp-content\/uploads\/2020\/02\/home-page-option-crop-u667.jpg\" alt=\"\" \/>\n\t\t\t\t<\/li>\n\t\t\t\t\t\t\t<li>\n\t\t\t\t\t<img decoding=\"async\" src=\"https:\/\/aviva.health\/wp-content\/uploads\/2020\/02\/home-page-option-1-crop-u675.jpg\" alt=\"\" \/>\n\t\t\t\t<\/li>\n\t\t\t\t\t\t\t<li>\n\t\t\t\t\t<img decoding=\"async\" src=\"https:\/\/aviva.health\/wp-content\/uploads\/2020\/02\/home-page-residency-puzzles-crop-u663.jpg\" alt=\"\" \/>\n\t\t\t\t<\/li>\n\t\t\t\t\t\t\t<li>\n\t\t\t\t\t<img decoding=\"async\" src=\"https:\/\/aviva.health\/wp-content\/uploads\/2020\/02\/home-page-friendship-crop-u669.jpg\" alt=\"\" \/>\n\t\t\t\t<\/li>\n\t\t\t\t\t\t\t<li>\n\t\t\t\t\t<img decoding=\"async\" src=\"https:\/\/aviva.health\/wp-content\/uploads\/2020\/02\/fall-creek-falls-crop-u673.jpg\" alt=\"\" \/>\n\t\t\t\t<\/li>\n\t\t\t\t\t<\/ul>\n\t<\/div>\n\t<div class=\"clearboth\"><\/div>\n<\/div>\n\n<\/div>\n\t<\/div>\n<div class=\"vc_row-full-width vc_clearfix\"><\/div>\n<\/div>","protected":false},"excerpt":{"rendered":"Rural Family Medicine for the 21st Century Training exceptional Family Physicians ideally suited for rural practice. Reverence. Integrity. Compassion. Excellence. Reverence. Integrity. Compassion. Excellence. These are the values that Roseburg [...]","protected":false},"author":5,"featured_media":0,"parent":0,"menu_order":0,"comment_status":"closed","ping_status":"closed","template":"","meta":{"nf_dc_page":"","om_disable_all_campaigns":false,"_monsterinsights_skip_tracking":false,"_monsterinsights_sitenote_active":false,"_monsterinsights_sitenote_note":"","_monsterinsights_sitenote_category":0,"footnotes":""},"class_list":["post-7197","page","type-page","status-publish","hentry"],"aioseo_notices":[],"_links":{"self":[{"href":"https:\/\/aviva.health\/es\/wp-json\/wp\/v2\/pages\/7197","targetHints":{"allow":["GET"]}}],"collection":[{"href":"https:\/\/aviva.health\/es\/wp-json\/wp\/v2\/pages"}],"about":[{"href":"https:\/\/aviva.health\/es\/wp-json\/wp\/v2\/types\/page"}],"author":[{"embeddable":true,"href":"https:\/\/aviva.health\/es\/wp-json\/wp\/v2\/users\/5"}],"replies":[{"embeddable":true,"href":"https:\/\/aviva.health\/es\/wp-json\/wp\/v2\/comments?post=7197"}],"version-history":[{"count":7,"href":"https:\/\/aviva.health\/es\/wp-json\/wp\/v2\/pages\/7197\/revisions"}],"predecessor-version":[{"id":11304,"href":"https:\/\/aviva.health\/es\/wp-json\/wp\/v2\/pages\/7197\/revisions\/11304"}],"wp:attachment":[{"href":"https:\/\/aviva.health\/es\/wp-json\/wp\/v2\/media?parent=7197"}],"curies":[{"name":"gracias","href":"https:\/\/api.w.org\/{rel}","templated":true}]}}