{"id":7,"date":"2015-06-17T12:42:01","date_gmt":"2015-06-17T12:42:01","guid":{"rendered":"http:\/\/demos.artbees.net\/jupiter5\/dia\/?page_id=7"},"modified":"2025-10-21T21:57:18","modified_gmt":"2025-10-21T21:57:18","slug":"about-us","status":"publish","type":"page","link":"https:\/\/aviva.health\/es\/about-us\/","title":{"rendered":"Sobre nosotros"},"content":{"rendered":"<div class=\"wpb-content-wrapper\">\n<div class=\"mk-page-section-wrapper\" data-mk-full-width=\"true\" data-mk-full-width-init=\"true\" data-mk-stretch-content=\"true\">\n\t<div id=\"page-section-1\" class=\"mk-page-section self-hosted   full_layout full-width-1 js-el js-master-row jupiter-donut-    center-y\"    data-intro-effect=\"false\">\n\n\t\t\t\n\t\t\t<div class=\"mk-page-section-inner\">\n\t\t\t\t\n\n\n<div style=\"background-color:#4da3da;opacity:0.5;\" class=\"mk-video-color-mask\"><\/div>\n\n\t\t\t\t\n\t\t\t\t\n\t\n\t<div class=\"background-layer-holder\">\n\t\t<div id=\"background-layer--1\" data-mk-lazyload=\"false\" class=\"background-layer mk-background-stretch none-blend-effect js-el\"    data-mk-img-set='{\"landscape\":{\"desktop\":\"https:\/\/aviva.health\/wp-content\/uploads\/2015\/06\/doctor-bw.jpg\",\"tablet\":\"https:\/\/aviva.health\/wp-content\/uploads\/2015\/06\/doctor-bw-1024x768.jpg\",\"mobile\":\"https:\/\/aviva.health\/wp-content\/uploads\/2015\/06\/doctor-bw-736x414.jpg\"},\"responsive\":\"true\"}' >\n\t\t\t\t\t\t\t\t\t<div class=\"mk-color-layer\"><\/div>\n\t\t<\/div>\n\t<\/div>\n\n\t\t\t<\/div>\n\n\t\t\t\n        <div class=\"page-section-content vc_row-fluid mk-grid\" >\n            <div class=\"mk-padding-wrapper wpb_row\">\n<div class=\"vc_col-sm-12 wpb_column column_container  jupiter-donut- _ jupiter-donut-height-full\">\n\t\n<h2 id=\"fancy-title-3\" class=\"mk-fancy-title  simple-style jupiter-donut-  color-single\">\n\t<span>\n\t\t\t\t<p>Convi\u00e9rtete en una mejor persona<\/p>\n\t\t\t<\/span>\n<\/h2>\n<div class=\"clearboth\"><\/div>\n\n\n\n<\/div>\n<\/div>\n            <div class=\"clearboth\"><\/div>\n        <\/div>\n\n\n\t\t\t\n\t\t\t\n\t\t\t\n\t\t<div class=\"clearboth\"><\/div>\n\t<\/div>\n<\/div>\n<div class=\"vc_row-full-width vc_clearfix\"><\/div>\n\n\n<div class=\"mk-page-section-wrapper\" data-mk-full-width=\"true\" data-mk-full-width-init=\"true\" data-mk-stretch-content=\"true\">\n\t<div id=\"page-section-4\" class=\"mk-page-section self-hosted   half_right_layout half_fluid full-width-4 js-el js-master-row jupiter-donut-\"    data-intro-effect=\"false\">\n\n\t\t\t\n\t\t\t<div class=\"mk-page-section-inner\">\n\t\t\t\t\n\n\n<div class=\"mk-video-color-mask\"><\/div>\n\n\t\t\t\t\n\t\t\t\t\t\t\t<\/div>\n\n\t\t\t\n\t\t\t \n \n\n <div class=\"mk-half-layout half_right_layout\" data-mk-img-set='{\"landscape\":{\"desktop\":\"https:\/\/aviva.health\/wp-content\/uploads\/2017\/09\/schools.jpg\",\"tablet\":\"https:\/\/aviva.health\/wp-content\/uploads\/2017\/09\/schools-1024x768.jpg\",\"mobile\":\"https:\/\/aviva.health\/wp-content\/uploads\/2017\/09\/schools-736x414.jpg\"},\"responsive\":\"true\"}'>\n     <\/div>\n\n <div class=\"mk-half-layout-container page-section-content half_right_layout\">\n    <div class=\"mk-half-layout-inner\">\n \t  \n<div class=\"vc_col-sm-12 wpb_column column_container  jupiter-donut- _ jupiter-donut-height-full\">\n\t\n<div id=\"padding-6\" class=\"mk-padding-divider jupiter-donut-  jupiter-donut-clearfix\"><\/div>\n\n\n<h2 id=\"fancy-title-7\" class=\"mk-fancy-title  simple-style jupiter-donut-  color-single\">\n\t<span>\n\t\t\t\t<p><a id=\"mission\"><\/a><a href=\"#mission\">Misi\u00f3n, Visi\u00f3n, Valores y Compromiso de Servicio al Cliente<\/a><\/p>\n\t\t\t<\/span>\n<\/h2>\n<div class=\"clearboth\"><\/div>\n\n\n\n<style>#fancy-title-7 {font-family: \"Raleway\"}<\/style>\t<div class=\"vc_custom_1567529289566\">\n\n<div id=\"text-block-8\" class=\"mk-text-block  jupiter-donut-\">\n\n\t\n\t<p><strong>DECLARACI\u00d3N DE MISI\u00d3N<\/strong><\/p>\n<p>Aviva Health es una organizaci\u00f3n independiente sin fines de lucro que cuida a la gente del condado de Douglas brind\u00e1ndole atenci\u00f3n m\u00e9dica de calidad, compasiva, accesible y asequible.<\/p>\n<p><strong>DECLARACI\u00d3N DE VISI\u00d3N<\/strong><\/p>\n<p>Aviva Health continuar\u00e1 creciendo como una parte reconocida, respetada e integral del sistema de prestaci\u00f3n de atenci\u00f3n m\u00e9dica en el condado de Douglas, brindando atenci\u00f3n b\u00e1sica y acceso a servicios que satisfagan las necesidades de nuestros pacientes.<\/p>\n<p><strong>DECLARACI\u00d3N DE VALOR<\/strong><\/p>\n<p>Aviva Health valora el acceso universal a una atenci\u00f3n m\u00e9dica adecuada, la dignidad inherente de todas las personas y las alianzas y relaciones de colaboraci\u00f3n que generan recursos para satisfacer las necesidades de nuestra comunidad. Seremos miembros solidarios del equipo de Aviva Health mediante actitud, compromiso, responsabilidad, comunicaci\u00f3n, educaci\u00f3n, relaciones p\u00fablicas, administraci\u00f3n, \u00e9tica y servicio.<\/p>\n<p><strong>DECLARACI\u00d3N DE SERVICIO AL CLIENTE<\/strong><\/p>\n<p>Para cumplir con nuestra misi\u00f3n, visi\u00f3n y valores, se espera que cada empleado de Aviva Health tome la iniciativa y d\u00e9 seguimiento a cada interacci\u00f3n de una manera que ayude a garantizar que cada cliente, ya sea externo o interno, experimente un servicio extraordinario.<\/p>\n\n\t<div class=\"clearboth\"><\/div>\n<\/div>\n\n\t<\/div>\n\n<div id=\"padding-9\" class=\"mk-padding-divider jupiter-donut-  jupiter-donut-clearfix\"><\/div>\n\n<\/div>\n    <\/div>\n <\/div>\n\n\n\t\t\t\n\t\t\t\n\t\t<div class=\"clearboth\"><\/div>\n\t<\/div>\n<\/div>\n<div class=\"vc_row-full-width vc_clearfix\"><\/div>\n\n\n<div class=\"mk-page-section-wrapper\" data-mk-full-width=\"true\" data-mk-full-width-init=\"true\" data-mk-stretch-content=\"true\">\n\t<div id=\"page-section-10\" class=\"mk-page-section self-hosted   half_left_layout half_boxed full-width-10 js-el js-master-row jupiter-donut-\"    data-intro-effect=\"false\">\n\n\t\t\t\n\t\t\t<div class=\"mk-page-section-inner\">\n\t\t\t\t\n\n\n<div class=\"mk-video-color-mask\"><\/div>\n\n\t\t\t\t\n\t\t\t\t\t\t\t<\/div>\n\n\t\t\t\n\t\t\t \n \n\n <div class=\"mk-half-layout half_left_layout\" data-mk-img-set='{\"landscape\":{\"desktop\":\"https:\/\/aviva.health\/wp-content\/uploads\/2017\/10\/uchc-portrait-missingphoto.jpg\",\"tablet\":\"https:\/\/aviva.health\/wp-content\/uploads\/2017\/10\/uchc-portrait-missingphoto.jpg\",\"mobile\":\"https:\/\/aviva.health\/wp-content\/uploads\/2017\/10\/uchc-portrait-missingphoto.jpg\"},\"responsive\":\"true\"}'>\n     <\/div>\n\n <div class=\"mk-half-layout-container page-section-content half_left_layout\">\n    <div class=\"mk-half-layout-inner\">\n \t  \n<div class=\"vc_col-sm-12 wpb_column column_container  jupiter-donut- _ jupiter-donut-height-full\">\n\t\n<h2 id=\"fancy-title-12\" class=\"mk-fancy-title  simple-style jupiter-donut-  color-single\">\n\t<span>\n\t\t\t\t<p>\u00bfQu\u00e9 es un FQHC?<\/p>\n\t\t\t<\/span>\n<\/h2>\n<div class=\"clearboth\"><\/div>\n\n\n\n<style>#fancy-title-12 {font-family: \"Raleway\"}<\/style>\t<div class=\"vc_custom_1761083833583\">\n\n<div id=\"text-block-13\" class=\"mk-text-block  jupiter-donut-\">\n\n\t\n\t<p>Aviva Health es una <em><strong>Centro de salud calificado a nivel federal<\/strong>,<\/em>\u00a0 Somos una cl\u00ednica de salud sin fines de lucro que brinda atenci\u00f3n primaria de alta calidad y econ\u00f3mica a cualquier persona que busque atenci\u00f3n, independientemente de su seguro m\u00e9dico o capacidad de pago. Ofrecemos una escala de tarifas con descuento seg\u00fan el tama\u00f1o de la familia y los ingresos.<\/p>\n<p>Los FQHC son:<\/p>\n<ul>\n<li><em><strong>Asequible y abierto a todos<\/strong>. <\/em>Las tarifas se basan en los ingresos y el tama\u00f1o de la familia, independientemente de si est\u00e1 asegurado o no.<\/li>\n<li><strong><em>Centrado en el paciente, centrado en la comunidad.\u00a0 \u00a0\u00a0<\/em><\/strong><img loading=\"lazy\" decoding=\"async\" class=\"wp-image-6434 alignnone\" src=\"https:\/\/aviva.health\/\/wp-content\/uploads\/2018\/02\/pcpchome.png\" alt=\"\" width=\"170\" height=\"31\" srcset=\"https:\/\/aviva.health\/wp-content\/uploads\/2018\/02\/pcpchome.png 3290w, https:\/\/aviva.health\/wp-content\/uploads\/2018\/02\/pcpchome-768x141.png 768w\" sizes=\"auto, (max-width: 170px) 100vw, 170px\" \/><br \/>\nAviva Health est\u00e1 reconocido por el estado de Oregon como un centro de atenci\u00f3n primaria centrado en el paciente. <a href=\"https:\/\/www.youtube.com\/watch?v=btsGDHO_4lU\">Mira este v\u00eddeo para obtener m\u00e1s informaci\u00f3n.<\/a>.<\/li>\n<\/ul>\n<ul>\n<li><strong><em>Gobernado por los pacientes.<\/em><\/strong> Al menos el 51 por ciento de los miembros de la junta directiva de un FQHC deben ser consumidores de los servicios del centro de salud, lo que garantiza la participaci\u00f3n de los pacientes y la comunidad en la prestaci\u00f3n del servicio.<\/li>\n<li><em><strong>Mejorar los resultados y reducir las disparidades. <\/strong><\/em>Los Centros de Salud Comunitarios son fundamentales para reducir las disparidades en la salud y mejorar los resultados para las personas con enfermedades cr\u00f3nicas a trav\u00e9s de la gesti\u00f3n de la atenci\u00f3n.<\/li>\n<\/ul>\n<p>Aviva Health comenz\u00f3 a atender pacientes en 1991 como la Cl\u00ednica de Puertas Abiertas, iniciativa de un grupo de trabajo comunitario dedicado a brindar atenci\u00f3n m\u00e9dica a las personas desfavorecidas. Ubicada en Pine Street, la cl\u00ednica atendi\u00f3 1241 consultas durante su primer a\u00f1o. Aviva Health se convirti\u00f3 en un Centro de Salud Federalmente Calificado (FQHC) en 1999 y ha crecido a seis centros de servicio, ofreciendo servicios de medicina primaria, dental y salud conductual. En 2016, Aviva Health atendi\u00f3 a m\u00e1s de 45\u00a0000 pacientes.<\/p>\n<p>As is the case with all Community Health Centers (CHC), our care starts with listening. We take time to get to know our patients \u2013 their lives, their needs, and their goals \u2013 and we build our care around that. This approach is about something bigger. As the largest primary care network in the country, CHCs are united by a shared commitment to care that\u2019s grounded in relationships. That\u2019s why the care people receive here feels familiar and personal. It\u2019s care that\u2019s shaped by trust, built on connection and delivered by a national movement rooted in every community we serve.<\/p>\n<p>Aviva Health es un centro de salud reconocido por la FTCA. La Ley de Asistencia a Centros de Salud con Apoyo Federal de 1992 y 1995 otorg\u00f3 protecci\u00f3n por responsabilidad civil por negligencia m\u00e9dica a trav\u00e9s de la Ley Federal de Reclamaciones por Agravios (FTCA) a los centros de salud financiados por la HRSA. Adem\u00e1s, Aviva Health recibe fondos del Departamento de Salud y Servicios Humanos (HHS) y cuenta con la consideraci\u00f3n del Servicio Federal de Salud P\u00fablica (PHS) para ciertas reclamaciones de salud o relacionadas con la salud, incluidas las reclamaciones por negligencia m\u00e9dica, tanto para s\u00ed misma como para sus asegurados.<\/p>\n<p>M\u00e1s informaci\u00f3n es <a href=\"https:\/\/bphc.hrsa.gov\/initiatives\/ftca\/what-ftca\" target=\"_blank\" rel=\"noopener noreferrer\">disponible aqu\u00ed<\/a>.<\/p>\n\n\t<div class=\"clearboth\"><\/div>\n<\/div>\n\n\t<\/div>\n<\/div>\n    <\/div>\n <\/div>\n\n\n\t\t\t\n\t\t\t\n\t\t<div class=\"clearboth\"><\/div>\n\t<\/div>\n<\/div>\n<div class=\"vc_row-full-width vc_clearfix\"><\/div>\n\n\n<\/div>","protected":false},"excerpt":{"rendered":"Become a Better You Mission, Vision, Values and Customer Service Pledge MISSION STATEMENT Aviva Health is an independent, not-for-profit organization that cares for the people of Douglas County by providing [...]","protected":false},"author":5,"featured_media":0,"parent":0,"menu_order":0,"comment_status":"open","ping_status":"open","template":"","meta":{"nf_dc_page":"","om_disable_all_campaigns":false,"_monsterinsights_skip_tracking":false,"_monsterinsights_sitenote_active":false,"_monsterinsights_sitenote_note":"","_monsterinsights_sitenote_category":0,"footnotes":""},"class_list":["post-7","page","type-page","status-publish","hentry"],"aioseo_notices":[],"_links":{"self":[{"href":"https:\/\/aviva.health\/es\/wp-json\/wp\/v2\/pages\/7","targetHints":{"allow":["GET"]}}],"collection":[{"href":"https:\/\/aviva.health\/es\/wp-json\/wp\/v2\/pages"}],"about":[{"href":"https:\/\/aviva.health\/es\/wp-json\/wp\/v2\/types\/page"}],"author":[{"embeddable":true,"href":"https:\/\/aviva.health\/es\/wp-json\/wp\/v2\/users\/5"}],"replies":[{"embeddable":true,"href":"https:\/\/aviva.health\/es\/wp-json\/wp\/v2\/comments?post=7"}],"version-history":[{"count":8,"href":"https:\/\/aviva.health\/es\/wp-json\/wp\/v2\/pages\/7\/revisions"}],"predecessor-version":[{"id":11890,"href":"https:\/\/aviva.health\/es\/wp-json\/wp\/v2\/pages\/7\/revisions\/11890"}],"wp:attachment":[{"href":"https:\/\/aviva.health\/es\/wp-json\/wp\/v2\/media?parent=7"}],"curies":[{"name":"gracias","href":"https:\/\/api.w.org\/{rel}","templated":true}]}}