{"id":6237,"date":"2017-10-16T16:49:30","date_gmt":"2017-10-16T16:49:30","guid":{"rendered":"http:\/\/umpquacommunityhealthcenter.org\/?page_id=6237"},"modified":"2019-09-05T03:55:35","modified_gmt":"2019-09-05T03:55:35","slug":"benefits","status":"publish","type":"page","link":"https:\/\/aviva.health\/es\/careers\/benefits\/","title":{"rendered":"Beneficios"},"content":{"rendered":"<div class=\"wpb-content-wrapper\">\n<div class=\"mk-page-section-wrapper\" data-mk-full-width=\"true\" data-mk-full-width-init=\"true\" data-mk-stretch-content=\"true\">\n\t<div id=\"page-section-1\" class=\"mk-page-section self-hosted   full_layout full-width-1 js-el js-master-row jupiter-donut-    center-y\"    data-intro-effect=\"false\">\n\n\t\t\t\n\t\t\t<div class=\"mk-page-section-inner\">\n\t\t\t\t\n\n\n<div class=\"mk-video-color-mask\"><\/div>\n\n\t\t\t\t\n\t\t\t\t\n\t\n\t<div class=\"background-layer-holder\">\n\t\t<div id=\"background-layer--1\" data-mk-lazyload=\"false\" class=\"background-layer mk-background-stretch none-blend-effect js-el\"    data-mk-img-set='{\"landscape\":{\"desktop\":\"https:\/\/aviva.health\/wp-content\/uploads\/2019\/09\/umpqua-community-health-center-aviva-health-main-campus-1500x758-bwblue.jpg\",\"tablet\":\"https:\/\/aviva.health\/wp-content\/uploads\/2019\/09\/umpqua-community-health-center-aviva-health-main-campus-1500x758-bwblue-1024x768.jpg\",\"mobile\":\"https:\/\/aviva.health\/wp-content\/uploads\/2019\/09\/umpqua-community-health-center-aviva-health-main-campus-1500x758-bwblue-736x414.jpg\"},\"responsive\":\"true\"}' >\n\t\t\t\t\t\t\t\t\t<div class=\"mk-color-layer\"><\/div>\n\t\t<\/div>\n\t<\/div>\n\n\t\t\t<\/div>\n\n\t\t\t\n        <div class=\"page-section-content vc_row-fluid mk-grid\" >\n            <div class=\"mk-padding-wrapper wpb_row\">\n<div class=\"vc_col-sm-12 wpb_column column_container  jupiter-donut- _ jupiter-donut-height-full\">\n\t\n<h2 id=\"fancy-title-3\" class=\"mk-fancy-title  simple-style jupiter-donut-  color-single\">\n\t<span>\n\t\t\t\t<p>Beneficios<\/p>\n\t\t\t<\/span>\n<\/h2>\n<div class=\"clearboth\"><\/div>\n\n\n\n<\/div>\n<\/div>\n            <div class=\"clearboth\"><\/div>\n        <\/div>\n\n\n\t\t\t\n\t\t\t\n\t\t\t\n\t\t<div class=\"clearboth\"><\/div>\n\t<\/div>\n<\/div>\n<div class=\"vc_row-full-width vc_clearfix\"><\/div>\n\n\n<div class=\"mk-page-section-wrapper\" data-mk-full-width=\"true\" data-mk-full-width-init=\"true\" data-mk-stretch-content=\"true\">\n\t<div id=\"page-section-4\" class=\"mk-page-section self-hosted   full_layout full-width-4 js-el js-master-row jupiter-donut-\"    data-intro-effect=\"false\">\n\n\t\t\t\n\t\t\t<div class=\"mk-page-section-inner\">\n\t\t\t\t\n\n\n<div class=\"mk-video-color-mask\"><\/div>\n\n\t\t\t\t\n\t\t\t\t\t\t\t<\/div>\n\n\t\t\t\n        <div class=\"page-section-content vc_row-fluid mk-grid\" >\n            <div class=\"mk-padding-wrapper wpb_row\">\n<div class=\"vc_col-sm-4 wpb_column column_container  jupiter-donut- _ jupiter-donut-height-full\">\n\t\n<div id=\"padding-6\" class=\"mk-padding-divider jupiter-donut-  jupiter-donut-clearfix\"><\/div>\n\n\n<div id=\"text-block-7\" class=\"mk-text-block  jupiter-donut-\">\n\n\t\n\t<p><img loading=\"lazy\" decoding=\"async\" class=\"alignnone size-full wp-image-5884\" src=\"http:\/\/umpquacommunityhealthcenter.org\/wp-content\/uploads\/2017\/03\/uchc-xmas.jpg\" alt=\"\" width=\"1000\" height=\"667\" srcset=\"https:\/\/aviva.health\/wp-content\/uploads\/2017\/03\/uchc-xmas.jpg 1000w, https:\/\/aviva.health\/wp-content\/uploads\/2017\/03\/uchc-xmas-768x512.jpg 768w, https:\/\/aviva.health\/wp-content\/uploads\/2017\/03\/uchc-xmas-150x100.jpg 150w, https:\/\/aviva.health\/wp-content\/uploads\/2017\/03\/uchc-xmas-330x220.jpg 330w, https:\/\/aviva.health\/wp-content\/uploads\/2017\/03\/uchc-xmas-900x600.jpg 900w, https:\/\/aviva.health\/wp-content\/uploads\/2017\/03\/uchc-xmas-736x490.jpg 736w, https:\/\/aviva.health\/wp-content\/uploads\/2017\/03\/uchc-xmas-621x414.jpg 621w, https:\/\/aviva.health\/wp-content\/uploads\/2017\/03\/uchc-xmas-414x276.jpg 414w\" sizes=\"auto, (max-width: 1000px) 100vw, 1000px\" \/><\/p>\n<p><em><strong>\u00a1UCHC es un excelente lugar para trabajar! \u00a1Miren el esp\u00edritu navide\u00f1o que tenemos!<\/strong><\/em><\/p>\n\n\t<div class=\"clearboth\"><\/div>\n<\/div>\n\n\n<div id=\"padding-8\" class=\"mk-padding-divider jupiter-donut-  jupiter-donut-clearfix\"><\/div>\n\n<\/div>\n\n<div class=\"vc_col-sm-8 wpb_column column_container  jupiter-donut- _ jupiter-donut-height-full\">\n\t\n<div id=\"padding-10\" class=\"mk-padding-divider jupiter-donut-  jupiter-donut-clearfix\"><\/div>\n\n\t<div class=\"vc_custom_1567653502654\">\n\n<div id=\"text-block-11\" class=\"mk-text-block  jupiter-donut-\">\n\n\t\n\t<h2>\u00a1\u00danete al equipo de Aviva Salud!<\/h2>\n<p><strong>\u00bfEs usted un proveedor que busca un nuevo lugar para practicar?<\/strong><\/p>\n<p>Aviva Health contin\u00faa creciendo y siempre buscamos profesionales independientes con licencia para ayudarnos a cumplir nuestra misi\u00f3n de brindar acceso a atenci\u00f3n m\u00e9dica de calidad a las personas que viven en el condado de Douglas. Aviva Health ofrece un generoso paquete de compensaci\u00f3n para los proveedores, que incluye:<\/p>\n<ul>\n<li>Salario competitivo<\/li>\n<li>Beneficios completos, incluyendo la familia<\/li>\n<li>Jubilaci\u00f3n 403b con aportaci\u00f3n del empleador<\/li>\n<li>Estipendio de CME<\/li>\n<li>PTO y d\u00edas festivos pagados<\/li>\n<li>Reembolso de licencia<\/li>\n<\/ul>\n<p>Como empleado de un Centro de Salud con Calificaci\u00f3n Federal y una puntuaci\u00f3n HPSA de 18, podr\u00eda calificar para el reembolso de pr\u00e9stamos a trav\u00e9s del Cuerpo Nacional de Servicios de Salud o de los programas de Reembolso de Pr\u00e9stamos del Estado de Oreg\u00f3n. Beneficios adicionales:<\/p>\n<ul>\n<li>Exenciones fiscales para profesionales rurales<\/li>\n<li>Bono por firmar contrato y asistencia para la reubicaci\u00f3n<\/li>\n<li>Cobertura de mala praxis pagada bajo la FTCA y seguro de brecha<\/li>\n<\/ul>\n<p>Si usted es un proveedor interesado en obtener m\u00e1s informaci\u00f3n sobre las oportunidades en Aviva Health, env\u00edenos un correo electr\u00f3nico a <a href=\"mailto:HR@aviva.health\">HR@aviva.health<\/a>.<\/p>\n\n\t<div class=\"clearboth\"><\/div>\n<\/div>\n\n\t<\/div>\n\n<div id=\"padding-12\" class=\"mk-padding-divider jupiter-donut-  jupiter-donut-clearfix\"><\/div>\n\n<\/div>\n<\/div>\n            <div class=\"clearboth\"><\/div>\n        <\/div>\n\n\n\t\t\t\n\t\t\t\n\t\t\t\n\t\t<div class=\"clearboth\"><\/div>\n\t<\/div>\n<\/div>\n<div class=\"vc_row-full-width vc_clearfix\"><\/div>\n\n\n<\/div>","protected":false},"excerpt":{"rendered":"Benefits UCHC is a great place to work! Look at the holiday spirit we have! Join the Aviva Health Team! Are you a Provider looking for a new place to [...]","protected":false},"author":5,"featured_media":0,"parent":5880,"menu_order":0,"comment_status":"closed","ping_status":"closed","template":"","meta":{"nf_dc_page":"","om_disable_all_campaigns":false,"_monsterinsights_skip_tracking":false,"_monsterinsights_sitenote_active":false,"_monsterinsights_sitenote_note":"","_monsterinsights_sitenote_category":0,"footnotes":""},"class_list":["post-6237","page","type-page","status-publish","hentry"],"aioseo_notices":[],"_links":{"self":[{"href":"https:\/\/aviva.health\/es\/wp-json\/wp\/v2\/pages\/6237","targetHints":{"allow":["GET"]}}],"collection":[{"href":"https:\/\/aviva.health\/es\/wp-json\/wp\/v2\/pages"}],"about":[{"href":"https:\/\/aviva.health\/es\/wp-json\/wp\/v2\/types\/page"}],"author":[{"embeddable":true,"href":"https:\/\/aviva.health\/es\/wp-json\/wp\/v2\/users\/5"}],"replies":[{"embeddable":true,"href":"https:\/\/aviva.health\/es\/wp-json\/wp\/v2\/comments?post=6237"}],"version-history":[{"count":6,"href":"https:\/\/aviva.health\/es\/wp-json\/wp\/v2\/pages\/6237\/revisions"}],"predecessor-version":[{"id":7091,"href":"https:\/\/aviva.health\/es\/wp-json\/wp\/v2\/pages\/6237\/revisions\/7091"}],"up":[{"embeddable":true,"href":"https:\/\/aviva.health\/es\/wp-json\/wp\/v2\/pages\/5880"}],"wp:attachment":[{"href":"https:\/\/aviva.health\/es\/wp-json\/wp\/v2\/media?parent=6237"}],"curies":[{"name":"gracias","href":"https:\/\/api.w.org\/{rel}","templated":true}]}}