{"id":5880,"date":"2017-03-17T21:26:31","date_gmt":"2017-03-17T21:26:31","guid":{"rendered":"http:\/\/umpquacommunityhealthcenter.org\/?page_id=5880"},"modified":"2025-04-28T20:27:47","modified_gmt":"2025-04-28T20:27:47","slug":"careers","status":"publish","type":"page","link":"https:\/\/aviva.health\/es\/careers\/","title":{"rendered":"Oportunidades profesionales"},"content":{"rendered":"<div class=\"wpb-content-wrapper\">\n<div class=\"mk-page-section-wrapper\" data-mk-full-width=\"true\" data-mk-full-width-init=\"true\" data-mk-stretch-content=\"true\">\n\t<div id=\"page-section-1\" class=\"mk-page-section self-hosted   full_layout full-width-1 js-el js-master-row jupiter-donut-    center-y\"    data-intro-effect=\"false\">\n\n\t\t\t\n\t\t\t<div class=\"mk-page-section-inner\">\n\t\t\t\t\n\n\n<div class=\"mk-video-color-mask\"><\/div>\n\n\t\t\t\t\n\t\t\t\t\n\t\n\t<div class=\"background-layer-holder\">\n\t\t<div id=\"background-layer--1\" data-mk-lazyload=\"false\" class=\"background-layer mk-background-stretch none-blend-effect js-el\"    data-mk-img-set='{\"landscape\":{\"desktop\":\"https:\/\/aviva.health\/wp-content\/uploads\/2019\/09\/umpqua-community-health-center-aviva-health-main-campus-1500x758-bwblue.jpg\",\"tablet\":\"https:\/\/aviva.health\/wp-content\/uploads\/2019\/09\/umpqua-community-health-center-aviva-health-main-campus-1500x758-bwblue-1024x768.jpg\",\"mobile\":\"https:\/\/aviva.health\/wp-content\/uploads\/2019\/09\/umpqua-community-health-center-aviva-health-main-campus-1500x758-bwblue-736x414.jpg\"},\"responsive\":\"true\"}' >\n\t\t\t\t\t\t\t\t\t<div class=\"mk-color-layer\"><\/div>\n\t\t<\/div>\n\t<\/div>\n\n\t\t\t<\/div>\n\n\t\t\t\n        <div class=\"page-section-content vc_row-fluid mk-grid\" >\n            <div class=\"mk-padding-wrapper wpb_row\">\n<div class=\"vc_col-sm-12 wpb_column column_container  jupiter-donut- _ jupiter-donut-height-full\">\n\t\n<h2 id=\"fancy-title-3\" class=\"mk-fancy-title  simple-style jupiter-donut-  color-single\">\n\t<span>\n\t\t\t\t<p>Oportunidades profesionales<\/p>\n\t\t\t<\/span>\n<\/h2>\n<div class=\"clearboth\"><\/div>\n\n\n\n<\/div>\n<\/div>\n            <div class=\"clearboth\"><\/div>\n        <\/div>\n\n\n\t\t\t\n\t\t\t\n\t\t\t\n\t\t<div class=\"clearboth\"><\/div>\n\t<\/div>\n<\/div>\n<div class=\"vc_row-full-width vc_clearfix\"><\/div>\n\n\n<div  data-mk-stretch-content=\"true\" class=\"wpb_row vc_row vc_row-fluid jupiter-donut- mk-fullwidth-false  attched-false     js-master-row  mk-grid\">\n\t\t\t\t\n<div class=\"vc_col-sm-12 wpb_column column_container  jupiter-donut- _ jupiter-donut-height-full\">\n\t\n<div id=\"padding-5\" class=\"mk-padding-divider jupiter-donut-  jupiter-donut-clearfix\"><\/div>\n\n\t<div class=\"vc_custom_1745872064338\">\n\n<div id=\"text-block-6\" class=\"mk-text-block  jupiter-donut-\">\n\n\t\n\t<p>Si sue\u00f1a con marcar la diferencia en la comunidad utilizando sus habilidades y talento para mejorar vidas, ha llegado al lugar indicado. Aviva Health est\u00e1 marcando la diferencia en la vida de los habitantes del condado de Douglas al ofrecer atenci\u00f3n m\u00e9dica, dental y de salud mental integrada, completa y accesible a nuestros amigos y vecinos, sin importar su situaci\u00f3n financiera o su seguro m\u00e9dico.<\/p>\n<p>Hemos construido una cultura centrada en la misi\u00f3n, basada en la compasi\u00f3n y el servicio al pr\u00f3jimo. En Avivans, como se conoce a nuestros empleados, nos preocupamos no solo por nuestra comunidad, sino tambi\u00e9n por los dem\u00e1s. Nos responsabilizamos mutuamente y nunca olvidamos que &quot;hay un paciente en el centro de todo&quot;.<\/p>\n<p>Y tambi\u00e9n nos divertimos mucho durante el proceso. Nos encanta celebrar a nuestra gente y sus \u00e9xitos. Ya sea una &quot;Vuelta de la Victoria&quot; o una fiesta navide\u00f1a anual, los Avivans saben c\u00f3mo pasarlo bien.<\/p>\n<p>Durante varios a\u00f1os consecutivos, Aviva Health ha sido seleccionada como el &quot;Lugar favorito para trabajar&quot; elegido por los lectores de The News-Review y una Asociaci\u00f3n de Atenci\u00f3n Primaria Regional del Noroeste. <a href=\"https:\/\/kqennewsradio.com\/2022\/05\/17\/aviva-health-selected-as-summit-award-winner\/\" target=\"_blank\" rel=\"noopener\">Empleador de elecci\u00f3n ganador del premio Summit<\/a>.<\/p>\n<p>\u00bfListo para marcar la diferencia en la vida de nuestros amigos y vecinos del condado de Douglas, Oreg\u00f3n? \u00a1Considera unirte al gran equipo de Aviva Health!<\/p>\n\n\t<div class=\"clearboth\"><\/div>\n<\/div>\n\n\t<\/div>\n<\/div>\n\t<\/div>\n\n<div class=\"mk-page-section-wrapper\" data-mk-full-width=\"true\" data-mk-full-width-init=\"true\" data-mk-stretch-content=\"true\">\n\t<div id=\"page-section-7\" class=\"mk-page-section self-hosted   full_layout full-width-7 js-el js-master-row jupiter-donut-\"    data-intro-effect=\"false\">\n\n\t\t\t\n\t\t\t<div class=\"mk-page-section-inner\">\n\t\t\t\t\n\n\n<div class=\"mk-video-color-mask\"><\/div>\n\n\t\t\t\t\n\t\t\t\t\t\t\t<\/div>\n\n\t\t\t\n        <div class=\"page-section-content vc_row-fluid mk-grid\" >\n            <div class=\"mk-padding-wrapper wpb_row\">\n<div class=\"vc_col-sm-2 wpb_column column_container  jupiter-donut- _ jupiter-donut-height-full\">\n\t<\/div>\n\n<div class=\"vc_col-sm-8 wpb_column column_container  jupiter-donut- _ jupiter-donut-height-full\">\n\t\n\n<div class=\"wpb_row vc_inner vc_row vc_row-fluid jupiter-donut-   attched-false   vc_custom_1489785924739\">\n\t\t\t<div class=\"wpb_column vc_column_container vc_col-sm-12\"><div class=\"vc_column-inner\"><div class=\"wpb_wrapper\">\t<div class=\"vc_custom_1712077939571\">\n\n<div id=\"text-block-10\" class=\"mk-text-block  jupiter-donut-\">\n\n\t\n\t<div id=\"BambooHR\" data-domain=\"avivahealth.bamboohr.com\" data-version=\"1.0.0\" data-departmentid=\"\"><\/div>\n<p><script src=\"https:\/\/avivahealth.bamboohr.com\/js\/embed.js\"type=\"text\/javascript\" async defer><\/script><\/p>\n\n\t<div class=\"clearboth\"><\/div>\n<\/div>\n\n\t<\/div>\n\t<div class=\"vc_custom_1675098109860\">\n\n<div id=\"text-block-11\" class=\"mk-text-block  jupiter-donut-\">\n\n\t\n\t<p><span style=\"color: #05586b; font-size: 14pt;\"><strong>Los empleados a tiempo completo reciben beneficios que incluyen tiempo libre remunerado (PTO), jubilaci\u00f3n 403B, seguro m\u00e9dico, dental y de la vista.<\/strong><\/span><\/p>\n\n\t<div class=\"clearboth\"><\/div>\n<\/div>\n\n\t<\/div>\n<div class=\"vc_separator wpb_content_element vc_separator_align_center vc_sep_width_100 vc_sep_pos_align_center vc_separator_no_text wpb_content_element  wpb_content_element\" ><span class=\"vc_sep_holder vc_sep_holder_l\"><span style=\"border-color:#9a9a9a;\" class=\"vc_sep_line\"><\/span><\/span><span class=\"vc_sep_holder vc_sep_holder_r\"><span style=\"border-color:#9a9a9a;\" class=\"vc_sep_line\"><\/span><\/span>\n<\/div>\t<div class=\"vc_custom_1690401942255\">\n\n<div id=\"text-block-12\" class=\"mk-text-block  jupiter-donut-\">\n\n\t\n\t<h2>C\u00f3mo aplicar<\/h2>\n<p><span style=\"font-size: 14pt;\">Para ser considerado para un empleo en Aviva Health, post\u00falese en l\u00ednea a trav\u00e9s de uno de los enlaces de empleo. Si necesita ayuda para solicitar alguno de nuestros puestos vacantes, llame al 541-672-9596 o env\u00ede un correo electr\u00f3nico a: <a href=\"mailto:HR@aviva.health\">recruiting@aviva.health<\/a>.<\/span><\/p>\n\n\t<div class=\"clearboth\"><\/div>\n<\/div>\n\n\t<\/div>\n\n<div id=\"list-13\" class=\"mk-list-styles  mk-align-none  jupiter-donut- jupiter-donut-clear\" data-charcode=\"mk-icon-file-pdf-o\" data-family=\"\">\n\n\t\n\t\n<\/div>\n<\/div><\/div><\/div>\t<\/div>\n\n<div id=\"padding-14\" class=\"mk-padding-divider jupiter-donut-  jupiter-donut-clearfix\"><\/div>\n\n<\/div>\n\n<div class=\"vc_col-sm-2 wpb_column column_container  jupiter-donut- _ jupiter-donut-height-full\">\n\t<\/div>\n<\/div>\n            <div class=\"clearboth\"><\/div>\n        <\/div>\n\n\n\t\t\t\n\t\t\t\n\t\t\t\n\t\t<div class=\"clearboth\"><\/div>\n\t<\/div>\n<\/div>\n<div class=\"vc_row-full-width vc_clearfix\"><\/div>\n\n\n<div  data-mk-stretch-content=\"true\" class=\"wpb_row vc_row vc_row-fluid jupiter-donut- mk-fullwidth-false  attched-false     js-master-row  mk-grid\">\n\t\t\t\t\n<div class=\"vc_col-sm-12 wpb_column column_container  jupiter-donut- _ jupiter-donut-height-full\">\n\t\n<div id=\"padding-17\" class=\"mk-padding-divider jupiter-donut-  jupiter-donut-clearfix\"><\/div>\n\n<\/div>\n\t<\/div>\n\n<\/div>","protected":false},"excerpt":{"rendered":"Career Opportunities If you dream of making a difference in the community by using your skills and talent to improve lives, you've come to the right place. Aviva Health is [...]","protected":false},"author":5,"featured_media":0,"parent":0,"menu_order":0,"comment_status":"closed","ping_status":"closed","template":"","meta":{"nf_dc_page":"","om_disable_all_campaigns":false,"_monsterinsights_skip_tracking":false,"_monsterinsights_sitenote_active":false,"_monsterinsights_sitenote_note":"","_monsterinsights_sitenote_category":0,"footnotes":""},"class_list":["post-5880","page","type-page","status-publish","hentry"],"aioseo_notices":[],"_links":{"self":[{"href":"https:\/\/aviva.health\/es\/wp-json\/wp\/v2\/pages\/5880","targetHints":{"allow":["GET"]}}],"collection":[{"href":"https:\/\/aviva.health\/es\/wp-json\/wp\/v2\/pages"}],"about":[{"href":"https:\/\/aviva.health\/es\/wp-json\/wp\/v2\/types\/page"}],"author":[{"embeddable":true,"href":"https:\/\/aviva.health\/es\/wp-json\/wp\/v2\/users\/5"}],"replies":[{"embeddable":true,"href":"https:\/\/aviva.health\/es\/wp-json\/wp\/v2\/comments?post=5880"}],"version-history":[{"count":7,"href":"https:\/\/aviva.health\/es\/wp-json\/wp\/v2\/pages\/5880\/revisions"}],"predecessor-version":[{"id":11506,"href":"https:\/\/aviva.health\/es\/wp-json\/wp\/v2\/pages\/5880\/revisions\/11506"}],"wp:attachment":[{"href":"https:\/\/aviva.health\/es\/wp-json\/wp\/v2\/media?parent=5880"}],"curies":[{"name":"gracias","href":"https:\/\/api.w.org\/{rel}","templated":true}]}}