{"id":5877,"date":"2017-03-17T20:42:56","date_gmt":"2017-03-17T20:42:56","guid":{"rendered":"http:\/\/umpquacommunityhealthcenter.org\/?page_id=5877"},"modified":"2019-09-05T04:11:52","modified_gmt":"2019-09-05T04:11:52","slug":"programs","status":"publish","type":"page","link":"https:\/\/aviva.health\/es\/programs\/","title":{"rendered":"Programas"},"content":{"rendered":"<div class=\"wpb-content-wrapper\">\n<div class=\"mk-page-section-wrapper\" data-mk-full-width=\"true\" data-mk-full-width-init=\"true\" data-mk-stretch-content=\"true\">\n\t<div id=\"page-section-1\" class=\"mk-page-section self-hosted   full_layout full-width-1 js-el js-master-row jupiter-donut-\"    data-intro-effect=\"false\">\n\n\t\t\t\n\t\t\t<div class=\"mk-page-section-inner\">\n\t\t\t\t\n\n\n<div style=\"background-color:#4da3da;opacity:0.5;\" class=\"mk-video-color-mask\"><\/div>\n\n\t\t\t\t\n\t\t\t\t\n\t\n\t<div class=\"background-layer-holder\">\n\t\t<div id=\"background-layer--1\" data-mk-lazyload=\"false\" class=\"background-layer mk-background-stretch none-blend-effect js-el\"    data-mk-img-set='{\"landscape\":{\"desktop\":\"https:\/\/aviva.health\/wp-content\/uploads\/2017\/03\/programs-bw.jpg\",\"tablet\":\"https:\/\/aviva.health\/wp-content\/uploads\/2017\/03\/programs-bw-1024x768.jpg\",\"mobile\":\"https:\/\/aviva.health\/wp-content\/uploads\/2017\/03\/programs-bw-736x414.jpg\"},\"responsive\":\"true\"}' >\n\t\t\t\t\t\t\t\t\t<div class=\"mk-color-layer\"><\/div>\n\t\t<\/div>\n\t<\/div>\n\n\t\t\t<\/div>\n\n\t\t\t\n        <div class=\"page-section-content vc_row-fluid mk-grid\" >\n            <div class=\"mk-padding-wrapper wpb_row\">\n<div class=\"vc_col-sm-12 wpb_column column_container  jupiter-donut- _ jupiter-donut-height-full\">\n\t\n<h2 id=\"fancy-title-3\" class=\"mk-fancy-title  simple-style jupiter-donut-  color-single\">\n\t<span>\n\t\t\t\t<p>Programas que ofrecemos<\/p>\n\t\t\t<\/span>\n<\/h2>\n<div class=\"clearboth\"><\/div>\n\n\n\n<\/div>\n<\/div>\n            <div class=\"clearboth\"><\/div>\n        <\/div>\n\n\n\t\t\t\n\t\t\t\n\t\t\t\n\t\t<div class=\"clearboth\"><\/div>\n\t<\/div>\n<\/div>\n<div class=\"vc_row-full-width vc_clearfix\"><\/div>\n\n\n<div class=\"mk-page-section-wrapper\" data-mk-full-width=\"true\" data-mk-full-width-init=\"true\" data-mk-stretch-content=\"true\">\n\t<div id=\"page-section-4\" class=\"mk-page-section self-hosted   full_layout full-width-4 js-el js-master-row jupiter-donut-\"    data-intro-effect=\"false\">\n\n\t\t\t\n\t\t\t<div class=\"mk-page-section-inner\">\n\t\t\t\t\n\n\n<div class=\"mk-video-color-mask\"><\/div>\n\n\t\t\t\t\n\t\t\t\t\t\t\t<\/div>\n\n\t\t\t\n        <div class=\"page-section-content vc_row-fluid mk-grid\" >\n            <div class=\"mk-padding-wrapper wpb_row\">\n<div class=\"vc_col-sm-2 wpb_column column_container  jupiter-donut- _ jupiter-donut-height-full\">\n\t<\/div>\n\n<div class=\"vc_col-sm-8 wpb_column column_container  jupiter-donut- _ jupiter-donut-height-full\">\n\t\n<div id=\"padding-7\" class=\"mk-padding-divider jupiter-donut-  jupiter-donut-clearfix\"><\/div>\n\n\t<div class=\"vc_custom_1567475992928\">\n\n<div id=\"text-block-8\" class=\"mk-text-block  jupiter-donut-\">\n\n\t\n\t<h1 style=\"text-align: center;\">Aviva Salud en la Comunidad<\/h1>\n<p style=\"text-align: center;\">Aviva Health ofrece diversos servicios para promover la salud en nuestra comunidad. Esto incluye eventos especiales como ferias de salud, oportunidades educativas y talleres, participaci\u00f3n en eventos comunitarios como el D\u00eda del Cuidado y la Celebraci\u00f3n de la Infancia, y servicios especiales que mejoran la atenci\u00f3n a nuestros pacientes.<br \/>\nA continuaci\u00f3n se muestran algunos ejemplos del compromiso de Aviva Health con la buena salud del condado de Douglas.<\/p>\n\n\t<div class=\"clearboth\"><\/div>\n<\/div>\n\n\t<\/div>\n<div class=\"vc_separator wpb_content_element vc_separator_align_center vc_sep_width_100 vc_sep_pos_align_center vc_separator_no_text vc_sep_color_black vc_custom_1490030386053 wpb_content_element  vc_custom_1490030386053 wpb_content_element\" ><span class=\"vc_sep_holder vc_sep_holder_l\"><span class=\"vc_sep_line\"><\/span><\/span><span class=\"vc_sep_holder vc_sep_holder_r\"><span class=\"vc_sep_line\"><\/span><\/span>\n<\/div>\n<h2 id=\"fancy-title-9\" class=\"mk-fancy-title  simple-style jupiter-donut-  color-single\">\n\t<span>\n\t\t\t\t<p>Vivir bien con diabetes<\/p>\n\t\t\t<\/span>\n<\/h2>\n<div class=\"clearboth\"><\/div>\n\n\n\n\t<div class=\"vc_custom_1567656455099\">\n\n<div id=\"text-block-10\" class=\"mk-text-block  jupiter-donut-\">\n\n\t\n\t<h4><strong>Lunes 2 de abril \u2013 Jueves 19 de abril de 2018<\/strong><\/h4>\n<h6><em>Lunes y jueves de 15:00 a 17:00 horas<\/em><\/h6>\n<p><a href=\"https:\/\/aviva.health\/\/wp-content\/uploads\/2018\/03\/live-well-with-diabetes.pdf\" target=\"_blank\" rel=\"noopener\">Haga clic aqu\u00ed para m\u00e1s detalles<\/a><\/p>\n<p><a href=\"http:\/\/kpic.com\/news\/local\/douglas-county-to-hold-workshop-to-help-those-who-live-with-diabetes\" target=\"_blank\" rel=\"noopener\">http:\/\/kpic.com\/news\/local\/douglas-county-to-hold-workshop-to-help-those-who-live-with-diabetes<\/a><\/p>\n<p>Para obtener informaci\u00f3n sobre las pr\u00f3ximas clases o para registrarse, llame al (541) 672-9596 ext. 430, consulte nuestra p\u00e1gina de \u201cEventos\u201d o comun\u00edquese con <a href=\"mailto:cnorona@aviva.health\">cnorona@aviva.health<\/a>.<\/p>\n<hr \/>\n\n\t<div class=\"clearboth\"><\/div>\n<\/div>\n\n\t<\/div>\n\n<div id=\"text-block-11\" class=\"mk-text-block  jupiter-donut-\">\n\n\t\n\t<h4>Jueves, 27 de octubre de 2016<\/h4>\n<h2>AHEC colabora con UCHC<\/h2>\n<p>La misi\u00f3n del Centro Nacional de Educaci\u00f3n en Salud del \u00c1rea (AHEC) es &quot;Conectar a los estudiantes con carreras profesionales, conectar a los profesionales con las comunidades y conectar a las comunidades con una mejor salud&quot;. El Centro de Salud Comunitario de Umpqua ha colaborado recientemente con AHEC en su Programa de Escribas. Este programa ofrece a los estudiantes interesados en la Facultad de Medicina u otras profesiones relacionadas con la atenci\u00f3n m\u00e9dica la oportunidad de trabajar como escribanos junto con m\u00e9dicos, enfermeras practicantes y asistentes m\u00e9dicos. Este programa les permite adquirir una valiosa experiencia m\u00e9dica. Lea el art\u00edculo completo sobre este programa y la colaboraci\u00f3n entre AHECSW y UCHC en:<\/p>\n<p><a href=\"http:\/\/www.healthyoregon.com\/ahec-blog\/aspiring-pre-med-students-gain-valuable-experience-as-medical-scribes-1\">http:\/\/www.healthyoregon.com\/ahec-blog\/aspiring-pre-med-students-gain-valuable-experience-as-medical-scribes-1<\/a><\/p>\n<hr \/>\n<h2>Talleres para vivir bien en Stanford<\/h2>\n<p>La UCHC cuenta con la licencia de la Universidad de Stanford para impartir su serie de talleres &quot;Vivir bien&quot;, basados en la evidencia. Estos talleres son gratuitos e incluyen un manual elaborado por Stanford. Actualmente, la UCHC ofrece dos series de talleres: &quot;Vivir bien con enfermedades cr\u00f3nicas&quot; y &quot;Vivir bien con diabetes&quot;.<\/p>\n<p>La UCHC cuenta con la licencia de la Universidad de Stanford para impartir su serie de talleres &quot;Vivir bien&quot;, basados en la evidencia. Estos talleres son gratuitos e incluyen un manual elaborado por Stanford. Actualmente, la UCHC ofrece dos series de talleres: &quot;Vivir bien con enfermedades cr\u00f3nicas&quot; y &quot;Vivir bien con diabetes&quot;.<\/p>\n<p>Estos talleres est\u00e1n dirigidos a cualquier persona que tenga o cuide a alguien con diabetes o cualquier otra condici\u00f3n cr\u00f3nica y ense\u00f1an a los participantes a lidiar eficazmente con los s\u00edntomas de su condici\u00f3n cr\u00f3nica, as\u00ed como tambi\u00e9n:<\/p>\n<ul>\n<li>Participar activamente en el cuidado de su salud<\/li>\n<li>Uso adecuado de los medicamentos<\/li>\n<li>C\u00f3mo ejercitarse para ganar fuerza y resistencia<\/li>\n<li>Manejo del estr\u00e9s<\/li>\n<li>Establecer y alcanzar metas<\/li>\n<li>Comparte tu experiencia<\/li>\n<\/ul>\n<p>Para obtener informaci\u00f3n sobre las pr\u00f3ximas clases o para registrarse, consulte nuestra p\u00e1gina de \u201cEventos\u201d o cont\u00e1ctenos. <a href=\"mailto:cnorona@umpquachc.org\">cnorona@umpquachc.org<\/a>.<\/p>\n<hr \/>\n\n\t<div class=\"clearboth\"><\/div>\n<\/div>\n\n\n<h2 id=\"fancy-title-12\" class=\"mk-fancy-title  simple-style jupiter-donut-  color-single\">\n\t<span>\n\t\t\t\t<p>Extiende la mano y lee<\/p>\n\t\t\t<\/span>\n<\/h2>\n<div class=\"clearboth\"><\/div>\n\n\n\n\t<div class=\"vc_custom_1567314121226\">\n\n<div id=\"text-block-13\" class=\"mk-text-block  jupiter-donut-\">\n\n\t\n\t<p><img loading=\"lazy\" decoding=\"async\" class=\"wp-image-5915 alignright\" src=\"\/wp-content\/uploads\/2017\/03\/read.jpg\" alt=\"\" width=\"254\" height=\"156\" srcset=\"https:\/\/aviva.health\/wp-content\/uploads\/2017\/03\/read.jpg 600w, https:\/\/aviva.health\/wp-content\/uploads\/2017\/03\/read-330x202.jpg 330w, https:\/\/aviva.health\/wp-content\/uploads\/2017\/03\/read-414x253.jpg 414w\" sizes=\"auto, (max-width: 254px) 100vw, 254px\" \/>UCHC se enorgullece de ser un centro certificado de &quot;Reach Out and Read&quot;. Reach Out and Read es un programa nacional que promueve la alfabetizaci\u00f3n y la preparaci\u00f3n para la lectura, integrando conversaciones sobre la lectura en la sala de ex\u00e1menes durante los controles de bienestar infantil para ni\u00f1os de 6 meses a 5 a\u00f1os.<\/p>\n<p>Adem\u00e1s de las conversaciones sobre el desarrollo y la importancia de leerles en voz alta a los ni\u00f1os, se les entrega a cada ni\u00f1o un libro nuevo apropiado para su edad para su biblioteca personal.<\/p>\n<p>Obtenga m\u00e1s informaci\u00f3n sobre Reach Out and Read aqu\u00ed: <a href=\"http:\/\/www.reachoutandread.org\">http:\/\/www.reachoutandread.org<\/a><\/p>\n<p>UCHC agradece a la Fundaci\u00f3n Bessie Minor y a Roseburg Altrusa por su ayuda con libros para nuestro programa &quot;Acerca y Lee&quot;. Siempre necesitamos donaciones de libros nuevos y usados en buen estado (o, por supuesto, financiaci\u00f3n para comprarlos). Para obtener informaci\u00f3n sobre c\u00f3mo donar, por favor, contacte con <a href=\"mailto:KGandy@umpquachc.org\">KGandy@umpquachc.org<\/a>.<\/p>\n\n\t<div class=\"clearboth\"><\/div>\n<\/div>\n\n\t<\/div>\n\n<div id=\"padding-14\" class=\"mk-padding-divider jupiter-donut-  jupiter-donut-clearfix\"><\/div>\n\n<\/div>\n\n<div class=\"vc_col-sm-2 wpb_column column_container  jupiter-donut- _ jupiter-donut-height-full\">\n\t<\/div>\n<\/div>\n            <div class=\"clearboth\"><\/div>\n        <\/div>\n\n\n\t\t\t\n\t\t\t\n\t\t\t\n\t\t<div class=\"clearboth\"><\/div>\n\t<\/div>\n<\/div>\n<div class=\"vc_row-full-width vc_clearfix\"><\/div>\n\n\n<\/div>","protected":false},"excerpt":{"rendered":"Programs We Offer Aviva Health in the Community Aviva Health provides a variety of services to promote good health within our community. This includes special events such as health fairs, [...]","protected":false},"author":5,"featured_media":0,"parent":0,"menu_order":0,"comment_status":"closed","ping_status":"closed","template":"","meta":{"nf_dc_page":"","om_disable_all_campaigns":false,"_monsterinsights_skip_tracking":false,"_monsterinsights_sitenote_active":false,"_monsterinsights_sitenote_note":"","_monsterinsights_sitenote_category":0,"footnotes":""},"class_list":["post-5877","page","type-page","status-publish","hentry"],"aioseo_notices":[],"_links":{"self":[{"href":"https:\/\/aviva.health\/es\/wp-json\/wp\/v2\/pages\/5877","targetHints":{"allow":["GET"]}}],"collection":[{"href":"https:\/\/aviva.health\/es\/wp-json\/wp\/v2\/pages"}],"about":[{"href":"https:\/\/aviva.health\/es\/wp-json\/wp\/v2\/types\/page"}],"author":[{"embeddable":true,"href":"https:\/\/aviva.health\/es\/wp-json\/wp\/v2\/users\/5"}],"replies":[{"embeddable":true,"href":"https:\/\/aviva.health\/es\/wp-json\/wp\/v2\/comments?post=5877"}],"version-history":[{"count":14,"href":"https:\/\/aviva.health\/es\/wp-json\/wp\/v2\/pages\/5877\/revisions"}],"predecessor-version":[{"id":7107,"href":"https:\/\/aviva.health\/es\/wp-json\/wp\/v2\/pages\/5877\/revisions\/7107"}],"wp:attachment":[{"href":"https:\/\/aviva.health\/es\/wp-json\/wp\/v2\/media?parent=5877"}],"curies":[{"name":"gracias","href":"https:\/\/api.w.org\/{rel}","templated":true}]}}