{"id":5866,"date":"2017-03-17T20:22:04","date_gmt":"2017-03-17T20:22:04","guid":{"rendered":"http:\/\/umpquacommunityhealthcenter.org\/?page_id=5866"},"modified":"2025-08-21T16:57:23","modified_gmt":"2025-08-21T16:57:23","slug":"patient-resources","status":"publish","type":"page","link":"https:\/\/aviva.health\/es\/patient-resources\/","title":{"rendered":"Recursos para pacientes"},"content":{"rendered":"<div class=\"wpb-content-wrapper\">\n<div class=\"mk-page-section-wrapper\" data-mk-full-width=\"true\" data-mk-full-width-init=\"true\" data-mk-stretch-content=\"true\">\n\t<div id=\"page-section-1\" class=\"mk-page-section self-hosted   full_layout full-width-1 js-el js-master-row jupiter-donut-    center-y\"    data-intro-effect=\"false\">\n\n\t\t\t\n\t\t\t<div class=\"mk-page-section-inner\">\n\t\t\t\t\n\n\n<div style=\"background-color:#4da3da;opacity:0.5;\" class=\"mk-video-color-mask\"><\/div>\n\n\t\t\t\t\n\t\t\t\t\n\t\n\t<div class=\"background-layer-holder\">\n\t\t<div id=\"background-layer--1\" data-mk-lazyload=\"false\" class=\"background-layer mk-background-stretch none-blend-effect js-el\"    data-mk-img-set='{\"landscape\":{\"desktop\":\"https:\/\/aviva.health\/wp-content\/uploads\/2019\/09\/umpqua-community-health-center-aviva-health-main-campus-1347x600-bw.jpg\",\"tablet\":\"https:\/\/aviva.health\/wp-content\/uploads\/2019\/09\/umpqua-community-health-center-aviva-health-main-campus-1347x600-bw-1024x768.jpg\",\"mobile\":\"https:\/\/aviva.health\/wp-content\/uploads\/2019\/09\/umpqua-community-health-center-aviva-health-main-campus-1347x600-bw-736x414.jpg\"},\"responsive\":\"true\"}' >\n\t\t\t\t\t\t\t\t\t<div class=\"mk-color-layer\"><\/div>\n\t\t<\/div>\n\t<\/div>\n\n\t\t\t<\/div>\n\n\t\t\t\n        <div class=\"page-section-content vc_row-fluid mk-grid\" >\n            <div class=\"mk-padding-wrapper wpb_row\">\n<div class=\"vc_col-sm-12 wpb_column column_container  jupiter-donut- _ jupiter-donut-height-full\">\n\t\n<h2 id=\"fancy-title-3\" class=\"mk-fancy-title  simple-style jupiter-donut-  color-single\">\n\t<span>\n\t\t\t\t<p>Recursos para pacientes<\/p>\n\t\t\t<\/span>\n<\/h2>\n<div class=\"clearboth\"><\/div>\n\n\n\n<\/div>\n<\/div>\n            <div class=\"clearboth\"><\/div>\n        <\/div>\n\n\n\t\t\t\n\t\t\t\n\t\t\t\n\t\t<div class=\"clearboth\"><\/div>\n\t<\/div>\n<\/div>\n<div class=\"vc_row-full-width vc_clearfix\"><\/div>\n\n\n<div class=\"mk-page-section-wrapper\" data-mk-full-width=\"true\" data-mk-full-width-init=\"true\" data-mk-stretch-content=\"true\">\n\t<div id=\"page-section-4\" class=\"mk-page-section self-hosted   full_layout full-width-4 js-el js-master-row jupiter-donut-\"    data-intro-effect=\"false\">\n\n\t\t\t\n\t\t\t<div class=\"mk-page-section-inner\">\n\t\t\t\t\n\n\n<div class=\"mk-video-color-mask\"><\/div>\n\n\t\t\t\t\n\t\t\t\t\t\t\t<\/div>\n\n\t\t\t\n        <div class=\"page-section-content vc_row-fluid mk-grid\" >\n            <div class=\"mk-padding-wrapper wpb_row\">\n<div class=\"vc_col-sm-2 wpb_column column_container  jupiter-donut- _ jupiter-donut-height-full\">\n\t<\/div>\n\n<div class=\"vc_col-sm-8 wpb_column column_container  jupiter-donut- _ jupiter-donut-height-full\">\n\t\n<div id=\"padding-7\" class=\"mk-padding-divider jupiter-donut-  jupiter-donut-clearfix\"><\/div>\n\n\n<h2 id=\"fancy-title-8\" class=\"mk-fancy-title  simple-style jupiter-donut-  color-single\">\n\t<span>\n\t\t\t\t<p><a id=\"acceptedinsurances\"><\/a>Seguros aceptados<\/p>\n\t\t\t<\/span>\n<\/h2>\n<div class=\"clearboth\"><\/div>\n\n\n\n\t<div class=\"vc_custom_1755795437566\">\n\n<div id=\"text-block-9\" class=\"mk-text-block  jupiter-donut-\">\n\n\t\n\t<table style=\"border-collapse: collapse; width: 100%;\">\n<tbody>\n<tr>\n<td style=\"width: 50%; text-align: left;\">Aetna<\/p>\n<p>Atrio Medicare<\/p>\n<p>Care Oregon (sin cobertura de salud conductual)<\/p>\n<p>CHAMPVA<\/p>\n<p>Cigna OAP, PPO y Local Plus<\/p>\n<p>Alianza de Salud de Umpqua (Plan de Salud de Oreg\u00f3n)<\/p>\n<p>DMAP<\/p>\n<p>Salud conductual de Evernorth<\/p>\n<p>Primera opci\u00f3n de salud<\/p>\n<p>HealthNet (planes comerciales, HMO, PPO y EPO; tambi\u00e9n incluye planes PPO y HMO de Wellcare by HealthNet)<\/p>\n<p>Seguro m\u00e9dico del estado<\/p>\n<p>Ferrocarril de Medicare<\/td>\n<td style=\"width: 50%; text-align: left;\">Red de Salud Administrada (MHN)<\/p>\n<p>Plan de afinidad de Moda<\/p>\n<p>Plan Moda Connexus<\/p>\n<p>Sinergia de Moda<\/p>\n<p>Optum (salud conductual)<\/p>\n<p>Pacific Source (Smart Choice, Voyager y PSN)<\/p>\n<p>Providencia<\/p>\n<p>Cruz Azul Regencia<\/p>\n<p>TriCare Oeste<\/p>\n<p>TriWest<\/p>\n<p>Trillium (solo plan de salud de Oregon, sin cobertura de Medicare)<\/p>\n<p>United Health Care (solo comercial)<\/p>\n<p>&nbsp;<\/td>\n<\/tr>\n<\/tbody>\n<\/table>\n<p>\u00bfTiene alguna pregunta sobre c\u00f3mo hacerse miembro del Plan de Salud de Oreg\u00f3n o necesita ayuda para solicitarlo? Comun\u00edquese con nuestro Equipo de Difusi\u00f3n e Inscripci\u00f3n al (541) 672-9596, ext. 364 o <a href=\"mailto:info@aviva.health\">Env\u00edenos un correo electr\u00f3nico<\/a>.<\/p>\n\n\t<div class=\"clearboth\"><\/div>\n<\/div>\n\n\t<\/div>\n\t<div class=\"vc_custom_1567475654487\">\n\n<div id=\"text-block-10\" class=\"mk-text-block  jupiter-donut-\">\n\n\t\n\t<h2>\u00bfQu\u00e9 es el Programa de Descuento en Medicamentos 340B?<\/h2>\n<p>Aviva Health participa en un programa gubernamental que ayuda a los pacientes a ahorrar dinero en sus medicamentos y proporciona recursos para fortalecer la atenci\u00f3n m\u00e9dica en nuestra comunidad. \u00a1Participar en este programa es muy f\u00e1cil!<\/p>\n<p><a href=\"https:\/\/aviva.health\/\/wp-content\/uploads\/2018\/05\/340b-for-website.pdf\" target=\"_blank\" rel=\"noopener\">Haga clic aqu\u00ed para m\u00e1s detalles<\/a><\/p>\n<p>&nbsp;<\/p>\n<hr \/>\n\n\t<div class=\"clearboth\"><\/div>\n<\/div>\n\n\t<\/div>\n\t<div class=\"vc_custom_1755103937238\">\n\n<div id=\"text-block-11\" class=\"mk-text-block  jupiter-donut-\">\n\n\t\n\t<h2>Servicios preventivos<\/h2>\n<p>Muchos planes de seguro cubren atenci\u00f3n preventiva, como ex\u00e1menes anuales, vacunas y pruebas de detecci\u00f3n, a bajo costo o sin costo alguno. Cada plan es ligeramente diferente, as\u00ed que aseg\u00farese de consultar con su seguro para saber qu\u00e9 cubre. Los servicios pueden incluir:<\/p>\n<table style=\"border-collapse: collapse; width: 100%;\">\n<tbody>\n<tr>\n<td style=\"width: 50%; text-align: left;\">\n<ul>\n<li>Examen de bienestar anual de Medicare<\/li>\n<li>Examen f\u00edsico anual<\/li>\n<li>Examen de salud de la mujer<\/li>\n<li>Control del ni\u00f1o sano<\/li>\n<li>Vacunas<\/li>\n<li>Detecci\u00f3n \u00fanica de aneurisma a\u00f3rtico abdominal<\/li>\n<li>Detecci\u00f3n y asesoramiento sobre el abuso de alcohol<\/li>\n<li>Uso de aspirina<\/li>\n<li>Detecci\u00f3n de la presi\u00f3n arterial<\/li>\n<li>Detecci\u00f3n del colesterol<\/li>\n<li>Detecci\u00f3n del c\u00e1ncer colorrectal<\/li>\n<li>Detecci\u00f3n de depresi\u00f3n<\/li>\n<li>Detecci\u00f3n de diabetes (tipo 2)<\/li>\n<\/ul>\n<\/td>\n<td style=\"width: 50%; text-align: left;\">\n<ul>\n<li>Asesoramiento diet\u00e9tico<\/li>\n<li>Prevenci\u00f3n de ca\u00eddas<\/li>\n<li>Prueba de detecci\u00f3n de la hepatitis B<\/li>\n<li>Prueba de detecci\u00f3n de la hepatitis C<\/li>\n<li>Prueba de detecci\u00f3n del VIH<\/li>\n<li>PrEP (profilaxis preexposici\u00f3n), medicamento para la prevenci\u00f3n del VIH<\/li>\n<li>Detecci\u00f3n del c\u00e1ncer de pulm\u00f3n<\/li>\n<li>Detecci\u00f3n y asesoramiento sobre la obesidad<\/li>\n<li>Asesoramiento sobre prevenci\u00f3n de infecciones de transmisi\u00f3n sexual (ITS)<\/li>\n<li>Medicaci\u00f3n preventiva con estatinas<\/li>\n<li>Detecci\u00f3n de s\u00edfilis<\/li>\n<li>Detecci\u00f3n del consumo de tabaco<\/li>\n<li>Detecci\u00f3n de la tuberculosis<\/li>\n<\/ul>\n<\/td>\n<\/tr>\n<\/tbody>\n<\/table>\n<hr \/>\n\n\t<div class=\"clearboth\"><\/div>\n<\/div>\n\n\t<\/div>\n\n<div id=\"text-block-12\" class=\"mk-text-block  jupiter-donut-\">\n\n\t\n\t<h2>Requisitos de vacunaci\u00f3n de Oreg\u00f3n<\/h2>\n<p>El estado de Oreg\u00f3n exige que los ni\u00f1os tengan ciertas vacunas al d\u00eda para poder asistir a la escuela o guarder\u00eda. Para m\u00e1s informaci\u00f3n y conocer los requisitos, visite:<\/p>\n<p>El estado de Oreg\u00f3n exige que los ni\u00f1os tengan ciertas vacunas al d\u00eda para poder asistir a la escuela o guarder\u00eda. Para m\u00e1s informaci\u00f3n y conocer los requisitos, visite:<\/p>\n<p><a href=\"https:\/\/public.health.oregon.gov\/PreventionWellness\/VaccinesImmunization\/GettingImmunized\/Pages\/school.aspx\">https:\/\/public.health.oregon.gov\/PreventionWellness\/VaccinesImmunization\/GettingImmunized\/Pages\/school.aspx<\/a><\/p>\n<p>&nbsp;<\/p>\n<hr \/>\n\n\t<div class=\"clearboth\"><\/div>\n<\/div>\n\n\n<h2 id=\"fancy-title-13\" class=\"mk-fancy-title  simple-style jupiter-donut-  color-single\">\n\t<span>\n\t\t\t\t<p>\u00bfLas alergias te deprimen?<\/p>\n\t\t\t<\/span>\n<\/h2>\n<div class=\"clearboth\"><\/div>\n\n\n\n\t<div class=\"vc_custom_1567313921492\">\n\n<div id=\"text-block-14\" class=\"mk-text-block  jupiter-donut-\">\n\n\t\n\t<p><img loading=\"lazy\" decoding=\"async\" class=\"wp-image-5910 alignright\" src=\"\/wp-content\/uploads\/2017\/03\/allergies_sml.jpg\" alt=\"\" width=\"300\" height=\"240\" srcset=\"https:\/\/aviva.health\/wp-content\/uploads\/2017\/03\/allergies_sml.jpg 400w, https:\/\/aviva.health\/wp-content\/uploads\/2017\/03\/allergies_sml-325x260.jpg 325w\" sizes=\"auto, (max-width: 300px) 100vw, 300px\" \/>Este sitio web puede ayudarte a sobrevivir las estaciones aprendiendo m\u00e1s sobre el asma, las alergias y las sustancias comunes que provocan problemas respiratorios. Obt\u00e9n consejos para prevenir la exposici\u00f3n a irritantes como el humo del cigarrillo, las cucarachas, los animales, el polen y los \u00e1caros del polvo, para que puedas respirar mejor.<\/p>\n<p>Visita <a href=\"https:\/\/www.niehs.nih.gov\/health\/topics\/agents\/allergens\/\">www.niehs.nih.gov\/health\/topics\/agents\/allergens<\/a><\/p>\n<p>&nbsp;<\/p>\n<p>&nbsp;<\/p>\n<hr \/>\n\n\t<div class=\"clearboth\"><\/div>\n<\/div>\n\n\t<\/div>\n\n<div id=\"text-block-15\" class=\"mk-text-block  jupiter-donut-\">\n\n\t\n\t<h2>\u00bfNecesitas recursos? Llama al 211<\/h2>\n<p>Mantener la salud de las personas y las comunidades implica mucho m\u00e1s que el acceso a la atenci\u00f3n m\u00e9dica. Implica garantizar que las personas tengan acceso a lo b\u00e1sico, como alimentaci\u00f3n, vivienda y oportunidades econ\u00f3micas. El 2-1-1 del Condado de Douglas funciona como una puerta de entrada para muchos servicios de programas sin fines de lucro, gubernamentales y religiosos. Los servicios del 2-1-1 est\u00e1n disponibles de forma gratuita llamando al 2-1-1 o visitando su sitio web:\u00a0\u00a0<a href=\"http:\/\/211info.org\/home\">http:\/\/211info.org\/home<\/a><\/p>\n<p>&nbsp;<\/p>\n<hr \/>\n\n\t<div class=\"clearboth\"><\/div>\n<\/div>\n\n\n<h2 id=\"fancy-title-16\" class=\"mk-fancy-title  simple-style jupiter-donut-  color-single\">\n\t<span>\n\t\t\t\t<p>Un plato saludable<\/p>\n\t\t\t<\/span>\n<\/h2>\n<div class=\"clearboth\"><\/div>\n\n\n\n\t<div class=\"vc_custom_1567313946015\">\n\n<div id=\"text-block-17\" class=\"mk-text-block  jupiter-donut-\">\n\n\t\n\t<p><img loading=\"lazy\" decoding=\"async\" class=\"wp-image-5906 alignright\" src=\"\/wp-content\/uploads\/2017\/03\/myplate_green.jpg\" alt=\"\" width=\"250\" height=\"227\" srcset=\"https:\/\/aviva.health\/wp-content\/uploads\/2017\/03\/myplate_green.jpg 500w, https:\/\/aviva.health\/wp-content\/uploads\/2017\/03\/myplate_green-286x260.jpg 286w, https:\/\/aviva.health\/wp-content\/uploads\/2017\/03\/myplate_green-455x414.jpg 455w, https:\/\/aviva.health\/wp-content\/uploads\/2017\/03\/myplate_green-414x377.jpg 414w\" sizes=\"auto, (max-width: 250px) 100vw, 250px\" \/><\/p>\n<p>\u00bfQuieres comer bien para estar m\u00e1s saludable? Cambios y decisiones sencillas tienen un gran impacto.<\/p>\n<p>Encuentre informaci\u00f3n, consejos y herramientas para una alimentaci\u00f3n saludable para todas las edades en: <a href=\"http:\/\/www.choosemyplate.gov\/\">http:\/\/www.choosemyplate.gov\/<\/a><\/p>\n<p>&nbsp;<\/p>\n<p>&nbsp;<\/p>\n<p>&nbsp;<\/p>\n<hr \/>\n\n\t<div class=\"clearboth\"><\/div>\n<\/div>\n\n\t<\/div>\n\n<h2 id=\"fancy-title-18\" class=\"mk-fancy-title  simple-style jupiter-donut-  color-single\">\n\t<span>\n\t\t\t\t<p>\u00bfAgricultura apoyada por la comunidad?<\/p>\n\t\t\t<\/span>\n<\/h2>\n<div class=\"clearboth\"><\/div>\n\n\n\n\t<div class=\"vc_custom_1567313966008\">\n\n<div id=\"text-block-19\" class=\"mk-text-block  jupiter-donut-\">\n\n\t\n\t<p><img loading=\"lazy\" decoding=\"async\" class=\"size-full wp-image-5909 alignright\" src=\"\/wp-content\/uploads\/2017\/03\/fruits.jpg\" alt=\"\" width=\"400\" height=\"267\" srcset=\"https:\/\/aviva.health\/wp-content\/uploads\/2017\/03\/fruits.jpg 400w, https:\/\/aviva.health\/wp-content\/uploads\/2017\/03\/fruits-150x100.jpg 150w, https:\/\/aviva.health\/wp-content\/uploads\/2017\/03\/fruits-330x220.jpg 330w\" sizes=\"auto, (max-width: 400px) 100vw, 400px\" \/><br \/>\nEs muy importante saber de d\u00f3nde provienen tus alimentos. \u00bfSab\u00edas que el condado de Douglas cuenta con agricultores org\u00e1nicos locales que compartir\u00e1n su cosecha contigo? Es una excelente manera de obtener productos org\u00e1nicos de cultivo local a un precio razonable.<\/p>\n<p>Aqu\u00ed hay un sitio web para uno de ellos: \u00a0<a href=\"http:\/\/www.biglickfarm.com\/csa.htm\">http:\/\/www.biglickfarm.com\/csa.htm<\/a><\/p>\n<p>&nbsp;<\/p>\n<p>&nbsp;<\/p>\n<p>&nbsp;<\/p>\n<hr \/>\n\n\t<div class=\"clearboth\"><\/div>\n<\/div>\n\n\t<\/div>\n\t<div class=\"vc_custom_1567475877198\">\n\n<div id=\"text-block-20\" class=\"mk-text-block  jupiter-donut-\">\n\n\t\n\t<h2>Folleto sobre la presi\u00f3n arterial<\/h2>\n<p><a href=\"\/wp-content\/uploads\/2017\/03\/uchc-bp-brochure.pdf\"><div class=\"mk-font-icons icon-align-none jupiter-donut-\" id=\"mk-font-icons-21\">\n\t<i class=\"font-icon mk-size-small\"><svg class=\"mk-svg-icon\" data-name=\"mk-icon-file-pdf-o\" data-cacheid=\"icon-69d77745b45d6\" xmlns=\"http:\/\/www.w3.org\/2000\/svg\" viewbox=\"0 0 1536 1792\"><path d=\"M1468 380q28 28 48 76t20 88v1152q0 40-28 68t-68 28h-1344q-40 0-68-28t-28-68v-1600q0-40 28-68t68-28h896q40 0 88 20t76 48zm-444-244v376h376q-10-29-22-41l-313-313q-12-12-41-22zm384 1528v-1024h-416q-40 0-68-28t-28-68v-416h-768v1536h1280zm-514-593q33 26 84 56 59-7 117-7 147 0 177 49 16 22 2 52 0 1-1 2l-2 2v1q-6 38-71 38-48 0-115-20t-130-53q-221 24-392 83-153 262-242 262-15 0-28-7l-24-12q-1-1-6-5-10-10-6-36 9-40 56-91.5t132-96.5q14-9 23 6 2 2 2 4 52-85 107-197 68-136 104-262-24-82-30.5-159.5t6.5-127.5q11-40 42-40h22q23 0 35 15 18 21 9 68-2 6-4 8 1 3 1 8v30q-2 123-14 192 55 164 146 238zm-576 411q52-24 137-158-51 40-87.5 84t-49.5 74zm398-920q-15 42-2 132 1-7 7-44 0-3 7-43 1-4 4-8-1-1-1-2t-.5-1.5-.5-1.5q-1-22-13-36 0 1-1 2v2zm-124 661q135-54 284-81-2-1-13-9.5t-16-13.5q-76-67-127-176-27 86-83 197-30 56-45 83zm646-16q-24-24-140-24 76 28 124 28 14 0 18-1 0-1-2-3z\"><\/path><\/svg><\/i>\n<\/div> Folleto de Aviva Health BP<\/a><\/p>\n<p><a href=\"\/wp-content\/uploads\/2017\/03\/uchc-bp-brochure-spanish.pdf\"><div class=\"mk-font-icons icon-align-none jupiter-donut-\" id=\"mk-font-icons-22\">\n\t<i class=\"font-icon mk-size-small\"><svg class=\"mk-svg-icon\" data-name=\"mk-icon-file-pdf-o\" data-cacheid=\"icon-69d77745b4ca1\" xmlns=\"http:\/\/www.w3.org\/2000\/svg\" viewbox=\"0 0 1536 1792\"><path d=\"M1468 380q28 28 48 76t20 88v1152q0 40-28 68t-68 28h-1344q-40 0-68-28t-28-68v-1600q0-40 28-68t68-28h896q40 0 88 20t76 48zm-444-244v376h376q-10-29-22-41l-313-313q-12-12-41-22zm384 1528v-1024h-416q-40 0-68-28t-28-68v-416h-768v1536h1280zm-514-593q33 26 84 56 59-7 117-7 147 0 177 49 16 22 2 52 0 1-1 2l-2 2v1q-6 38-71 38-48 0-115-20t-130-53q-221 24-392 83-153 262-242 262-15 0-28-7l-24-12q-1-1-6-5-10-10-6-36 9-40 56-91.5t132-96.5q14-9 23 6 2 2 2 4 52-85 107-197 68-136 104-262-24-82-30.5-159.5t6.5-127.5q11-40 42-40h22q23 0 35 15 18 21 9 68-2 6-4 8 1 3 1 8v30q-2 123-14 192 55 164 146 238zm-576 411q52-24 137-158-51 40-87.5 84t-49.5 74zm398-920q-15 42-2 132 1-7 7-44 0-3 7-43 1-4 4-8-1-1-1-2t-.5-1.5-.5-1.5q-1-22-13-36 0 1-1 2v2zm-124 661q135-54 284-81-2-1-13-9.5t-16-13.5q-76-67-127-176-27 86-83 197-30 56-45 83zm646-16q-24-24-140-24 76 28 124 28 14 0 18-1 0-1-2-3z\"><\/path><\/svg><\/i>\n<\/div>\u00a0Folleto de Aviva Health BP (espa\u00f1ol)<\/a><\/p>\n<p>&nbsp;<\/p>\n<hr \/>\n<h2>Quejas de los pacientes<\/h2>\n<p>Los proveedores de Aviva Health se esfuerzan por brindar atenci\u00f3n de calidad a todos los pacientes. De hecho, estamos tan comprometidos con la satisfacci\u00f3n del paciente que queremos conocer cualquier inquietud o queja que puedan tener para poder resolver los problemas y mejorar la atenci\u00f3n. Adjuntamos nuestro Formulario de Quejas del Paciente, que puede presentarse por correo electr\u00f3nico, tel\u00e9fono, en persona o por correo postal. \u00a1Gracias por ayudarnos a mejorar la calidad de nuestra atenci\u00f3n y el servicio a nuestra comunidad!<\/p>\n<p><a href=\"\/wp-content\/uploads\/2017\/03\/uchc-patient-complaint-grievance-report-form.pdf\"><div class=\"mk-font-icons icon-align-none jupiter-donut-\" id=\"mk-font-icons-23\">\n\t<i class=\"font-icon mk-size-small\"><svg class=\"mk-svg-icon\" data-name=\"mk-icon-file-pdf-o\" data-cacheid=\"icon-69d77745b52fb\" xmlns=\"http:\/\/www.w3.org\/2000\/svg\" viewbox=\"0 0 1536 1792\"><path d=\"M1468 380q28 28 48 76t20 88v1152q0 40-28 68t-68 28h-1344q-40 0-68-28t-28-68v-1600q0-40 28-68t68-28h896q40 0 88 20t76 48zm-444-244v376h376q-10-29-22-41l-313-313q-12-12-41-22zm384 1528v-1024h-416q-40 0-68-28t-28-68v-416h-768v1536h1280zm-514-593q33 26 84 56 59-7 117-7 147 0 177 49 16 22 2 52 0 1-1 2l-2 2v1q-6 38-71 38-48 0-115-20t-130-53q-221 24-392 83-153 262-242 262-15 0-28-7l-24-12q-1-1-6-5-10-10-6-36 9-40 56-91.5t132-96.5q14-9 23 6 2 2 2 4 52-85 107-197 68-136 104-262-24-82-30.5-159.5t6.5-127.5q11-40 42-40h22q23 0 35 15 18 21 9 68-2 6-4 8 1 3 1 8v30q-2 123-14 192 55 164 146 238zm-576 411q52-24 137-158-51 40-87.5 84t-49.5 74zm398-920q-15 42-2 132 1-7 7-44 0-3 7-43 1-4 4-8-1-1-1-2t-.5-1.5-.5-1.5q-1-22-13-36 0 1-1 2v2zm-124 661q135-54 284-81-2-1-13-9.5t-16-13.5q-76-67-127-176-27 86-83 197-30 56-45 83zm646-16q-24-24-140-24 76 28 124 28 14 0 18-1 0-1-2-3z\"><\/path><\/svg><\/i>\n<\/div>\u00a0Formulario de informe de queja o reclamo<\/a><\/p>\n<p><a href=\"\/wp-content\/uploads\/2017\/03\/uchc-patient-communication-process.pdf\"><div class=\"mk-font-icons icon-align-none jupiter-donut-\" id=\"mk-font-icons-24\">\n\t<i class=\"font-icon mk-size-small\"><svg class=\"mk-svg-icon\" data-name=\"mk-icon-file-pdf-o\" data-cacheid=\"icon-69d77745b58d2\" xmlns=\"http:\/\/www.w3.org\/2000\/svg\" viewbox=\"0 0 1536 1792\"><path d=\"M1468 380q28 28 48 76t20 88v1152q0 40-28 68t-68 28h-1344q-40 0-68-28t-28-68v-1600q0-40 28-68t68-28h896q40 0 88 20t76 48zm-444-244v376h376q-10-29-22-41l-313-313q-12-12-41-22zm384 1528v-1024h-416q-40 0-68-28t-28-68v-416h-768v1536h1280zm-514-593q33 26 84 56 59-7 117-7 147 0 177 49 16 22 2 52 0 1-1 2l-2 2v1q-6 38-71 38-48 0-115-20t-130-53q-221 24-392 83-153 262-242 262-15 0-28-7l-24-12q-1-1-6-5-10-10-6-36 9-40 56-91.5t132-96.5q14-9 23 6 2 2 2 4 52-85 107-197 68-136 104-262-24-82-30.5-159.5t6.5-127.5q11-40 42-40h22q23 0 35 15 18 21 9 68-2 6-4 8 1 3 1 8v30q-2 123-14 192 55 164 146 238zm-576 411q52-24 137-158-51 40-87.5 84t-49.5 74zm398-920q-15 42-2 132 1-7 7-44 0-3 7-43 1-4 4-8-1-1-1-2t-.5-1.5-.5-1.5q-1-22-13-36 0 1-1 2v2zm-124 661q135-54 284-81-2-1-13-9.5t-16-13.5q-76-67-127-176-27 86-83 197-30 56-45 83zm646-16q-24-24-140-24 76 28 124 28 14 0 18-1 0-1-2-3z\"><\/path><\/svg><\/i>\n<\/div>\u00a0Folleto del proceso de comunicaci\u00f3n con el paciente<\/a><\/p>\n<hr \/>\n\n\t<div class=\"clearboth\"><\/div>\n<\/div>\n\n\t<\/div>\n\n<h2 id=\"fancy-title-25\" class=\"mk-fancy-title  simple-style jupiter-donut-  color-single\">\n\t<span>\n\t\t\t\t<h2>Medidas de calidad<\/h2>\n\t\t\t<\/span>\n<\/h2>\n<div class=\"clearboth\"><\/div>\n\n\n\n\t<div class=\"vc_custom_1547766246106\">\n\n<div id=\"text-block-26\" class=\"mk-text-block  jupiter-donut-\">\n\n\t\n\t<p><a href=\"https:\/\/aviva.health\/\/wp-content\/uploads\/2019\/01\/oha-metrics-sum-12.28.18.pdf\" target=\"_blank\" rel=\"noopener\"><div class=\"mk-font-icons icon-align-none jupiter-donut-\" id=\"mk-font-icons-27\">\n\t<i class=\"font-icon mk-size-small\"><svg class=\"mk-svg-icon\" data-name=\"mk-icon-file-pdf-o\" data-cacheid=\"icon-69d77745b6542\" xmlns=\"http:\/\/www.w3.org\/2000\/svg\" viewbox=\"0 0 1536 1792\"><path d=\"M1468 380q28 28 48 76t20 88v1152q0 40-28 68t-68 28h-1344q-40 0-68-28t-28-68v-1600q0-40 28-68t68-28h896q40 0 88 20t76 48zm-444-244v376h376q-10-29-22-41l-313-313q-12-12-41-22zm384 1528v-1024h-416q-40 0-68-28t-28-68v-416h-768v1536h1280zm-514-593q33 26 84 56 59-7 117-7 147 0 177 49 16 22 2 52 0 1-1 2l-2 2v1q-6 38-71 38-48 0-115-20t-130-53q-221 24-392 83-153 262-242 262-15 0-28-7l-24-12q-1-1-6-5-10-10-6-36 9-40 56-91.5t132-96.5q14-9 23 6 2 2 2 4 52-85 107-197 68-136 104-262-24-82-30.5-159.5t6.5-127.5q11-40 42-40h22q23 0 35 15 18 21 9 68-2 6-4 8 1 3 1 8v30q-2 123-14 192 55 164 146 238zm-576 411q52-24 137-158-51 40-87.5 84t-49.5 74zm398-920q-15 42-2 132 1-7 7-44 0-3 7-43 1-4 4-8-1-1-1-2t-.5-1.5-.5-1.5q-1-22-13-36 0 1-1 2v2zm-124 661q135-54 284-81-2-1-13-9.5t-16-13.5q-76-67-127-176-27 86-83 197-30 56-45 83zm646-16q-24-24-140-24 76 28 124 28 14 0 18-1 0-1-2-3z\"><\/path><\/svg><\/i>\n<\/div>\u00a0Tablero 28\/12\/18<\/a><\/p>\n<p><a href=\"http:\/\/umpquacommunityhealthcenter.org\/wp-content\/uploads\/2017\/11\/uds-data-for-website-all-clinics.pdf\" target=\"_blank\" rel=\"noopener\"><div class=\"mk-font-icons icon-align-none jupiter-donut-\" id=\"mk-font-icons-28\">\n\t<i class=\"font-icon mk-size-small\"><svg class=\"mk-svg-icon\" data-name=\"mk-icon-file-pdf-o\" data-cacheid=\"icon-69d77745b6b60\" xmlns=\"http:\/\/www.w3.org\/2000\/svg\" viewbox=\"0 0 1536 1792\"><path d=\"M1468 380q28 28 48 76t20 88v1152q0 40-28 68t-68 28h-1344q-40 0-68-28t-28-68v-1600q0-40 28-68t68-28h896q40 0 88 20t76 48zm-444-244v376h376q-10-29-22-41l-313-313q-12-12-41-22zm384 1528v-1024h-416q-40 0-68-28t-28-68v-416h-768v1536h1280zm-514-593q33 26 84 56 59-7 117-7 147 0 177 49 16 22 2 52 0 1-1 2l-2 2v1q-6 38-71 38-48 0-115-20t-130-53q-221 24-392 83-153 262-242 262-15 0-28-7l-24-12q-1-1-6-5-10-10-6-36 9-40 56-91.5t132-96.5q14-9 23 6 2 2 2 4 52-85 107-197 68-136 104-262-24-82-30.5-159.5t6.5-127.5q11-40 42-40h22q23 0 35 15 18 21 9 68-2 6-4 8 1 3 1 8v30q-2 123-14 192 55 164 146 238zm-576 411q52-24 137-158-51 40-87.5 84t-49.5 74zm398-920q-15 42-2 132 1-7 7-44 0-3 7-43 1-4 4-8-1-1-1-2t-.5-1.5-.5-1.5q-1-22-13-36 0 1-1 2v2zm-124 661q135-54 284-81-2-1-13-9.5t-16-13.5q-76-67-127-176-27 86-83 197-30 56-45 83zm646-16q-24-24-140-24 76 28 124 28 14 0 18-1 0-1-2-3z\"><\/path><\/svg><\/i>\n<\/div>\u00a0Datos UDS para todas las cl\u00ednicas<\/a><\/p>\n\n\t<div class=\"clearboth\"><\/div>\n<\/div>\n\n\t<\/div>\n\n<div id=\"padding-29\" class=\"mk-padding-divider jupiter-donut-  jupiter-donut-clearfix\"><\/div>\n\n<\/div>\n\n<div class=\"vc_col-sm-2 wpb_column column_container  jupiter-donut- _ jupiter-donut-height-full\">\n\t<\/div>\n<\/div>\n            <div class=\"clearboth\"><\/div>\n        <\/div>\n\n\n\t\t\t\n\t\t\t\n\t\t\t\n\t\t<div class=\"clearboth\"><\/div>\n\t<\/div>\n<\/div>\n<div class=\"vc_row-full-width vc_clearfix\"><\/div>\n\n\n<\/div>","protected":false},"excerpt":{"rendered":"Patient Resources Accepted Insurances Aetna Atrio Medicare Care Oregon (no behavioral health coverage) CHAMPVA Cigna OAP, PPO and Local Plus Umpqua Health Alliance (Oregon Health Plan) DMAP Evernorth Behavioral Health [...]","protected":false},"author":5,"featured_media":0,"parent":0,"menu_order":0,"comment_status":"closed","ping_status":"closed","template":"","meta":{"nf_dc_page":"","om_disable_all_campaigns":false,"_monsterinsights_skip_tracking":false,"_monsterinsights_sitenote_active":false,"_monsterinsights_sitenote_note":"","_monsterinsights_sitenote_category":0,"footnotes":""},"class_list":["post-5866","page","type-page","status-publish","hentry"],"aioseo_notices":[],"_links":{"self":[{"href":"https:\/\/aviva.health\/es\/wp-json\/wp\/v2\/pages\/5866","targetHints":{"allow":["GET"]}}],"collection":[{"href":"https:\/\/aviva.health\/es\/wp-json\/wp\/v2\/pages"}],"about":[{"href":"https:\/\/aviva.health\/es\/wp-json\/wp\/v2\/types\/page"}],"author":[{"embeddable":true,"href":"https:\/\/aviva.health\/es\/wp-json\/wp\/v2\/users\/5"}],"replies":[{"embeddable":true,"href":"https:\/\/aviva.health\/es\/wp-json\/wp\/v2\/comments?post=5866"}],"version-history":[{"count":6,"href":"https:\/\/aviva.health\/es\/wp-json\/wp\/v2\/pages\/5866\/revisions"}],"predecessor-version":[{"id":11817,"href":"https:\/\/aviva.health\/es\/wp-json\/wp\/v2\/pages\/5866\/revisions\/11817"}],"wp:attachment":[{"href":"https:\/\/aviva.health\/es\/wp-json\/wp\/v2\/media?parent=5866"}],"curies":[{"name":"gracias","href":"https:\/\/api.w.org\/{rel}","templated":true}]}}