{"id":5,"date":"2015-06-17T12:39:32","date_gmt":"2015-06-17T12:39:32","guid":{"rendered":"http:\/\/demos.artbees.net\/jupiter5\/dia\/?page_id=5"},"modified":"2025-11-24T19:42:48","modified_gmt":"2025-11-24T19:42:48","slug":"home","status":"publish","type":"page","link":"https:\/\/aviva.health\/es\/","title":{"rendered":"Hogar"},"content":{"rendered":"<div class=\"wpb-content-wrapper\">\n<div class=\"mk-page-section-wrapper\" data-mk-full-width=\"true\" data-mk-full-width-init=\"true\" data-mk-stretch-content=\"true\">\n\t<div id=\"page-section-1\" class=\"mk-page-section self-hosted   full_layout full-width-1 js-el js-master-row jupiter-donut-\"    data-intro-effect=\"false\">\n\n\t\t\t\n\t\t\t<div class=\"mk-page-section-inner\">\n\t\t\t\t\n\n\n<div class=\"mk-video-color-mask\"><\/div>\n\n\t\t\t\t\n\t\t\t\t\n\t\n\t<div class=\"background-layer-holder\">\n\t\t<div id=\"background-layer--1\" data-mk-lazyload=\"false\" class=\"background-layer mk-background-stretch none-blend-effect js-el\"    data-mk-img-set='{\"landscape\":{\"desktop\":\"https:\/\/aviva.health\/wp-content\/uploads\/2022\/09\/34-scaled.jpg\",\"tablet\":\"https:\/\/aviva.health\/wp-content\/uploads\/2022\/09\/34-scaled-1024x768.jpg\",\"mobile\":\"https:\/\/aviva.health\/wp-content\/uploads\/2022\/09\/34-scaled-736x414.jpg\"},\"responsive\":\"true\"}' >\n\t\t\t\t\t\t\t\t\t<div class=\"mk-color-layer\"><\/div>\n\t\t<\/div>\n\t<\/div>\n\n\t\t\t<\/div>\n\n\t\t\t\n        <div class=\"page-section-content vc_row-fluid mk-grid\" >\n            <div class=\"mk-padding-wrapper wpb_row\">\n<div class=\"vc_col-sm-12 wpb_column column_container  jupiter-donut- _ jupiter-donut-height-full\">\n\t\t<div class=\"vc_custom_1764013349948\">\n\n<div id=\"text-block-3\" class=\"mk-text-block  jupiter-donut-\">\n\n\t\n\t\n\t<div class=\"clearboth\"><\/div>\n<\/div>\n\n\t<\/div>\n\n<h2 id=\"fancy-title-4\" class=\"mk-fancy-title  simple-style jupiter-donut-  color-single\">\n\t<span>\n\t\t\t\t<h1 style=\"text-align: center;\"><span style=\"color: #ffffff; font-family: helvetica, arial, sans-serif;\">Esperanza. Salud. Vida.<\/span><\/h1>\n\t\t\t<\/span>\n<\/h2>\n<div class=\"clearboth\"><\/div>\n\n\n\n\n<div id=\"padding-5\" class=\"mk-padding-divider jupiter-donut-  jupiter-donut-clearfix\"><\/div>\n\n<\/div>\n<\/div>\n            <div class=\"clearboth\"><\/div>\n        <\/div>\n\n\n\t\t\t\n\t\t\t\n\t\t\t\n\t\t<div class=\"clearboth\"><\/div>\n\t<\/div>\n<\/div>\n<div class=\"vc_row-full-width vc_clearfix\"><\/div>\n\n\n<div class=\"mk-page-section-wrapper\" data-mk-full-width=\"true\" data-mk-full-width-init=\"true\" data-mk-stretch-content=\"true\">\n\t<div id=\"page-section-6\" class=\"mk-page-section self-hosted   half_right_layout half_boxed full-width-6 js-el js-master-row jupiter-donut-\"    data-intro-effect=\"false\">\n\n\t\t\t\n\t\t\t<div class=\"mk-page-section-inner\">\n\t\t\t\t\n\n\n<div class=\"mk-video-color-mask\"><\/div>\n\n\t\t\t\t\n\t\t\t\t\t\t\t<\/div>\n\n\t\t\t\n\t\t\t \n \n\n <div class=\"mk-half-layout half_right_layout\" data-mk-img-set='{\"landscape\":{\"desktop\":\"https:\/\/aviva.health\/wp-content\/uploads\/2019\/09\/umpqua-community-health-center-aviva-health-main-campus-1500x758-blue.jpg\",\"tablet\":\"https:\/\/aviva.health\/wp-content\/uploads\/2019\/09\/umpqua-community-health-center-aviva-health-main-campus-1500x758-blue-1024x768.jpg\",\"mobile\":\"https:\/\/aviva.health\/wp-content\/uploads\/2019\/09\/umpqua-community-health-center-aviva-health-main-campus-1500x758-blue-736x414.jpg\"},\"responsive\":\"true\"}'>\n     <\/div>\n\n <div class=\"mk-half-layout-container page-section-content half_right_layout\">\n    <div class=\"mk-half-layout-inner\">\n \t  \n<div class=\"vc_col-sm-12 wpb_column column_container  jupiter-donut- _ jupiter-donut-height-full\">\n\t\n<h2 id=\"fancy-title-8\" class=\"mk-fancy-title  simple-style jupiter-donut-  color-single\">\n\t<span>\n\t\t\t\t<p>Bienvenido a Aviva Health<\/p>\n\t\t\t<\/span>\n<\/h2>\n<div class=\"clearboth\"><\/div>\n\n\n\n<style>#fancy-title-8 {font-family: \"Raleway\"}<\/style>\t<div class=\"vc_custom_1755302548741\">\n\n<div id=\"text-block-9\" class=\"mk-text-block  jupiter-donut-\">\n\n\t\n\t<p>Aviva Health brinda servicios m\u00e9dicos primarios, servicios dentales y de salud conductual en <a href=\"https:\/\/aviva.health\/es\/locations\/\">10 ubicaciones<\/a> en todo el condado de Douglas.<\/p>\n<p>Aviva Health es un proveedor preferente para la mayor\u00eda de las aseguradoras y aceptamos pacientes de Medicare, Tri West\/Tri Care, OHP Medicaid y sin seguro m\u00e9dico. Ofrecemos una escala m\u00f3vil de tarifas seg\u00fan los ingresos y el tama\u00f1o de la familia. Muchos pacientes califican para descuentos o acuerdos de pago. Ning\u00fan paciente es rechazado por no poder pagar.<\/p>\n<p>Aviva Health es un centro de salud calificado a nivel federal y del condado de Douglas <i>primero<\/i> Centro de atenci\u00f3n primaria centrado en el paciente de 5 estrellas, la designaci\u00f3n m\u00e1s alta que ofrece la Autoridad de Salud de Oreg\u00f3n, que brinda no solo atenci\u00f3n cl\u00ednica de alta calidad, sino tambi\u00e9n una variedad de programas de apoyo y recursos para ayudarlo a alcanzar sus objetivos de salud.<\/p>\n<p>El centro de salud con sede en Roseburg ha recibido <a href=\"https:\/\/www.nrtoday.com\/\" target=\"_blank\" rel=\"noopener noreferrer\">La revista de noticias<\/a> Premios Reader&#039;s Choice como \u201cCl\u00ednica M\u00e9dica Favorita\u201d y \u201cLugar Favorito para Trabajar\u201d.<\/p>\n<p>Aviva Health es una organizaci\u00f3n que ofrece igualdad de oportunidades.<\/p>\n\n\t<div class=\"clearboth\"><\/div>\n<\/div>\n\n\t<\/div>\n\n<div id=\"mk-button-10\" class=\"mk-button-container _ jupiter-donut-relative    jupiter-donut-inline-block jupiter-donut-left\">\n\n\t\n\t\t<a href=\"\/es\/about-us\/\" target=\"_self\" class=\"mk-button js-smooth-scroll mk-button--dimension-flat mk-button--size-medium mk-button--corner-rounded text-color-light _ jupiter-donut-relative jupiter-donut-text-center jupiter-donut-font-weight-700 jupiter-donut-no-backface  letter-spacing-1 jupiter-donut-inline-block\"><span class=\"mk-button--text\">M\u00c1S INFORMACI\u00d3N<\/span><\/a>\n\n\t\n<\/div>\n<\/div>\n    <\/div>\n <\/div>\n\n\n\t\t\t\n\t\t\t\n\t\t<div class=\"clearboth\"><\/div>\n\t<\/div>\n<\/div>\n<div class=\"vc_row-full-width vc_clearfix\"><\/div>\n\n\n<div  data-mk-stretch-content=\"true\" class=\"wpb_row vc_row vc_row-fluid jupiter-donut- mk-fullwidth-false  attched-false     js-master-row  mk-grid\">\n\t\t\t\t\n<div class=\"vc_col-sm-12 wpb_column column_container  jupiter-donut- _ jupiter-donut-height-full\">\n\t\n<div id=\"padding-12\" class=\"mk-padding-divider jupiter-donut-  jupiter-donut-clearfix\"><\/div>\n\n<\/div>\n\t<\/div>\n\n<div  data-mk-stretch-content=\"true\" class=\"wpb_row vc_row vc_row-fluid jupiter-donut- mk-fullwidth-false  attched-false     js-master-row  mk-grid\">\n\t\t\t\t\n<div class=\"vc_col-sm-12 wpb_column column_container  jupiter-donut- _ jupiter-donut-height-full\">\n\t\n<h2 id=\"fancy-title-14\" class=\"mk-fancy-title  simple-style jupiter-donut-  color-single\">\n\t<span>\n\t\t\t\t<p>Servicios que ofrecemos<\/p>\n\t\t\t<\/span>\n<\/h2>\n<div class=\"clearboth\"><\/div>\n\n\n\n<style>#fancy-title-14 {font-family: \"Raleway\"}<\/style><\/div>\n\t<\/div>\n\n<div  data-mk-stretch-content=\"true\" class=\"wpb_row vc_row vc_row-fluid jupiter-donut- mk-fullwidth-false  attched-false     js-master-row  mk-grid\">\n\t\t\t\t\n<div class=\"vc_col-sm-4 wpb_column column_container  jupiter-donut- _ jupiter-donut-height-full\">\n\t<div id=\"mk-icon-box-16\" class=\"mk-box-icon-2  jupiter-donut- box-align-left  mk-animate-element left-to-right\">    <div class=\"mk-box-icon-2-image\" style=\"\">        <img decoding=\"async\" src=\"\/wp-content\/uploads\/2015\/06\/bloodpressure_web.jpg\" alt=\"Medical Care\" \/>    <\/div>    <h3 class=\"mk-box-icon-2-title\">Atenci\u00f3n m\u00e9dica<\/h3>    <p class=\"mk-box-icon-2-content\"><span style=\"letter-spacing: 1px;\">Aviva Health ofrece servicios m\u00e9dicos primarios integrales, que incluyen atenci\u00f3n m\u00e9dica general y preventiva, manejo de enfermedades cr\u00f3nicas, pediatr\u00eda, inmunizaciones, derivaciones a especialistas, educaci\u00f3n para la salud y acceso el mismo d\u00eda para atenci\u00f3n aguda.<\/span><\/p><\/div>\n<div id=\"mk-button-17\" class=\"mk-button-container _ jupiter-donut-relative jupiter-donut-width-full  mk-button--anim-side jupiter-donut-block jupiter-donut-text-center\">\n\n\t\n\t\t<a href=\"\/es\/medical-services\/\" target=\"_self\" class=\"mk-button js-smooth-scroll mk-button--dimension-flat mk-button--size-medium mk-button--corner-rounded text-color-light _ jupiter-donut-relative jupiter-donut-text-center jupiter-donut-font-weight-700 jupiter-donut-no-backface  letter-spacing-1 jupiter-donut-block\"><i class=\"mk-button--icon\"><svg  class=\"mk-svg-icon\" data-name=\"mk-icon-chevron-right\" data-cacheid=\"icon-69e77c6f44439\" style=\" height:16px; width: 11.428571428571px; \"  xmlns=\"http:\/\/www.w3.org\/2000\/svg\" viewbox=\"0 0 1280 1792\"><path d=\"M1107 877l-742 742q-19 19-45 19t-45-19l-166-166q-19-19-19-45t19-45l531-531-531-531q-19-19-19-45t19-45l166-166q19-19 45-19t45 19l742 742q19 19 19 45t-19 45z\"\/><\/svg><\/i><span class=\"mk-button--text\">LEER M\u00c1S<\/span><\/a>\n\n\t\n<\/div>\n\n<div id=\"mk-button-18\" class=\"mk-button-container _ jupiter-donut-relative jupiter-donut-width-full  mk-button--anim-side jupiter-donut-block jupiter-donut-text-center\">\n\n\t\n\t\t<a href=\"\/es\/medical-services\/#medical-providers\" target=\"_self\" class=\"mk-button js-smooth-scroll mk-button--dimension-flat mk-button--size-medium mk-button--corner-rounded text-color-light _ jupiter-donut-relative jupiter-donut-text-center jupiter-donut-font-weight-700 jupiter-donut-no-backface  letter-spacing-1 jupiter-donut-block\"><i class=\"mk-button--icon\"><svg  class=\"mk-svg-icon\" data-name=\"mk-icon-chevron-right\" data-cacheid=\"icon-69e77c6f4477c\" style=\" height:16px; width: 11.428571428571px; \"  xmlns=\"http:\/\/www.w3.org\/2000\/svg\" viewbox=\"0 0 1280 1792\"><path d=\"M1107 877l-742 742q-19 19-45 19t-45-19l-166-166q-19-19-19-45t19-45l531-531-531-531q-19-19-19-45t19-45l166-166q19-19 45-19t45 19l742 742q19 19 19 45t-19 45z\"\/><\/svg><\/i><span class=\"mk-button--text\">CONOZCA A NUESTROS PROVEEDORES M\u00c9DICOS<\/span><\/a>\n\n\t\n<\/div>\n\n<div id=\"padding-19\" class=\"mk-padding-divider jupiter-donut-  jupiter-donut-clearfix\"><\/div>\n\n<\/div>\n\n<div class=\"vc_col-sm-4 wpb_column column_container  jupiter-donut- _ jupiter-donut-height-full\">\n\t<div id=\"mk-icon-box-21\" class=\"mk-box-icon-2  jupiter-donut- box-align-left  mk-animate-element left-to-right\">    <div class=\"mk-box-icon-2-image\" style=\"\">        <img decoding=\"async\" src=\"\/wp-content\/uploads\/2015\/06\/behavioral_web.jpg\" alt=\"Behavioral Health\" \/>    <\/div>    <h3 class=\"mk-box-icon-2-title\">Salud conductual<\/h3>    <p class=\"mk-box-icon-2-content\">Aviva Health ofrece servicios de salud conductual de atenci\u00f3n primaria y ambulatorios. Brindamos consejer\u00eda y psicoterapia compasiva, as\u00ed como tratamientos espec\u00edficos para el TEPT, ya sea presencialmente o por telemedicina, para satisfacer sus necesidades de salud conductual.<\/p><\/div>\n<div id=\"mk-button-22\" class=\"mk-button-container _ jupiter-donut-relative jupiter-donut-width-full  mk-button--anim-side jupiter-donut-block jupiter-donut-text-center\">\n\n\t\n\t\t<a href=\"\/es\/behavioral-health-services\/\" target=\"_self\" class=\"mk-button js-smooth-scroll mk-button--dimension-flat mk-button--size-medium mk-button--corner-rounded text-color-light _ jupiter-donut-relative jupiter-donut-text-center jupiter-donut-font-weight-700 jupiter-donut-no-backface  letter-spacing-1 jupiter-donut-block\"><i class=\"mk-button--icon\"><svg  class=\"mk-svg-icon\" data-name=\"mk-icon-chevron-right\" data-cacheid=\"icon-69e77c6f44ddf\" style=\" height:16px; width: 11.428571428571px; \"  xmlns=\"http:\/\/www.w3.org\/2000\/svg\" viewbox=\"0 0 1280 1792\"><path d=\"M1107 877l-742 742q-19 19-45 19t-45-19l-166-166q-19-19-19-45t19-45l531-531-531-531q-19-19-19-45t19-45l166-166q19-19 45-19t45 19l742 742q19 19 19 45t-19 45z\"\/><\/svg><\/i><span class=\"mk-button--text\">LEER M\u00c1S<\/span><\/a>\n\n\t\n<\/div>\n\n<div id=\"mk-button-23\" class=\"mk-button-container _ jupiter-donut-relative jupiter-donut-width-full  mk-button--anim-side jupiter-donut-block jupiter-donut-text-center\">\n\n\t\n\t\t<a href=\"\/es\/behavioral-health-services\/#behavioral-providers\" target=\"_self\" class=\"mk-button js-smooth-scroll mk-button--dimension-flat mk-button--size-medium mk-button--corner-rounded text-color-light _ jupiter-donut-relative jupiter-donut-text-center jupiter-donut-font-weight-700 jupiter-donut-no-backface  letter-spacing-1 jupiter-donut-block\"><i class=\"mk-button--icon\"><svg  class=\"mk-svg-icon\" data-name=\"mk-icon-chevron-right\" data-cacheid=\"icon-69e77c6f45084\" style=\" height:16px; width: 11.428571428571px; \"  xmlns=\"http:\/\/www.w3.org\/2000\/svg\" viewbox=\"0 0 1280 1792\"><path d=\"M1107 877l-742 742q-19 19-45 19t-45-19l-166-166q-19-19-19-45t19-45l531-531-531-531q-19-19-19-45t19-45l166-166q19-19 45-19t45 19l742 742q19 19 19 45t-19 45z\"\/><\/svg><\/i><span class=\"mk-button--text\">CONOZCA A NUESTROS PROVEEDORES DE SALUD MENTAL<\/span><\/a>\n\n\t\n<\/div>\n\n<div id=\"padding-24\" class=\"mk-padding-divider jupiter-donut-  jupiter-donut-clearfix\"><\/div>\n\n<\/div>\n\n<div class=\"vc_col-sm-4 wpb_column column_container  jupiter-donut- _ jupiter-donut-height-full\">\n\t<div id=\"mk-icon-box-26\" class=\"mk-box-icon-2  jupiter-donut- box-align-left  mk-animate-element left-to-right\">    <div class=\"mk-box-icon-2-image\" style=\"\">        <img decoding=\"async\" src=\"\/wp-content\/uploads\/2015\/06\/dental_web.jpg\" alt=\"Dental Services\" \/>    <\/div>    <h3 class=\"mk-box-icon-2-title\">Servicios dentales<\/h3>    <p class=\"mk-box-icon-2-content\"><span style=\"letter-spacing: .5px;\">Con nueve dentistas y un prot\u00e9sico dental brindando atenci\u00f3n, Aviva Health ofrece una gama completa de servicios dentales para todas las edades, incluidos ex\u00e1menes completos, radiograf\u00edas, limpiezas, empastes y extracciones, coronas y puentes, pr\u00f3tesis parciales y dentaduras postizas, blanqueamiento y selladores.<\/span><\/p><\/div>\n<div id=\"mk-button-27\" class=\"mk-button-container _ jupiter-donut-relative jupiter-donut-width-full  mk-button--anim-side jupiter-donut-block jupiter-donut-text-center\">\n\n\t\n\t\t<a href=\"\/es\/dental-services\/\" target=\"_self\" class=\"mk-button js-smooth-scroll mk-button--dimension-flat mk-button--size-medium mk-button--corner-rounded text-color-light _ jupiter-donut-relative jupiter-donut-text-center jupiter-donut-font-weight-700 jupiter-donut-no-backface  letter-spacing-1 jupiter-donut-block\"><i class=\"mk-button--icon\"><svg  class=\"mk-svg-icon\" data-name=\"mk-icon-chevron-right\" data-cacheid=\"icon-69e77c6f456c1\" style=\" height:16px; width: 11.428571428571px; \"  xmlns=\"http:\/\/www.w3.org\/2000\/svg\" viewbox=\"0 0 1280 1792\"><path d=\"M1107 877l-742 742q-19 19-45 19t-45-19l-166-166q-19-19-19-45t19-45l531-531-531-531q-19-19-19-45t19-45l166-166q19-19 45-19t45 19l742 742q19 19 19 45t-19 45z\"\/><\/svg><\/i><span class=\"mk-button--text\">LEER M\u00c1S<\/span><\/a>\n\n\t\n<\/div>\n\n<div id=\"mk-button-28\" class=\"mk-button-container _ jupiter-donut-relative jupiter-donut-width-full  mk-button--anim-side jupiter-donut-block jupiter-donut-text-center\">\n\n\t\n\t\t<a href=\"\/es\/dental-services\/#dental-providers\" target=\"_self\" class=\"mk-button js-smooth-scroll mk-button--dimension-flat mk-button--size-medium mk-button--corner-rounded text-color-light _ jupiter-donut-relative jupiter-donut-text-center jupiter-donut-font-weight-700 jupiter-donut-no-backface  letter-spacing-1 jupiter-donut-block\"><i class=\"mk-button--icon\"><svg  class=\"mk-svg-icon\" data-name=\"mk-icon-chevron-right\" data-cacheid=\"icon-69e77c6f45977\" style=\" height:16px; width: 11.428571428571px; \"  xmlns=\"http:\/\/www.w3.org\/2000\/svg\" viewbox=\"0 0 1280 1792\"><path d=\"M1107 877l-742 742q-19 19-45 19t-45-19l-166-166q-19-19-19-45t19-45l531-531-531-531q-19-19-19-45t19-45l166-166q19-19 45-19t45 19l742 742q19 19 19 45t-19 45z\"\/><\/svg><\/i><span class=\"mk-button--text\">CONOZCA A NUESTROS PROVEEDORES DENTALES<\/span><\/a>\n\n\t\n<\/div>\n\n<div id=\"padding-29\" class=\"mk-padding-divider jupiter-donut-  jupiter-donut-clearfix\"><\/div>\n\n<\/div>\n\t<\/div>\n\n<div  data-mk-stretch-content=\"true\" class=\"wpb_row vc_row vc_row-fluid jupiter-donut- mk-fullwidth-false  attched-false     js-master-row  mk-grid\">\n\t\t\t\t\n<div class=\"vc_col-sm-12 wpb_column column_container  jupiter-donut- _ jupiter-donut-height-full\">\n\t\n<div id=\"padding-31\" class=\"mk-padding-divider jupiter-donut-  jupiter-donut-clearfix\"><\/div>\n\n<\/div>\n\t<\/div>\n\n<\/div>","protected":false},"excerpt":{"rendered":"Hope. Health. Life. Welcome to\u00a0Aviva Health Aviva Health provides primary medical, dental and behavioral health services at 10 locations throughout Douglas County. Aviva Health is a preferred provider for most [...]","protected":false},"author":5,"featured_media":0,"parent":0,"menu_order":0,"comment_status":"open","ping_status":"open","template":"","meta":{"nf_dc_page":"","om_disable_all_campaigns":false,"_monsterinsights_skip_tracking":false,"_monsterinsights_sitenote_active":false,"_monsterinsights_sitenote_note":"","_monsterinsights_sitenote_category":0,"footnotes":""},"class_list":["post-5","page","type-page","status-publish","hentry"],"aioseo_notices":[],"_links":{"self":[{"href":"https:\/\/aviva.health\/es\/wp-json\/wp\/v2\/pages\/5","targetHints":{"allow":["GET"]}}],"collection":[{"href":"https:\/\/aviva.health\/es\/wp-json\/wp\/v2\/pages"}],"about":[{"href":"https:\/\/aviva.health\/es\/wp-json\/wp\/v2\/types\/page"}],"author":[{"embeddable":true,"href":"https:\/\/aviva.health\/es\/wp-json\/wp\/v2\/users\/5"}],"replies":[{"embeddable":true,"href":"https:\/\/aviva.health\/es\/wp-json\/wp\/v2\/comments?post=5"}],"version-history":[{"count":7,"href":"https:\/\/aviva.health\/es\/wp-json\/wp\/v2\/pages\/5\/revisions"}],"predecessor-version":[{"id":11950,"href":"https:\/\/aviva.health\/es\/wp-json\/wp\/v2\/pages\/5\/revisions\/11950"}],"wp:attachment":[{"href":"https:\/\/aviva.health\/es\/wp-json\/wp\/v2\/media?parent=5"}],"curies":[{"name":"gracias","href":"https:\/\/api.w.org\/{rel}","templated":true}]}}