{"id":11607,"date":"2025-08-12T20:40:19","date_gmt":"2025-08-12T20:40:19","guid":{"rendered":"https:\/\/aviva.health\/?page_id=11607"},"modified":"2025-08-15T21:25:59","modified_gmt":"2025-08-15T21:25:59","slug":"vas-clinic","status":"publish","type":"page","link":"https:\/\/aviva.health\/es\/vas-clinic\/","title":{"rendered":"Cl\u00ednica de vasectom\u00eda"},"content":{"rendered":"<div class=\"wpb-content-wrapper\">\n<div class=\"mk-page-section-wrapper\" data-mk-full-width=\"true\" data-mk-full-width-init=\"true\" data-mk-stretch-content=\"true\">\n\t<div id=\"page-section-1\" class=\"mk-page-section self-hosted   full_layout full-width-1 js-el js-master-row jupiter-donut-\"    data-intro-effect=\"false\">\n\n\t\t\t\n\t\t\t<div class=\"mk-page-section-inner\">\n\t\t\t\t\n\n\n<div style=\"background-color:#4da3da;opacity:0.5;\" class=\"mk-video-color-mask\"><\/div>\n\n\t\t\t\t\n\t\t\t\t\n\t\n\t<div class=\"background-layer-holder\">\n\t\t<div id=\"background-layer--1\" data-mk-lazyload=\"false\" class=\"background-layer mk-background-stretch none-blend-effect js-el\"    data-mk-img-set='{\"landscape\":{\"desktop\":\"https:\/\/aviva.health\/wp-content\/uploads\/2025\/06\/aviva-vas-header-1.png\",\"tablet\":\"https:\/\/aviva.health\/wp-content\/uploads\/2025\/06\/aviva-vas-header-1-1024x768.png\",\"mobile\":\"https:\/\/aviva.health\/wp-content\/uploads\/2025\/06\/aviva-vas-header-1-736x414.png\"},\"responsive\":\"true\"}' >\n\t\t\t\t\t\t\t\t\t<div class=\"mk-color-layer\"><\/div>\n\t\t<\/div>\n\t<\/div>\n\n\t\t\t<\/div>\n\n\t\t\t\n        <div class=\"page-section-content vc_row-fluid mk-grid\" >\n            <div class=\"mk-padding-wrapper wpb_row\">\n<div class=\"vc_col-sm-12 wpb_column column_container  jupiter-donut- _ jupiter-donut-height-full\">\n\t\n<h2 id=\"fancy-title-3\" class=\"mk-fancy-title  simple-style jupiter-donut-  color-single\">\n\t<span>\n\t\t\t\t<p>Cl\u00ednica de vasectom\u00eda<\/p>\n\t\t\t<\/span>\n<\/h2>\n<div class=\"clearboth\"><\/div>\n\n\n\n<\/div>\n\n<div class=\"vc_col-sm-12 wpb_column column_container  jupiter-donut- _ jupiter-donut-height-full\">\n\t<\/div>\n\n<div id=\"text-block-5\" class=\"mk-text-block  jupiter-donut-\">\n\n\t\n\t\n\t<div class=\"clearboth\"><\/div>\n<\/div>\n\n<\/div>\n            <div class=\"clearboth\"><\/div>\n        <\/div>\n\n\n\t\t\t\n\t\t\t\n\t\t\t\n\t\t<div class=\"clearboth\"><\/div>\n\t<\/div>\n<\/div>\n<div class=\"vc_row-full-width vc_clearfix\"><\/div>\n\n\n<div class=\"mk-page-section-wrapper\" data-mk-full-width=\"true\" data-mk-full-width-init=\"true\" data-mk-stretch-content=\"true\">\n\t<div id=\"page-section-6\" class=\"mk-page-section self-hosted   half_right_layout half_fluid full-width-6 js-el js-master-row jupiter-donut-\"    data-intro-effect=\"false\">\n\n\t\t\t\n\t\t\t<div class=\"mk-page-section-inner\">\n\t\t\t\t\n\n\n<div class=\"mk-video-color-mask\"><\/div>\n\n\t\t\t\t\n\t\t\t\t\t\t\t<\/div>\n\n\t\t\t\n\t\t\t \n \n\n <div class=\"mk-half-layout half_right_layout\" data-mk-img-set='{\"landscape\":{\"desktop\":\"https:\/\/aviva.health\/wp-content\/uploads\/2025\/06\/aviva-vas-sub-1.png\",\"tablet\":\"https:\/\/aviva.health\/wp-content\/uploads\/2025\/06\/aviva-vas-sub-1.png\",\"mobile\":\"https:\/\/aviva.health\/wp-content\/uploads\/2025\/06\/aviva-vas-sub-1-736x414.png\"},\"responsive\":\"true\"}'>\n     <\/div>\n\n <div class=\"mk-half-layout-container page-section-content half_right_layout\">\n    <div class=\"mk-half-layout-inner\">\n \t  \n<div class=\"vc_col-sm-12 wpb_column column_container  jupiter-donut- _ jupiter-donut-height-full\">\n\t\n<div id=\"padding-8\" class=\"mk-padding-divider jupiter-donut-  jupiter-donut-clearfix\"><\/div>\n\n\n<h2 id=\"fancy-title-9\" class=\"mk-fancy-title  simple-style jupiter-donut-  color-single\">\n\t<span>\n\t\t\t\t<p>Tomando el control, juntos: Planificaci\u00f3n familiar con confianza<\/p>\n\t\t\t<\/span>\n<\/h2>\n<div class=\"clearboth\"><\/div>\n\n\n\n<style>#fancy-title-9 {font-family: \"Raleway\"}<\/style>\t<div class=\"vc_custom_1749762170417\">\n\n<div id=\"text-block-10\" class=\"mk-text-block  jupiter-donut-\">\n\n\t\n\t<p>La planificaci\u00f3n familiar es una responsabilidad compartida, y para muchas parejas, decidir cu\u00e1ndo, o si, ampliar la familia es una experiencia profundamente personal. En Aviva Health, estamos aqu\u00ed para apoyar ese proceso con atenci\u00f3n compasiva y experta. Nuestra Cl\u00ednica de Vasectom\u00eda ofrece una opci\u00f3n anticonceptiva segura, sencilla y permanente para hombres que est\u00e9n listos para participar activamente en la anticoncepci\u00f3n a largo plazo. Ya sea que est\u00e9n explorando opciones juntos o buscando una soluci\u00f3n que se ajuste a los objetivos de su familia, nuestra cl\u00ednica les brinda la informaci\u00f3n, el apoyo y la atenci\u00f3n que necesitan para tomar una decisi\u00f3n con confianza.<\/p>\n\n\t<div class=\"clearboth\"><\/div>\n<\/div>\n\n\t<\/div>\n\n<h2 id=\"fancy-title-11\" class=\"mk-fancy-title  simple-style jupiter-donut-  color-single\">\n\t<span>\n\t\t\t\t<p>\u00bfQu\u00e9 es una vasectom\u00eda?<\/p>\n\t\t\t<\/span>\n<\/h2>\n<div class=\"clearboth\"><\/div>\n\n\n\n<style>#fancy-title-11 {font-family: \"Raleway\"}<\/style>\t<div class=\"vc_custom_1749763327555\">\n\n<div id=\"text-block-12\" class=\"mk-text-block  jupiter-donut-\">\n\n\t\n\t<p>La vasectom\u00eda es un procedimiento quir\u00fargico ambulatorio sencillo que proporciona un m\u00e9todo anticonceptivo permanente para los hombres. Funciona cortando u obstruyendo los conductos deferentes que transportan los espermatozoides desde los test\u00edculos hasta la uretra. Despu\u00e9s de la vasectom\u00eda, los espermatozoides ya no pueden mezclarse con el semen ni salir del cuerpo durante la eyaculaci\u00f3n, lo que impide el embarazo.<\/p>\n<p><strong>Confiable y seguro<\/strong><\/p>\n<p>La vasectom\u00eda es uno de los m\u00e9todos anticonceptivos m\u00e1s confiables, con una tasa de \u00e9xito superior al 99%. Adem\u00e1s, es muy segura, con bajo riesgo de complicaciones o efectos secundarios a largo plazo. La mayor\u00eda de los hombres retoman sus actividades normales en pocos d\u00edas.<\/p>\n<p><strong>Lo que no cambia despu\u00e9s de una vasectom\u00eda<\/strong><\/p>\n<p>A muchas personas les preocupa que la vasectom\u00eda pueda afectar el rendimiento sexual, los niveles hormonales o la sensibilidad. Esto es lo que necesita saber:<\/p>\n<ul>\n<li>El deseo sexual (libido) permanece inalterado<\/li>\n<li>Los niveles de testosterona se mantienen iguales<\/li>\n<li>Los orgasmos no se ven afectados<\/li>\n<li>La eyaculaci\u00f3n todav\u00eda ocurre: el semen seguir\u00e1 liber\u00e1ndose, pero sin espermatozoides.<\/li>\n<li>La capacidad de erecci\u00f3n permanece intacta<\/li>\n<\/ul>\n<p>En resumen: su cuerpo sigue funcionando normalmente, pero sin el riesgo de provocar un embarazo.<\/p>\n\n\t<div class=\"clearboth\"><\/div>\n<\/div>\n\n\t<\/div>\n\n<div id=\"padding-13\" class=\"mk-padding-divider jupiter-donut-  jupiter-donut-clearfix\"><\/div>\n\n<\/div>\n    <\/div>\n <\/div>\n\n\n\t\t\t\n\t\t\t\n\t\t<div class=\"clearboth\"><\/div>\n\t<\/div>\n<\/div>\n<div class=\"vc_row-full-width vc_clearfix\"><\/div>\n\n\n<div class=\"mk-page-section-wrapper\" data-mk-full-width=\"true\" data-mk-full-width-init=\"true\" data-mk-stretch-content=\"true\">\n\t<div id=\"page-section-14\" class=\"mk-page-section self-hosted   half_left_layout half_fluid full-width-14 js-el js-master-row jupiter-donut-\"    data-intro-effect=\"false\">\n\n\t\t\t\n\t\t\t<div class=\"mk-page-section-inner\">\n\t\t\t\t\n\n\n<div class=\"mk-video-color-mask\"><\/div>\n\n\t\t\t\t\n\t\t\t\t\t\t\t<\/div>\n\n\t\t\t\n\t\t\t \n \n\n <div class=\"mk-half-layout half_left_layout\" data-mk-img-set='{\"landscape\":{\"desktop\":\"https:\/\/aviva.health\/wp-content\/uploads\/2025\/06\/aviva-vas-sub-2.png\",\"tablet\":\"https:\/\/aviva.health\/wp-content\/uploads\/2025\/06\/aviva-vas-sub-2-1024x768.png\",\"mobile\":\"https:\/\/aviva.health\/wp-content\/uploads\/2025\/06\/aviva-vas-sub-2-736x414.png\"},\"responsive\":\"true\"}'>\n     <\/div>\n\n <div class=\"mk-half-layout-container page-section-content half_left_layout\">\n    <div class=\"mk-half-layout-inner\">\n \t  \n<div class=\"vc_col-sm-12 wpb_column column_container  jupiter-donut- _ jupiter-donut-height-full\">\n\t\n<div id=\"padding-16\" class=\"mk-padding-divider jupiter-donut-  jupiter-donut-clearfix\"><\/div>\n\n<\/div>\n\n<h2 id=\"fancy-title-17\" class=\"mk-fancy-title  simple-style jupiter-donut-  color-single\">\n\t<span>\n\t\t\t\t<p>El procedimiento: qu\u00e9 esperar<\/p>\n\t\t\t<\/span>\n<\/h2>\n<div class=\"clearboth\"><\/div>\n\n\n\n<style>#fancy-title-17 {font-family: \"Raleway\"}<\/style>\t<div class=\"vc_custom_1755291646017\">\n\n<div id=\"text-block-18\" class=\"mk-text-block  jupiter-donut-\">\n\n\t\n\t<p><strong>Explicaci\u00f3n de la vasectom\u00eda<\/strong><\/p>\n<p>A continuaci\u00f3n se explica paso a paso el procedimiento de vasectom\u00eda:<\/p>\n<ol>\n<li>Anest\u00e9sico: en lugar de utilizar una aguja tradicional, administramos un anest\u00e9sico local utilizando un aplicador de aerosol de alta presi\u00f3n para adormecer el \u00e1rea, sin necesidad de aguja.<\/li>\n<li>Acceso a los conductos deferentes: utilizando una herramienta especializada, el proveedor realiza una peque\u00f1a punci\u00f3n en la piel del escroto.<\/li>\n<li>Sellado de los conductos deferentes: a trav\u00e9s de esta peque\u00f1a abertura, el proveedor lleva suavemente cada conducto deferente a la superficie, los corta y los sella utilizando cauterizaci\u00f3n y peque\u00f1os clips o ataduras.<\/li>\n<li>No se requieren suturas: la peque\u00f1a punci\u00f3n se cierra naturalmente por s\u00ed sola sin necesidad de suturas.<\/li>\n<li>El procedimiento normalmente dura entre 30 y 60 minutos.<\/li>\n<\/ol>\n\n\t<div class=\"clearboth\"><\/div>\n<\/div>\n\n\t<\/div>\n\n<div class=\"vc_col-sm-12 wpb_column column_container  jupiter-donut- _ jupiter-donut-height-full\">\n\t\n<div id=\"padding-20\" class=\"mk-padding-divider jupiter-donut-  jupiter-donut-clearfix\"><\/div>\n\n<\/div>\n\n<div id=\"text-block-21\" class=\"mk-text-block  jupiter-donut-\">\n\n\t\n\t\n\t<div class=\"clearboth\"><\/div>\n<\/div>\n\n    <\/div>\n <\/div>\n\n\n\t\t\t\n\t\t\t\n\t\t<div class=\"clearboth\"><\/div>\n\t<\/div>\n<\/div>\n<div class=\"vc_row-full-width vc_clearfix\"><\/div>\n\n\n<div class=\"mk-page-section-wrapper\" data-mk-full-width=\"true\" data-mk-full-width-init=\"true\" data-mk-stretch-content=\"true\">\n\t<div id=\"page-section-22\" class=\"mk-page-section self-hosted   half_right_layout half_fluid full-width-22 js-el js-master-row jupiter-donut-\"    data-intro-effect=\"false\">\n\n\t\t\t\n\t\t\t<div class=\"mk-page-section-inner\">\n\t\t\t\t\n\n\n<div class=\"mk-video-color-mask\"><\/div>\n\n\t\t\t\t\n\t\t\t\t\t\t\t<\/div>\n\n\t\t\t\n\t\t\t \n \n\n <div class=\"mk-half-layout half_right_layout\" data-mk-img-set='{\"landscape\":{\"desktop\":\"https:\/\/aviva.health\/wp-content\/uploads\/2025\/08\/aviva-web-vas-recovery-2025-e1755033447707.png\",\"tablet\":\"https:\/\/aviva.health\/wp-content\/uploads\/2025\/08\/aviva-web-vas-recovery-2025-e1755033447707.png\",\"mobile\":\"https:\/\/aviva.health\/wp-content\/uploads\/2025\/08\/aviva-web-vas-recovery-2025-e1755033447707-736x414.png\"},\"responsive\":\"true\"}'>\n     <\/div>\n\n <div class=\"mk-half-layout-container page-section-content half_right_layout\">\n    <div class=\"mk-half-layout-inner\">\n \t  \n<div class=\"vc_col-sm-12 wpb_column column_container  jupiter-donut- _ jupiter-donut-height-full\">\n\t<\/div>\n\n<h2 id=\"fancy-title-24\" class=\"mk-fancy-title  simple-style jupiter-donut-  color-single\">\n\t<span>\n\t\t\t\t<p>Instrucciones de cuidado posterior<\/p>\n\t\t\t<\/span>\n<\/h2>\n<div class=\"clearboth\"><\/div>\n\n\n\n<style>#fancy-title-24 {font-family: \"Raleway\"}<\/style>\t<div class=\"vc_custom_1755293155202\">\n\n<div id=\"text-block-25\" class=\"mk-text-block  jupiter-donut-\">\n\n\t\n\t<p>Despu\u00e9s del procedimiento\u2026<\/p>\n<ul>\n<li>Limite la actividad de 48 a 72 horas despu\u00e9s del procedimiento para reducir el dolor y la hinchaz\u00f3n.<\/li>\n<li>Evite actividades f\u00edsicas vigorosas como correr, jugar baloncesto, andar en bicicleta, hacer senderismo, etc. durante siete a diez d\u00edas despu\u00e9s del procedimiento.<\/li>\n<li>Evite nadar, usar jacuzzis, ba\u00f1arse y tener relaciones sexuales durante siete a diez d\u00edas o hasta que la hinchaz\u00f3n y el dolor hayan desaparecido y la incisi\u00f3n est\u00e9 cerrada.<\/li>\n<li>El dolor despu\u00e9s del procedimiento generalmente se controla bien con hielo, ibuprofeno y acetaminofeno.<\/li>\n<li>La vasectom\u00eda no proporciona protecci\u00f3n inmediata contra el embarazo: se recomienda un m\u00e9todo anticonceptivo de respaldo hasta que se confirme que su recuento de espermatozoides es cero con una muestra de eyaculaci\u00f3n de seguimiento.<\/li>\n<\/ul>\n\n\t<div class=\"clearboth\"><\/div>\n<\/div>\n\n\t<\/div>\n    <\/div>\n <\/div>\n\n\n\t\t\t\n\t\t\t\n\t\t<div class=\"clearboth\"><\/div>\n\t<\/div>\n<\/div>\n<div class=\"vc_row-full-width vc_clearfix\"><\/div>\n\n\n<div class=\"mk-page-section-wrapper\" data-mk-full-width=\"true\" data-mk-full-width-init=\"true\" data-mk-stretch-content=\"true\">\n\t<div id=\"medical-providers\" class=\"mk-page-section self-hosted   full_layout full-width-26 js-el js-master-row jupiter-donut-\"    data-intro-effect=\"false\">\n\n\t\t\t\n\t\t\t<div class=\"mk-page-section-inner\">\n\t\t\t\t\n\n\n<div class=\"mk-video-color-mask\"><\/div>\n\n\t\t\t\t\n\t\t\t\t\t\t\t<\/div>\n\n\t\t\t\n        <div class=\"page-section-content vc_row-fluid mk-grid\" >\n            <div class=\"mk-padding-wrapper wpb_row\">\n<div class=\"vc_col-sm-12 wpb_column column_container  jupiter-donut- _ jupiter-donut-height-full\">\n\t\n<h2 id=\"fancy-title-28\" class=\"mk-fancy-title  simple-style jupiter-donut-  color-single\">\n\t<span>\n\t\t\t\t<p>Conozca a nuestros proveedores m\u00e9dicos<\/p>\n\t\t\t<\/span>\n<\/h2>\n<div class=\"clearboth\"><\/div>\n\n\n\n<style>#fancy-title-28 {font-family: \"Raleway\"}<\/style>\n<div id=\"box-29\" class=\"mk-employees jupiter-donut-margin-bottom-10 jupiter-donut-margin-top-10 two-column u6col u5col u4col u3col o0col o1col mk-employees-grayscale classic c_cs  jupiter-donut-\">\n\t<ul>\n\n\t\n\t\t<li class=\"mk-employee-item jupiter-donut-colitem jupiter-donut-align-center jupiter-donut-display-inline-block jupiter-donut-float-left m_7\">\n\t\t\t<div class=\"item-holder\">\n\t\t\t\t<div class=\"team-thumbnail jupiter-donut-position-relative jupiter-donut-width-100-per jupiter-donut-height-100-per jupiter-donut-overflow-hidden rounded-true\">\n\t\t\t\t\t\t<a href=\"https:\/\/aviva.health\/es\/team\/family-medicine-physician\/\">\n\t\t<img decoding=\"async\" alt=\"Nathan Andrews, MD\" title=\"Dr. Nathan Andrews\" src=\"https:\/\/aviva.health\/wp-content\/uploads\/bfi_thumb\/dummy-transparent-rg12ob82go2daz3eteockm88d8q63sox8mjhn9imq0.png\" data-mk-image-src-set='{\"default\":\"https:\/\/aviva.health\/wp-content\/uploads\/2023\/02\/nate-andrews-500x500.jpeg\",\"2x\":\"https:\/\/aviva.health\/wp-content\/uploads\/2023\/02\/nate-andrews.jpeg\",\"mobile\":\"\",\"responsive\":\"true\"}'\/>\n\n\t<\/a>\n\n\t\t\t\t\t\n<ul class=\"mk-employeee-networks\">\n\t<\/ul>\t\t\t\t\t\t<div class=\"employee-hover-overlay jupiter-donut-fly-top-left jupiter-donut-opacity-100\"><\/div>\n\t\t\t\t\t\n\t\t\t\t<\/div>\n\n\t\t\t\t<div class=\"team-info-wrapper m_7\" itemscope=\"itemscope\" itemtype=\"https:\/\/schema.org\/Person\" >\n\t\t\t\t\t\t<a class=\"team-member-name\" href=\"https:\/\/aviva.health\/es\/team\/family-medicine-physician\/\">\n\t<span class=\"team-member-name jupiter-donut-font-16 jupiter-donut-display-block jupiter-donut-font-weight-bold jupiter-donut-text-transform-up jupiter-donut-color-333\">Dr. Nathan Andrews<\/span>\n\t<\/a>\n\t\t\t\t\t<span class=\"team-member-position jupiter-donut-font-12 jupiter-donut-text-transform-up jupiter-donut-display-block jupiter-donut-color-777 jupiter-donut-letter-spacing-1\">M\u00e9dico de Medicina Familiar<\/span>\n\t\t\t\t\t\n\t\t\t\t\t<div class=\"clearboth\"><\/div>\n\n\t\t\t\t\t\n\t\t\t\t<\/div>\n\t\t\t<\/div>\n\t\t<\/li>\n\n\t\t\n\t\t<li class=\"mk-employee-item jupiter-donut-colitem jupiter-donut-align-center jupiter-donut-display-inline-block jupiter-donut-float-left m_7\">\n\t\t\t<div class=\"item-holder\">\n\t\t\t\t<div class=\"team-thumbnail jupiter-donut-position-relative jupiter-donut-width-100-per jupiter-donut-height-100-per jupiter-donut-overflow-hidden rounded-true\">\n\t\t\t\t\t\t<a href=\"https:\/\/aviva.health\/es\/team\/gray-dawson-md\/\">\n\t\t<img decoding=\"async\" alt=\"Gray Dawson, MD\" title=\"Dr. Gray Dawson\" src=\"https:\/\/aviva.health\/wp-content\/uploads\/bfi_thumb\/dummy-transparent-rg12ob82go2daz3eteockm88d8q63sox8mjhn9imq0.png\" data-mk-image-src-set='{\"default\":\"https:\/\/aviva.health\/wp-content\/uploads\/2025\/07\/gray-dawson-500x500.png\",\"2x\":\"https:\/\/aviva.health\/wp-content\/uploads\/2025\/07\/gray-dawson.png\",\"mobile\":\"\",\"responsive\":\"true\"}'\/>\n\n\t<\/a>\n\n\t\t\t\t\t\n<ul class=\"mk-employeee-networks\">\n\t<\/ul>\t\t\t\t\t\t<div class=\"employee-hover-overlay jupiter-donut-fly-top-left jupiter-donut-opacity-100\"><\/div>\n\t\t\t\t\t\n\t\t\t\t<\/div>\n\n\t\t\t\t<div class=\"team-info-wrapper m_7\" itemscope=\"itemscope\" itemtype=\"https:\/\/schema.org\/Person\" >\n\t\t\t\t\t\t<a class=\"team-member-name\" href=\"https:\/\/aviva.health\/es\/team\/gray-dawson-md\/\">\n\t<span class=\"team-member-name jupiter-donut-font-16 jupiter-donut-display-block jupiter-donut-font-weight-bold jupiter-donut-text-transform-up jupiter-donut-color-333\">Dr. Gray Dawson<\/span>\n\t<\/a>\n\t\t\t\t\t<span class=\"team-member-position jupiter-donut-font-12 jupiter-donut-text-transform-up jupiter-donut-display-block jupiter-donut-color-777 jupiter-donut-letter-spacing-1\">M\u00e9dico de Medicina Familiar<\/span>\n\t\t\t\t\t\n\t\t\t\t\t<div class=\"clearboth\"><\/div>\n\n\t\t\t\t\t\n\t\t\t\t<\/div>\n\t\t\t<\/div>\n\t\t<\/li>\n\n\t\t\t\t\t<div class=\"clearboth\"><\/div>\n\t\t\t<\/ul>\n<div class=\"clearboth\"><\/div>\n<\/div>\n<\/div>\n\n<div id=\"text-block-30\" class=\"mk-text-block  jupiter-donut-\">\n\n\t\n\t\n\t<div class=\"clearboth\"><\/div>\n<\/div>\n\n<\/div>\n            <div class=\"clearboth\"><\/div>\n        <\/div>\n\n\n\t\t\t\n\t\t\t\n\t\t\t\n\t\t<div class=\"clearboth\"><\/div>\n\t<\/div>\n<\/div>\n<div class=\"vc_row-full-width vc_clearfix\"><\/div>\n\n\n<\/div>","protected":false},"excerpt":{"rendered":"Dr. Gray Dawson is a family medicine physician at Aviva Health and Roseburg Family Medicine Residency core faculty member, where he combines his passion for patient-centered care with his dedication [...]","protected":false},"author":5,"featured_media":0,"parent":0,"menu_order":0,"comment_status":"closed","ping_status":"closed","template":"","meta":{"nf_dc_page":"","om_disable_all_campaigns":false,"_monsterinsights_skip_tracking":false,"_monsterinsights_sitenote_active":false,"_monsterinsights_sitenote_note":"","_monsterinsights_sitenote_category":0,"footnotes":""},"class_list":["post-11607","page","type-page","status-publish","hentry"],"aioseo_notices":[],"_links":{"self":[{"href":"https:\/\/aviva.health\/es\/wp-json\/wp\/v2\/pages\/11607","targetHints":{"allow":["GET"]}}],"collection":[{"href":"https:\/\/aviva.health\/es\/wp-json\/wp\/v2\/pages"}],"about":[{"href":"https:\/\/aviva.health\/es\/wp-json\/wp\/v2\/types\/page"}],"author":[{"embeddable":true,"href":"https:\/\/aviva.health\/es\/wp-json\/wp\/v2\/users\/5"}],"replies":[{"embeddable":true,"href":"https:\/\/aviva.health\/es\/wp-json\/wp\/v2\/comments?post=11607"}],"version-history":[{"count":6,"href":"https:\/\/aviva.health\/es\/wp-json\/wp\/v2\/pages\/11607\/revisions"}],"predecessor-version":[{"id":11811,"href":"https:\/\/aviva.health\/es\/wp-json\/wp\/v2\/pages\/11607\/revisions\/11811"}],"wp:attachment":[{"href":"https:\/\/aviva.health\/es\/wp-json\/wp\/v2\/media?parent=11607"}],"curies":[{"name":"gracias","href":"https:\/\/api.w.org\/{rel}","templated":true}]}}