{"id":11576,"date":"2025-06-12T18:37:58","date_gmt":"2025-06-12T18:37:58","guid":{"rendered":"https:\/\/aviva.health\/?page_id=11576"},"modified":"2025-06-12T20:14:32","modified_gmt":"2025-06-12T20:14:32","slug":"community-conference-space","status":"publish","type":"page","link":"https:\/\/aviva.health\/es\/community-conference-space\/","title":{"rendered":"Espacio para conferencias comunitarias"},"content":{"rendered":"<div class=\"wpb-content-wrapper\">\n<div class=\"mk-page-section-wrapper\" data-mk-full-width=\"true\" data-mk-full-width-init=\"true\" data-mk-stretch-content=\"true\">\n\t<div id=\"page-section-1\" class=\"mk-page-section self-hosted   full_layout full-width-1 js-el js-master-row jupiter-donut-    center-y\"    data-intro-effect=\"false\">\n\n\t\t\t\n\t\t\t<div class=\"mk-page-section-inner\">\n\t\t\t\t\n\n\n<div style=\"background-color:#4da3da;opacity:0.5;\" class=\"mk-video-color-mask\"><\/div>\n\n\t\t\t\t\n\t\t\t\t\n\t\n\t<div class=\"background-layer-holder\">\n\t\t<div id=\"background-layer--1\" data-mk-lazyload=\"false\" class=\"background-layer mk-background-stretch none-blend-effect js-el\"    data-mk-img-set='{\"landscape\":{\"desktop\":\"https:\/\/aviva.health\/wp-content\/uploads\/2025\/06\/aviva-026b-scaled-e1749747373655.jpg\",\"tablet\":\"https:\/\/aviva.health\/wp-content\/uploads\/2025\/06\/aviva-026b-scaled-e1749747373655-1024x768.jpg\",\"mobile\":\"https:\/\/aviva.health\/wp-content\/uploads\/2025\/06\/aviva-026b-scaled-e1749747373655-736x414.jpg\"},\"responsive\":\"true\"}' >\n\t\t\t\t\t\t\t\t\t<div class=\"mk-color-layer\"><\/div>\n\t\t<\/div>\n\t<\/div>\n\n\t\t\t<\/div>\n\n\t\t\t\n        <div class=\"page-section-content vc_row-fluid mk-grid\" >\n            <div class=\"mk-padding-wrapper wpb_row\">\n<div class=\"vc_col-sm-12 wpb_column column_container  jupiter-donut- _ jupiter-donut-height-full\">\n\t\n<h2 id=\"fancy-title-3\" class=\"mk-fancy-title  simple-style jupiter-donut-  color-single\">\n\t<span>\n\t\t\t\t<p>Espacio para conferencias comunitarias<\/p>\n\t\t\t<\/span>\n<\/h2>\n<div class=\"clearboth\"><\/div>\n\n\n\n<\/div>\n<\/div>\n            <div class=\"clearboth\"><\/div>\n        <\/div>\n\n\n\t\t\t\n\t\t\t\n\t\t\t\n\t\t<div class=\"clearboth\"><\/div>\n\t<\/div>\n<\/div>\n<div class=\"vc_row-full-width vc_clearfix\"><\/div>\n\n\n<div class=\"mk-page-section-wrapper\" data-mk-full-width=\"true\" data-mk-full-width-init=\"true\" data-mk-stretch-content=\"true\">\n\t<div id=\"page-section-4\" class=\"mk-page-section self-hosted   half_right_layout half_fluid full-width-4 js-el js-master-row jupiter-donut-\"    data-intro-effect=\"false\">\n\n\t\t\t\n\t\t\t<div class=\"mk-page-section-inner\">\n\t\t\t\t\n\n\n<div class=\"mk-video-color-mask\"><\/div>\n\n\t\t\t\t\n\t\t\t\t\t\t\t<\/div>\n\n\t\t\t\n\t\t\t \n \n\n <div class=\"mk-half-layout half_right_layout\" data-mk-img-set='{\"landscape\":{\"desktop\":\"https:\/\/aviva.health\/wp-content\/uploads\/2025\/06\/aviva-028-scaled.jpg\",\"tablet\":\"https:\/\/aviva.health\/wp-content\/uploads\/2025\/06\/aviva-028-scaled-1024x768.jpg\",\"mobile\":\"https:\/\/aviva.health\/wp-content\/uploads\/2025\/06\/aviva-028-scaled-736x414.jpg\"},\"responsive\":\"true\"}'>\n     <\/div>\n\n <div class=\"mk-half-layout-container page-section-content half_right_layout\">\n    <div class=\"mk-half-layout-inner\">\n \t  \n<div class=\"vc_col-sm-12 wpb_column column_container  jupiter-donut- _ jupiter-donut-height-full\">\n\t\n<div id=\"padding-6\" class=\"mk-padding-divider jupiter-donut-  jupiter-donut-clearfix\"><\/div>\n\n\n<h2 id=\"fancy-title-7\" class=\"mk-fancy-title  simple-style jupiter-donut-  color-single\">\n\t<span>\n\t\t\t\t<p>El Centro de Conferencias de Columbia<\/p>\n\t\t\t<\/span>\n<\/h2>\n<div class=\"clearboth\"><\/div>\n\n\n\n<style>#fancy-title-7 {font-family: \"Raleway\"}<\/style>\t<div class=\"vc_custom_1749754254969\">\n\n<div id=\"text-block-8\" class=\"mk-text-block  jupiter-donut-\">\n\n\t\n\t<p>El Centro de Conferencias de Columbia es una de las muchas formas en que Aviva Health apoya y colabora con los socios de la comunidad al brindar el uso gratuito del espacio a organizaciones locales sin fines de lucro para organizar eventos, capacitaciones, seminarios y otras reuniones.<\/p>\n<p>Nuestras instalaciones incluyen tres salas de conferencias: Willamette, Rogue y South Umpqua, que pueden reservarse individualmente o combinarse para formar el Centro de Conferencias de Columbia completo.<\/p>\n<p>Tenga en cuenta: Las capacidades pueden variar seg\u00fan la configuraci\u00f3n de la sala y los requisitos del evento.<\/p>\n<ul>\n<li>Sala Willamette: incluye una peque\u00f1a cocina y tiene capacidad para 34 a 40 personas (estilo aula)<\/li>\n<li>Sala de p\u00edcaros: 24 asientos (estilo aula)<\/li>\n<li>Sala South Umpqua: 24 asientos (estilo aula)<\/li>\n<li>Centro de conferencias Columbia completo (todas las salas combinadas): 82 a 88 asientos (estilo aula)<\/li>\n<\/ul>\n<p><strong>Recursos adicionales<\/strong><\/p>\n<ul>\n<li><a href=\"https:\/\/aviva.health\/wp-content\/uploads\/2025\/06\/aviva-columbia-conf-layout-2025.pdf\">Disposici\u00f3n del Centro de Conferencias de Columbia<\/a><\/li>\n<li><a href=\"https:\/\/aviva.health\/wp-content\/uploads\/2025\/06\/aviva-parking-map-2025.pdf\">Mapa de estacionamiento para eventos<\/a><\/li>\n<li><a href=\"https:\/\/aviva.health\/wp-content\/uploads\/2025\/06\/aviva-conf-r-r-2025.pdf\">Normas y reglamentos del Centro de conferencias Aviva Health<\/a><\/li>\n<\/ul>\n\n\t<div class=\"clearboth\"><\/div>\n<\/div>\n\n\t<\/div>\n\n<div id=\"padding-9\" class=\"mk-padding-divider jupiter-donut-  jupiter-donut-clearfix\"><\/div>\n\n<\/div>\n    <\/div>\n <\/div>\n\n\n\t\t\t\n\t\t\t\n\t\t<div class=\"clearboth\"><\/div>\n\t<\/div>\n<\/div>\n<div class=\"vc_row-full-width vc_clearfix\"><\/div>\n\n\n<div class=\"mk-page-section-wrapper\" data-mk-full-width=\"true\" data-mk-full-width-init=\"true\" data-mk-stretch-content=\"true\">\n\t<div id=\"page-section-10\" class=\"mk-page-section self-hosted   half_left_layout half_boxed full-width-10 js-el js-master-row jupiter-donut-\"    data-intro-effect=\"false\">\n\n\t\t\t\n\t\t\t<div class=\"mk-page-section-inner\">\n\t\t\t\t\n\n\n<div class=\"mk-video-color-mask\"><\/div>\n\n\t\t\t\t\n\t\t\t\t\t\t\t<\/div>\n\n\t\t\t\n\t\t\t \n \n\n <div class=\"mk-half-layout half_left_layout\" data-mk-img-set='{\"landscape\":{\"desktop\":\"https:\/\/aviva.health\/wp-content\/uploads\/2025\/06\/nps-conf-2025-cropped-scaled.jpg\",\"tablet\":\"https:\/\/aviva.health\/wp-content\/uploads\/2025\/06\/nps-conf-2025-cropped-scaled-1024x768.jpg\",\"mobile\":\"https:\/\/aviva.health\/wp-content\/uploads\/2025\/06\/nps-conf-2025-cropped-scaled-736x414.jpg\"},\"responsive\":\"true\"}'>\n     <\/div>\n\n <div class=\"mk-half-layout-container page-section-content half_left_layout\">\n    <div class=\"mk-half-layout-inner\">\n \t  \n<div class=\"vc_col-sm-12 wpb_column column_container  jupiter-donut- _ jupiter-donut-height-full\">\n\t\n<h2 id=\"fancy-title-12\" class=\"mk-fancy-title  simple-style jupiter-donut-  color-single\">\n\t<span>\n\t\t\t\t<p>Informaci\u00f3n de reserva<\/p>\n\t\t\t<\/span>\n<\/h2>\n<div class=\"clearboth\"><\/div>\n\n\n\n<style>#fancy-title-12 {font-family: \"Raleway\"}<\/style>\t<div class=\"vc_custom_1749759270331\">\n\n<div id=\"text-block-13\" class=\"mk-text-block  jupiter-donut-\">\n\n\t\n\t<p>Ventana de reserva: Las reservas deben realizarse con al menos 30 d\u00edas de anticipaci\u00f3n y no m\u00e1s de seis meses antes de la fecha de su evento.<\/p>\n<p>Requisito de responsabilidad: se requiere un certificado de seguro de responsabilidad civil que nombre a Aviva Health como asegurado adicional para confirmar su reserva.<\/p>\n<p>Para consultar disponibilidad, por favor contacte con nuestro <a href=\"mailto:events@aviva.health\">coordinador de eventos<\/a>Incluya la siguiente informaci\u00f3n en su correo electr\u00f3nico:<\/p>\n<ul>\n<li>Nombre completo<\/li>\n<li>N\u00famero de tel\u00e9fono<\/li>\n<li>Nombre de la organizaci\u00f3n<\/li>\n<li>Estatus de organizaci\u00f3n sin fines de lucro<\/li>\n<li>Nombre del evento<\/li>\n<li>Breve descripci\u00f3n del evento<\/li>\n<li>Fecha(s) del evento<\/li>\n<li>Hora(s) del evento<\/li>\n<li>N\u00famero estimado de asistentes<\/li>\n<li>N\u00famero de plazas de aparcamiento necesarias<\/li>\n<li>\u00bfEl evento est\u00e1 abierto al p\u00fablico?<\/li>\n<\/ul>\n\n\t<div class=\"clearboth\"><\/div>\n<\/div>\n\n\t<\/div>\n<\/div>\n    <\/div>\n <\/div>\n\n\n\t\t\t\n\t\t\t\n\t\t<div class=\"clearboth\"><\/div>\n\t<\/div>\n<\/div>\n<div class=\"vc_row-full-width vc_clearfix\"><\/div>\n\n\n<\/div>","protected":false},"excerpt":{"rendered":"Community Conference Space The Columbia Conference Center The Columbia Conference Center is one of the many ways Aviva Health supports and collaborates with community partners by providing complimentary use of [...]","protected":false},"author":5,"featured_media":0,"parent":0,"menu_order":0,"comment_status":"open","ping_status":"closed","template":"","meta":{"nf_dc_page":"","om_disable_all_campaigns":false,"_monsterinsights_skip_tracking":false,"_monsterinsights_sitenote_active":false,"_monsterinsights_sitenote_note":"","_monsterinsights_sitenote_category":0,"footnotes":""},"class_list":["post-11576","page","type-page","status-publish","hentry"],"aioseo_notices":[],"_links":{"self":[{"href":"https:\/\/aviva.health\/es\/wp-json\/wp\/v2\/pages\/11576","targetHints":{"allow":["GET"]}}],"collection":[{"href":"https:\/\/aviva.health\/es\/wp-json\/wp\/v2\/pages"}],"about":[{"href":"https:\/\/aviva.health\/es\/wp-json\/wp\/v2\/types\/page"}],"author":[{"embeddable":true,"href":"https:\/\/aviva.health\/es\/wp-json\/wp\/v2\/users\/5"}],"replies":[{"embeddable":true,"href":"https:\/\/aviva.health\/es\/wp-json\/wp\/v2\/comments?post=11576"}],"version-history":[{"count":5,"href":"https:\/\/aviva.health\/es\/wp-json\/wp\/v2\/pages\/11576\/revisions"}],"predecessor-version":[{"id":11606,"href":"https:\/\/aviva.health\/es\/wp-json\/wp\/v2\/pages\/11576\/revisions\/11606"}],"wp:attachment":[{"href":"https:\/\/aviva.health\/es\/wp-json\/wp\/v2\/media?parent=11576"}],"curies":[{"name":"gracias","href":"https:\/\/api.w.org\/{rel}","templated":true}]}}