{"id":11164,"date":"2025-01-08T03:21:15","date_gmt":"2025-01-08T03:21:15","guid":{"rendered":"https:\/\/aviva.health\/?page_id=11164"},"modified":"2025-01-10T18:09:07","modified_gmt":"2025-01-10T18:09:07","slug":"app-continuity-clinic","status":"publish","type":"page","link":"https:\/\/aviva.health\/es\/appresidency\/app-continuity-clinic\/","title":{"rendered":"Cl\u00ednica de Continuidad APP"},"content":{"rendered":"<div class=\"wpb-content-wrapper\">\n<div class=\"mk-page-section-wrapper\" data-mk-full-width=\"true\" data-mk-full-width-init=\"true\" data-mk-stretch-content=\"true\">\n\t<div id=\"page-section-1\" class=\"mk-page-section self-hosted   full_layout full-width-1 js-el js-master-row jupiter-donut-    center-y\"    data-intro-effect=\"false\">\n\n\t\t\t\n\t\t\t<div class=\"mk-page-section-inner\">\n\t\t\t\t\n\n\n<div style=\"background-color:#4da3da;opacity:0.9;\" class=\"mk-video-color-mask\"><\/div>\n\n\t\t\t\t\n\t\t\t\t\n\t\n\t<div class=\"background-layer-holder\">\n\t\t<div id=\"background-layer--1\" data-mk-lazyload=\"false\" class=\"background-layer mk-background-stretch none-blend-effect js-el\"    data-mk-img-set='{\"landscape\":{\"desktop\":\"https:\/\/aviva.health\/wp-content\/uploads\/2023\/10\/aviva-main-building-web-scaled.jpg\",\"tablet\":\"https:\/\/aviva.health\/wp-content\/uploads\/2023\/10\/aviva-main-building-web-scaled-1024x768.jpg\",\"mobile\":\"https:\/\/aviva.health\/wp-content\/uploads\/2023\/10\/aviva-main-building-web-scaled-736x414.jpg\"},\"responsive\":\"true\"}' >\n\t\t\t\t\t\t\t\t\t<div class=\"mk-color-layer\"><\/div>\n\t\t<\/div>\n\t<\/div>\n\n\t\t\t<\/div>\n\n\t\t\t\n        <div class=\"page-section-content vc_row-fluid mk-grid\" >\n            <div class=\"mk-padding-wrapper wpb_row\">\n<div class=\"vc_col-sm-12 wpb_column column_container  jupiter-donut- _ jupiter-donut-height-full\">\n\t\n<h2 id=\"fancy-title-3\" class=\"mk-fancy-title  simple-style jupiter-donut-  color-single\">\n\t<span>\n\t\t\t\t<p style=\"text-align: center;\">NUESTRA CL\u00cdNICA DE CONTINUIDAD<\/p>\n\t\t\t<\/span>\n<\/h2>\n<div class=\"clearboth\"><\/div>\n\n\n\n<\/div>\n<\/div>\n            <div class=\"clearboth\"><\/div>\n        <\/div>\n\n\n\t\t\t\n\t\t\t\n\t\t\t\n\t\t<div class=\"clearboth\"><\/div>\n\t<\/div>\n<\/div>\n<div class=\"vc_row-full-width vc_clearfix\"><\/div>\n\n\n<div  data-mk-stretch-content=\"true\" class=\"wpb_row vc_row vc_row-fluid jupiter-donut- mk-fullwidth-false  attched-false     js-master-row  mk-grid\">\n\t\t\t\t\n<div class=\"vc_col-sm-2 wpb_column column_container  jupiter-donut- _ jupiter-donut-height-full\">\n\t<\/div>\n\n<div class=\"vc_col-sm-8 wpb_column column_container  jupiter-donut- _ jupiter-donut-height-full\">\n\t\n<h2 id=\"fancy-title-6\" class=\"mk-fancy-title  simple-style jupiter-donut-  color-single\">\n\t<span>\n\t\t\t\t<p>Un gran lugar para aprender<\/p>\n\t\t\t<\/span>\n<\/h2>\n<div class=\"clearboth\"><\/div>\n\n\n\n\t<div class=\"vc_custom_1736532533772\">\n\n<div id=\"text-block-7\" class=\"mk-text-block  jupiter-donut-\">\n\n\t\n\t<p style=\"text-align: left;\">Aviva Health, el Centro de Salud Federalmente Calificado (FQHC) m\u00e1s grande del condado de Douglas, opera su cl\u00ednica principal en Roseburg, designada como Centro de Atenci\u00f3n Primaria Centrada en el Paciente de Nivel 5. Para la residencia y la formaci\u00f3n de profesionales de pr\u00e1ctica avanzada, el centro cl\u00ednico principal es la cl\u00ednica Myrtle Creek, un Centro de Atenci\u00f3n Primaria Centrado en el Paciente de Nivel 4 que ofrece una experiencia de formaci\u00f3n m\u00e1s rural y comunitaria.<\/p>\n<p style=\"text-align: left;\">Fundada en 1992, Aviva Health es una organizaci\u00f3n independiente, sin fines de lucro y regida por una junta directiva, dedicada a brindar atenci\u00f3n m\u00e9dica, dental y de salud mental de alta calidad, centrada en el paciente, accesible y asequible a los residentes del condado de Douglas, Oreg\u00f3n, independientemente de su capacidad de pago o seguro m\u00e9dico. Ofrece servicios integrales en ocho cl\u00ednicas en Myrtle Creek, Roseburg, Sutherlin, North County y Glide, incluyendo un Centro de Salud para Adolescentes ubicado en el campus de la Escuela Secundaria Roseburg y dos unidades m\u00e9dicas m\u00f3viles. Aviva Health atiende a m\u00e1s de 13,500 residentes del condado de Douglas y recibe un promedio de casi 50,000 consultas al a\u00f1o.<\/p>\n<p style=\"text-align: left;\">La cl\u00ednica Myrtle Creek promueve un modelo de atenci\u00f3n continua donde pacientes de todas las edades reciben atenci\u00f3n integral en equipo. Esta cl\u00ednica ofrece a profesionales de pr\u00e1ctica avanzada y residentes una oportunidad \u00fanica de capacitarse en un entorno que satisface las necesidades de atenci\u00f3n m\u00e9dica de una comunidad rural desatendida.<\/p>\n<p><span style=\"font-size: 18pt;\"><strong>Esperanza. Salud. Vida.<\/strong><\/span><\/p>\n\n\t<div class=\"clearboth\"><\/div>\n<\/div>\n\n\t<\/div>\n<\/div>\n\n<div class=\"vc_col-sm-2 wpb_column column_container  jupiter-donut- _ jupiter-donut-height-full\">\n\t<\/div>\n\t<\/div>\n\n<\/div>","protected":false},"excerpt":{"rendered":"OUR CONTINUITY CLINIC A Great Place to Learn Aviva Health, the largest Federally Qualified Health Center (FQHC) in Douglas County, operates its main clinic in Roseburg, designated as a Tier-5 [...]","protected":false},"author":15,"featured_media":0,"parent":11037,"menu_order":0,"comment_status":"closed","ping_status":"closed","template":"","meta":{"nf_dc_page":"","om_disable_all_campaigns":false,"_monsterinsights_skip_tracking":false,"_monsterinsights_sitenote_active":false,"_monsterinsights_sitenote_note":"","_monsterinsights_sitenote_category":0,"footnotes":""},"class_list":["post-11164","page","type-page","status-publish","hentry"],"aioseo_notices":[],"_links":{"self":[{"href":"https:\/\/aviva.health\/es\/wp-json\/wp\/v2\/pages\/11164","targetHints":{"allow":["GET"]}}],"collection":[{"href":"https:\/\/aviva.health\/es\/wp-json\/wp\/v2\/pages"}],"about":[{"href":"https:\/\/aviva.health\/es\/wp-json\/wp\/v2\/types\/page"}],"author":[{"embeddable":true,"href":"https:\/\/aviva.health\/es\/wp-json\/wp\/v2\/users\/15"}],"replies":[{"embeddable":true,"href":"https:\/\/aviva.health\/es\/wp-json\/wp\/v2\/comments?post=11164"}],"version-history":[{"count":5,"href":"https:\/\/aviva.health\/es\/wp-json\/wp\/v2\/pages\/11164\/revisions"}],"predecessor-version":[{"id":11286,"href":"https:\/\/aviva.health\/es\/wp-json\/wp\/v2\/pages\/11164\/revisions\/11286"}],"up":[{"embeddable":true,"href":"https:\/\/aviva.health\/es\/wp-json\/wp\/v2\/pages\/11037"}],"wp:attachment":[{"href":"https:\/\/aviva.health\/es\/wp-json\/wp\/v2\/media?parent=11164"}],"curies":[{"name":"gracias","href":"https:\/\/api.w.org\/{rel}","templated":true}]}}