{"id":11158,"date":"2025-01-08T02:54:08","date_gmt":"2025-01-08T02:54:08","guid":{"rendered":"https:\/\/aviva.health\/?page_id=11158"},"modified":"2025-01-15T23:43:34","modified_gmt":"2025-01-15T23:43:34","slug":"app-resident-wellness","status":"publish","type":"page","link":"https:\/\/aviva.health\/es\/appresidency\/app-resident-wellness\/","title":{"rendered":"Bienestar para residentes de APP"},"content":{"rendered":"<div class=\"wpb-content-wrapper\">\n<div class=\"mk-page-section-wrapper\" data-mk-full-width=\"true\" data-mk-full-width-init=\"true\" data-mk-stretch-content=\"true\">\n\t<div id=\"page-section-1\" class=\"mk-page-section self-hosted   full_layout full-width-1 js-el js-master-row jupiter-donut-    center-y\"    data-intro-effect=\"false\">\n\n\t\t\t\n\t\t\t<div class=\"mk-page-section-inner\">\n\t\t\t\t\n\n\n<div style=\"background-color:#4da3da;opacity:0.9;\" class=\"mk-video-color-mask\"><\/div>\n\n\t\t\t\t\n\t\t\t\t\n\t\n\t<div class=\"background-layer-holder\">\n\t\t<div id=\"background-layer--1\" data-mk-lazyload=\"false\" class=\"background-layer mk-background-stretch none-blend-effect js-el\"    data-mk-img-set='{\"landscape\":{\"desktop\":\"https:\/\/aviva.health\/wp-content\/uploads\/2020\/02\/resident-wellness-blue-zones-woman-running-crop-u1640.jpg\",\"tablet\":\"https:\/\/aviva.health\/wp-content\/uploads\/2020\/02\/resident-wellness-blue-zones-woman-running-crop-u1640-1024x768.jpg\",\"mobile\":\"https:\/\/aviva.health\/wp-content\/uploads\/2020\/02\/resident-wellness-blue-zones-woman-running-crop-u1640-736x414.jpg\"},\"responsive\":\"true\"}' >\n\t\t\t\t\t\t\t\t\t<div class=\"mk-color-layer\"><\/div>\n\t\t<\/div>\n\t<\/div>\n\n\t\t\t<\/div>\n\n\t\t\t\n        <div class=\"page-section-content vc_row-fluid mk-grid\" >\n            <div class=\"mk-padding-wrapper wpb_row\">\n<div class=\"vc_col-sm-12 wpb_column column_container  jupiter-donut- _ jupiter-donut-height-full\">\n\t\n<h2 id=\"fancy-title-3\" class=\"mk-fancy-title  simple-style jupiter-donut-  color-single\">\n\t<span>\n\t\t\t\t<p style=\"text-align: center;\">PROVEEDOR DE PR\u00c1CTICA AVANZADA BIENESTAR RESIDENTE<\/p>\n\t\t\t<\/span>\n<\/h2>\n<div class=\"clearboth\"><\/div>\n\n\n\n<\/div>\n<\/div>\n            <div class=\"clearboth\"><\/div>\n        <\/div>\n\n\n\t\t\t\n\t\t\t\n\t\t\t\n\t\t<div class=\"clearboth\"><\/div>\n\t<\/div>\n<\/div>\n<div class=\"vc_row-full-width vc_clearfix\"><\/div>\n\n\n<div  data-mk-stretch-content=\"true\" class=\"wpb_row vc_row vc_row-fluid jupiter-donut- mk-fullwidth-false  attched-false     js-master-row  mk-grid\">\n\t\t\t\t\n<div class=\"vc_col-sm-12 wpb_column column_container  jupiter-donut- _ jupiter-donut-height-full\">\n\t\n<div id=\"padding-5\" class=\"mk-padding-divider jupiter-donut-  jupiter-donut-clearfix\"><\/div>\n\n\n<h2 id=\"fancy-title-6\" class=\"mk-fancy-title  simple-style jupiter-donut-  color-single\">\n\t<span>\n\t\t\t\t<p>Un estilo de vida que te encantar\u00e1<\/p>\n\t\t\t<\/span>\n<\/h2>\n<div class=\"clearboth\"><\/div>\n\n\n\n\t<div class=\"vc_custom_1736984057878\">\n\n<div id=\"text-block-7\" class=\"mk-text-block  jupiter-donut-\">\n\n\t\n\t<p>Mantener el bienestar durante la Residencia de Proveedor de Pr\u00e1ctica Avanzada puede parecer un desaf\u00edo. El programa de Residencia APP se dedica a ayudar a nuestros residentes a mantener un estilo de vida saludable, un equilibrio entre la vida laboral y personal, y a disfrutar de la residencia en Roseburg, Oreg\u00f3n. Con el bienestar de los residentes de APP en mente, hemos integrado en nuestro programa diversas actividades inspiradoras que promueven el bienestar; vea c\u00f3mo esperamos incorporar el bienestar en su residencia:<\/p>\n\n\t<div class=\"clearboth\"><\/div>\n<\/div>\n\n\t<\/div>\n<\/div>\n\t<\/div>\n\n<div  data-mk-stretch-content=\"true\" class=\"wpb_row vc_row vc_row-fluid jupiter-donut- mk-fullwidth-false  attched-false     js-master-row  mk-grid\">\n\t\t\t\t\n<div class=\"vc_col-sm-6 wpb_column column_container  jupiter-donut- _ jupiter-donut-height-full\">\n\t\n<div id=\"padding-9\" class=\"mk-padding-divider jupiter-donut-  jupiter-donut-clearfix\"><\/div>\n\n<div id=\"mk-icon-box-10\" class=\"mk-box-icon-2  jupiter-donut- box-align-left  mk-animate-element left-to-right\">    <div class=\"mk-box-icon-2-image\" style=\"\">        <img decoding=\"async\" src=\"https:\/\/aviva.health\/wp-content\/uploads\/2020\/02\/going-on-a-picnic.jpg\" alt=\"Blue Zones\" \/>    <\/div>    <h3 class=\"mk-box-icon-2-title\">Zonas azules<\/h3>    <p class=\"mk-box-icon-2-content\">Blue Zones Project\u00ae es una iniciativa de mejora del bienestar de toda la comunidad para ayudar a que los residentes del condado de Douglas puedan tomar decisiones saludables con mayor facilidad.<\/p>\n<p>En apoyo a la iniciativa del Estado M\u00e1s Saludable de Oreg\u00f3n, el Proyecto Zonas Azules\u00ae promueve cambios en nuestra comunidad que generen opciones m\u00e1s saludables. Al unir a residentes, lugares de trabajo, escuelas, restaurantes, supermercados y al gobierno, el Proyecto Zonas Azules\u00ae inspirar\u00e1 un movimiento comunitario con el poder de mejorar la calidad de vida de todos.<\/p><\/div><div id=\"mk-icon-box-11\" class=\"mk-box-icon-2  jupiter-donut- box-align-left  mk-animate-element left-to-right\">    <div class=\"mk-box-icon-2-image\" style=\"\">        <img decoding=\"async\" src=\"https:\/\/aviva.health\/wp-content\/uploads\/2020\/02\/blue-zones-photo-yoga.jpg\" alt=\"\" \/>    <\/div>    <h3 class=\"mk-box-icon-2-title\"><\/h3>    <p class=\"mk-box-icon-2-content\">Lo que comenz\u00f3 como un \u00e9xito de ventas del New York Times, creado por Dan Buettner, miembro de National Geographic, se ha convertido en un movimiento global, dando lugar a un programa que nos ayuda a vivir vidas m\u00e1s largas, saludables y felices. Desde Cerde\u00f1a (Italia) hasta Okinawa (Jap\u00f3n) y Loma Linda (California), personas de cientos de a\u00f1os llevan vidas vibrantes y activas. Buettner llama a estas zonas &quot;Zonas Azules&quot; y son la inspiraci\u00f3n detr\u00e1s de su libro, &quot;Las Zonas Azules: Lecciones para Vivir M\u00e1s Largo de las Personas que Han Vivido M\u00e1s Largo&quot;.<\/p>\n<p>Nos enorgullece contar con el Proyecto Zonas Azules de Umpqua en nuestra comunidad. El bienestar de los residentes se centra principalmente en cuidarnos a nosotros mismos, en c\u00f3mo prevenir el agotamiento y en aumentar la resiliencia. Empezar por uno mismo es un gran primer paso, por eso creemos que participar en la comunidad y en iniciativas comunitarias como el Proyecto Zonas Azules\u00ae representan excelentes oportunidades para nuestros residentes, ya que mejoran su calidad de vida y les ofrecen maneras de mejorar la vida de sus pacientes.<\/p>\n<p>Para obtener m\u00e1s informaci\u00f3n sobre las iniciativas locales del Proyecto Zonas Azules de Umpqua, visite <a href=\"https:\/\/www.facebook.com\/ThriveUmpqua\">https:\/\/www.facebook.com\/ThriveUmpqua<\/a><\/p><\/div><\/div>\n\n<div class=\"vc_col-sm-6 wpb_column column_container  jupiter-donut- _ jupiter-donut-height-full\">\n\t\n<div id=\"padding-13\" class=\"mk-padding-divider jupiter-donut-  jupiter-donut-clearfix\"><\/div>\n\n<div id=\"mk-icon-box-14\" class=\"mk-box-icon-2  jupiter-donut- box-align-left  mk-animate-element left-to-right\">    <div class=\"mk-box-icon-2-image\" style=\"\">        <img decoding=\"async\" src=\"https:\/\/aviva.health\/wp-content\/uploads\/2020\/02\/resident-wellness-resident-retreat-friendship-2.jpg\" alt=\"Resident Retreat\" \/>    <\/div>    <h3 class=\"mk-box-icon-2-title\">Retiro para residentes<\/h3>    <p class=\"mk-box-icon-2-content\">Retiro anual para residentes de APP y sus familias; fomenta relaciones saludables con \u00e9nfasis en nuestra familia\/apoyo en el hogar y la importancia de mantener esas relaciones.<\/p><\/div><div id=\"mk-icon-box-15\" class=\"mk-box-icon-2  jupiter-donut- box-align-left  mk-animate-element left-to-right\">    <div class=\"mk-box-icon-2-image\" style=\"\">        <img decoding=\"async\" src=\"https:\/\/aviva.health\/wp-content\/uploads\/2020\/02\/about-us-resident-wellness-time-for-personal-wellness.jpg\" alt=\"Time for Personal Wellness\" \/>    <\/div>    <h3 class=\"mk-box-icon-2-title\">Tiempo para el bienestar personal<\/h3>    <p class=\"mk-box-icon-2-content\">Como parte del paquete de Beneficios de Salud de Aviva, los residentes de APP reciben tiempo libre remunerado durante el a\u00f1o acad\u00e9mico y se les anima a aprovecharlo. Creemos que el bienestar personal, las relaciones familiares y la conciliaci\u00f3n de la vida laboral y personal son vitales para el \u00e9xito de los residentes de APP.<\/p><\/div><div id=\"mk-icon-box-16\" class=\"mk-box-icon-2  jupiter-donut- box-align-left  mk-animate-element left-to-right\">    <div class=\"mk-box-icon-2-icon size-16\">        <i style=\"font-size:16px\" class=\"\"><\/i>     <\/div>    <h3 class=\"mk-box-icon-2-title\">\u00a1Mira la charla TEDx de Juliete Palenshus sobre c\u00f3mo crear una cultura de bienestar!<\/h3>    <p class=\"mk-box-icon-2-content\"><iframe loading=\"lazy\" title=\"Reproductor de v\u00eddeo de YouTube\" src=\"https:\/\/www.youtube.com\/embed\/qwq9qAQwdaU\" width=\"100%\" height=\"315\" frameborder=\"0\" allowfullscreen=\"allowfullscreen\"><span data-mce-type=\"bookmark\" style=\"display: inline-block; width: 0px; overflow: hidden; line-height: 0;\" class=\"mce_SELRES_start\"><\/span><\/iframe><\/p><\/div><\/div>\n\t<\/div>\n\n<\/div>","protected":false},"excerpt":{"rendered":"ADVANCED PRACTICE PROVIDER RESIDENT WELLNESS A Lifestyle You Will Love Maintaining wellness during the Advanced Practice Provider Residency training can seem like a challenge. APP Residency program is dedicated to [...]","protected":false},"author":15,"featured_media":0,"parent":11037,"menu_order":0,"comment_status":"closed","ping_status":"closed","template":"","meta":{"nf_dc_page":"","om_disable_all_campaigns":false,"_monsterinsights_skip_tracking":false,"_monsterinsights_sitenote_active":false,"_monsterinsights_sitenote_note":"","_monsterinsights_sitenote_category":0,"footnotes":""},"class_list":["post-11158","page","type-page","status-publish","hentry"],"aioseo_notices":[],"_links":{"self":[{"href":"https:\/\/aviva.health\/es\/wp-json\/wp\/v2\/pages\/11158","targetHints":{"allow":["GET"]}}],"collection":[{"href":"https:\/\/aviva.health\/es\/wp-json\/wp\/v2\/pages"}],"about":[{"href":"https:\/\/aviva.health\/es\/wp-json\/wp\/v2\/types\/page"}],"author":[{"embeddable":true,"href":"https:\/\/aviva.health\/es\/wp-json\/wp\/v2\/users\/15"}],"replies":[{"embeddable":true,"href":"https:\/\/aviva.health\/es\/wp-json\/wp\/v2\/comments?post=11158"}],"version-history":[{"count":5,"href":"https:\/\/aviva.health\/es\/wp-json\/wp\/v2\/pages\/11158\/revisions"}],"predecessor-version":[{"id":11303,"href":"https:\/\/aviva.health\/es\/wp-json\/wp\/v2\/pages\/11158\/revisions\/11303"}],"up":[{"embeddable":true,"href":"https:\/\/aviva.health\/es\/wp-json\/wp\/v2\/pages\/11037"}],"wp:attachment":[{"href":"https:\/\/aviva.health\/es\/wp-json\/wp\/v2\/media?parent=11158"}],"curies":[{"name":"gracias","href":"https:\/\/api.w.org\/{rel}","templated":true}]}}