{"id":11147,"date":"2025-01-08T02:19:51","date_gmt":"2025-01-08T02:19:51","guid":{"rendered":"https:\/\/aviva.health\/?page_id=11147"},"modified":"2025-08-04T14:15:11","modified_gmt":"2025-08-04T14:15:11","slug":"app-program-structure","status":"publish","type":"page","link":"https:\/\/aviva.health\/es\/appresidency\/app-program-structure\/","title":{"rendered":"Estructura del programa APP"},"content":{"rendered":"<div class=\"wpb-content-wrapper\">\n<div class=\"mk-page-section-wrapper\" data-mk-full-width=\"true\" data-mk-full-width-init=\"true\" data-mk-stretch-content=\"true\">\n\t<div id=\"page-section-1\" class=\"mk-page-section self-hosted   full_layout full-width-1 js-el js-master-row jupiter-donut-    center-y\"    data-intro-effect=\"false\">\n\n\t\t\t\n\t\t\t<div class=\"mk-page-section-inner\">\n\t\t\t\t\n\n\n<div style=\"background-color:#4da3da;opacity:0.9;\" class=\"mk-video-color-mask\"><\/div>\n\n\t\t\t\t\n\t\t\t\t\n\t\n\t<div class=\"background-layer-holder\">\n\t\t<div id=\"background-layer--1\" data-mk-lazyload=\"false\" class=\"background-layer mk-background-stretch none-blend-effect js-el\"    data-mk-img-set='{\"landscape\":{\"desktop\":\"https:\/\/aviva.health\/wp-content\/uploads\/2023\/07\/aviva-011b-scaled.jpg\",\"tablet\":\"https:\/\/aviva.health\/wp-content\/uploads\/2023\/07\/aviva-011b-scaled-1024x768.jpg\",\"mobile\":\"https:\/\/aviva.health\/wp-content\/uploads\/2023\/07\/aviva-011b-scaled-736x414.jpg\"},\"responsive\":\"true\"}' >\n\t\t\t\t\t\t\t\t\t<div class=\"mk-color-layer\"><\/div>\n\t\t<\/div>\n\t<\/div>\n\n\t\t\t<\/div>\n\n\t\t\t\n        <div class=\"page-section-content vc_row-fluid mk-grid\" >\n            <div class=\"mk-padding-wrapper wpb_row\">\n<div class=\"vc_col-sm-12 wpb_column column_container  jupiter-donut- _ jupiter-donut-height-full\">\n\t\n<h2 id=\"fancy-title-3\" class=\"mk-fancy-title  simple-style jupiter-donut-  color-single\">\n\t<span>\n\t\t\t\t<p style=\"text-align: center;\">DESCRIPCI\u00d3N GENERAL DEL PROGRAMA<\/p>\n\t\t\t<\/span>\n<\/h2>\n<div class=\"clearboth\"><\/div>\n\n\n\n<\/div>\n<\/div>\n            <div class=\"clearboth\"><\/div>\n        <\/div>\n\n\n\t\t\t\n\t\t\t\n\t\t\t\n\t\t<div class=\"clearboth\"><\/div>\n\t<\/div>\n<\/div>\n<div class=\"vc_row-full-width vc_clearfix\"><\/div>\n\n\n<div  data-mk-stretch-content=\"true\" class=\"wpb_row vc_row vc_row-fluid jupiter-donut- mk-fullwidth-false  attched-false     js-master-row  mk-grid\">\n\t\t\t\t\n<div class=\"vc_col-sm-2 wpb_column column_container  jupiter-donut- _ jupiter-donut-height-full\">\n\t<\/div>\n\n<div class=\"vc_col-sm-8 wpb_column column_container  jupiter-donut- _ jupiter-donut-height-full\">\n\t\t<div class=\"vc_custom_1754316903967\">\n\n<div id=\"text-block-6\" class=\"mk-text-block  jupiter-donut-\">\n\n\t\n\t<ul>\n<li><strong>Selecci\u00f3n anual:<\/strong> Se seleccionan dos solicitantes cada a\u00f1o.<\/li>\n<li><strong>Duraci\u00f3n:<\/strong> 13 meses, comenzando anualmente cada noviembre.<\/li>\n<li><strong>Pr\u00e1ctica cl\u00ednica:<\/strong> Cuatro d\u00edas a la semana dedicados a la experiencia pr\u00e1ctica con m\u00e9dicos o proveedores de pr\u00e1ctica avanzada experimentados en un \u00e1rea cl\u00ednica dentro de Aviva Health, centr\u00e1ndose en el manejo de diversas condiciones de salud prevalentes en comunidades rurales.<\/li>\n<li><strong>Rotaciones especializadas:<\/strong> Los residentes participar\u00e1n en rotaciones de especialidades internas, que incluyen pediatr\u00eda, salud conductual, salud de la mujer, dermatolog\u00eda y oportunidades de procedimientos, todas las cuales est\u00e1n disponibles para cumplir con los objetivos de aprendizaje individuales y los objetivos profesionales.<\/li>\n<li><strong>Sesiones Did\u00e1cticas:<\/strong> El tiempo reservado para sesiones educativas, experiencias de aprendizaje en grupos peque\u00f1os y debates semanales de casos son componentes integrales del plan de estudios. La capacitaci\u00f3n incluye procedimientos como ex\u00e1menes de pie diab\u00e9tico, microscop\u00eda y toma de decisiones m\u00e9dicas, as\u00ed como instrucci\u00f3n especializada en planificaci\u00f3n familiar y administraci\u00f3n de anticonceptivos.<\/li>\n<li><strong>Proyecto de Mejora de la Calidad:<\/strong> Cada cohorte colabora en un proyecto grupal de mejora de la calidad o de la pr\u00e1ctica, cuyo objetivo es alcanzar los objetivos organizacionales, guiado por un equipo de especialistas y entrenadores en mejora de la calidad.<\/li>\n<\/ul>\n\n\t<div class=\"clearboth\"><\/div>\n<\/div>\n\n\t<\/div>\n<\/div>\n\n<div class=\"vc_col-sm-2 wpb_column column_container  jupiter-donut- _ jupiter-donut-height-full\">\n\t<\/div>\n\t<\/div>\n\n<\/div>","protected":false},"excerpt":{"rendered":"PROGRAM OVERVIEW Annual Selection: Two applicants are selected yearly. Duration: 13 months, commencing annually each November. Clinical Practice: Four&nbsp;days per week dedicated to hands-on experience with seasoned advanced practice providers [...]","protected":false},"author":15,"featured_media":0,"parent":11037,"menu_order":0,"comment_status":"closed","ping_status":"closed","template":"","meta":{"nf_dc_page":"","om_disable_all_campaigns":false,"_monsterinsights_skip_tracking":false,"_monsterinsights_sitenote_active":false,"_monsterinsights_sitenote_note":"","_monsterinsights_sitenote_category":0,"footnotes":""},"class_list":["post-11147","page","type-page","status-publish","hentry"],"aioseo_notices":[],"_links":{"self":[{"href":"https:\/\/aviva.health\/es\/wp-json\/wp\/v2\/pages\/11147","targetHints":{"allow":["GET"]}}],"collection":[{"href":"https:\/\/aviva.health\/es\/wp-json\/wp\/v2\/pages"}],"about":[{"href":"https:\/\/aviva.health\/es\/wp-json\/wp\/v2\/types\/page"}],"author":[{"embeddable":true,"href":"https:\/\/aviva.health\/es\/wp-json\/wp\/v2\/users\/15"}],"replies":[{"embeddable":true,"href":"https:\/\/aviva.health\/es\/wp-json\/wp\/v2\/comments?post=11147"}],"version-history":[{"count":5,"href":"https:\/\/aviva.health\/es\/wp-json\/wp\/v2\/pages\/11147\/revisions"}],"predecessor-version":[{"id":11782,"href":"https:\/\/aviva.health\/es\/wp-json\/wp\/v2\/pages\/11147\/revisions\/11782"}],"up":[{"embeddable":true,"href":"https:\/\/aviva.health\/es\/wp-json\/wp\/v2\/pages\/11037"}],"wp:attachment":[{"href":"https:\/\/aviva.health\/es\/wp-json\/wp\/v2\/media?parent=11147"}],"curies":[{"name":"gracias","href":"https:\/\/api.w.org\/{rel}","templated":true}]}}