{"id":11140,"date":"2025-01-08T01:50:45","date_gmt":"2025-01-08T01:50:45","guid":{"rendered":"https:\/\/aviva.health\/?page_id=11140"},"modified":"2025-08-18T14:51:52","modified_gmt":"2025-08-18T14:51:52","slug":"app-application-process","status":"publish","type":"page","link":"https:\/\/aviva.health\/es\/appresidency\/app-application-process\/","title":{"rendered":"Proceso de solicitud de APP"},"content":{"rendered":"<div class=\"wpb-content-wrapper\">\n<div class=\"mk-page-section-wrapper\" data-mk-full-width=\"true\" data-mk-full-width-init=\"true\" data-mk-stretch-content=\"true\">\n\t<div id=\"page-section-1\" class=\"mk-page-section self-hosted   full_layout full-width-1 js-el js-master-row jupiter-donut-    center-y\"    data-intro-effect=\"false\">\n\n\t\t\t\n\t\t\t<div class=\"mk-page-section-inner\">\n\t\t\t\t\n\n\n<div style=\"background-color:#4da3da;opacity:0.9;\" class=\"mk-video-color-mask\"><\/div>\n\n\t\t\t\t\n\t\t\t\t\n\t\n\t<div class=\"background-layer-holder\">\n\t\t<div id=\"background-layer--1\" data-mk-lazyload=\"false\" class=\"background-layer mk-background-stretch none-blend-effect js-el\"    data-mk-img-set='{\"landscape\":{\"desktop\":\"https:\/\/aviva.health\/wp-content\/uploads\/2023\/07\/aviva-011b-scaled.jpg\",\"tablet\":\"https:\/\/aviva.health\/wp-content\/uploads\/2023\/07\/aviva-011b-scaled-1024x768.jpg\",\"mobile\":\"https:\/\/aviva.health\/wp-content\/uploads\/2023\/07\/aviva-011b-scaled-736x414.jpg\"},\"responsive\":\"true\"}' >\n\t\t\t\t\t\t\t\t\t<div class=\"mk-color-layer\"><\/div>\n\t\t<\/div>\n\t<\/div>\n\n\t\t\t<\/div>\n\n\t\t\t\n        <div class=\"page-section-content vc_row-fluid mk-grid\" >\n            <div class=\"mk-padding-wrapper wpb_row\">\n<div class=\"vc_col-sm-12 wpb_column column_container  jupiter-donut- _ jupiter-donut-height-full\">\n\t\n<h2 id=\"fancy-title-3\" class=\"mk-fancy-title  simple-style jupiter-donut-  color-single\">\n\t<span>\n\t\t\t\t<p style=\"text-align: center;\">SOLICITE LA RESIDENCIA<\/p>\n\t\t\t<\/span>\n<\/h2>\n<div class=\"clearboth\"><\/div>\n\n\n\n<\/div>\n<\/div>\n            <div class=\"clearboth\"><\/div>\n        <\/div>\n\n\n\t\t\t\n\t\t\t\n\t\t\t\n\t\t<div class=\"clearboth\"><\/div>\n\t<\/div>\n<\/div>\n<div class=\"vc_row-full-width vc_clearfix\"><\/div>\n\n\n<div  data-mk-stretch-content=\"true\" class=\"wpb_row vc_row vc_row-fluid jupiter-donut- mk-fullwidth-false  attched-false     js-master-row  mk-grid\">\n\t\t\t\t\n<div class=\"vc_col-sm-12 wpb_column column_container  jupiter-donut- _ jupiter-donut-height-full\">\n\t\n<h2 id=\"fancy-title-5\" class=\"mk-fancy-title  simple-style jupiter-donut-  color-single\">\n\t<span>\n\t\t\t\t<p style=\"text-align: center;\">Ya se aceptan solicitudes<\/p>\n\t\t\t<\/span>\n<\/h2>\n<div class=\"clearboth\"><\/div>\n\n\n\n<style>#fancy-title-5 {font-family: \"Raleway\"}<\/style><\/div>\n\t<\/div>\n\n<div  data-mk-stretch-content=\"true\" class=\"wpb_row vc_row vc_row-fluid jupiter-donut- mk-fullwidth-false  attched-false     js-master-row  mk-grid\">\n\t\t\t\t\n<div class=\"vc_col-sm-6 wpb_column column_container  jupiter-donut- _ jupiter-donut-height-full\">\n\t\t<div class=\"vc_custom_1755528703706\">\n\n<div id=\"text-block-7\" class=\"mk-text-block  jupiter-donut-\">\n\n\t\n\t<div class=\"fl-col-group fl-node-61a8f0010a357\" data-node=\"61a8f0010a357\">\n<div class=\"fl-col fl-node-61a8f0010a358 fl-col-bg-color\" data-node=\"61a8f0010a358\">\n<div class=\"fl-col-content fl-node-content\">\n<div id=\"application\" class=\"fl-module fl-module-heading fl-node-61a8f0010a354\" data-node=\"61a8f0010a354\">\n<div class=\"fl-module-content fl-node-content\">\n<p>Buscamos candidatos que demuestren:<\/p>\n<ul>\n<li><strong>Antecedentes educativos:<\/strong> Graduaci\u00f3n de un programa de enfermer\u00eda familiar acreditado por CCNE o ACEN o de m\u00e9dico asociado por ARC-PA dentro de los 24 meses anteriores a la fecha de inicio del programa.<\/li>\n<li><strong>Licencia:<\/strong> Elegibilidad para obtener la licencia en Oregon, con la licencia y credenciales completadas antes de la fecha de inicio del programa.<\/li>\n<li><strong>Compromiso con la salud rural:<\/strong> Un fuerte inter\u00e9s en servir a las comunidades rurales y abordar los desaf\u00edos \u00fanicos de la prestaci\u00f3n de servicios de atenci\u00f3n m\u00e9dica rural.<\/li>\n<li><strong>Aprendizaje autodirigido:<\/strong> Entusiasmo por el aprendizaje continuo, apertura a la retroalimentaci\u00f3n y deseo de avanzar en la pr\u00e1ctica cl\u00ednica en un entorno rural.<\/li>\n<\/ul>\n<p>Las solicitudes para la pr\u00f3xima cohorte est\u00e1n abiertas hasta el 13 de febrero de 2026. El programa comienza cada noviembre.<\/p>\n<\/div>\n<\/div>\n<\/div>\n<\/div>\n<\/div>\n\n\t<div class=\"clearboth\"><\/div>\n<\/div>\n\n\t<\/div>\n<\/div>\n\n<div class=\"vc_col-sm-6 wpb_column column_container  jupiter-donut- _ jupiter-donut-height-full\">\n\t\t<div class=\"vc_custom_1749746463818\">\n\n<div id=\"text-block-9\" class=\"mk-text-block  jupiter-donut-\">\n\n\t\n\t<p><strong>Informaci\u00f3n del contacto:<\/strong><\/p>\n<p>\u00danase al Programa de residencia de proveedores de pr\u00e1ctica avanzada de Aviva Health Rural Oregon y tenga un impacto significativo en la salud de las comunidades rurales mientras mejora sus habilidades profesionales en un entorno de capacitaci\u00f3n integral y de apoyo.<\/p>\n<p><strong>Heather Stearman<\/strong>, <em>Director interino del programa de residencia APP<\/em><br \/>\n<a href=\"mailto:hstearman@aviva.health\">hstearman@aviva.health<\/a><\/p>\n\n\t<div class=\"clearboth\"><\/div>\n<\/div>\n\n\t<\/div>\n\n<div id=\"padding-10\" class=\"mk-padding-divider jupiter-donut-  jupiter-donut-clearfix\"><\/div>\n\n\n<div id=\"mk-button-11\" class=\"mk-button-container _ jupiter-donut-relative    jupiter-donut-block jupiter-donut-text-center\">\n\n\t\n\t\t<a href=\"https:\/\/avivahealth.bamboohr.com\/careers\/128\" target=\"_blank\" class=\"mk-button js-smooth-scroll mk-button--dimension-three mk-button--size-x-large mk-button--corner-full_rounded text-color-light _ jupiter-donut-relative jupiter-donut-text-center jupiter-donut-font-weight-700 jupiter-donut-no-backface  jupiter-donut-letter-spacing-2 jupiter-donut-inline-block\"><span class=\"mk-button--text\">Aplicar ahora<\/span><\/a>\n\n\t\n<\/div>\n<\/div>\n\t<\/div>\n\n<\/div>","protected":false},"excerpt":{"rendered":"APPLY FOR THE RESIDENCY Now Accepting Applications We seek candidates who demonstrate: Educational Background: Graduation from a CCNE or ACEN accredited family nurse practitioner or ARC-PA physician associate program within [...]","protected":false},"author":15,"featured_media":0,"parent":11037,"menu_order":0,"comment_status":"closed","ping_status":"closed","template":"","meta":{"nf_dc_page":"","om_disable_all_campaigns":false,"_monsterinsights_skip_tracking":false,"_monsterinsights_sitenote_active":false,"_monsterinsights_sitenote_note":"","_monsterinsights_sitenote_category":0,"footnotes":""},"class_list":["post-11140","page","type-page","status-publish","hentry"],"aioseo_notices":[],"_links":{"self":[{"href":"https:\/\/aviva.health\/es\/wp-json\/wp\/v2\/pages\/11140","targetHints":{"allow":["GET"]}}],"collection":[{"href":"https:\/\/aviva.health\/es\/wp-json\/wp\/v2\/pages"}],"about":[{"href":"https:\/\/aviva.health\/es\/wp-json\/wp\/v2\/types\/page"}],"author":[{"embeddable":true,"href":"https:\/\/aviva.health\/es\/wp-json\/wp\/v2\/users\/15"}],"replies":[{"embeddable":true,"href":"https:\/\/aviva.health\/es\/wp-json\/wp\/v2\/comments?post=11140"}],"version-history":[{"count":5,"href":"https:\/\/aviva.health\/es\/wp-json\/wp\/v2\/pages\/11140\/revisions"}],"predecessor-version":[{"id":11814,"href":"https:\/\/aviva.health\/es\/wp-json\/wp\/v2\/pages\/11140\/revisions\/11814"}],"up":[{"embeddable":true,"href":"https:\/\/aviva.health\/es\/wp-json\/wp\/v2\/pages\/11037"}],"wp:attachment":[{"href":"https:\/\/aviva.health\/es\/wp-json\/wp\/v2\/media?parent=11140"}],"curies":[{"name":"gracias","href":"https:\/\/api.w.org\/{rel}","templated":true}]}}