{"id":11070,"date":"2024-12-10T22:33:37","date_gmt":"2024-12-10T22:33:37","guid":{"rendered":"https:\/\/aviva.health\/?page_id=11070"},"modified":"2024-12-11T17:45:41","modified_gmt":"2024-12-11T17:45:41","slug":"dermatology-services","status":"publish","type":"page","link":"https:\/\/aviva.health\/es\/dermatology-services\/","title":{"rendered":"Servicios de Dermatolog\u00eda"},"content":{"rendered":"<div class=\"wpb-content-wrapper\">\n<div class=\"mk-page-section-wrapper\" data-mk-full-width=\"true\" data-mk-full-width-init=\"true\" data-mk-stretch-content=\"true\">\n\t<div id=\"page-section-1\" class=\"mk-page-section self-hosted   full_layout full-width-1 js-el js-master-row jupiter-donut-    center-y\"    data-intro-effect=\"false\">\n\n\t\t\t\n\t\t\t<div class=\"mk-page-section-inner\">\n\t\t\t\t\n\n\n<div style=\"background-color:#4da3da;opacity:0.5;\" class=\"mk-video-color-mask\"><\/div>\n\n\t\t\t\t\n\t\t\t\t\n\t\n\t<div class=\"background-layer-holder\">\n\t\t<div id=\"background-layer--1\" data-mk-lazyload=\"false\" class=\"background-layer mk-background-stretch none-blend-effect js-el\"    data-mk-img-set='{\"landscape\":{\"desktop\":\"https:\/\/aviva.health\/wp-content\/uploads\/2017\/03\/behavioral-header-bw.jpg\",\"tablet\":\"https:\/\/aviva.health\/wp-content\/uploads\/2017\/03\/behavioral-header-bw-1024x768.jpg\",\"mobile\":\"https:\/\/aviva.health\/wp-content\/uploads\/2017\/03\/behavioral-header-bw-736x414.jpg\"},\"responsive\":\"true\"}' >\n\t\t\t\t\t\t\t\t\t<div class=\"mk-color-layer\"><\/div>\n\t\t<\/div>\n\t<\/div>\n\n\t\t\t<\/div>\n\n\t\t\t\n        <div class=\"page-section-content vc_row-fluid mk-grid\" >\n            <div class=\"mk-padding-wrapper wpb_row\">\n<div class=\"vc_col-sm-12 wpb_column column_container  jupiter-donut- _ jupiter-donut-height-full\">\n\t\n<h2 id=\"fancy-title-3\" class=\"mk-fancy-title  simple-style jupiter-donut-  color-single\">\n\t<span>\n\t\t\t\t<p>Dermatolog\u00eda<\/p>\n\t\t\t<\/span>\n<\/h2>\n<div class=\"clearboth\"><\/div>\n\n\n\n<\/div>\n<\/div>\n            <div class=\"clearboth\"><\/div>\n        <\/div>\n\n\n\t\t\t\n\t\t\t\n\t\t\t\n\t\t<div class=\"clearboth\"><\/div>\n\t<\/div>\n<\/div>\n<div class=\"vc_row-full-width vc_clearfix\"><\/div>\n\n\n<div class=\"mk-page-section-wrapper\" data-mk-full-width=\"true\" data-mk-full-width-init=\"true\" data-mk-stretch-content=\"true\">\n\t<div id=\"page-section-4\" class=\"mk-page-section self-hosted   half_left_layout half_fluid full-width-4 js-el js-master-row jupiter-donut-\"    data-intro-effect=\"false\">\n\n\t\t\t\n\t\t\t<div class=\"mk-page-section-inner\">\n\t\t\t\t\n\n\n<div class=\"mk-video-color-mask\"><\/div>\n\n\t\t\t\t\n\t\t\t\t\t\t\t<\/div>\n\n\t\t\t\n\t\t\t \n \n\n <div class=\"mk-half-layout half_left_layout\" data-mk-img-set='{\"landscape\":{\"desktop\":\"https:\/\/aviva.health\/wp-content\/uploads\/2017\/03\/behavioral-hands.jpg\",\"tablet\":\"https:\/\/aviva.health\/wp-content\/uploads\/2017\/03\/behavioral-hands-1024x768.jpg\",\"mobile\":\"https:\/\/aviva.health\/wp-content\/uploads\/2017\/03\/behavioral-hands-736x414.jpg\"},\"responsive\":\"true\"}'>\n     <\/div>\n\n <div class=\"mk-half-layout-container page-section-content half_left_layout\">\n    <div class=\"mk-half-layout-inner\">\n \t  \n<div class=\"vc_col-sm-12 wpb_column column_container  jupiter-donut- _ jupiter-donut-height-full\">\n\t\n<div id=\"padding-6\" class=\"mk-padding-divider jupiter-donut-  jupiter-donut-clearfix\"><\/div>\n\n\n<h2 id=\"fancy-title-7\" class=\"mk-fancy-title  simple-style jupiter-donut-  color-single\">\n\t<span>\n\t\t\t\t<p>Servicios que ofrecemos<\/p>\n\t\t\t<\/span>\n<\/h2>\n<div class=\"clearboth\"><\/div>\n\n\n\n<style>#fancy-title-7 {font-family: \"Raleway\"}<\/style>\t<div class=\"vc_custom_1733939121660\">\n\n<div id=\"text-block-8\" class=\"mk-text-block  jupiter-donut-\">\n\n\t\n\t<p>Aviva Health ahora ofrece servicios generales de dermatolog\u00eda para pacientes de todas las edades, desde reci\u00e9n nacidos hasta adultos mayores. Estos servicios se ofrecen en la Cl\u00ednica Roseburg:<\/p>\n<ul>\n<li>Ex\u00e1menes preventivos anuales de la piel<\/li>\n<li>Detecci\u00f3n de lunares anormales<\/li>\n<li>Monitoreo rutinario para personas con factores de riesgo de c\u00e1ncer de piel<\/li>\n<li>Diagn\u00f3stico y tratamiento de trastornos de la piel, cabello y u\u00f1as.<\/li>\n<li>Crioterapia (tratamiento por congelaci\u00f3n de lesiones causadas por el sol)<\/li>\n<li>Diagn\u00f3stico y biopsia de lesiones premalignas y malignas<\/li>\n<li>Eliminaci\u00f3n de lesiones benignas como verrugas, quistes, queratosis seborreicas y acrocordones.<\/li>\n<li>Asesoramiento sobre el cuidado preventivo de la piel<\/li>\n<li>Citas el mismo d\u00eda o al d\u00eda siguiente para pacientes con inquietudes agudas, como lesiones cambiantes o nuevas erupciones.<\/li>\n<\/ul>\n<p>Afecciones dermatol\u00f3gicas comunes que se tratan en Aviva Health:<\/p>\n<ul>\n<li>Acn\u00e9\/ros\u00e1cea<\/li>\n<li>Queratosis act\u00ednicas (lesiones precancerosas)<\/li>\n<li>Nevos at\u00edpicos (lunares)<\/li>\n<li>Dermatitis de contacto (irritante)<\/li>\n<li>Quistes (cuando son peque\u00f1os y no est\u00e1n en la cara)<\/li>\n<li>Eczema (dermatitis at\u00f3pica)<\/li>\n<li>P\u00e9rdida de cabello\/exceso de cabello<\/li>\n<li>Urticaria<\/li>\n<li>Hidradenitis supurativa<\/li>\n<li>Picaz\u00f3n (prurito)<\/li>\n<li>Molusco contagioso<\/li>\n<li>Trastornos de las u\u00f1as<\/li>\n<li>Soriasis<\/li>\n<li>Dermatitis seborreica<\/li>\n<li>Queratosis seborreicas<\/li>\n<li>c\u00e1nceres de piel<\/li>\n<li>Vit\u00edligo<\/li>\n<li>Verrugas<\/li>\n<\/ul>\n<p>Servicios que NO se brindan en Aviva Health:<\/p>\n<ul>\n<li>Dermatolog\u00eda cosm\u00e9tica<\/li>\n<li>Botox o rellenos de piel\/labios<\/li>\n<li>Fototerapia (tratamientos con caja de luz o l\u00e1ser)<\/li>\n<li>Medicamentos biol\u00f3gicos para enfermedades cr\u00f3nicas de la piel<\/li>\n<li>Cirug\u00eda de c\u00e1ncer de piel (Mohs)<\/li>\n<\/ul>\n<p>Si tiene alg\u00fan hallazgo en la piel que le preocupe, llame al 541.672.9596 para programar una cita.<\/p>\n\n\t<div class=\"clearboth\"><\/div>\n<\/div>\n\n\t<\/div>\n\n<div id=\"padding-9\" class=\"mk-padding-divider jupiter-donut-  jupiter-donut-clearfix\"><\/div>\n\n<\/div>\n    <\/div>\n <\/div>\n\n\n\t\t\t\n\t\t\t\n\t\t<div class=\"clearboth\"><\/div>\n\t<\/div>\n<\/div>\n<div class=\"vc_row-full-width vc_clearfix\"><\/div>\n\n\n<div class=\"mk-page-section-wrapper\" data-mk-full-width=\"true\" data-mk-full-width-init=\"true\" data-mk-stretch-content=\"true\">\n\t<div id=\"behavioral-providers\" class=\"mk-page-section self-hosted   full_layout full-width-10 js-el js-master-row jupiter-donut-\"    data-intro-effect=\"false\">\n\n\t\t\t\n\t\t\t<div class=\"mk-page-section-inner\">\n\t\t\t\t\n\n\n<div class=\"mk-video-color-mask\"><\/div>\n\n\t\t\t\t\n\t\t\t\t\t\t\t<\/div>\n\n\t\t\t\n        <div class=\"page-section-content vc_row-fluid mk-grid\" >\n            <div class=\"mk-padding-wrapper wpb_row\">\n<div class=\"vc_col-sm-12 wpb_column column_container  jupiter-donut- _ jupiter-donut-height-full\">\n\t\n<h2 id=\"fancy-title-12\" class=\"mk-fancy-title  simple-style jupiter-donut-  color-single\">\n\t<span>\n\t\t\t\t<p><a id=\"behavioralproviders\"><\/a><a href=\"#behavioralproviders\">Conozca a nuestro proveedor de dermatolog\u00eda<\/a><\/p>\n\t\t\t<\/span>\n<\/h2>\n<div class=\"clearboth\"><\/div>\n\n\n\n<style>#fancy-title-12 {font-family: \"Raleway\"}<\/style>\n<div id=\"box-13\" class=\"mk-employees jupiter-donut-margin-bottom-10 jupiter-donut-margin-top-10 one-column u6col u5col u4col u3col o0col  mk-employees-grayscale classic c_cs  jupiter-donut-\">\n\t<ul>\n\n\t\n\t\t<li class=\"mk-employee-item jupiter-donut-colitem jupiter-donut-align-center jupiter-donut-display-inline-block jupiter-donut-float-left m_7\">\n\t\t\t<div class=\"item-holder\">\n\t\t\t\t<div class=\"team-thumbnail jupiter-donut-position-relative jupiter-donut-width-100-per jupiter-donut-height-100-per jupiter-donut-overflow-hidden rounded-true\">\n\t\t\t\t\t\t<a href=\"https:\/\/aviva.health\/es\/team\/family-medicine-john-roth\/\">\n\t\t<img decoding=\"async\" alt=\"John Roth, PA-C\" title=\"John Roth, PA-C\" src=\"https:\/\/aviva.health\/wp-content\/uploads\/bfi_thumb\/dummy-transparent-rg12ob82go2daz3eteockm88d8q63sox8mjhn9imq0.png\" data-mk-image-src-set='{\"default\":\"https:\/\/aviva.health\/wp-content\/uploads\/2024\/09\/john-roth-pa-c-1-e1732214730989-500x500.png\",\"2x\":\"https:\/\/aviva.health\/wp-content\/uploads\/2024\/09\/john-roth-pa-c-1-e1732214730989.png\",\"mobile\":\"\",\"responsive\":\"true\"}'\/>\n\n\t<\/a>\n\n\t\t\t\t\t\n<ul class=\"mk-employeee-networks\">\n\t<\/ul>\t\t\t\t\t\t<div class=\"employee-hover-overlay jupiter-donut-fly-top-left jupiter-donut-opacity-100\"><\/div>\n\t\t\t\t\t\n\t\t\t\t<\/div>\n\n\t\t\t\t<div class=\"team-info-wrapper m_7\" itemscope=\"itemscope\" itemtype=\"https:\/\/schema.org\/Person\" >\n\t\t\t\t\t\t<a class=\"team-member-name\" href=\"https:\/\/aviva.health\/es\/team\/family-medicine-john-roth\/\">\n\t<span class=\"team-member-name jupiter-donut-font-16 jupiter-donut-display-block jupiter-donut-font-weight-bold jupiter-donut-text-transform-up jupiter-donut-color-333\">John Roth, PA-C<\/span>\n\t<\/a>\n\t\t\t\t\t<span class=\"team-member-position jupiter-donut-font-12 jupiter-donut-text-transform-up jupiter-donut-display-block jupiter-donut-color-777 jupiter-donut-letter-spacing-1\">M\u00e9dico asociado<\/span>\n\t\t\t\t\t\n\t\t\t\t\t<div class=\"clearboth\"><\/div>\n\n\t\t\t\t\t\n\t\t\t\t<\/div>\n\t\t\t<\/div>\n\t\t<\/li>\n\n\t\t\t\t\t<div class=\"clearboth\"><\/div>\n\t\t\t<\/ul>\n<div class=\"clearboth\"><\/div>\n<\/div>\n<\/div>\n<\/div>\n            <div class=\"clearboth\"><\/div>\n        <\/div>\n\n\n\t\t\t\n\t\t\t\n\t\t\t\n\t\t<div class=\"clearboth\"><\/div>\n\t<\/div>\n<\/div>\n<div class=\"vc_row-full-width vc_clearfix\"><\/div>\n\n\n<\/div>","protected":false},"excerpt":{"rendered":"John Roth, PA-C, is a board-certified physician associate with a focus in dermatology. He spent 14 years of his career in general pediatrics before transitioning to dermatology. He is a [...]","protected":false},"author":5,"featured_media":0,"parent":0,"menu_order":0,"comment_status":"closed","ping_status":"closed","template":"","meta":{"nf_dc_page":"","om_disable_all_campaigns":false,"_monsterinsights_skip_tracking":false,"_monsterinsights_sitenote_active":false,"_monsterinsights_sitenote_note":"","_monsterinsights_sitenote_category":0,"footnotes":""},"class_list":["post-11070","page","type-page","status-publish","hentry"],"aioseo_notices":[],"_links":{"self":[{"href":"https:\/\/aviva.health\/es\/wp-json\/wp\/v2\/pages\/11070","targetHints":{"allow":["GET"]}}],"collection":[{"href":"https:\/\/aviva.health\/es\/wp-json\/wp\/v2\/pages"}],"about":[{"href":"https:\/\/aviva.health\/es\/wp-json\/wp\/v2\/types\/page"}],"author":[{"embeddable":true,"href":"https:\/\/aviva.health\/es\/wp-json\/wp\/v2\/users\/5"}],"replies":[{"embeddable":true,"href":"https:\/\/aviva.health\/es\/wp-json\/wp\/v2\/comments?post=11070"}],"version-history":[{"count":5,"href":"https:\/\/aviva.health\/es\/wp-json\/wp\/v2\/pages\/11070\/revisions"}],"predecessor-version":[{"id":11079,"href":"https:\/\/aviva.health\/es\/wp-json\/wp\/v2\/pages\/11070\/revisions\/11079"}],"wp:attachment":[{"href":"https:\/\/aviva.health\/es\/wp-json\/wp\/v2\/media?parent=11070"}],"curies":[{"name":"gracias","href":"https:\/\/api.w.org\/{rel}","templated":true}]}}