{"id":11037,"date":"2024-11-28T00:57:56","date_gmt":"2024-11-28T00:57:56","guid":{"rendered":"https:\/\/aviva.health\/?page_id=11037"},"modified":"2025-04-08T15:01:55","modified_gmt":"2025-04-08T15:01:55","slug":"appresidency","status":"publish","type":"page","link":"https:\/\/aviva.health\/es\/appresidency\/","title":{"rendered":"Residencia APP"},"content":{"rendered":"<div class=\"wpb-content-wrapper\">\n<div class=\"mk-page-section-wrapper\" data-mk-full-width=\"true\" data-mk-full-width-init=\"true\" data-mk-stretch-content=\"true\">\n\t<div id=\"page-section-1\" class=\"mk-page-section self-hosted   full_layout full-width-1 js-el js-master-row jupiter-donut-    center-y\"    data-intro-effect=\"false\">\n\n\t\t\t\n\t\t\t<div class=\"mk-page-section-inner\">\n\t\t\t\t\n\n\n<div style=\"background-color:rgba(10,10,10,0.4);opacity:0.6;\" class=\"mk-video-color-mask\"><\/div>\n\n\t\t\t\t\n\t\t\t\t\n\t\n\t<div class=\"background-layer-holder\">\n\t\t<div id=\"background-layer--1\" data-mk-lazyload=\"false\" class=\"background-layer mk-background-stretch none-blend-effect js-el\"    data-mk-img-set='{\"landscape\":{\"desktop\":\"https:\/\/aviva.health\/wp-content\/uploads\/2023\/07\/aviva-011b-scaled.jpg\",\"tablet\":\"https:\/\/aviva.health\/wp-content\/uploads\/2023\/07\/aviva-011b-scaled-1024x768.jpg\",\"mobile\":\"https:\/\/aviva.health\/wp-content\/uploads\/2023\/07\/aviva-011b-scaled-736x414.jpg\"},\"responsive\":\"true\"}' >\n\t\t\t\t\t\t\t\t\t<div class=\"mk-color-layer\"><\/div>\n\t\t<\/div>\n\t<\/div>\n\n\t\t\t<\/div>\n\n\t\t\t\n        <div class=\"page-section-content vc_row-fluid mk-grid\" >\n            <div class=\"mk-padding-wrapper wpb_row\">\n<div class=\"vc_col-sm-12 wpb_column column_container  jupiter-donut- _ jupiter-donut-height-full\">\n\t\n<h2 id=\"fancy-title-3\" class=\"mk-fancy-title  simple-style jupiter-donut-  color-single\">\n\t<span>\n\t\t\t\t<p style=\"text-align: center;\">RESIDENCIA DE PROVEEDOR DE PR\u00c1CTICA AVANZADA<\/p>\n\t\t\t<\/span>\n<\/h2>\n<div class=\"clearboth\"><\/div>\n\n\n\n<\/div>\n<\/div>\n            <div class=\"clearboth\"><\/div>\n        <\/div>\n\n\n\t\t\t\n\t\t\t\n\t\t\t\n\t\t<div class=\"clearboth\"><\/div>\n\t<\/div>\n<\/div>\n<div class=\"vc_row-full-width vc_clearfix\"><\/div>\n\n\n<div  data-mk-stretch-content=\"true\" class=\"wpb_row vc_row vc_row-fluid jupiter-donut- mk-fullwidth-false  attched-false    vc_custom_1736457079517  js-master-row  mk-grid\">\n\t\t\t\t\n<div class=\"vc_col-sm-2 wpb_column column_container  jupiter-donut- _ jupiter-donut-height-full\">\n\t<\/div>\n\n<div class=\"vc_col-sm-8 wpb_column column_container  jupiter-donut- _ jupiter-donut-height-full\">\n\t\n<h2 id=\"fancy-title-6\" class=\"mk-fancy-title  simple-style jupiter-donut-  color-single\">\n\t<span>\n\t\t\t\t<p style=\"text-align: center;\">Descripci\u00f3n general del programa<\/p>\n\t\t\t<\/span>\n<\/h2>\n<div class=\"clearboth\"><\/div>\n\n\n\n<style>#fancy-title-6 {font-family: \"Raleway\"}<\/style>\t<div class=\"vc_custom_1744124334592\">\n\n<div id=\"text-block-7\" class=\"mk-text-block  jupiter-donut-\">\n\n\t\n\t<p style=\"text-align: left;\">Creado para abordar las necesidades espec\u00edficas de la atenci\u00f3n m\u00e9dica rural, nuestro programa combina pr\u00e1cticas cl\u00ednicas, rotaciones en especialidades y formaci\u00f3n did\u00e1ctica para brindar una formaci\u00f3n integral. Los residentes trabajar\u00e1n junto a profesionales de la salud con experiencia en diversas disciplinas, como enfermer\u00eda, medicina, farmacia y salud conductual, para abordar diversas afecciones agudas y cr\u00f3nicas comunes en la salud comunitaria.<\/p>\n<p style=\"text-align: left;\">El Programa de Residencia de Proveedores de Pr\u00e1ctica Avanzada (APP) de Aviva Health Rural Oregon, que se lanzar\u00e1 en 2025, es una iniciativa educativa de 13 meses dise\u00f1ada para fortalecer las habilidades y la confianza de los enfermeros de familia (FNP) y m\u00e9dicos asociados (PA) reci\u00e9n graduados en un entorno de salud rural. Nuestra misi\u00f3n es impulsar la formaci\u00f3n de los nuevos FNP y PA, lo que se traduce en una mayor competencia profesional y una comprensi\u00f3n m\u00e1s profunda de las poblaciones \u00fanicas de los centros de salud comunitarios rurales.<\/p>\n\n\t<div class=\"clearboth\"><\/div>\n<\/div>\n\n\t<\/div>\n<\/div>\n\n<div class=\"vc_col-sm-2 wpb_column column_container  jupiter-donut- _ jupiter-donut-height-full\">\n\t<\/div>\n\t<\/div>\n\n<div  data-mk-stretch-content=\"true\" class=\"wpb_row vc_row vc_row-fluid jupiter-donut- mk-fullwidth-false  attched-false     js-master-row  mk-grid\">\n\t\t\t\t\n<div class=\"vc_col-sm-2 wpb_column column_container  jupiter-donut- _ jupiter-donut-height-full\">\n\t<\/div>\n\n<div class=\"vc_col-sm-8 wpb_column column_container  jupiter-donut- _ jupiter-donut-height-full\">\n\t\n<div class=\"mk-slideshow mk-flexslider mk-slider js-el  mk-swipe-slideshow-lazyload\"\n\tstyle=\"max-width:1024px; margin-top:40px; margin-bottom:40px;\"\n\tdata-mk-component='SwipeSlideshow'\n\tdata-swipeslideshow-config='{\t\t\"effect\" : \"fade\",\t\t\"displayTime\" : \"5000\",\t\t\"transitionTime\" : \"700\",\t\t\"nav\" : \"#flex-direction-nav-11\",\t\t\"hasNav\" : \"true\",\t\t\"pauseOnHover\" : false,\t\t\"fluidHeight\" :  true}' >\n\n\t<div class=\"mk-swiper-wrapper mk-slider-holder\">\n\n\t\t\t\t\t<div class=\"mk-slider-slide\">\n\t\t\t\t<img decoding=\"async\" class=\"swiper-slide-image\" src=\"https:\/\/aviva.health\/wp-content\/uploads\/bfi_thumb\/dummy-transparent-rg12ob88ugvtrn201re6lvmtm95y7x9v0pbbvu45c0.png\"\n\t\t\t\tdata-mk-image-src-set='{\"default\":\"https:\/\/aviva.health\/wp-content\/uploads\/bfi_thumb\/image00003-qzs4d5q8p8amrcden8bufk4ugne7u86q29yh2jaadc.jpeg\",\"2x\":\"https:\/\/aviva.health\/wp-content\/uploads\/bfi_thumb\/image00003-qzs4d5ql6b29a14ny5dj17r8wcw594u99bo6249x4w.jpeg\",\"mobile\":\"https:\/\/aviva.health\/wp-content\/uploads\/bfi_thumb\/image00003-qzs4d5q56xe41u5qnja8vyv65hcjter3sf3mf109lc.jpeg\",\"responsive\":\"true\"}'\t\t\t\talt=\"\" \/>\n\t\t\t<\/div>\n\n\t\t\t\t\t<div class=\"mk-slider-slide\">\n\t\t\t\t<img decoding=\"async\" class=\"swiper-slide-image\" src=\"https:\/\/aviva.health\/wp-content\/uploads\/bfi_thumb\/dummy-transparent-rg12ob88ugvtrn201re6lvmtm95y7x9v0pbbvu45c0.png\"\n\t\t\t\tdata-mk-image-src-set='{\"default\":\"https:\/\/aviva.health\/wp-content\/uploads\/bfi_thumb\/image00002-qzs4d4seie9cfqerspx7v2ddv9iumj2zq5azl9bojk.jpeg\",\"2x\":\"https:\/\/aviva.health\/wp-content\/uploads\/bfi_thumb\/image00002-qzs4d4sqzh0yyf613mywgpzsaz0s1fqix70okubbb4.jpeg\",\"mobile\":\"https:\/\/aviva.health\/wp-content\/uploads\/bfi_thumb\/image00002-qzs4d4sb03ctq873t0vmbh3pk3h6lpndgag4xr1nrk.jpeg\",\"responsive\":\"true\"}'\t\t\t\talt=\"\" \/>\n\t\t\t<\/div>\n\n\t\t\t\t\t<div class=\"mk-slider-slide\">\n\t\t\t\t<img decoding=\"async\" class=\"swiper-slide-image\" src=\"https:\/\/aviva.health\/wp-content\/uploads\/bfi_thumb\/dummy-transparent-rg12ob88ugvtrn201re6lvmtm95y7x9v0pbbvu45c0.png\"\n\t\t\t\tdata-mk-image-src-set='{\"default\":\"https:\/\/aviva.health\/wp-content\/uploads\/bfi_thumb\/image00001-qzs4d3ukbk8244g4y7ilaklx9vnhetz9e0ni3zd2ps.jpeg\",\"2x\":\"https:\/\/aviva.health\/wp-content\/uploads\/bfi_thumb\/image00001-qzs4d3uwsmzomt7e94k9w88bpl5etqmsl2d73kcphc.jpeg\",\"mobile\":\"https:\/\/aviva.health\/wp-content\/uploads\/bfi_thumb\/image00001-qzs4d3ugt9bjem8gyigzqzc8yplte0jn45sngh31xs.jpeg\",\"responsive\":\"true\"}'\t\t\t\talt=\"\" \/>\n\t\t\t<\/div>\n\n\t\t\t\t\t<div class=\"mk-slider-slide\">\n\t\t\t\t<img decoding=\"async\" class=\"swiper-slide-image\" src=\"https:\/\/aviva.health\/wp-content\/uploads\/bfi_thumb\/dummy-transparent-rg12ob88ugvtrn201re6lvmtm95y7x9v0pbbvu45c0.png\"\n\t\t\t\tdata-mk-image-src-set='{\"default\":\"https:\/\/aviva.health\/wp-content\/uploads\/bfi_thumb\/image00001-2-qzs4d1yvxw5hgwiv96pc5l3033wqzfrsprcj5ffv28.jpeg\",\"2x\":\"https:\/\/aviva.health\/wp-content\/uploads\/bfi_thumb\/image00001-2-qzs4d1z8eyx3zla4k3r0r8peiteoecfbwt2850fhts.jpeg\",\"mobile\":\"https:\/\/aviva.health\/wp-content\/uploads\/bfi_thumb\/image00001-2-qzs4d1ysfl8yreb79hnqlztbrxv2ymc6fwhohx5ua8.jpeg\",\"responsive\":\"true\"}'\t\t\t\talt=\"\" \/>\n\t\t\t<\/div>\n\n\t\t\t\t\t<div class=\"mk-slider-slide\">\n\t\t\t\t<img decoding=\"async\" class=\"swiper-slide-image\" src=\"https:\/\/aviva.health\/wp-content\/uploads\/bfi_thumb\/dummy-transparent-rg12ob88ugvtrn201re6lvmtm95y7x9v0pbbvu45c0.png\"\n\t\t\t\tdata-mk-image-src-set='{\"default\":\"https:\/\/aviva.health\/wp-content\/uploads\/bfi_thumb\/festival-of-trees-luncheon-2025-qzs4d037k82wtollk5w30lk2wc60k1kc1i1k6vineo.jpeg\",\"2x\":\"https:\/\/aviva.health\/wp-content\/uploads\/bfi_thumb\/festival-of-trees-luncheon-2025-qzs4d03k1aujcdcuv2xrm96hc1nxyy7v8jr96gia68.jpeg\",\"mobile\":\"https:\/\/aviva.health\/wp-content\/uploads\/bfi_thumb\/festival-of-trees-luncheon-2025-qzs4d0341x6e46dxkguhh0ael64cj84prn6pjd8mmo.jpeg\",\"responsive\":\"true\"}'\t\t\t\talt=\"\" \/>\n\t\t\t<\/div>\n\n\t\t\t\t\t<div class=\"mk-slider-slide\">\n\t\t\t\t<img decoding=\"async\" class=\"swiper-slide-image\" src=\"https:\/\/aviva.health\/wp-content\/uploads\/bfi_thumb\/dummy-transparent-rg12ob88ugvtrn201re6lvmtm95y7x9v0pbbvu45c0.png\"\n\t\t\t\tdata-mk-image-src-set='{\"default\":\"https:\/\/aviva.health\/wp-content\/uploads\/bfi_thumb\/trunk-or-treat-2024_1-qzs4cz5dde1mi2mypnhgg3smayanccglpde2plk1kw.jpg\",\"2x\":\"https:\/\/aviva.health\/wp-content\/uploads\/bfi_thumb\/trunk-or-treat-2024_1-qzs4cz5pugt90re80kj51rf0qnskr944wf3rp6jocg.jpg\",\"mobile\":\"https:\/\/aviva.health\/wp-content\/uploads\/bfi_thumb\/trunk-or-treat-2024_1-qzs4cz59v353skfapyfuwiixzs8zbj0zfij823a0sw.jpg\",\"responsive\":\"true\"}'\t\t\t\talt=\"\" \/>\n\t\t\t<\/div>\n\n\t\t\t\t\t<div class=\"mk-slider-slide\">\n\t\t\t\t<img decoding=\"async\" class=\"swiper-slide-image\" src=\"https:\/\/aviva.health\/wp-content\/uploads\/bfi_thumb\/dummy-transparent-rg12ob88ugvtrn201re6lvmtm95y7x9v0pbbvu45c0.png\"\n\t\t\t\tdata-mk-image-src-set='{\"default\":\"https:\/\/aviva.health\/wp-content\/uploads\/bfi_thumb\/thumbnail_img_6852-qzs4cz5dde1mi2mypnhgg3smayanccglpde2plk1kw.jpg\",\"2x\":\"https:\/\/aviva.health\/wp-content\/uploads\/bfi_thumb\/thumbnail_img_6852-qzs4cz5pugt90re80kj51rf0qnskr944wf3rp6jocg.jpg\",\"mobile\":\"https:\/\/aviva.health\/wp-content\/uploads\/bfi_thumb\/thumbnail_img_6852-qzs4cz59v353skfapyfuwiixzs8zbj0zfij823a0sw.jpg\",\"responsive\":\"true\"}'\t\t\t\talt=\"\" \/>\n\t\t\t<\/div>\n\n\t\t\t\t\t<div class=\"mk-slider-slide\">\n\t\t\t\t<img decoding=\"async\" class=\"swiper-slide-image\" src=\"https:\/\/aviva.health\/wp-content\/uploads\/bfi_thumb\/dummy-transparent-rg12ob88ugvtrn201re6lvmtm95y7x9v0pbbvu45c0.png\"\n\t\t\t\tdata-mk-image-src-set='{\"default\":\"https:\/\/aviva.health\/wp-content\/uploads\/bfi_thumb\/thumbnail_img_5885-qzs4cy7j6k0c6gobv52tvm15pkfa4ncvd8ql8blfr4.jpg\",\"2x\":\"https:\/\/aviva.health\/wp-content\/uploads\/bfi_thumb\/thumbnail_img_5885-qzs4cy7vnmryp5fl624ih9nk59x7jk0ekaga7wl2io.jpg\",\"mobile\":\"https:\/\/aviva.health\/wp-content\/uploads\/bfi_thumb\/thumbnail_img_5885-qzs4cy7fo93tgygnvg18c0rheedm3tx93dvqktbez4.jpg\",\"responsive\":\"true\"}'\t\t\t\talt=\"\" \/>\n\t\t\t<\/div>\n\n\t\t\t\t\t<div class=\"mk-slider-slide\">\n\t\t\t\t<img decoding=\"async\" class=\"swiper-slide-image\" src=\"https:\/\/aviva.health\/wp-content\/uploads\/bfi_thumb\/dummy-transparent-rg12ob88ugvtrn201re6lvmtm95y7x9v0pbbvu45c0.png\"\n\t\t\t\tdata-mk-image-src-set='{\"default\":\"https:\/\/aviva.health\/wp-content\/uploads\/bfi_thumb\/sutherlin-town-hall_2-qzs4cx9ozpz1uupp0mo7b49p46jwwy951433r1mtxc.jpg\",\"2x\":\"https:\/\/aviva.health\/wp-content\/uploads\/bfi_thumb\/sutherlin-town-hall_2-qzs4cxa1gsqodjgybjpvwrw3jw1ubuwo85ssqmmgow.jpg\",\"mobile\":\"https:\/\/aviva.health\/wp-content\/uploads\/bfi_thumb\/sutherlin-town-hall_2-qzs4cx9lhf2j5ci10xmlrj00t0i8w4tir9893jct5c.jpg\",\"responsive\":\"true\"}'\t\t\t\talt=\"\" \/>\n\t\t\t<\/div>\n\n\t\t\t\t\t<div class=\"mk-slider-slide\">\n\t\t\t\t<img decoding=\"async\" class=\"swiper-slide-image\" src=\"https:\/\/aviva.health\/wp-content\/uploads\/bfi_thumb\/dummy-transparent-rg12ob88ugvtrn201re6lvmtm95y7x9v0pbbvu45c0.png\"\n\t\t\t\tdata-mk-image-src-set='{\"default\":\"https:\/\/aviva.health\/wp-content\/uploads\/bfi_thumb\/sutherlin-town-hall-qzs4cwbusvxrj8r2649kqmi8isojp95eozfm9ro83k.jpg\",\"2x\":\"https:\/\/aviva.health\/wp-content\/uploads\/bfi_thumb\/sutherlin-town-hall-qzs4cwc79ype1xibh1b9ca4myi6h45sxw15b9cnuv4.jpg\",\"mobile\":\"https:\/\/aviva.health\/wp-content\/uploads\/bfi_thumb\/sutherlin-town-hall-qzs4cwbral18tqje6f7z718k7mmvofpsf4krm9e7bk.jpg\",\"responsive\":\"true\"}'\t\t\t\talt=\"\" \/>\n\t\t\t<\/div>\n\n\t\t\t\t\t<div class=\"mk-slider-slide\">\n\t\t\t\t<img decoding=\"async\" class=\"swiper-slide-image\" src=\"https:\/\/aviva.health\/wp-content\/uploads\/bfi_thumb\/dummy-transparent-rg12ob88ugvtrn201re6lvmtm95y7x9v0pbbvu45c0.png\"\n\t\t\t\tdata-mk-image-src-set='{\"default\":\"https:\/\/aviva.health\/wp-content\/uploads\/bfi_thumb\/north-county-town-hall-qzs4cve0m1wh7msfbluy64qrxet6hk1ocus4shpm9s.jpg\",\"2x\":\"https:\/\/aviva.health\/wp-content\/uploads\/bfi_thumb\/north-county-town-hall-qzs4cved34o3qbjomiwmrsd6d4b3wgp7jwhts2p91c.jpg\",\"mobile\":\"https:\/\/aviva.health\/wp-content\/uploads\/bfi_thumb\/north-county-town-hall-qzs4cvdx3qzyi4krbwtcmjh3m8rigqm22zxa4zflhs.jpg\",\"responsive\":\"true\"}'\t\t\t\talt=\"\" \/>\n\t\t\t<\/div>\n\n\t\t\t\t\t<div class=\"mk-slider-slide\">\n\t\t\t\t<img decoding=\"async\" class=\"swiper-slide-image\" src=\"https:\/\/aviva.health\/wp-content\/uploads\/bfi_thumb\/dummy-transparent-rg12ob88ugvtrn201re6lvmtm95y7x9v0pbbvu45c0.png\"\n\t\t\t\tdata-mk-image-src-set='{\"default\":\"https:\/\/aviva.health\/wp-content\/uploads\/bfi_thumb\/img_9400-qzs4cve0m1wh7msfbluy64qrxet6hk1ocus4shpm9s.jpg\",\"2x\":\"https:\/\/aviva.health\/wp-content\/uploads\/bfi_thumb\/img_9400-qzs4cved34o3qbjomiwmrsd6d4b3wgp7jwhts2p91c.jpg\",\"mobile\":\"https:\/\/aviva.health\/wp-content\/uploads\/bfi_thumb\/img_9400-qzs4cvdx3qzyi4krbwtcmjh3m8rigqm22zxa4zflhs.jpg\",\"responsive\":\"true\"}'\t\t\t\talt=\"\" \/>\n\t\t\t<\/div>\n\n\t\t\t\t\t<div class=\"mk-slider-slide\">\n\t\t\t\t<img decoding=\"async\" class=\"swiper-slide-image\" src=\"https:\/\/aviva.health\/wp-content\/uploads\/bfi_thumb\/dummy-transparent-rg12ob88ugvtrn201re6lvmtm95y7x9v0pbbvu45c0.png\"\n\t\t\t\tdata-mk-image-src-set='{\"default\":\"https:\/\/aviva.health\/wp-content\/uploads\/bfi_thumb\/img_6873-qzs4ctic8dtwkev5ml1p157uqn2g25u7olh5txsem8.jpg\",\"2x\":\"https:\/\/aviva.health\/wp-content\/uploads\/bfi_thumb\/img_6873-qzs4ctiopglj33mexi3dmsu96ckdh2hqvn6utis1ds.jpg\",\"mobile\":\"https:\/\/aviva.health\/wp-content\/uploads\/bfi_thumb\/img_6873-qzs4cti8q2xduwnhmw03hjy6fh0s1celeqmb6fidu8.jpg\",\"responsive\":\"true\"}'\t\t\t\talt=\"\" \/>\n\t\t\t<\/div>\n\n\t\t\t\t\t<div class=\"mk-slider-slide\">\n\t\t\t\t<img decoding=\"async\" class=\"swiper-slide-image\" src=\"https:\/\/aviva.health\/wp-content\/uploads\/bfi_thumb\/dummy-transparent-rg12ob88ugvtrn201re6lvmtm95y7x9v0pbbvu45c0.png\"\n\t\t\t\tdata-mk-image-src-set='{\"default\":\"https:\/\/aviva.health\/wp-content\/uploads\/bfi_thumb\/img_6868-qzs4ctic8dtwkev5ml1p157uqn2g25u7olh5txsem8.jpg\",\"2x\":\"https:\/\/aviva.health\/wp-content\/uploads\/bfi_thumb\/img_6868-qzs4ctiopglj33mexi3dmsu96ckdh2hqvn6utis1ds.jpg\",\"mobile\":\"https:\/\/aviva.health\/wp-content\/uploads\/bfi_thumb\/img_6868-qzs4cti8q2xduwnhmw03hjy6fh0s1celeqmb6fidu8.jpg\",\"responsive\":\"true\"}'\t\t\t\talt=\"\" \/>\n\t\t\t<\/div>\n\n\t\t\t\t\t<div class=\"mk-slider-slide\">\n\t\t\t\t<img decoding=\"async\" class=\"swiper-slide-image\" src=\"https:\/\/aviva.health\/wp-content\/uploads\/bfi_thumb\/dummy-transparent-rg12ob88ugvtrn201re6lvmtm95y7x9v0pbbvu45c0.png\"\n\t\t\t\tdata-mk-image-src-set='{\"default\":\"https:\/\/aviva.health\/wp-content\/uploads\/bfi_thumb\/img_4255-qzs4crmnuprbx6xvxk8fw5oxjvbpmrmr0c66vdv6yo.jpg\",\"2x\":\"https:\/\/aviva.health\/wp-content\/uploads\/bfi_thumb\/img_4255-qzs4crn0bsiyfvp58ha4htbbzktn1oaa7dvvuyutq8.jpg\",\"mobile\":\"https:\/\/aviva.health\/wp-content\/uploads\/bfi_thumb\/img_4255-qzs4crmkceut7oq7xv6uckf98pa1ly74qhbc7vl66o.jpg\",\"responsive\":\"true\"}'\t\t\t\talt=\"\" \/>\n\t\t\t<\/div>\n\n\t\t\t\t\t<div class=\"mk-slider-slide\">\n\t\t\t\t<img decoding=\"async\" class=\"swiper-slide-image\" src=\"https:\/\/aviva.health\/wp-content\/uploads\/bfi_thumb\/dummy-transparent-rg12ob88ugvtrn201re6lvmtm95y7x9v0pbbvu45c0.png\"\n\t\t\t\tdata-mk-image-src-set='{\"default\":\"https:\/\/aviva.health\/wp-content\/uploads\/bfi_thumb\/img_4225-qzs4crmnuprbx6xvxk8fw5oxjvbpmrmr0c66vdv6yo.jpg\",\"2x\":\"https:\/\/aviva.health\/wp-content\/uploads\/bfi_thumb\/img_4225-qzs4crn0bsiyfvp58ha4htbbzktn1oaa7dvvuyutq8.jpg\",\"mobile\":\"https:\/\/aviva.health\/wp-content\/uploads\/bfi_thumb\/img_4225-qzs4crmkceut7oq7xv6uckf98pa1ly74qhbc7vl66o.jpg\",\"responsive\":\"true\"}'\t\t\t\talt=\"\" \/>\n\t\t\t<\/div>\n\n\t\t\t\t\t<div class=\"mk-slider-slide\">\n\t\t\t\t<img decoding=\"async\" class=\"swiper-slide-image\" src=\"https:\/\/aviva.health\/wp-content\/uploads\/bfi_thumb\/dummy-transparent-rg12ob88ugvtrn201re6lvmtm95y7x9v0pbbvu45c0.png\"\n\t\t\t\tdata-mk-image-src-set='{\"default\":\"https:\/\/aviva.health\/wp-content\/uploads\/bfi_thumb\/image00022-qzs4cqotnvq1lkz931ttbnxgyhgcf2j0o7ipe3wl4w.jpeg\",\"2x\":\"https:\/\/aviva.health\/wp-content\/uploads\/bfi_thumb\/image00022-qzs4cqp64yho49qidyvhxbjve6y9tz6jv98edow7wg.jpeg\",\"mobile\":\"https:\/\/aviva.health\/wp-content\/uploads\/bfi_thumb\/image00022-qzs4cqoq5ktiw2rl3cs7s2nsnbeoe93eecnuqlmkcw.jpeg\",\"responsive\":\"true\"}'\t\t\t\talt=\"\" \/>\n\t\t\t<\/div>\n\n\t\t\t\t\t<div class=\"mk-slider-slide\">\n\t\t\t\t<img decoding=\"async\" class=\"swiper-slide-image\" src=\"https:\/\/aviva.health\/wp-content\/uploads\/bfi_thumb\/dummy-transparent-rg12ob88ugvtrn201re6lvmtm95y7x9v0pbbvu45c0.png\"\n\t\t\t\tdata-mk-image-src-set='{\"default\":\"https:\/\/aviva.health\/wp-content\/uploads\/bfi_thumb\/image00021-qzs4cpqzh1or9z0m8jf6r660d3kz7dfac2v7wtxzb4.jpeg\",\"2x\":\"https:\/\/aviva.health\/wp-content\/uploads\/bfi_thumb\/image00021-qzs4cprby4gdsnrvjggvctsest2wma2tj4kwwexm2o.jpeg\",\"mobile\":\"https:\/\/aviva.health\/wp-content\/uploads\/bfi_thumb\/image00021-qzs4cpqvyqs8kgsy8udl7kwc1xjb6jzo280d9bnyj4.jpeg\",\"responsive\":\"true\"}'\t\t\t\talt=\"\" \/>\n\t\t\t<\/div>\n\n\t\t\t\t\t<div class=\"mk-slider-slide\">\n\t\t\t\t<img decoding=\"async\" class=\"swiper-slide-image\" src=\"https:\/\/aviva.health\/wp-content\/uploads\/bfi_thumb\/dummy-transparent-rg12ob88ugvtrn201re6lvmtm95y7x9v0pbbvu45c0.png\"\n\t\t\t\tdata-mk-image-src-set='{\"default\":\"https:\/\/aviva.health\/wp-content\/uploads\/bfi_thumb\/image00020-qzs4cot5a7ngyd1ze10k6oejrpplzobjzy7qfjzdhc.jpeg\",\"2x\":\"https:\/\/aviva.health\/wp-content\/uploads\/bfi_thumb\/image00020-qzs4cothraf3h1t8oy28sc0y7f7jekz36zxff4z08w.jpeg\",\"mobile\":\"https:\/\/aviva.health\/wp-content\/uploads\/bfi_thumb\/image00020-qzs4cot1rwqy8uubebyyn34vgjnxyuvxq3cvs1pcpc.jpeg\",\"responsive\":\"true\"}'\t\t\t\talt=\"\" \/>\n\t\t\t<\/div>\n\n\t\t\t\t\t<div class=\"mk-slider-slide\">\n\t\t\t\t<img decoding=\"async\" class=\"swiper-slide-image\" src=\"https:\/\/aviva.health\/wp-content\/uploads\/bfi_thumb\/dummy-transparent-rg12ob88ugvtrn201re6lvmtm95y7x9v0pbbvu45c0.png\"\n\t\t\t\tdata-mk-image-src-set='{\"default\":\"https:\/\/aviva.health\/wp-content\/uploads\/bfi_thumb\/image00014-qzs4cnvb3dm6mr3cjilxm6n36bu8rz7tntk8ya0rnk.jpeg\",\"2x\":\"https:\/\/aviva.health\/wp-content\/uploads\/bfi_thumb\/image00014-qzs4cnvnkgdt5fulufnm7u9hm1c66vvcuv9xxv0ef4.jpeg\",\"mobile\":\"https:\/\/aviva.health\/wp-content\/uploads\/bfi_thumb\/image00014-qzs4cnv7l2pnx8vojtkc2ldev5skr5s7dypearqqvk.jpeg\",\"responsive\":\"true\"}'\t\t\t\talt=\"\" \/>\n\t\t\t<\/div>\n\n\t\t\t\t\t<div class=\"mk-slider-slide\">\n\t\t\t\t<img decoding=\"async\" class=\"swiper-slide-image\" src=\"https:\/\/aviva.health\/wp-content\/uploads\/bfi_thumb\/dummy-transparent-rg12ob88ugvtrn201re6lvmtm95y7x9v0pbbvu45c0.png\"\n\t\t\t\tdata-mk-image-src-set='{\"default\":\"https:\/\/aviva.health\/wp-content\/uploads\/bfi_thumb\/image00012-qzs4cmxgwjkwb54pp07b1ovmkxyvka43bowrh025ts.jpeg\",\"2x\":\"https:\/\/aviva.health\/wp-content\/uploads\/bfi_thumb\/image00012-qzs4cmxtdmcittvyzx8znci10ngsz6rmiqmggl1slc.jpeg\",\"mobile\":\"https:\/\/aviva.health\/wp-content\/uploads\/bfi_thumb\/image00012-qzs4cmxde8odlmx1pb5pi3ly9rx7jgoh1u1wths51s.jpeg\",\"responsive\":\"true\"}'\t\t\t\talt=\"\" \/>\n\t\t\t<\/div>\n\n\t\t\t\t\t<div class=\"mk-slider-slide\">\n\t\t\t\t<img decoding=\"async\" class=\"swiper-slide-image\" src=\"https:\/\/aviva.health\/wp-content\/uploads\/bfi_thumb\/dummy-transparent-rg12ob88ugvtrn201re6lvmtm95y7x9v0pbbvu45c0.png\"\n\t\t\t\tdata-mk-image-src-set='{\"default\":\"https:\/\/aviva.health\/wp-content\/uploads\/bfi_thumb\/image00011-qzs4clzmppjlzj62uhsoh745zk3icl0czk99zq3k00.jpeg\",\"2x\":\"https:\/\/aviva.health\/wp-content\/uploads\/bfi_thumb\/image00011-qzs4clzz6sb8i7xc5eud2uqkf9lfrhnw6lyyzb36rk.jpeg\",\"mobile\":\"https:\/\/aviva.health\/wp-content\/uploads\/bfi_thumb\/image00011-qzs4clzj7en3a0yeusr2xluhoe1ubrkqppefc7tj80.jpeg\",\"responsive\":\"true\"}'\t\t\t\talt=\"\" \/>\n\t\t\t<\/div>\n\n\t\t\t\t\t<div class=\"mk-slider-slide\">\n\t\t\t\t<img decoding=\"async\" class=\"swiper-slide-image\" src=\"https:\/\/aviva.health\/wp-content\/uploads\/bfi_thumb\/dummy-transparent-rg12ob88ugvtrn201re6lvmtm95y7x9v0pbbvu45c0.png\"\n\t\t\t\tdata-mk-image-src-set='{\"default\":\"https:\/\/aviva.health\/wp-content\/uploads\/bfi_thumb\/image00010-qzs4cl1sivibnx7fzze1wpcpe6854vwmnflsig4y68.jpeg\",\"2x\":\"https:\/\/aviva.health\/wp-content\/uploads\/bfi_thumb\/image00010-qzs4cl24zy9y6lypawfqicz3tvq2jsk5uhbhi14kxs.jpeg\",\"mobile\":\"https:\/\/aviva.health\/wp-content\/uploads\/bfi_thumb\/image00010-qzs4cl1p0klsyezs0acgd431306h42h0dkqxuxuxe8.jpeg\",\"responsive\":\"true\"}'\t\t\t\talt=\"\" \/>\n\t\t\t<\/div>\n\n\t\t\t\t\t<div class=\"mk-slider-slide\">\n\t\t\t\t<img decoding=\"async\" class=\"swiper-slide-image\" src=\"https:\/\/aviva.health\/wp-content\/uploads\/bfi_thumb\/dummy-transparent-rg12ob88ugvtrn201re6lvmtm95y7x9v0pbbvu45c0.png\"\n\t\t\t\tdata-mk-image-src-set='{\"default\":\"https:\/\/aviva.health\/wp-content\/uploads\/bfi_thumb\/image00008-qzs4ci89ydegp3bjgg66782bm0m1hslfn1nc2m94ow.jpeg\",\"2x\":\"https:\/\/aviva.health\/wp-content\/uploads\/bfi_thumb\/image00008-qzs4ci8mfg637s2srd7usvoq1q3ywp8yu3d1278rgg.jpeg\",\"mobile\":\"https:\/\/aviva.health\/wp-content\/uploads\/bfi_thumb\/image00008-qzs4ci86g2hxzl3vgr4knmsnaukdgz5td6shf3z3ww.jpeg\",\"responsive\":\"true\"}'\t\t\t\talt=\"\" \/>\n\t\t\t<\/div>\n\n\t\t\n\t\t<!-- empty PNG to stretch slider and make it responsive outside of js as the slider adjusts height and width to container sizes  -->\n\t\t<img decoding=\"async\" src=\"https:\/\/aviva.health\/wp-content\/uploads\/bfi_thumb\/dummy-transparent-rg12ob88ugvtrn201re6lvmtm95y7x9v0pbbvu45c0.png\" style=\"visibility: hidden;\" \/>\n\n\t<\/div>\n\n\t\t<ul id=\"flex-direction-nav-11\" class=\"flex-direction-nav\">\n\t\t<li><a class=\"flex-prev\" href=\"#\"  data-direction=\"prev\"><svg  class=\"mk-svg-icon\" data-name=\"mk-jupiter-icon-arrow-left\" data-cacheid=\"icon-69dc4a5542f7d\" xmlns=\"http:\/\/www.w3.org\/2000\/svg\" viewbox=\"0 0 512 512\"><path d=\"M368 505.6c-8 0-16-3.2-22.4-8l-240-225.6c-6.4-6.4-9.6-14.4-9.6-24 0-8 3.2-16 9.6-22.4l240-224c12.8-11.2 33.6-11.2 44.8 1.6 12.8 12.8 11.2 32-1.6 44.8l-214.4 201.6 216 203.2c12.8 11.2 12.8 32 0 44.8-4.8 4.8-14.4 8-22.4 8z\"\/><\/svg><\/a><\/li>\n\t\t<li><a class=\"flex-next\" href=\"#\"  data-direction=\"next\"><svg  class=\"mk-svg-icon\" data-name=\"mk-jupiter-icon-arrow-right\" data-cacheid=\"icon-69dc4a55438dd\" xmlns=\"http:\/\/www.w3.org\/2000\/svg\" viewbox=\"0 0 512 512\"><path d=\"M144 505.6c8 0 16-3.2 22.4-8l240-225.6c6.4-6.4 9.6-14.4 9.6-22.4s-3.2-16-9.6-22.4l-240-224c-12.8-12.8-32-12.8-44.8 0s-11.2 32 1.6 44.8l214.4 201.6-216 203.2c-12.8 11.2-12.8 32 0 44.8 6.4 4.8 14.4 8 22.4 8z\"\/><\/svg><\/a><\/li>\n\t<\/ul>\n\t<\/div>\n\n<\/div>\n\n<div class=\"vc_col-sm-2 wpb_column column_container  jupiter-donut- _ jupiter-donut-height-full\">\n\t<\/div>\n\t<\/div>\n\n<div  data-mk-stretch-content=\"true\" class=\"wpb_row vc_row vc_row-fluid jupiter-donut- mk-fullwidth-false  attched-false     js-master-row  mk-grid\">\n\t\t\t\t\n<div class=\"vc_col-sm-12 wpb_column column_container  jupiter-donut- _ jupiter-donut-height-full\">\n\t<div class=\"vc_separator wpb_content_element vc_separator_align_center vc_sep_width_100 vc_sep_pos_align_center vc_separator_no_text vc_sep_color_grey wpb_content_element  wpb_content_element\" ><span class=\"vc_sep_holder vc_sep_holder_l\"><span class=\"vc_sep_line\"><\/span><\/span><span class=\"vc_sep_holder vc_sep_holder_r\"><span class=\"vc_sep_line\"><\/span><\/span>\n<\/div><\/div>\n\t<\/div>\n\n<\/div>","protected":false},"excerpt":{"rendered":"ADVANCED PRACTICE PROVIDER RESIDENCY Program Overview Established to address the specific needs of rural healthcare, our program combines clinical practicum experiences, specialty rotations and didactic education to provide a comprehensive [...]","protected":false},"author":15,"featured_media":0,"parent":0,"menu_order":0,"comment_status":"closed","ping_status":"closed","template":"","meta":{"nf_dc_page":"","om_disable_all_campaigns":false,"_monsterinsights_skip_tracking":false,"_monsterinsights_sitenote_active":false,"_monsterinsights_sitenote_note":"","_monsterinsights_sitenote_category":0,"footnotes":""},"class_list":["post-11037","page","type-page","status-publish","hentry"],"aioseo_notices":[],"_links":{"self":[{"href":"https:\/\/aviva.health\/es\/wp-json\/wp\/v2\/pages\/11037","targetHints":{"allow":["GET"]}}],"collection":[{"href":"https:\/\/aviva.health\/es\/wp-json\/wp\/v2\/pages"}],"about":[{"href":"https:\/\/aviva.health\/es\/wp-json\/wp\/v2\/types\/page"}],"author":[{"embeddable":true,"href":"https:\/\/aviva.health\/es\/wp-json\/wp\/v2\/users\/15"}],"replies":[{"embeddable":true,"href":"https:\/\/aviva.health\/es\/wp-json\/wp\/v2\/comments?post=11037"}],"version-history":[{"count":6,"href":"https:\/\/aviva.health\/es\/wp-json\/wp\/v2\/pages\/11037\/revisions"}],"predecessor-version":[{"id":11440,"href":"https:\/\/aviva.health\/es\/wp-json\/wp\/v2\/pages\/11037\/revisions\/11440"}],"wp:attachment":[{"href":"https:\/\/aviva.health\/es\/wp-json\/wp\/v2\/media?parent=11037"}],"curies":[{"name":"gracias","href":"https:\/\/api.w.org\/{rel}","templated":true}]}}