{"id":10864,"date":"2024-08-26T20:16:08","date_gmt":"2024-08-26T20:16:08","guid":{"rendered":"https:\/\/aviva.health\/?page_id=10864"},"modified":"2024-08-27T22:09:35","modified_gmt":"2024-08-27T22:09:35","slug":"addiction-medicine","status":"publish","type":"page","link":"https:\/\/aviva.health\/es\/addiction-medicine\/","title":{"rendered":"Medicina de la adicci\u00f3n"},"content":{"rendered":"<div class=\"wpb-content-wrapper\">\n<div class=\"mk-page-section-wrapper\" data-mk-full-width=\"true\" data-mk-full-width-init=\"true\" data-mk-stretch-content=\"true\">\n\t<div id=\"page-section-1\" class=\"mk-page-section self-hosted   full_layout full-width-1 js-el js-master-row jupiter-donut-    center-y\"    data-intro-effect=\"false\">\n\n\t\t\t\n\t\t\t<div class=\"mk-page-section-inner\">\n\t\t\t\t\n\n\n<div style=\"background-color:#4da3da;opacity:0.5;\" class=\"mk-video-color-mask\"><\/div>\n\n\t\t\t\t\n\t\t\t\t\n\t\n\t<div class=\"background-layer-holder\">\n\t\t<div id=\"background-layer--1\" data-mk-lazyload=\"false\" class=\"background-layer mk-background-stretch none-blend-effect js-el\"    data-mk-img-set='{\"landscape\":{\"desktop\":\"https:\/\/aviva.health\/wp-content\/uploads\/2017\/03\/behavioral-header-bw.jpg\",\"tablet\":\"https:\/\/aviva.health\/wp-content\/uploads\/2017\/03\/behavioral-header-bw-1024x768.jpg\",\"mobile\":\"https:\/\/aviva.health\/wp-content\/uploads\/2017\/03\/behavioral-header-bw-736x414.jpg\"},\"responsive\":\"true\"}' >\n\t\t\t\t\t\t\t\t\t<div class=\"mk-color-layer\"><\/div>\n\t\t<\/div>\n\t<\/div>\n\n\t\t\t<\/div>\n\n\t\t\t\n        <div class=\"page-section-content vc_row-fluid mk-grid\" >\n            <div class=\"mk-padding-wrapper wpb_row\">\n<div class=\"vc_col-sm-12 wpb_column column_container  jupiter-donut- _ jupiter-donut-height-full\">\n\t\n<h2 id=\"fancy-title-3\" class=\"mk-fancy-title  simple-style jupiter-donut-  color-single\">\n\t<span>\n\t\t\t\t<p>Medicina de la adicci\u00f3n<\/p>\n\t\t\t<\/span>\n<\/h2>\n<div class=\"clearboth\"><\/div>\n\n\n\n<\/div>\n<\/div>\n            <div class=\"clearboth\"><\/div>\n        <\/div>\n\n\n\t\t\t\n\t\t\t\n\t\t\t\n\t\t<div class=\"clearboth\"><\/div>\n\t<\/div>\n<\/div>\n<div class=\"vc_row-full-width vc_clearfix\"><\/div>\n\n\n<div class=\"mk-page-section-wrapper\" data-mk-full-width=\"true\" data-mk-full-width-init=\"true\" data-mk-stretch-content=\"true\">\n\t<div id=\"page-section-4\" class=\"mk-page-section self-hosted   half_left_layout half_fluid full-width-4 js-el js-master-row jupiter-donut-\"    data-intro-effect=\"false\">\n\n\t\t\t\n\t\t\t<div class=\"mk-page-section-inner\">\n\t\t\t\t\n\n\n<div class=\"mk-video-color-mask\"><\/div>\n\n\t\t\t\t\n\t\t\t\t\t\t\t<\/div>\n\n\t\t\t\n\t\t\t \n \n\n <div class=\"mk-half-layout half_left_layout\" data-mk-img-set='{\"landscape\":{\"desktop\":\"https:\/\/aviva.health\/wp-content\/uploads\/2017\/03\/behavioral-hands.jpg\",\"tablet\":\"https:\/\/aviva.health\/wp-content\/uploads\/2017\/03\/behavioral-hands-1024x768.jpg\",\"mobile\":\"https:\/\/aviva.health\/wp-content\/uploads\/2017\/03\/behavioral-hands-736x414.jpg\"},\"responsive\":\"true\"}'>\n     <\/div>\n\n <div class=\"mk-half-layout-container page-section-content half_left_layout\">\n    <div class=\"mk-half-layout-inner\">\n \t  \n<div class=\"vc_col-sm-12 wpb_column column_container  jupiter-donut- _ jupiter-donut-height-full\">\n\t\n<div id=\"padding-6\" class=\"mk-padding-divider jupiter-donut-  jupiter-donut-clearfix\"><\/div>\n\n\n<h2 id=\"fancy-title-7\" class=\"mk-fancy-title  simple-style jupiter-donut-  color-single\">\n\t<span>\n\t\t\t\t<p>Servicios que ofrecemos<\/p>\n\t\t\t<\/span>\n<\/h2>\n<div class=\"clearboth\"><\/div>\n\n\n\n<style>#fancy-title-7 {font-family: \"Raleway\"}<\/style>\t<div class=\"vc_custom_1724703315793\">\n\n<div id=\"text-block-8\" class=\"mk-text-block  jupiter-donut-\">\n\n\t\n\t<p>El Tratamiento Asistido con Medicamentos (MAT) est\u00e1 disponible para todos los pacientes de Aviva Health del Condado de Douglas que padecen un trastorno por consumo de sustancias. Cualquier paciente que tenga un m\u00e9dico de cabecera (PCP) en Aviva Health puede participar en el programa.<\/p>\n<p>El tratamiento es facilitado por el Dr. Nate Andrews y un equipo de m\u00e9dicos residentes, especialistas en salud conductual y asistentes m\u00e9dicos. Los pacientes pueden autoderivarse o solicitar a su m\u00e9dico de cabecera que los remita a la cl\u00ednica de MAT.<\/p>\n<p>Los servicios de salud conductual de atenci\u00f3n primaria (PCBH) est\u00e1n integrados en nuestro programa de tratamiento.<\/p>\n<p>Estamos aqu\u00ed para apoyarle en cualquier etapa de su viaje, ayud\u00e1ndole a mantener la sobriedad para vivir una vida saludable y plena.<\/p>\n<p>El programa MAT trata las siguientes adicciones a sustancias:<\/p>\n<ul>\n<li>opioides<\/li>\n<li>Alcohol<\/li>\n<li>Anfetamina<\/li>\n<li>Benzodiazepina<\/li>\n<\/ul>\n<p>Aviva Health utiliza estos medicamentos comunes para el tratamiento:<\/p>\n<ul>\n<li>Buprenorfina<\/li>\n<li>Suboxona<\/li>\n<li>Sublocade (buprenorfina inyectable mensual)<\/li>\n<li>Naltrexona<\/li>\n<li>Vivitrol (naltrexona inyectable mensual)<\/li>\n<li>Gabapentina<\/li>\n<li>Acamprosato<\/li>\n<li>Wellbutrin (bupropi\u00f3n)<\/li>\n<\/ul>\n<p>El programa MAT de Aviva Health tiene su sede en la cl\u00ednica de Roseburg, Oreg\u00f3n.<\/p>\n\n\t<div class=\"clearboth\"><\/div>\n<\/div>\n\n\t<\/div>\n\n<div id=\"padding-9\" class=\"mk-padding-divider jupiter-donut-  jupiter-donut-clearfix\"><\/div>\n\n<\/div>\n    <\/div>\n <\/div>\n\n\n\t\t\t\n\t\t\t\n\t\t<div class=\"clearboth\"><\/div>\n\t<\/div>\n<\/div>\n<div class=\"vc_row-full-width vc_clearfix\"><\/div>\n\n\n<div class=\"mk-page-section-wrapper\" data-mk-full-width=\"true\" data-mk-full-width-init=\"true\" data-mk-stretch-content=\"true\">\n\t<div id=\"behavioral-providers\" class=\"mk-page-section self-hosted   full_layout full-width-10 js-el js-master-row jupiter-donut-\"    data-intro-effect=\"false\">\n\n\t\t\t\n\t\t\t<div class=\"mk-page-section-inner\">\n\t\t\t\t\n\n\n<div class=\"mk-video-color-mask\"><\/div>\n\n\t\t\t\t\n\t\t\t\t\t\t\t<\/div>\n\n\t\t\t\n        <div class=\"page-section-content vc_row-fluid mk-grid\" >\n            <div class=\"mk-padding-wrapper wpb_row\">\n<div class=\"vc_col-sm-12 wpb_column column_container  jupiter-donut- _ jupiter-donut-height-full\">\n\t\n<h2 id=\"fancy-title-12\" class=\"mk-fancy-title  simple-style jupiter-donut-  color-single\">\n\t<span>\n\t\t\t\t<p><a id=\"behavioralproviders\"><\/a><a href=\"#behavioralproviders\">Conozca a nuestro proveedor de medicamentos para la adicci\u00f3n<\/a><\/p>\n\t\t\t<\/span>\n<\/h2>\n<div class=\"clearboth\"><\/div>\n\n\n\n<style>#fancy-title-12 {font-family: \"Raleway\"}<\/style>\n<div id=\"box-13\" class=\"mk-employees jupiter-donut-margin-bottom-10 jupiter-donut-margin-top-10 four-column u6col u5col o0col o1col o2col o3col mk-employees-grayscale classic c_cs  jupiter-donut-\">\n\t<ul>\n\n\t\n\t\t<li class=\"mk-employee-item jupiter-donut-colitem jupiter-donut-align-center jupiter-donut-display-inline-block jupiter-donut-float-left m_7\">\n\t\t\t<div class=\"item-holder\">\n\t\t\t\t<div class=\"team-thumbnail jupiter-donut-position-relative jupiter-donut-width-100-per jupiter-donut-height-100-per jupiter-donut-overflow-hidden rounded-true\">\n\t\t\t\t\t\t<a href=\"https:\/\/aviva.health\/es\/team\/family-medicine-physician\/\">\n\t\t<img decoding=\"async\" alt=\"Nathan Andrews, MD\" title=\"Dr. Nathan Andrews\" src=\"https:\/\/aviva.health\/wp-content\/uploads\/bfi_thumb\/dummy-transparent-rg12ob82go2daz3eteockm88d8q63sox8mjhn9imq0.png\" data-mk-image-src-set='{\"default\":\"https:\/\/aviva.health\/wp-content\/uploads\/2023\/02\/nate-andrews-500x500.jpeg\",\"2x\":\"https:\/\/aviva.health\/wp-content\/uploads\/2023\/02\/nate-andrews.jpeg\",\"mobile\":\"\",\"responsive\":\"true\"}'\/>\n\n\t<\/a>\n\n\t\t\t\t\t\n<ul class=\"mk-employeee-networks\">\n\t<\/ul>\t\t\t\t\t\t<div class=\"employee-hover-overlay jupiter-donut-fly-top-left jupiter-donut-opacity-100\"><\/div>\n\t\t\t\t\t\n\t\t\t\t<\/div>\n\n\t\t\t\t<div class=\"team-info-wrapper m_7\" itemscope=\"itemscope\" itemtype=\"https:\/\/schema.org\/Person\" >\n\t\t\t\t\t\t<a class=\"team-member-name\" href=\"https:\/\/aviva.health\/es\/team\/family-medicine-physician\/\">\n\t<span class=\"team-member-name jupiter-donut-font-16 jupiter-donut-display-block jupiter-donut-font-weight-bold jupiter-donut-text-transform-up jupiter-donut-color-333\">Dr. Nathan Andrews<\/span>\n\t<\/a>\n\t\t\t\t\t<span class=\"team-member-position jupiter-donut-font-12 jupiter-donut-text-transform-up jupiter-donut-display-block jupiter-donut-color-777 jupiter-donut-letter-spacing-1\">M\u00e9dico de Medicina Familiar<\/span>\n\t\t\t\t\t\n\t\t\t\t\t<div class=\"clearboth\"><\/div>\n\n\t\t\t\t\t\n\t\t\t\t<\/div>\n\t\t\t<\/div>\n\t\t<\/li>\n\n\t\t\t<\/ul>\n<div class=\"clearboth\"><\/div>\n<\/div>\n<\/div>\n<\/div>\n            <div class=\"clearboth\"><\/div>\n        <\/div>\n\n\n\t\t\t\n\t\t\t\n\t\t\t\n\t\t<div class=\"clearboth\"><\/div>\n\t<\/div>\n<\/div>\n<div class=\"vc_row-full-width vc_clearfix\"><\/div>\n\n\n<\/div>","protected":false},"excerpt":{"rendered":"Nathan Andrews, MD, is a family medicine physician at Aviva Health in Douglas County, Oregon. He was born and raised in Oregon and had the privilege of growing up with [...]","protected":false},"author":5,"featured_media":0,"parent":0,"menu_order":0,"comment_status":"closed","ping_status":"closed","template":"","meta":{"nf_dc_page":"","om_disable_all_campaigns":false,"_monsterinsights_skip_tracking":false,"_monsterinsights_sitenote_active":false,"_monsterinsights_sitenote_note":"","_monsterinsights_sitenote_category":0,"footnotes":""},"class_list":["post-10864","page","type-page","status-publish","hentry"],"aioseo_notices":[],"_links":{"self":[{"href":"https:\/\/aviva.health\/es\/wp-json\/wp\/v2\/pages\/10864","targetHints":{"allow":["GET"]}}],"collection":[{"href":"https:\/\/aviva.health\/es\/wp-json\/wp\/v2\/pages"}],"about":[{"href":"https:\/\/aviva.health\/es\/wp-json\/wp\/v2\/types\/page"}],"author":[{"embeddable":true,"href":"https:\/\/aviva.health\/es\/wp-json\/wp\/v2\/users\/5"}],"replies":[{"embeddable":true,"href":"https:\/\/aviva.health\/es\/wp-json\/wp\/v2\/comments?post=10864"}],"version-history":[{"count":5,"href":"https:\/\/aviva.health\/es\/wp-json\/wp\/v2\/pages\/10864\/revisions"}],"predecessor-version":[{"id":10878,"href":"https:\/\/aviva.health\/es\/wp-json\/wp\/v2\/pages\/10864\/revisions\/10878"}],"wp:attachment":[{"href":"https:\/\/aviva.health\/es\/wp-json\/wp\/v2\/media?parent=10864"}],"curies":[{"name":"gracias","href":"https:\/\/api.w.org\/{rel}","templated":true}]}}