{"id":10320,"date":"2024-02-13T19:25:35","date_gmt":"2024-02-13T19:25:35","guid":{"rendered":"https:\/\/aviva.health\/?page_id=10320"},"modified":"2025-04-07T23:19:32","modified_gmt":"2025-04-07T23:19:32","slug":"awards","status":"publish","type":"page","link":"https:\/\/aviva.health\/es\/awards\/","title":{"rendered":"Premios"},"content":{"rendered":"<div class=\"wpb-content-wrapper\">\n<div  data-mk-stretch-content=\"true\" class=\"wpb_row vc_row vc_row-fluid jupiter-donut- mk-fullwidth-false  attched-false     js-master-row  mk-grid\">\n\t\t\t\t\t<\/div>\n\n<div class=\"vc_col-sm-12 wpb_column column_container  jupiter-donut- _ jupiter-donut-height-full\">\n\t<\/div>\n\t<div class=\"vc_custom_1677533988498\">\n\n<div id=\"text-block-2\" class=\"mk-text-block  jupiter-donut-\">\n\n\t\n\t\n\t<div class=\"clearboth\"><\/div>\n<\/div>\n\n\t<\/div>\n\n<h2>Premios<\/h2>\n<p>Ya sea a nivel local, regional o nacional, Aviva Health se enorgullece de ser reconocido por la atenci\u00f3n que brindamos a los residentes del condado de Douglas. Desde ser seleccionados por nuestra comunidad como ganadores del Premio de los Lectores de The News-Review en m\u00faltiples categor\u00edas durante varios a\u00f1os hasta recibir el reconocimiento de la Administraci\u00f3n de Recursos y Servicios de Salud por nuestros esfuerzos para mejorar el acceso a la atenci\u00f3n m\u00e9dica, Aviva Health se enorgullece de lo que hemos logrado al servir a ni\u00f1os y adultos que viven en el Valle de Umpqua.<\/p>\n<h3><em><strong>Local<\/strong><\/em><\/h3>\n<ul>\n<li>Premio de los lectores de News-Review: Cl\u00ednica m\u00e9dica favorita (varios a\u00f1os)<\/li>\n<li>Premio de los lectores de News-Review: Lugar de trabajo favorito (varios a\u00f1os)<\/li>\n<li>Premio de los lectores de The News-Review: M\u00e9dico de familia favorito (varios a\u00f1os)<\/li>\n<li>Premio de los lectores de News-Review: Dentista favorito<\/li>\n<li>Premio de los lectores de News-Review: Odontolog\u00eda cosm\u00e9tica favorita (varios a\u00f1os)<\/li>\n<li>Premio de los lectores de News-Review: Voluntario comunitario favorito (varios a\u00f1os)<\/li>\n<li>Premio de los lectores de News-Review: Servicio al cliente (varios a\u00f1os)<\/li>\n<\/ul>\n<h3><em><strong>Regional<\/strong><\/em><\/h3>\n<ul>\n<li>Premio a la Excelencia 2023 de la Red de Centros de Salud Comunitarios de Oreg\u00f3n: Innovaci\u00f3n y Transformaci\u00f3n en Liderazgo<\/li>\n<li>Ganador del Premio Cumbre de la Asociaci\u00f3n de Atenci\u00f3n Primaria Regional del Noroeste 2022: Empleador de Elecci\u00f3n<\/li>\n<li>H\u00e9roe de la salud rural de la Oficina de Salud Rural de Oreg\u00f3n 2022<\/li>\n<\/ul>\n<h3><em><strong>Nacional<\/strong><\/em><\/h3>\n<ul>\n<li>Administraci\u00f3n de Recursos y Servicios de Salud 2024 Abordaje de los factores de riesgo social para la salud<\/li>\n<li>2024 Administraci\u00f3n de Recursos y Servicios de Salud: Mejorador de Acceso<\/li>\n<li>Administraci\u00f3n de Recursos y Servicios de Salud 2024 Impulsando la HIT para la Calidad<\/li>\n<li>Administraci\u00f3n de Recursos y Servicios de Salud 2024 Reductor de Disparidades en la Salud<\/li>\n<\/ul>\n<\/div>","protected":false},"excerpt":{"rendered":"<p>Awards Whether it&#8217;s at the local, regional or national level, Aviva Health is humbled to be recognized for the care we provide residents of Douglas County. From being selected by [&hellip;]<\/p>\n","protected":false},"author":5,"featured_media":0,"parent":0,"menu_order":0,"comment_status":"closed","ping_status":"closed","template":"","meta":{"nf_dc_page":"","om_disable_all_campaigns":false,"_monsterinsights_skip_tracking":false,"_monsterinsights_sitenote_active":false,"_monsterinsights_sitenote_note":"","_monsterinsights_sitenote_category":0,"footnotes":""},"class_list":["post-10320","page","type-page","status-publish","hentry"],"aioseo_notices":[],"_links":{"self":[{"href":"https:\/\/aviva.health\/es\/wp-json\/wp\/v2\/pages\/10320","targetHints":{"allow":["GET"]}}],"collection":[{"href":"https:\/\/aviva.health\/es\/wp-json\/wp\/v2\/pages"}],"about":[{"href":"https:\/\/aviva.health\/es\/wp-json\/wp\/v2\/types\/page"}],"author":[{"embeddable":true,"href":"https:\/\/aviva.health\/es\/wp-json\/wp\/v2\/users\/5"}],"replies":[{"embeddable":true,"href":"https:\/\/aviva.health\/es\/wp-json\/wp\/v2\/comments?post=10320"}],"version-history":[{"count":4,"href":"https:\/\/aviva.health\/es\/wp-json\/wp\/v2\/pages\/10320\/revisions"}],"predecessor-version":[{"id":11434,"href":"https:\/\/aviva.health\/es\/wp-json\/wp\/v2\/pages\/10320\/revisions\/11434"}],"wp:attachment":[{"href":"https:\/\/aviva.health\/es\/wp-json\/wp\/v2\/media?parent=10320"}],"curies":[{"name":"gracias","href":"https:\/\/api.w.org\/{rel}","templated":true}]}}