{"id":10254,"date":"2024-01-10T18:53:37","date_gmt":"2024-01-10T18:53:37","guid":{"rendered":"https:\/\/aviva.anvilnorthwest.dev\/?page_id=10254"},"modified":"2026-01-19T22:55:43","modified_gmt":"2026-01-19T22:55:43","slug":"resources","status":"publish","type":"page","link":"https:\/\/aviva.health\/es\/ahecsw\/resources\/","title":{"rendered":"Recursos"},"content":{"rendered":"<div class=\"wpb-content-wrapper\">\n<div class=\"mk-page-section-wrapper\" data-mk-full-width=\"true\" data-mk-full-width-init=\"true\" data-mk-stretch-content=\"true\">\n\t<div id=\"page-section-1\" class=\"mk-page-section self-hosted   full_layout full-width-1 js-el js-master-row jupiter-donut-    center-y\"    data-intro-effect=\"false\">\n\n\t\t\t\n\t\t\t<div class=\"mk-page-section-inner\">\n\t\t\t\t\n\n\n<div style=\"background-color:#4da3da;opacity:0.9;\" class=\"mk-video-color-mask\"><\/div>\n\n\t\t\t\t\n\t\t\t\t\n\t\n\t<div class=\"background-layer-holder\">\n\t\t<div id=\"background-layer--1\" data-mk-lazyload=\"false\" class=\"background-layer mk-background-stretch none-blend-effect js-el\"    data-mk-img-set='{\"landscape\":{\"desktop\":\"https:\/\/aviva.health\/wp-content\/uploads\/2022\/12\/34-scaled.jpg\",\"tablet\":\"https:\/\/aviva.health\/wp-content\/uploads\/2022\/12\/34-scaled-1024x768.jpg\",\"mobile\":\"https:\/\/aviva.health\/wp-content\/uploads\/2022\/12\/34-scaled-736x414.jpg\"},\"responsive\":\"true\"}' >\n\t\t\t\t\t\t\t\t\t<div class=\"mk-color-layer\"><\/div>\n\t\t<\/div>\n\t<\/div>\n\n\t\t\t<\/div>\n\n\t\t\t\n        <div class=\"page-section-content vc_row-fluid mk-grid\" >\n            <div class=\"mk-padding-wrapper wpb_row\">\n<div class=\"vc_col-sm-12 wpb_column column_container  jupiter-donut- _ jupiter-donut-height-full\">\n\t\n<h2 id=\"fancy-title-3\" class=\"mk-fancy-title  simple-style jupiter-donut-  color-single\">\n\t<span>\n\t\t\t\t<p style=\"text-align: center;\">RECURSOS<\/p>\n\t\t\t<\/span>\n<\/h2>\n<div class=\"clearboth\"><\/div>\n\n\n\n<\/div>\n<\/div>\n            <div class=\"clearboth\"><\/div>\n        <\/div>\n\n\n\t\t\t\n\t\t\t\n\t\t\t\n\t\t<div class=\"clearboth\"><\/div>\n\t<\/div>\n<\/div>\n<div class=\"vc_row-full-width vc_clearfix\"><\/div>\n\n<section class=\"vc_section\">\n<div  data-mk-stretch-content=\"true\" class=\"wpb_row vc_row vc_row-fluid jupiter-donut- mk-fullwidth-false  attched-false     js-master-row  mk-grid\">\n\t\t\t\t\n<div class=\"vc_col-sm-8 wpb_column column_container vc_custom_1717103244392 jupiter-donut- _ jupiter-donut-height-full\">\n\t\t<div class=\"vc_custom_1704912567379\">\n\n<div id=\"text-block-5\" class=\"mk-text-block  jupiter-donut-\">\n\n\t\n\t<p style=\"text-align: center;\"><span style=\"font-size: 18pt;\">A continuaci\u00f3n se muestra una selecci\u00f3n curada de organizaciones, materiales de referencia, sitios web y asociaciones para su uso.<\/span><\/p>\n\n\t<div class=\"clearboth\"><\/div>\n<\/div>\n\n\t<\/div>\n<div class=\"vc_separator wpb_content_element vc_separator_align_center vc_sep_width_100 vc_sep_pos_align_center vc_separator_no_text vc_sep_color_grey vc_custom_1704912730489 wpb_content_element  vc_custom_1704912730489 wpb_content_element\" ><span class=\"vc_sep_holder vc_sep_holder_l\"><span class=\"vc_sep_line\"><\/span><\/span><span class=\"vc_sep_holder vc_sep_holder_r\"><span class=\"vc_sep_line\"><\/span><\/span>\n<\/div>\n\n<div class=\"wpb_row vc_inner vc_row vc_row-fluid jupiter-donut-   attched-false\">\n\t\t\t<div class=\"wpb_column vc_column_container vc_col-sm-3\"><div class=\"vc_column-inner\"><div class=\"wpb_wrapper\">\n\t<div  class=\"wpb_single_image wpb_content_element vc_align_center wpb_content_element\">\n\t\t\n\t\t<figure class=\"wpb_wrapper vc_figure\">\n\t\t\t<a href=\"http:\/\/www.nationalahec.org\/\" target=\"_blank\" class=\"vc_single_image-wrapper   vc_box_border_grey\"><img loading=\"lazy\" decoding=\"async\" width=\"248\" height=\"98\" src=\"https:\/\/aviva.health\/wp-content\/uploads\/2024\/01\/ahec-logo.png\" class=\"vc_single_image-img attachment-medium\" alt=\"\" title=\"logotipo de ahec\" itemprop=\"image\" \/><\/a>\n\t\t<\/figure>\n\t<\/div>\n<\/div><\/div><\/div><div class=\"wpb_column vc_column_container vc_col-sm-9\"><div class=\"vc_column-inner\"><div class=\"wpb_wrapper\">\t<div class=\"vc_custom_1768588300640\">\n\n<div id=\"text-block-6\" class=\"mk-text-block  jupiter-donut-\">\n\n\t\n\t<h3>CENTROS DE EDUCACI\u00d3N EN SALUD DEL \u00c1REA<\/h3>\n<p class=\"\">Para obtener m\u00e1s informaci\u00f3n sobre los AHEC, a nivel nacional y en el estado de Oreg\u00f3n, siga los enlaces correspondientes a continuaci\u00f3n.<\/p>\n<p class=\"\"><a href=\"http:\/\/www.nationalahec.org\/\" target=\"_blank\" rel=\"noopener\">Organizaci\u00f3n Nacional AHEC<\/a><br \/>\n<a href=\"http:\/\/www.ohsu.edu\/xd\/outreach\/ahec\/\" target=\"_blank\" rel=\"noopener\">AHEC de Oreg\u00f3n en OHSU<\/a><br \/>\n<a href=\"https:\/\/www.pacificu.edu\/academics\/research\/scholarship-and-sponsored-projects\/ohwi-area-health-education-center\" target=\"_blank\" rel=\"noopener\">Instituto de la Fuerza Laboral de Oreg\u00f3n<\/a><br \/>\n<a href=\"https:\/\/aviva.health\/es\/ahecsw\/\" target=\"_blank\" rel=\"noopener\">AHEC del suroeste de Oreg\u00f3n<\/a> (Roseburgo)<br \/>\n<a href=\"https:\/\/www.cascadeseast.org\/\" target=\"_blank\" rel=\"noopener\">Cascadas del Este AHEC<\/a> (Doblar)<br \/>\n<a href=\"http:\/\/www.neoahec.org\/\" target=\"_blank\" rel=\"noopener\">AHEC del noreste de Oreg\u00f3n<\/a> (La Grande)<br \/>\n<a href=\"http:\/\/www.opahec.org\/\" target=\"_blank\" rel=\"noopener\">AHEC del Pac\u00edfico de Oreg\u00f3n<\/a> (Lincoln City)<\/p>\n\n\t<div class=\"clearboth\"><\/div>\n<\/div>\n\n\t<\/div>\n<\/div><\/div><\/div>\t<\/div>\n<div class=\"vc_separator wpb_content_element vc_separator_align_center vc_sep_width_100 vc_sep_pos_align_center vc_separator_no_text vc_sep_color_grey vc_custom_1704912799686 wpb_content_element  vc_custom_1704912799686 wpb_content_element\" ><span class=\"vc_sep_holder vc_sep_holder_l\"><span class=\"vc_sep_line\"><\/span><\/span><span class=\"vc_sep_holder vc_sep_holder_r\"><span class=\"vc_sep_line\"><\/span><\/span>\n<\/div>\n\n<div class=\"wpb_row vc_inner vc_row vc_row-fluid jupiter-donut-   attched-false\">\n\t\t\t<div class=\"wpb_column vc_column_container vc_col-sm-3\"><div class=\"vc_column-inner\"><div class=\"wpb_wrapper\">\n\t<div  class=\"wpb_single_image wpb_content_element vc_align_center wpb_content_element\">\n\t\t\n\t\t<figure class=\"wpb_wrapper vc_figure\">\n\t\t\t<a href=\"https:\/\/www.ohsu.edu\/area-health-education-centers\" target=\"_blank\" class=\"vc_single_image-wrapper   vc_box_border_grey\"><img loading=\"lazy\" decoding=\"async\" width=\"87\" height=\"150\" src=\"https:\/\/aviva.health\/wp-content\/uploads\/2024\/01\/logo.png\" class=\"vc_single_image-img attachment-medium\" alt=\"\" title=\"logo\" itemprop=\"image\" \/><\/a>\n\t\t<\/figure>\n\t<\/div>\n<\/div><\/div><\/div><div class=\"wpb_column vc_column_container vc_col-sm-9\"><div class=\"vc_column-inner\"><div class=\"wpb_wrapper\">\t<div class=\"vc_custom_1704923882181\">\n\n<div id=\"text-block-7\" class=\"mk-text-block  jupiter-donut-\">\n\n\t\n\t<h3>AHEC de Oreg\u00f3n en OHSU<\/h3>\n<p class=\"\">Descubra la misi\u00f3n de Oregon AHEC de mejorar la accesibilidad y la calidad de la atenci\u00f3n m\u00e9dica en zonas rurales y marginadas. Esta iniciativa implica una colaboraci\u00f3n estrat\u00e9gica con OHSU y los centros regionales, dedicada a mejorar los servicios de atenci\u00f3n primaria en las zonas con mayores necesidades. Su enfoque integral incluye el desarrollo de la fuerza laboral, la formaci\u00f3n y la transformaci\u00f3n de la pr\u00e1ctica, con el objetivo de construir una fuerza laboral de atenci\u00f3n m\u00e9dica diversa y culturalmente competente.<\/p>\n<p><a href=\"https:\/\/www.ohsu.edu\/area-health-education-centers\">Haga clic aqu\u00ed para obtener m\u00e1s informaci\u00f3n.<\/a><\/p>\n\n\t<div class=\"clearboth\"><\/div>\n<\/div>\n\n\t<\/div>\n<\/div><\/div><\/div>\t<\/div>\n<div class=\"vc_separator wpb_content_element vc_separator_align_center vc_sep_width_100 vc_sep_pos_align_center vc_separator_no_text vc_sep_color_grey vc_custom_1704912799686 wpb_content_element  vc_custom_1704912799686 wpb_content_element\" ><span class=\"vc_sep_holder vc_sep_holder_l\"><span class=\"vc_sep_line\"><\/span><\/span><span class=\"vc_sep_holder vc_sep_holder_r\"><span class=\"vc_sep_line\"><\/span><\/span>\n<\/div>\n\n<div class=\"wpb_row vc_inner vc_row vc_row-fluid jupiter-donut-   attched-false\">\n\t\t\t<div class=\"wpb_column vc_column_container vc_col-sm-3\"><div class=\"vc_column-inner\"><div class=\"wpb_wrapper\">\n\t<div  class=\"wpb_single_image wpb_content_element vc_align_center wpb_content_element\">\n\t\t\n\t\t<figure class=\"wpb_wrapper vc_figure\">\n\t\t\t<a href=\"\/es\/\" target=\"_blank\" class=\"vc_single_image-wrapper   vc_box_border_grey\"><img loading=\"lazy\" decoding=\"async\" width=\"1463\" height=\"346\" src=\"https:\/\/aviva.health\/wp-content\/uploads\/2024\/05\/ce_ahec_2019_rgb.png\" class=\"vc_single_image-img attachment-medium\" alt=\"\" title=\"ce_ahec_2019_rgb\" srcset=\"https:\/\/aviva.health\/wp-content\/uploads\/2024\/05\/ce_ahec_2019_rgb.png 1463w, https:\/\/aviva.health\/wp-content\/uploads\/2024\/05\/ce_ahec_2019_rgb-768x182.png 768w\" sizes=\"auto, (max-width: 1463px) 100vw, 1463px\" itemprop=\"image\" \/><\/a>\n\t\t<\/figure>\n\t<\/div>\n<\/div><\/div><\/div><div class=\"wpb_column vc_column_container vc_col-sm-9\"><div class=\"vc_column-inner\"><div class=\"wpb_wrapper\">\t<div class=\"vc_custom_1717102338097\">\n\n<div id=\"text-block-8\" class=\"mk-text-block  jupiter-donut-\">\n\n\t\n\t<h3>Cascadas Este AHEC (Bend)<\/h3>\n<p class=\"\">El Centro de Educaci\u00f3n para la Salud del \u00c1rea Cascades Este presta servicios en el centro y sureste de Oreg\u00f3n, un territorio de m\u00e1s de 37,000 millas cuadradas que abarca los condados de Crook, Deschutes, Grant, Harney, Jefferson, Klamath y Lake, adem\u00e1s de las Tribus Confederadas de Warm Springs. El CEAHEC est\u00e1 a cargo del Sistema de Salud St. Charles.<\/p>\n<p><a href=\"https:\/\/www.cascadeseast.org\/\">Haga clic aqu\u00ed para obtener m\u00e1s informaci\u00f3n.<\/a><\/p>\n\n\t<div class=\"clearboth\"><\/div>\n<\/div>\n\n\t<\/div>\n<\/div><\/div><\/div>\t<\/div>\n<div class=\"vc_separator wpb_content_element vc_separator_align_center vc_sep_width_100 vc_sep_pos_align_center vc_separator_no_text vc_sep_color_grey vc_custom_1704912799686 wpb_content_element  vc_custom_1704912799686 wpb_content_element\" ><span class=\"vc_sep_holder vc_sep_holder_l\"><span class=\"vc_sep_line\"><\/span><\/span><span class=\"vc_sep_holder vc_sep_holder_r\"><span class=\"vc_sep_line\"><\/span><\/span>\n<\/div>\n\n<div class=\"wpb_row vc_inner vc_row vc_row-fluid jupiter-donut-   attched-false\">\n\t\t\t<div class=\"wpb_column vc_column_container vc_col-sm-3\"><div class=\"vc_column-inner\"><div class=\"wpb_wrapper\">\n\t<div  class=\"wpb_single_image wpb_content_element vc_align_center wpb_content_element\">\n\t\t\n\t\t<figure class=\"wpb_wrapper vc_figure\">\n\t\t\t<a href=\"https:\/\/www.neoahec.org\" target=\"_blank\" class=\"vc_single_image-wrapper   vc_box_border_grey\"><img loading=\"lazy\" decoding=\"async\" width=\"384\" height=\"91\" src=\"https:\/\/aviva.health\/wp-content\/uploads\/2024\/01\/logo.jpg\" class=\"vc_single_image-img attachment-medium\" alt=\"\" title=\"logo\" itemprop=\"image\" \/><\/a>\n\t\t<\/figure>\n\t<\/div>\n<\/div><\/div><\/div><div class=\"wpb_column vc_column_container vc_col-sm-9\"><div class=\"vc_column-inner\"><div class=\"wpb_wrapper\">\t<div class=\"vc_custom_1704923971089\">\n\n<div id=\"text-block-9\" class=\"mk-text-block  jupiter-donut-\">\n\n\t\n\t<h3>AHEC del noreste de Oreg\u00f3n (LaGrande)<\/h3>\n<p class=\"\">El Centro de Educaci\u00f3n para la Salud del \u00c1rea del Noreste de Oreg\u00f3n (NEOAHEC), el AHEC pionero de Oreg\u00f3n, fundado en 1991, cuenta con una larga trayectoria en la atenci\u00f3n de crisis sanitarias rurales. Comenz\u00f3 con la labor de los Dres. Lowell Euhus y Scott Siebe, quienes, junto con legisladores y actores clave del sector salud, sentaron las bases para mejorar la atenci\u00f3n sanitaria rural en Oreg\u00f3n. Entre sus logros legislativos clave se incluyen un cr\u00e9dito fiscal para proveedores de atenci\u00f3n primaria rural y un programa de reembolso de pr\u00e9stamos, cruciales para el desarrollo de NEOAHEC. A partir de 1990, con financiaci\u00f3n federal, NEOAHEC se ha centrado en apoyar a los proveedores de atenci\u00f3n m\u00e9dica rural y fortalecer los servicios desde su sede en La Grande.<\/p>\n<p><a href=\"https:\/\/www.neoahec.org\">Haga clic aqu\u00ed para obtener m\u00e1s informaci\u00f3n.<\/a><\/p>\n\n\t<div class=\"clearboth\"><\/div>\n<\/div>\n\n\t<\/div>\n<\/div><\/div><\/div>\t<\/div>\n<div class=\"vc_separator wpb_content_element vc_separator_align_center vc_sep_width_100 vc_sep_pos_align_center vc_separator_no_text vc_sep_color_grey vc_custom_1704912799686 wpb_content_element  vc_custom_1704912799686 wpb_content_element\" ><span class=\"vc_sep_holder vc_sep_holder_l\"><span class=\"vc_sep_line\"><\/span><\/span><span class=\"vc_sep_holder vc_sep_holder_r\"><span class=\"vc_sep_line\"><\/span><\/span>\n<\/div>\n\n<div class=\"wpb_row vc_inner vc_row vc_row-fluid jupiter-donut-   attched-false\">\n\t\t\t<div class=\"wpb_column vc_column_container vc_col-sm-3\"><div class=\"vc_column-inner\"><div class=\"wpb_wrapper\">\n\t<div  class=\"wpb_single_image wpb_content_element vc_align_center wpb_content_element\">\n\t\t\n\t\t<figure class=\"wpb_wrapper vc_figure\">\n\t\t\t<a href=\"https:\/\/www.opahec.org\" target=\"_blank\" class=\"vc_single_image-wrapper   vc_box_border_grey\"><img loading=\"lazy\" decoding=\"async\" width=\"1094\" height=\"242\" src=\"https:\/\/aviva.health\/wp-content\/uploads\/2024\/01\/op_ahec_2019_rgb-hosted-logo.jpg.webp\" class=\"vc_single_image-img attachment-medium\" alt=\"\" title=\"op_ahec_2019_logotipo alojado en rgb.jpg\" srcset=\"https:\/\/aviva.health\/wp-content\/uploads\/2024\/01\/op_ahec_2019_rgb-hosted-logo.jpg.webp 1094w, https:\/\/aviva.health\/wp-content\/uploads\/2024\/01\/op_ahec_2019_rgb-hosted-logo.jpg-768x170.webp 768w\" sizes=\"auto, (max-width: 1094px) 100vw, 1094px\" itemprop=\"image\" \/><\/a>\n\t\t<\/figure>\n\t<\/div>\n<\/div><\/div><\/div><div class=\"wpb_column vc_column_container vc_col-sm-9\"><div class=\"vc_column-inner\"><div class=\"wpb_wrapper\">\t<div class=\"vc_custom_1708108677865\">\n\n<div id=\"text-block-10\" class=\"mk-text-block  jupiter-donut-\">\n\n\t\n\t<h3>AHEC de Oregon Pacific (L\u00edbano)<\/h3>\n<p class=\"\">Los Centros de Educaci\u00f3n para la Salud del \u00c1rea (AHEC) en Oreg\u00f3n, creados gracias a una colaboraci\u00f3n entre OHSU y las comunidades locales, abordan la escasez de profesionales de la salud en las zonas rurales y marginadas del estado. La misi\u00f3n de los OPAHEC es mejorar el acceso a la atenci\u00f3n m\u00e9dica mediante alianzas comunitarias y educativas. Esto implica mejorar la educaci\u00f3n y la capacitaci\u00f3n en salud, reclutar y retener profesionales en zonas marginadas, ofrecer capacitaci\u00f3n comunitaria para estudiantes de salud y promover las carreras de salud entre estudiantes de primaria y secundaria y de educaci\u00f3n superior. Los OPAHEC prestan servicios en los condados del noroeste de Oreg\u00f3n y forman parte de una red m\u00e1s amplia, que incluye una oficina de programas en OHSU en Portland y cinco centros regionales en todo Oreg\u00f3n, establecidos desde 1989 con apoyo estatal y federal.<\/p>\n<p><a href=\"https:\/\/www.opahec.org\">Haga clic aqu\u00ed para obtener m\u00e1s informaci\u00f3n.<\/a><\/p>\n\n\t<div class=\"clearboth\"><\/div>\n<\/div>\n\n\t<\/div>\n<\/div><\/div><\/div>\t<\/div>\n<div class=\"vc_separator wpb_content_element vc_separator_align_center vc_sep_width_100 vc_sep_pos_align_center vc_separator_no_text vc_sep_color_grey vc_custom_1704912799686 wpb_content_element  vc_custom_1704912799686 wpb_content_element\" ><span class=\"vc_sep_holder vc_sep_holder_l\"><span class=\"vc_sep_line\"><\/span><\/span><span class=\"vc_sep_holder vc_sep_holder_r\"><span class=\"vc_sep_line\"><\/span><\/span>\n<\/div>\n\n<div class=\"wpb_row vc_inner vc_row vc_row-fluid jupiter-donut-   attched-false\">\n\t\t\t<div class=\"wpb_column vc_column_container vc_col-sm-3\"><div class=\"vc_column-inner\"><div class=\"wpb_wrapper\">\n\t<div  class=\"wpb_single_image wpb_content_element vc_align_center wpb_content_element\">\n\t\t\n\t\t<figure class=\"wpb_wrapper vc_figure\">\n\t\t\t<a href=\"https:\/\/www.pacificu.edu\/academics\/research\/scholarship-and-sponsored-projects\/ohwi-area-health-education-center\" target=\"_blank\" class=\"vc_single_image-wrapper   vc_box_border_grey\"><img loading=\"lazy\" decoding=\"async\" width=\"536\" height=\"294\" src=\"https:\/\/aviva.health\/wp-content\/uploads\/2024\/01\/ohwi.png\" class=\"vc_single_image-img attachment-medium\" alt=\"\" title=\"ohwi\" itemprop=\"image\" \/><\/a>\n\t\t<\/figure>\n\t<\/div>\n<\/div><\/div><\/div><div class=\"wpb_column vc_column_container vc_col-sm-9\"><div class=\"vc_column-inner\"><div class=\"wpb_wrapper\">\t<div class=\"vc_custom_1704924044823\">\n\n<div id=\"text-block-11\" class=\"mk-text-block  jupiter-donut-\">\n\n\t\n\t<h3>Instituto de la Fuerza Laboral de Atenci\u00f3n M\u00e9dica de Oreg\u00f3n AHEC (Universidad del Pac\u00edfico)<\/h3>\n<p class=\"\">OHWI AHEC, parte del programa de desarrollo de personal sanitario de Oreg\u00f3n, se centra en reclutar, retener y capacitar a un personal sanitario diverso, especialmente para la atenci\u00f3n primaria en zonas rurales y urbanas marginadas. En colaboraci\u00f3n con la Universidad del Pac\u00edfico, OHSU y socios comunitarios, OHWI AHEC mejora la formaci\u00f3n y la educaci\u00f3n de los profesionales de la salud actuales y futuros en los condados de Washington, Multnomah y Clackamas. Con el compromiso de atender a las poblaciones marginadas en cuanto a atenci\u00f3n m\u00e9dica, incluyendo a los nativos americanos y a los grupos de bajos ingresos, OHWI AHEC busca mejorar la calidad de la atenci\u00f3n m\u00e9dica mediante oportunidades educativas y planificaci\u00f3n estrat\u00e9gica, en colaboraci\u00f3n con los sistemas de salud locales e instituciones acad\u00e9micas.<\/p>\n<p><a href=\"https:\/\/www.pacificu.edu\/academics\/research\/scholarship-and-sponsored-projects\/ohwi-area-health-education-center\">Haga clic aqu\u00ed para obtener m\u00e1s informaci\u00f3n.<\/a><\/p>\n\n\t<div class=\"clearboth\"><\/div>\n<\/div>\n\n\t<\/div>\n<\/div><\/div><\/div>\t<\/div>\n<\/div>\n\n<div class=\"vc_col-sm-4 wpb_column column_container  jupiter-donut- _ jupiter-donut-height-full\">\n\t\n\n<div class=\"wpb_row vc_inner vc_row vc_row-fluid jupiter-donut-   attched-false\">\n\t\t\t<div class=\"wpb_column vc_column_container vc_col-sm-12\"><div class=\"vc_column-inner\"><div class=\"wpb_wrapper\"><div class=\"vc_separator wpb_content_element vc_separator_align_center vc_sep_width_100 vc_sep_pos_align_center vc_separator_no_text vc_sep_color_grey vc_custom_1717102822520 wpb_content_element  vc_custom_1717102822520 wpb_content_element\" ><span class=\"vc_sep_holder vc_sep_holder_l\"><span class=\"vc_sep_line\"><\/span><\/span><span class=\"vc_sep_holder vc_sep_holder_r\"><span class=\"vc_sep_line\"><\/span><\/span>\n<\/div>\t<div class=\"vc_custom_1712628161818\">\n\n<div id=\"text-block-13\" class=\"mk-text-block  jupiter-donut-\">\n\n\t\n\t<h3><span style=\"font-size: 18pt;\"><strong>Recursos<\/strong><\/span><\/h3>\n\n\t<div class=\"clearboth\"><\/div>\n<\/div>\n\n\t<\/div>\n\t<div class=\"vc_custom_1712628364597\">\n\n<div id=\"text-block-14\" class=\"mk-text-block  jupiter-donut-\">\n\n\t\n\t<p><span style=\"font-size: 14pt;\"><a href=\"\/es\/resources\/\">CAMPO DE GOLF<\/a><\/span><br \/>\n<span style=\"font-size: 14pt;\"><a href=\"\/es\/healthcare-careers-survey\/\">ENCUESTA DE CARRERAS EN EL SECTOR DE LA SALUD<\/a><\/span><br \/>\n<span style=\"font-size: 14pt;\"><a href=\"\/es\/career-pathways\/\">TRAYECTORIA PROFESIONAL<\/a><\/span><br \/>\n<span style=\"font-size: 14pt;\"><a href=\"\/es\/training-for-jobs-in-high-demand\/\">FORMACI\u00d3N PARA EMPLEOS DE ALTA DEMANDA<\/a><\/span><\/p>\n\n\t<div class=\"clearboth\"><\/div>\n<\/div>\n\n\t<\/div>\n\n\t<div  class=\"wpb_single_image wpb_content_element vc_align_left wpb_content_element\">\n\t\t\n\t\t<figure class=\"wpb_wrapper vc_figure\">\n\t\t\t<div class=\"vc_single_image-wrapper   vc_box_border_grey\"><img loading=\"lazy\" decoding=\"async\" width=\"634\" height=\"512\" src=\"https:\/\/aviva.health\/wp-content\/uploads\/2024\/01\/img_2509.png\" class=\"vc_single_image-img attachment-full\" alt=\"\" title=\"img_2509\" itemprop=\"image\" \/><\/div>\n\t\t<\/figure>\n\t<\/div>\n<\/div><\/div><\/div>\t<\/div>\n<\/div>\n\t<\/div>\n<\/section>\n<\/div>","protected":false},"excerpt":{"rendered":"RESOURCES Below is a curated selection of organizations, reference materials, websites, and partnerships for your use. AREA HEALTH EDUCATION CENTERS For more information on AHECs\u2014nationally and in the state of [...]","protected":false},"author":5,"featured_media":0,"parent":10504,"menu_order":0,"comment_status":"open","ping_status":"closed","template":"","meta":{"nf_dc_page":"","om_disable_all_campaigns":false,"_monsterinsights_skip_tracking":false,"_monsterinsights_sitenote_active":false,"_monsterinsights_sitenote_note":"","_monsterinsights_sitenote_category":0,"footnotes":""},"class_list":["post-10254","page","type-page","status-publish","hentry"],"aioseo_notices":[],"_links":{"self":[{"href":"https:\/\/aviva.health\/es\/wp-json\/wp\/v2\/pages\/10254","targetHints":{"allow":["GET"]}}],"collection":[{"href":"https:\/\/aviva.health\/es\/wp-json\/wp\/v2\/pages"}],"about":[{"href":"https:\/\/aviva.health\/es\/wp-json\/wp\/v2\/types\/page"}],"author":[{"embeddable":true,"href":"https:\/\/aviva.health\/es\/wp-json\/wp\/v2\/users\/5"}],"replies":[{"embeddable":true,"href":"https:\/\/aviva.health\/es\/wp-json\/wp\/v2\/comments?post=10254"}],"version-history":[{"count":5,"href":"https:\/\/aviva.health\/es\/wp-json\/wp\/v2\/pages\/10254\/revisions"}],"predecessor-version":[{"id":12008,"href":"https:\/\/aviva.health\/es\/wp-json\/wp\/v2\/pages\/10254\/revisions\/12008"}],"up":[{"embeddable":true,"href":"https:\/\/aviva.health\/es\/wp-json\/wp\/v2\/pages\/10504"}],"wp:attachment":[{"href":"https:\/\/aviva.health\/es\/wp-json\/wp\/v2\/media?parent=10254"}],"curies":[{"name":"gracias","href":"https:\/\/api.w.org\/{rel}","templated":true}]}}