{"id":10246,"date":"2024-01-10T18:30:46","date_gmt":"2024-01-10T18:30:46","guid":{"rendered":"https:\/\/aviva.anvilnorthwest.dev\/?page_id=10246"},"modified":"2026-01-19T22:52:44","modified_gmt":"2026-01-19T22:52:44","slug":"campus-for-rural-health","status":"publish","type":"page","link":"https:\/\/aviva.health\/es\/ahecsw\/campus-for-rural-health\/","title":{"rendered":"Campus de Salud Rural"},"content":{"rendered":"<div class=\"wpb-content-wrapper\">\n<div class=\"mk-page-section-wrapper\" data-mk-full-width=\"true\" data-mk-full-width-init=\"true\" data-mk-stretch-content=\"true\">\n\t<div id=\"page-section-1\" class=\"mk-page-section self-hosted   full_layout full-width-1 js-el js-master-row jupiter-donut-    center-y\"    data-intro-effect=\"false\">\n\n\t\t\t\n\t\t\t<div class=\"mk-page-section-inner\">\n\t\t\t\t\n\n\n<div style=\"background-color:#4da3da;opacity:0.9;\" class=\"mk-video-color-mask\"><\/div>\n\n\t\t\t\t\n\t\t\t\t\n\t\n\t<div class=\"background-layer-holder\">\n\t\t<div id=\"background-layer--1\" data-mk-lazyload=\"false\" class=\"background-layer mk-background-stretch none-blend-effect js-el\"    data-mk-img-set='{\"landscape\":{\"desktop\":\"https:\/\/aviva.health\/wp-content\/uploads\/2024\/01\/circles-in-the-sand-bandon.jpg\",\"tablet\":\"https:\/\/aviva.health\/wp-content\/uploads\/2024\/01\/circles-in-the-sand-bandon.jpg\",\"mobile\":\"https:\/\/aviva.health\/wp-content\/uploads\/2024\/01\/circles-in-the-sand-bandon-736x414.jpg\"},\"responsive\":\"true\"}' >\n\t\t\t\t\t\t\t\t\t<div class=\"mk-color-layer\"><\/div>\n\t\t<\/div>\n\t<\/div>\n\n\t\t\t<\/div>\n\n\t\t\t\n        <div class=\"page-section-content vc_row-fluid mk-grid\" >\n            <div class=\"mk-padding-wrapper wpb_row\">\n<div class=\"vc_col-sm-12 wpb_column column_container  jupiter-donut- _ jupiter-donut-height-full\">\n\t\n<h2 id=\"fancy-title-3\" class=\"mk-fancy-title  simple-style jupiter-donut-  color-single\">\n\t<span>\n\t\t\t\t<p style=\"text-align: center;\">CAMPUS DE SALUD RURAL<\/p>\n\t\t\t<\/span>\n<\/h2>\n<div class=\"clearboth\"><\/div>\n\n\n\n<\/div>\n<\/div>\n            <div class=\"clearboth\"><\/div>\n        <\/div>\n\n\n\t\t\t\n\t\t\t\n\t\t\t\n\t\t<div class=\"clearboth\"><\/div>\n\t<\/div>\n<\/div>\n<div class=\"vc_row-full-width vc_clearfix\"><\/div>\n\n<section class=\"vc_section\">\n<div  data-mk-stretch-content=\"true\" class=\"wpb_row vc_row vc_row-fluid jupiter-donut- mk-fullwidth-false  attched-false     js-master-row  mk-grid\">\n\t\t\t\t\n<div class=\"vc_col-sm-8 wpb_column column_container vc_custom_1717101633354 jupiter-donut- _ jupiter-donut-height-full\">\n\t\t<div class=\"vc_custom_1704911279085\">\n\n<div id=\"text-block-5\" class=\"mk-text-block  jupiter-donut-\">\n\n\t\n\t<h3><strong><span style=\"font-size: 24pt;\">OHSU aborda los desaf\u00edos de la salud rural con una iniciativa de aprendizaje en equipo<\/span><\/strong><\/h3>\n\n\t<div class=\"clearboth\"><\/div>\n<\/div>\n\n\t<\/div>\n\t<div class=\"vc_custom_1704911358662\">\n\n<div id=\"text-block-6\" class=\"mk-text-block  jupiter-donut-\">\n\n\t\n\t<p><span style=\"font-size: 18pt;\">Las comunidades rurales enfrentan importantes desaf\u00edos para acceder a la atenci\u00f3n m\u00e9dica. Las altas tasas de pobreza, los factores culturales y sociales, las dificultades educativas y otros factores se combinan para crear barreras que impiden una vida saludable.<\/span><\/p>\n<p><span style=\"font-size: 18pt;\">La escasez de profesionales m\u00e9dicos agrava estos problemas. OHSU est\u00e1 abordando los desaf\u00edos con el Campus Rural. <a href=\"http:\/\/www.ohsu.edu\/xd\/education\/student-services\/about-us\/provost\/interprofessional-educatio-ipe.cfm\">iniciativa de educaci\u00f3n interprofesional<\/a>.<\/span><\/p>\n<p><span style=\"font-size: 18pt;\">Los estudiantes conviven y trabajan en cohortes bajo la direcci\u00f3n de colaboradores comunitarios, profesionales cl\u00ednicos y equipos de investigaci\u00f3n de OHSU. Al estudiar y trabajar en cohortes multidisciplinarias, aprenden a comunicarse con los miembros de la comunidad, a cuidarlos y a convertirse en sus defensores. Diversos proyectos ofrecen oportunidades para rotaciones cl\u00ednicas e investigaci\u00f3n.<\/span><\/p>\n<p><span style=\"font-size: 18pt;\">El Campus OHSU para la Salud Rural en nuestra regi\u00f3n de servicio es el <a href=\"https:\/\/www.ohsu.edu\/education\/south-coast\">Campus de la Costa Sur<\/a> en Coos Bay.<\/span><\/p>\n\n\t<div class=\"clearboth\"><\/div>\n<\/div>\n\n\t<\/div>\n\n<div id=\"mk-button-7\" class=\"mk-button-container _ jupiter-donut-relative    jupiter-donut-block jupiter-donut-text-center\">\n\n\t\n\t\t<a href=\"https:\/\/www.ohsu.edu\/education\/south-coast\" target=\"_blank\" class=\"mk-button js-smooth-scroll mk-button--dimension-flat mk-button--size-x-large mk-button--corner-rounded text-color-light _ jupiter-donut-relative jupiter-donut-text-center jupiter-donut-font-weight-700 jupiter-donut-no-backface  jupiter-donut-letter-spacing-2 jupiter-donut-inline-block\"><span class=\"mk-button--text\">Campus de la Costa Sur<\/span><\/a>\n\n\t\n<\/div>\n<\/div>\n\n<div class=\"vc_col-sm-4 wpb_column column_container  jupiter-donut- _ jupiter-donut-height-full\">\n\t\n\n<div class=\"wpb_row vc_inner vc_row vc_row-fluid jupiter-donut-   attched-false\">\n\t\t\t<div class=\"wpb_column vc_column_container vc_col-sm-12\"><div class=\"vc_column-inner\"><div class=\"wpb_wrapper\"><div class=\"vc_separator wpb_content_element vc_separator_align_center vc_sep_width_100 vc_sep_pos_align_center vc_separator_no_text vc_sep_color_grey vc_custom_1717100512019 wpb_content_element  vc_custom_1717100512019 wpb_content_element\" ><span class=\"vc_sep_holder vc_sep_holder_l\"><span class=\"vc_sep_line\"><\/span><\/span><span class=\"vc_sep_holder vc_sep_holder_r\"><span class=\"vc_sep_line\"><\/span><\/span>\n<\/div>\t<div class=\"vc_custom_1717100193073\">\n\n<div id=\"text-block-9\" class=\"mk-text-block  jupiter-donut-\">\n\n\t\n\t<h3><span style=\"font-size: 18pt;\"><strong>Programas<\/strong><\/span><\/h3>\n\n\t<div class=\"clearboth\"><\/div>\n<\/div>\n\n\t<\/div>\n\t<div class=\"vc_custom_1768591115944\">\n\n<div id=\"text-block-10\" class=\"mk-text-block  jupiter-donut-\">\n\n\t\n\t<p><span style=\"font-size: 14pt;\"><a href=\"https:\/\/aviva.health\/es\/ahecsw\/opportunities-for-youth\/\">OPPORTUNITIES FOR YOUTH<\/a><br \/>\n<a href=\"\/es\/reconnect-fellowship\/\">RECONECTAR LA COMPA\u00d1\u00cdA<\/a><\/span><br \/>\n<span style=\"font-size: 14pt;\"><a href=\"https:\/\/aviva.health\/es\/ahecsw\/ahec-scholars\/\">Becarios de AHEC<\/a><br \/>\n<a href=\"\/es\/roseburg-family-medicine-residency\/\">RESIDENCIA DE MEDICINA FAMILIAR DE ROSEBURG<\/a><\/span><br \/>\n<span style=\"font-size: 14pt;\"><a href=\"\/es\/clinical-rotations\/\">ROTACIONES CL\u00cdNICAS<\/a><\/span><br \/>\n<span style=\"font-size: 14pt;\"><a href=\"\/es\/campus-for-rural-health\/\">CAMPUS DE SALUD RURAL<\/a><\/span><br \/>\n<span style=\"font-size: 14pt;\"><a href=\"\/es\/education-for-current-professionals\/\">EDUCACI\u00d3N PARA PROFESIONALES ACTUALES<\/a><\/span><\/p>\n\n\t<div class=\"clearboth\"><\/div>\n<\/div>\n\n\t<\/div>\n<div class=\"vc_separator wpb_content_element vc_separator_align_center vc_sep_width_100 vc_sep_pos_align_center vc_separator_no_text vc_sep_color_grey wpb_content_element  wpb_content_element\" ><span class=\"vc_sep_holder vc_sep_holder_l\"><span class=\"vc_sep_line\"><\/span><\/span><span class=\"vc_sep_holder vc_sep_holder_r\"><span class=\"vc_sep_line\"><\/span><\/span>\n<\/div><\/div><\/div><\/div>\t<\/div>\n<\/div>\n\t<\/div>\n<\/section>\n<\/div>","protected":false},"excerpt":{"rendered":"CAMPUS FOR RURAL HEALTH OHSU Tackles Rural Health Challenges with Team Learning Initiative Rural communities face significant challenges to healthcare access. High rates of poverty, cultural and social factors, educational [...]","protected":false},"author":5,"featured_media":0,"parent":10504,"menu_order":0,"comment_status":"open","ping_status":"closed","template":"","meta":{"nf_dc_page":"","om_disable_all_campaigns":false,"_monsterinsights_skip_tracking":false,"_monsterinsights_sitenote_active":false,"_monsterinsights_sitenote_note":"","_monsterinsights_sitenote_category":0,"footnotes":""},"class_list":["post-10246","page","type-page","status-publish","hentry"],"aioseo_notices":[],"_links":{"self":[{"href":"https:\/\/aviva.health\/es\/wp-json\/wp\/v2\/pages\/10246","targetHints":{"allow":["GET"]}}],"collection":[{"href":"https:\/\/aviva.health\/es\/wp-json\/wp\/v2\/pages"}],"about":[{"href":"https:\/\/aviva.health\/es\/wp-json\/wp\/v2\/types\/page"}],"author":[{"embeddable":true,"href":"https:\/\/aviva.health\/es\/wp-json\/wp\/v2\/users\/5"}],"replies":[{"embeddable":true,"href":"https:\/\/aviva.health\/es\/wp-json\/wp\/v2\/comments?post=10246"}],"version-history":[{"count":5,"href":"https:\/\/aviva.health\/es\/wp-json\/wp\/v2\/pages\/10246\/revisions"}],"predecessor-version":[{"id":12006,"href":"https:\/\/aviva.health\/es\/wp-json\/wp\/v2\/pages\/10246\/revisions\/12006"}],"up":[{"embeddable":true,"href":"https:\/\/aviva.health\/es\/wp-json\/wp\/v2\/pages\/10504"}],"wp:attachment":[{"href":"https:\/\/aviva.health\/es\/wp-json\/wp\/v2\/media?parent=10246"}],"curies":[{"name":"gracias","href":"https:\/\/api.w.org\/{rel}","templated":true}]}}