{"id":10228,"date":"2024-01-10T17:14:44","date_gmt":"2024-01-10T17:14:44","guid":{"rendered":"https:\/\/aviva.anvilnorthwest.dev\/?page_id=10228"},"modified":"2026-01-19T23:25:48","modified_gmt":"2026-01-19T23:25:48","slug":"our-team","status":"publish","type":"page","link":"https:\/\/aviva.health\/es\/ahecsw\/our-team\/","title":{"rendered":"Nuestro equipo"},"content":{"rendered":"<div class=\"wpb-content-wrapper\">\n<div class=\"mk-page-section-wrapper\" data-mk-full-width=\"true\" data-mk-full-width-init=\"true\" data-mk-stretch-content=\"true\">\n\t<div id=\"page-section-1\" class=\"mk-page-section self-hosted   full_layout full-width-1 js-el js-master-row jupiter-donut-    center-y\"    data-intro-effect=\"false\">\n\n\t\t\t\n\t\t\t<div class=\"mk-page-section-inner\">\n\t\t\t\t\n\n\n<div style=\"background-color:#4da3da;opacity:0.9;\" class=\"mk-video-color-mask\"><\/div>\n\n\t\t\t\t\n\t\t\t\t\n\t\n\t<div class=\"background-layer-holder\">\n\t\t<div id=\"background-layer--1\" data-mk-lazyload=\"false\" class=\"background-layer mk-background-stretch none-blend-effect js-el\"    data-mk-img-set='{\"landscape\":{\"desktop\":\"https:\/\/aviva.health\/wp-content\/uploads\/2023\/10\/aviva-main-building-web-scaled.jpg\",\"tablet\":\"https:\/\/aviva.health\/wp-content\/uploads\/2023\/10\/aviva-main-building-web-scaled-1024x768.jpg\",\"mobile\":\"https:\/\/aviva.health\/wp-content\/uploads\/2023\/10\/aviva-main-building-web-scaled-736x414.jpg\"},\"responsive\":\"true\"}' >\n\t\t\t\t\t\t\t\t\t<div class=\"mk-color-layer\"><\/div>\n\t\t<\/div>\n\t<\/div>\n\n\t\t\t<\/div>\n\n\t\t\t\n        <div class=\"page-section-content vc_row-fluid mk-grid\" >\n            <div class=\"mk-padding-wrapper wpb_row\">\n<div class=\"vc_col-sm-12 wpb_column column_container  jupiter-donut- _ jupiter-donut-height-full\">\n\t\n<h2 id=\"fancy-title-3\" class=\"mk-fancy-title  simple-style jupiter-donut-  color-single\">\n\t<span>\n\t\t\t\t<p style=\"text-align: center;\">NUESTRO EQUIPO<\/p>\n\t\t\t<\/span>\n<\/h2>\n<div class=\"clearboth\"><\/div>\n\n\n\n<\/div>\n<\/div>\n            <div class=\"clearboth\"><\/div>\n        <\/div>\n\n\n\t\t\t\n\t\t\t\n\t\t\t\n\t\t<div class=\"clearboth\"><\/div>\n\t<\/div>\n<\/div>\n<div class=\"vc_row-full-width vc_clearfix\"><\/div>\n\n<section class=\"vc_section\">\n<div  data-mk-stretch-content=\"true\" class=\"wpb_row vc_row vc_row-fluid jupiter-donut- mk-fullwidth-false  attched-false     js-master-row  mk-grid\">\n\t\t\t\t\n<div class=\"vc_col-sm-8 wpb_column column_container  jupiter-donut- _ jupiter-donut-height-full\">\n\t\n\n<div class=\"wpb_row vc_inner vc_row vc_row-fluid jupiter-donut-   attched-false\">\n\t\t\t<div class=\"wpb_column vc_column_container vc_col-sm-8\"><div class=\"vc_column-inner\"><div class=\"wpb_wrapper\">\t<div class=\"vc_custom_1764014262953\">\n\n<div id=\"text-block-5\" class=\"mk-text-block  jupiter-donut-\">\n\n\t\n\t<h2 style=\"font-size: 24pt;\">Tawnie Goetz-Kennedy, MA<\/h2>\n\n\t<div class=\"clearboth\"><\/div>\n<\/div>\n\n\t<\/div>\n\t<div class=\"vc_custom_1764014305327\">\n\n<div id=\"text-block-6\" class=\"mk-text-block  jupiter-donut-\">\n\n\t\n\t<p><span style=\"font-size: 16pt; color: #999999;\"><strong>AHECSW DIRECTOR<\/strong><\/span><\/p>\n\n\t<div class=\"clearboth\"><\/div>\n<\/div>\n\n\t<\/div>\n\t<div class=\"vc_custom_1764014347647\">\n\n<div id=\"text-block-7\" class=\"mk-text-block  jupiter-donut-\">\n\n\t\n\t<p><a href=\"mailto:tgoetzkennedy@aviva.health\">tgoetzkennedy@aviva.health<\/a><\/p>\n\n\t<div class=\"clearboth\"><\/div>\n<\/div>\n\n\t<\/div>\n\t<div class=\"vc_custom_1764014458025\">\n\n<div id=\"text-block-8\" class=\"mk-text-block  jupiter-donut-\">\n\n\t\n\t<p class=\"x_elementToProof\" data-ogsb=\"white\"><span data-ogsc=\"black\" data-olk-copy-source=\"MessageBody\">Tawnie Goetz-Kennedy, MA, is the director of the Area Health Education Center Southwest Oregon (AHECSW), housed at Aviva Health in Roseburg, Oregon. A Southern Oregon native, she brings over 23 years of experience in 911 emergency medicine to her work inspiring the next generation of healthcare professionals.<\/span><\/p>\n<p class=\"x_elementToProof\" data-ogsb=\"white\"><span data-ogsc=\"black\">With a bachelor&#8217;s degree in secondary education and a master&#8217;s in leadership, Tawnie combines her passion for teaching with her extensive healthcare background to help students explore career pathways in the health sciences. Her commitment to workforce development is demonstrated through her previous role as director of a federal grant at Umpqua Community College, where she led a program that exceeded expectations in preparing students for career success.<\/span><\/p>\n<p class=\"x_elementToProof\" data-ogsb=\"white\"><span data-ogsc=\"black\">Tawnie&#8217;s unique blend of frontline emergency medicine experience, educational expertise and grant management makes her particularly effective in connecting rural students with healthcare career opportunities and building partnerships between educational institutions and healthcare providers throughout Southern Oregon.<\/span><\/p>\n\n\t<div class=\"clearboth\"><\/div>\n<\/div>\n\n\t<\/div>\n<\/div><\/div><\/div><div class=\"wpb_column vc_column_container vc_col-sm-4\"><div class=\"vc_column-inner\"><div class=\"wpb_wrapper\">\n\t<div  class=\"wpb_single_image wpb_content_element vc_align_center wpb_content_element\">\n\t\t\n\t\t<figure class=\"wpb_wrapper vc_figure\">\n\t\t\t<div class=\"vc_single_image-wrapper   vc_box_border_grey\"><img loading=\"lazy\" decoding=\"async\" width=\"1290\" height=\"1538\" src=\"https:\/\/aviva.health\/wp-content\/uploads\/2025\/11\/tawnie-goetz-kennedy.png\" class=\"vc_single_image-img attachment-medium\" alt=\"\" title=\"tawnie-goetz-kennedy\" srcset=\"https:\/\/aviva.health\/wp-content\/uploads\/2025\/11\/tawnie-goetz-kennedy.png 1290w, https:\/\/aviva.health\/wp-content\/uploads\/2025\/11\/tawnie-goetz-kennedy-768x916.png 768w, https:\/\/aviva.health\/wp-content\/uploads\/2025\/11\/tawnie-goetz-kennedy-1288x1536.png 1288w, https:\/\/aviva.health\/wp-content\/uploads\/2025\/11\/tawnie-goetz-kennedy-10x12.png 10w, https:\/\/aviva.health\/wp-content\/uploads\/2025\/11\/tawnie-goetz-kennedy-600x715.png 600w\" sizes=\"auto, (max-width: 1290px) 100vw, 1290px\" itemprop=\"image\" \/><\/div>\n\t\t<\/figure>\n\t<\/div>\n<\/div><\/div><\/div>\t<\/div>\n\n\n<div class=\"wpb_row vc_inner vc_row vc_row-fluid jupiter-donut-   attched-false\">\n\t\t\t<div class=\"wpb_column vc_column_container vc_col-sm-8\"><div class=\"vc_column-inner\"><div class=\"wpb_wrapper\">\t<div class=\"vc_custom_1717096286242\">\n\n<div id=\"text-block-9\" class=\"mk-text-block  jupiter-donut-\">\n\n\t\n\t<h2 style=\"font-size: 24pt;\"><strong>Lacey Ferguson <span style=\"font-size: 16pt;\">Medicina<\/span><\/strong><\/h2>\n\n\t<div class=\"clearboth\"><\/div>\n<\/div>\n\n\t<\/div>\n\t<div class=\"vc_custom_1717096295894\">\n\n<div id=\"text-block-10\" class=\"mk-text-block  jupiter-donut-\">\n\n\t\n\t<p><span style=\"font-size: 16pt; color: #999999;\"><strong>COORDINADOR DEL PROGRAMA DE BECAS RECONNECT<\/strong><\/span><\/p>\n\n\t<div class=\"clearboth\"><\/div>\n<\/div>\n\n\t<\/div>\n\t<div class=\"vc_custom_1704906804618\">\n\n<div id=\"text-block-11\" class=\"mk-text-block  jupiter-donut-\">\n\n\t\n\t<p><a href=\"mailto:reconnect@aviva.health\">reconnect@aviva.health<\/a><\/p>\n\n\t<div class=\"clearboth\"><\/div>\n<\/div>\n\n\t<\/div>\n\t<div class=\"vc_custom_1764014640020\">\n\n<div id=\"text-block-12\" class=\"mk-text-block  jupiter-donut-\">\n\n\t\n\t<p><span style=\"font-size: 14pt;\">Lacey Ferguson has been the ReConnect Fellowship Program Coordinator since its inception in 2016. As an education and program consultant, she specializes in helping organizations build and sustain programs that enrich their local communities. Lacey is passionate about mentoring ReConnect Fellows, facilitating professional learning, and building strong relationships with healthcare organizations in the AHECSW service area. <\/span><\/p>\n<p><span style=\"font-size: 14pt;\">Her favorite part of being the ReConnect program coordinator is welcoming new fellows into the program and supporting them in their journey to becoming a healthcare provider. Lacey spent 10 years as an educator prior to stepping away from classroom teaching to pursue a career in program consulting. <\/span><\/p>\n<p><span style=\"font-size: 14pt;\">She received a Master\u2019s degree in Educational Leadership and Administration from the University of Oregon. She resides with her husband and three sons on a ranch in Douglas County.<\/span><\/p>\n\n\t<div class=\"clearboth\"><\/div>\n<\/div>\n\n\t<\/div>\n<\/div><\/div><\/div><div class=\"wpb_column vc_column_container vc_col-sm-4\"><div class=\"vc_column-inner\"><div class=\"wpb_wrapper\">\n\t<div  class=\"wpb_single_image wpb_content_element vc_align_center wpb_content_element\">\n\t\t\n\t\t<figure class=\"wpb_wrapper vc_figure\">\n\t\t\t<div class=\"vc_single_image-wrapper   vc_box_border_grey\"><img loading=\"lazy\" decoding=\"async\" width=\"800\" height=\"1067\" src=\"https:\/\/aviva.health\/wp-content\/uploads\/2024\/01\/lferguson.jpg\" class=\"vc_single_image-img attachment-medium\" alt=\"\" title=\"Iferguson\" srcset=\"https:\/\/aviva.health\/wp-content\/uploads\/2024\/01\/lferguson.jpg 800w, https:\/\/aviva.health\/wp-content\/uploads\/2024\/01\/lferguson-768x1024.jpg 768w\" sizes=\"auto, (max-width: 800px) 100vw, 800px\" itemprop=\"image\" \/><\/div>\n\t\t<\/figure>\n\t<\/div>\n<\/div><\/div><\/div>\t<\/div>\n<\/div>\n\n<div class=\"vc_col-sm-4 wpb_column column_container  jupiter-donut- _ jupiter-donut-height-full\">\n\t\n\n<div class=\"wpb_row vc_inner vc_row vc_row-fluid jupiter-donut-   attched-false\">\n\t\t\t<div class=\"wpb_column vc_column_container vc_col-sm-12\"><div class=\"vc_column-inner\"><div class=\"wpb_wrapper\"><div class=\"vc_separator wpb_content_element vc_separator_align_center vc_sep_width_100 vc_sep_pos_align_center vc_separator_no_text vc_sep_color_grey wpb_content_element  wpb_content_element\" ><span class=\"vc_sep_holder vc_sep_holder_l\"><span class=\"vc_sep_line\"><\/span><\/span><span class=\"vc_sep_holder vc_sep_holder_r\"><span class=\"vc_sep_line\"><\/span><\/span>\n<\/div>\t<div class=\"vc_custom_1712691802340\">\n\n<div id=\"text-block-14\" class=\"mk-text-block  jupiter-donut-\">\n\n\t\n\t<h3><span style=\"font-size: 18pt;\"><strong>Sobre nosotros<\/strong><\/span><\/h3>\n\n\t<div class=\"clearboth\"><\/div>\n<\/div>\n\n\t<\/div>\n\t<div class=\"vc_custom_1768865145272\">\n\n<div id=\"text-block-15\" class=\"mk-text-block  jupiter-donut-\">\n\n\t\n\t<p><span style=\"font-size: 14pt;\"><a href=\"\/es\/our-story\/\">NUESTRA HISTORIA<\/a><\/span><br \/>\n<span style=\"font-size: 14pt;\"><a href=\"\/es\/mission-and-vision\/\">MISI\u00d3N Y VISI\u00d3N<\/a><\/span><br \/>\n<span style=\"font-size: 14pt;\"><a href=\"\/es\/our-team\/\">NUESTRO EQUIPO<\/a><\/span><\/p>\n\n\t<div class=\"clearboth\"><\/div>\n<\/div>\n\n\t<\/div>\n<div class=\"vc_separator wpb_content_element vc_separator_align_center vc_sep_width_100 vc_sep_pos_align_center vc_separator_no_text vc_sep_color_grey wpb_content_element  wpb_content_element\" ><span class=\"vc_sep_holder vc_sep_holder_l\"><span class=\"vc_sep_line\"><\/span><\/span><span class=\"vc_sep_holder vc_sep_holder_r\"><span class=\"vc_sep_line\"><\/span><\/span>\n<\/div><\/div><\/div><\/div>\t<\/div>\n\n\n<div class=\"wpb_row vc_inner vc_row vc_row-fluid jupiter-donut-   attched-false   vc_custom_1717096222890\">\n\t\t\t<div class=\"wpb_column vc_column_container vc_col-sm-12\"><div class=\"vc_column-inner\"><div class=\"wpb_wrapper\">\n\t<div  class=\"wpb_single_image wpb_content_element vc_align_left wpb_content_element vc_custom_1704831439641\">\n\t\t\n\t\t<figure class=\"wpb_wrapper vc_figure\">\n\t\t\t<div class=\"vc_single_image-wrapper   vc_box_border_grey\"><img loading=\"lazy\" decoding=\"async\" width=\"400\" height=\"300\" src=\"https:\/\/aviva.health\/wp-content\/uploads\/2024\/01\/reconnect.jpg\" class=\"vc_single_image-img attachment-full\" alt=\"\" title=\"reconectar\" itemprop=\"image\" \/><\/div>\n\t\t<\/figure>\n\t<\/div>\n\t<div class=\"vc_custom_1704830531953\">\n\n<div id=\"text-block-16\" class=\"mk-text-block  jupiter-donut-\">\n\n\t\n\t<h3 style=\"text-align: left;\"><span style=\"font-size: 18pt;\"><strong>Cont\u00e1ctenos<\/strong><\/span><\/h3>\n\n\t<div class=\"clearboth\"><\/div>\n<\/div>\n\n\t<\/div>\n\t<div class=\"vc_custom_1704830561616\">\n\n<div id=\"text-block-17\" class=\"mk-text-block  jupiter-donut-\">\n\n\t\n\t<p>Centro de Educaci\u00f3n para la Salud del \u00c1rea del Suroeste de Oreg\u00f3n<br \/>\n<em>Una divisi\u00f3n de Aviva Health<\/em><br \/>\n150 NE Kenneth Ford Drive<br \/>\nRoseburg, OR 97470<\/p>\n\n\t<div class=\"clearboth\"><\/div>\n<\/div>\n\n\t<\/div>\n\t<div class=\"vc_custom_1768591690799\">\n\n<div id=\"text-block-18\" class=\"mk-text-block  jupiter-donut-\">\n\n\t\n\t<h3 style=\"text-align: left;\"><strong>Tawnie Goetz-Kennedy, MA<\/strong><\/h3>\n\n\t<div class=\"clearboth\"><\/div>\n<\/div>\n\n\t<\/div>\n\t<div class=\"vc_custom_1768591669743\">\n\n<div id=\"text-block-19\" class=\"mk-text-block  jupiter-donut-\">\n\n\t\n\t<p>Director<br \/>\n(541) 672-9596 x 348<br \/>\n<a href=\"mailto:tgoetzkennedy@aviva.health\">tgoetzkennedy@aviva.health<\/a><\/p>\n\n\t<div class=\"clearboth\"><\/div>\n<\/div>\n\n\t<\/div>\n\t<div class=\"vc_custom_1704830799969\">\n\n<div id=\"text-block-20\" class=\"mk-text-block  jupiter-donut-\">\n\n\t\n\t<h3 style=\"text-align: left;\"><strong>Lacey Ferguson<\/strong><\/h3>\n\n\t<div class=\"clearboth\"><\/div>\n<\/div>\n\n\t<\/div>\n\t<div class=\"vc_custom_1704830791135\">\n\n<div id=\"text-block-21\" class=\"mk-text-block  jupiter-donut-\">\n\n\t\n\t<p>Coordinador del Programa de Becas ReConnect Gap-Year<br \/>\n(541) 912-5805<br \/>\n<a href=\"mailto:reconnect@aviva.health\">reconnect@aviva.health<\/a><\/p>\n\n\t<div class=\"clearboth\"><\/div>\n<\/div>\n\n\t<\/div>\n<\/div><\/div><\/div>\t<\/div>\n<\/div>\n\n<div class=\"vc_col-sm-12 wpb_column column_container  jupiter-donut- _ jupiter-donut-height-full\">\n\t<\/div>\n\n<div class=\"vc_col-sm-12 wpb_column column_container  jupiter-donut- _ jupiter-donut-height-full\">\n\t<\/div>\n\t<\/div>\n<\/section>\n<\/div>","protected":false},"excerpt":{"rendered":"OUR TEAM Tawnie Goetz-Kennedy, MA AHECSW DIRECTOR tgoetzkennedy@aviva.health Tawnie Goetz-Kennedy, MA, is the director of the Area Health Education Center Southwest Oregon (AHECSW), housed at Aviva Health in Roseburg, Oregon. [...]","protected":false},"author":5,"featured_media":0,"parent":10504,"menu_order":0,"comment_status":"open","ping_status":"closed","template":"","meta":{"nf_dc_page":"","om_disable_all_campaigns":false,"_monsterinsights_skip_tracking":false,"_monsterinsights_sitenote_active":false,"_monsterinsights_sitenote_note":"","_monsterinsights_sitenote_category":0,"footnotes":""},"class_list":["post-10228","page","type-page","status-publish","hentry"],"aioseo_notices":[],"_links":{"self":[{"href":"https:\/\/aviva.health\/es\/wp-json\/wp\/v2\/pages\/10228","targetHints":{"allow":["GET"]}}],"collection":[{"href":"https:\/\/aviva.health\/es\/wp-json\/wp\/v2\/pages"}],"about":[{"href":"https:\/\/aviva.health\/es\/wp-json\/wp\/v2\/types\/page"}],"author":[{"embeddable":true,"href":"https:\/\/aviva.health\/es\/wp-json\/wp\/v2\/users\/5"}],"replies":[{"embeddable":true,"href":"https:\/\/aviva.health\/es\/wp-json\/wp\/v2\/comments?post=10228"}],"version-history":[{"count":5,"href":"https:\/\/aviva.health\/es\/wp-json\/wp\/v2\/pages\/10228\/revisions"}],"predecessor-version":[{"id":12017,"href":"https:\/\/aviva.health\/es\/wp-json\/wp\/v2\/pages\/10228\/revisions\/12017"}],"up":[{"embeddable":true,"href":"https:\/\/aviva.health\/es\/wp-json\/wp\/v2\/pages\/10504"}],"wp:attachment":[{"href":"https:\/\/aviva.health\/es\/wp-json\/wp\/v2\/media?parent=10228"}],"curies":[{"name":"gracias","href":"https:\/\/api.w.org\/{rel}","templated":true}]}}