{"id":10218,"date":"2024-01-09T20:06:44","date_gmt":"2024-01-09T20:06:44","guid":{"rendered":"https:\/\/aviva.anvilnorthwest.dev\/?page_id=10218"},"modified":"2026-01-19T23:23:26","modified_gmt":"2026-01-19T23:23:26","slug":"mission-and-vision","status":"publish","type":"page","link":"https:\/\/aviva.health\/es\/ahecsw\/mission-and-vision\/","title":{"rendered":"Misi\u00f3n y Visi\u00f3n"},"content":{"rendered":"<div class=\"wpb-content-wrapper\">\n<div class=\"mk-page-section-wrapper\" data-mk-full-width=\"true\" data-mk-full-width-init=\"true\" data-mk-stretch-content=\"true\">\n\t<div id=\"page-section-1\" class=\"mk-page-section self-hosted   full_layout full-width-1 js-el js-master-row jupiter-donut-    center-y\"    data-intro-effect=\"false\">\n\n\t\t\t\n\t\t\t<div class=\"mk-page-section-inner\">\n\t\t\t\t\n\n\n<div style=\"background-color:#4da3da;opacity:0.9;\" class=\"mk-video-color-mask\"><\/div>\n\n\t\t\t\t\n\t\t\t\t\n\t\n\t<div class=\"background-layer-holder\">\n\t\t<div id=\"background-layer--1\" data-mk-lazyload=\"false\" class=\"background-layer mk-background-stretch none-blend-effect js-el\"    data-mk-img-set='{\"landscape\":{\"external\":\"https:\/\/aviva.anvilnorthwest.dev\/wp-content\/uploads\/2024\/01\/img_8123-scaled.jpg\"},\"responsive\":\"true\"}' >\n\t\t\t\t\t\t\t\t\t<div class=\"mk-color-layer\"><\/div>\n\t\t<\/div>\n\t<\/div>\n\n\t\t\t<\/div>\n\n\t\t\t\n        <div class=\"page-section-content vc_row-fluid mk-grid\" >\n            <div class=\"mk-padding-wrapper wpb_row\">\n<div class=\"vc_col-sm-12 wpb_column column_container  jupiter-donut- _ jupiter-donut-height-full\">\n\t\n<h2 id=\"fancy-title-3\" class=\"mk-fancy-title  simple-style jupiter-donut-  color-single\">\n\t<span>\n\t\t\t\t<p style=\"text-align: center;\">MISI\u00d3N Y VISI\u00d3N<\/p>\n\t\t\t<\/span>\n<\/h2>\n<div class=\"clearboth\"><\/div>\n\n\n\n<\/div>\n<\/div>\n            <div class=\"clearboth\"><\/div>\n        <\/div>\n\n\n\t\t\t\n\t\t\t\n\t\t\t\n\t\t<div class=\"clearboth\"><\/div>\n\t<\/div>\n<\/div>\n<div class=\"vc_row-full-width vc_clearfix\"><\/div>\n\n\n<div class=\"mk-page-section-wrapper\" data-mk-full-width=\"true\" data-mk-full-width-init=\"true\" data-mk-stretch-content=\"true\">\n\t<div id=\"page-section-4\" class=\"mk-page-section self-hosted   full_layout full-width-4 js-el js-master-row jupiter-donut-\"    data-intro-effect=\"false\">\n\n\t\t\t\n\t\t\t<div class=\"mk-page-section-inner\">\n\t\t\t\t\n\n\n<div class=\"mk-video-color-mask\"><\/div>\n\n\t\t\t\t\n\t\t\t\t\t\t\t<\/div>\n\n\t\t\t\n        <div class=\"page-section-content vc_row-fluid mk-grid\" >\n            <div class=\"mk-padding-wrapper wpb_row\">\n<div class=\"vc_col-sm-8 wpb_column column_container vc_custom_1704831506932 jupiter-donut- _ jupiter-donut-height-full\">\n\t\t<div class=\"vc_custom_1704831206867\">\n\n<div id=\"text-block-6\" class=\"mk-text-block  jupiter-donut-\">\n\n\t\n\t<h3><span style=\"font-size: 24pt;\"><strong>Nuestra misi\u00f3n<\/strong><\/span><\/h3>\n\n\t<div class=\"clearboth\"><\/div>\n<\/div>\n\n\t<\/div>\n\t<div class=\"vc_custom_1704831176816\">\n\n<div id=\"text-block-7\" class=\"mk-text-block  jupiter-donut-\">\n\n\t\n\t<p><span style=\"font-size: 14pt;\">En el Centro de Educaci\u00f3n para la Salud del \u00c1rea del Suroeste de Oreg\u00f3n (AHECSW), nuestra misi\u00f3n se basa en un profundo compromiso con la salud y el bienestar de las comunidades a las que servimos. Fundado en 1994, nos hemos dedicado a mejorar el acceso a la atenci\u00f3n m\u00e9dica en los condados desfavorecidos de Lane, Douglas, Coos, Josephine, Jackson y Curry. Reconociendo los desaf\u00edos \u00fanicos de nuestra regi\u00f3n, identificada como \u00c1rea con Escasez de Profesionales de la Salud (HPSA), trabajamos incansablemente para reducir la brecha en los servicios de salud. Nuestro enfoque va m\u00e1s all\u00e1 de las necesidades inmediatas, abordando la creciente preocupaci\u00f3n del envejecimiento del personal sanitario. Creemos en el poder de la colaboraci\u00f3n y la participaci\u00f3n comunitaria para promover un futuro m\u00e1s saludable para el Suroeste de Oreg\u00f3n.<\/span><\/p>\n\n\t<div class=\"clearboth\"><\/div>\n<\/div>\n\n\t<\/div>\n\t<div class=\"vc_custom_1704831188218\">\n\n<div id=\"text-block-8\" class=\"mk-text-block  jupiter-donut-\">\n\n\t\n\t<h3><span style=\"font-size: 24pt;\"><strong>Nuestra visi\u00f3n<\/strong><\/span><\/h3>\n\n\t<div class=\"clearboth\"><\/div>\n<\/div>\n\n\t<\/div>\n\t<div class=\"vc_custom_1704831240735\">\n\n<div id=\"text-block-9\" class=\"mk-text-block  jupiter-donut-\">\n\n\t\n\t<p><span style=\"font-size: 14pt;\">Nuestra visi\u00f3n en AHECSW es un futuro donde cada persona en el suroeste de Oreg\u00f3n tenga acceso a atenci\u00f3n m\u00e9dica de calidad. Visualizamos comunidades donde la escasez de atenci\u00f3n m\u00e9dica sea cosa del pasado y donde la atenci\u00f3n m\u00e9dica sostenible sea una realidad para todos, independientemente de su ubicaci\u00f3n. Al impulsar a la pr\u00f3xima generaci\u00f3n de profesionales de la salud mediante iniciativas educativas innovadoras como el Modelo de Comunidad Sostenible (MCS) y colaboraciones con instituciones prestigiosas como la Universidad de Salud y Ciencias de Oreg\u00f3n (OHSU), nos esforzamos por garantizar que el coraz\u00f3n de las zonas rurales de Oreg\u00f3n reciba una atenci\u00f3n integral por parte de profesionales de la salud capacitados y compasivos. Vemos un futuro donde el ciclo de empoderamiento en la atenci\u00f3n m\u00e9dica contin\u00faa, donde cada generaci\u00f3n de profesionales inspira y capacita a la siguiente.<\/span><\/p>\n\n\t<div class=\"clearboth\"><\/div>\n<\/div>\n\n\t<\/div>\n<\/div>\n\n<div class=\"vc_col-sm-4 wpb_column column_container vc_custom_1704908678158 jupiter-donut- _ jupiter-donut-height-full\">\n\t<div class=\"vc_separator wpb_content_element vc_separator_align_center vc_sep_width_100 vc_sep_pos_align_center vc_separator_no_text vc_sep_color_grey wpb_content_element  wpb_content_element\" ><span class=\"vc_sep_holder vc_sep_holder_l\"><span class=\"vc_sep_line\"><\/span><\/span><span class=\"vc_sep_holder vc_sep_holder_r\"><span class=\"vc_sep_line\"><\/span><\/span>\n<\/div>\t<div class=\"vc_custom_1712691802340\">\n\n<div id=\"text-block-11\" class=\"mk-text-block  jupiter-donut-\">\n\n\t\n\t<h3><span style=\"font-size: 18pt;\"><strong>Sobre nosotros<\/strong><\/span><\/h3>\n\n\t<div class=\"clearboth\"><\/div>\n<\/div>\n\n\t<\/div>\n\t<div class=\"vc_custom_1768864968266\">\n\n<div id=\"text-block-12\" class=\"mk-text-block  jupiter-donut-\">\n\n\t\n\t<p><span style=\"font-size: 14pt;\"><a href=\"\/es\/our-story\/\">NUESTRA HISTORIA<\/a><\/span><br \/>\n<span style=\"font-size: 14pt;\"><a href=\"\/es\/mission-and-vision\/\">MISI\u00d3N Y VISI\u00d3N<\/a><\/span><br \/>\n<span style=\"font-size: 14pt;\"><a href=\"\/es\/our-team\/\">NUESTRO EQUIPO<\/a><\/span><\/p>\n\n\t<div class=\"clearboth\"><\/div>\n<\/div>\n\n\t<\/div>\n<div class=\"vc_separator wpb_content_element vc_separator_align_center vc_sep_width_100 vc_sep_pos_align_center vc_separator_no_text vc_sep_color_grey wpb_content_element  wpb_content_element\" ><span class=\"vc_sep_holder vc_sep_holder_l\"><span class=\"vc_sep_line\"><\/span><\/span><span class=\"vc_sep_holder vc_sep_holder_r\"><span class=\"vc_sep_line\"><\/span><\/span>\n<\/div><\/div>\n\n<div class=\"vc_col-sm-4 wpb_column column_container vc_custom_1704831455922 jupiter-donut- _ jupiter-donut-height-full\">\n\t\n\t<div  class=\"wpb_single_image wpb_content_element vc_align_left wpb_content_element vc_custom_1704831439641\">\n\t\t\n\t\t<figure class=\"wpb_wrapper vc_figure\">\n\t\t\t<div class=\"vc_single_image-wrapper   vc_box_border_grey\"><img loading=\"lazy\" decoding=\"async\" width=\"400\" height=\"300\" src=\"https:\/\/aviva.health\/wp-content\/uploads\/2024\/01\/reconnect.jpg\" class=\"vc_single_image-img attachment-full\" alt=\"\" title=\"reconectar\" itemprop=\"image\" \/><\/div>\n\t\t<\/figure>\n\t<\/div>\n\t<div class=\"vc_custom_1704830531953\">\n\n<div id=\"text-block-14\" class=\"mk-text-block  jupiter-donut-\">\n\n\t\n\t<h3 style=\"text-align: left;\"><span style=\"font-size: 18pt;\"><strong>Cont\u00e1ctenos<\/strong><\/span><\/h3>\n\n\t<div class=\"clearboth\"><\/div>\n<\/div>\n\n\t<\/div>\n\t<div class=\"vc_custom_1704830561616\">\n\n<div id=\"text-block-15\" class=\"mk-text-block  jupiter-donut-\">\n\n\t\n\t<p>Centro de Educaci\u00f3n para la Salud del \u00c1rea del Suroeste de Oreg\u00f3n<br \/>\n<em>Una divisi\u00f3n de Aviva Health<\/em><br \/>\n150 NE Kenneth Ford Drive<br \/>\nRoseburg, OR 97470<\/p>\n\n\t<div class=\"clearboth\"><\/div>\n<\/div>\n\n\t<\/div>\n\t<div class=\"vc_custom_1768862386890\">\n\n<div id=\"text-block-16\" class=\"mk-text-block  jupiter-donut-\">\n\n\t\n\t<h3 style=\"text-align: left;\"><strong>Tawnie Goetz-Kennedy, MA<\/strong><\/h3>\n\n\t<div class=\"clearboth\"><\/div>\n<\/div>\n\n\t<\/div>\n\t<div class=\"vc_custom_1768862439559\">\n\n<div id=\"text-block-17\" class=\"mk-text-block  jupiter-donut-\">\n\n\t\n\t<p>Director<br \/>\n(541) 672-9596 x 348<br \/>\n<a href=\"mailto:tgoetzkennedy@aviva.health\">tgoetzkennedy@aviva.health<\/a><\/p>\n\n\t<div class=\"clearboth\"><\/div>\n<\/div>\n\n\t<\/div>\n\t<div class=\"vc_custom_1704830799969\">\n\n<div id=\"text-block-18\" class=\"mk-text-block  jupiter-donut-\">\n\n\t\n\t<h3 style=\"text-align: left;\"><strong>Lacey Ferguson<\/strong><\/h3>\n\n\t<div class=\"clearboth\"><\/div>\n<\/div>\n\n\t<\/div>\n\t<div class=\"vc_custom_1704830791135\">\n\n<div id=\"text-block-19\" class=\"mk-text-block  jupiter-donut-\">\n\n\t\n\t<p>Coordinador del Programa de Becas ReConnect Gap-Year<br \/>\n(541) 912-5805<br \/>\n<a href=\"mailto:reconnect@aviva.health\">reconnect@aviva.health<\/a><\/p>\n\n\t<div class=\"clearboth\"><\/div>\n<\/div>\n\n\t<\/div>\n<\/div>\n<\/div>\n            <div class=\"clearboth\"><\/div>\n        <\/div>\n\n\n\t\t\t\n\t\t\t\n\t\t\t\n\t\t<div class=\"clearboth\"><\/div>\n\t<\/div>\n<\/div>\n<div class=\"vc_row-full-width vc_clearfix\"><\/div>\n\n\n<\/div>","protected":false},"excerpt":{"rendered":"MISSION &amp; VISION Our Mission At the Area Health Education Center of Southwest Oregon (AHECSW), our mission is anchored in a deep commitment to the health and well-being of the [...]","protected":false},"author":5,"featured_media":0,"parent":10504,"menu_order":0,"comment_status":"open","ping_status":"closed","template":"","meta":{"nf_dc_page":"","om_disable_all_campaigns":false,"_monsterinsights_skip_tracking":false,"_monsterinsights_sitenote_active":false,"_monsterinsights_sitenote_note":"","_monsterinsights_sitenote_category":0,"footnotes":""},"class_list":["post-10218","page","type-page","status-publish","hentry"],"aioseo_notices":[],"_links":{"self":[{"href":"https:\/\/aviva.health\/es\/wp-json\/wp\/v2\/pages\/10218","targetHints":{"allow":["GET"]}}],"collection":[{"href":"https:\/\/aviva.health\/es\/wp-json\/wp\/v2\/pages"}],"about":[{"href":"https:\/\/aviva.health\/es\/wp-json\/wp\/v2\/types\/page"}],"author":[{"embeddable":true,"href":"https:\/\/aviva.health\/es\/wp-json\/wp\/v2\/users\/5"}],"replies":[{"embeddable":true,"href":"https:\/\/aviva.health\/es\/wp-json\/wp\/v2\/comments?post=10218"}],"version-history":[{"count":5,"href":"https:\/\/aviva.health\/es\/wp-json\/wp\/v2\/pages\/10218\/revisions"}],"predecessor-version":[{"id":12016,"href":"https:\/\/aviva.health\/es\/wp-json\/wp\/v2\/pages\/10218\/revisions\/12016"}],"up":[{"embeddable":true,"href":"https:\/\/aviva.health\/es\/wp-json\/wp\/v2\/pages\/10504"}],"wp:attachment":[{"href":"https:\/\/aviva.health\/es\/wp-json\/wp\/v2\/media?parent=10218"}],"curies":[{"name":"gracias","href":"https:\/\/api.w.org\/{rel}","templated":true}]}}