{"id":10198,"date":"2024-01-09T15:03:52","date_gmt":"2024-01-09T15:03:52","guid":{"rendered":"https:\/\/aviva.anvilnorthwest.dev\/?page_id=10198"},"modified":"2026-01-19T23:21:45","modified_gmt":"2026-01-19T23:21:45","slug":"our-story","status":"publish","type":"page","link":"https:\/\/aviva.health\/es\/ahecsw\/our-story\/","title":{"rendered":"Nuestra historia"},"content":{"rendered":"<div class=\"wpb-content-wrapper\">\n<div class=\"mk-page-section-wrapper\" data-mk-full-width=\"true\" data-mk-full-width-init=\"true\" data-mk-stretch-content=\"true\">\n\t<div id=\"page-section-1\" class=\"mk-page-section self-hosted   full_layout full-width-1 js-el js-master-row jupiter-donut-    center-y\"    data-intro-effect=\"false\">\n\n\t\t\t\n\t\t\t<div class=\"mk-page-section-inner\">\n\t\t\t\t\n\n\n<div style=\"background-color:#4da3da;opacity:0.9;\" class=\"mk-video-color-mask\"><\/div>\n\n\t\t\t\t\n\t\t\t\t\n\t\n\t<div class=\"background-layer-holder\">\n\t\t<div id=\"background-layer--1\" data-mk-lazyload=\"false\" class=\"background-layer mk-background-stretch none-blend-effect js-el\"    data-mk-img-set='{\"landscape\":{\"desktop\":\"https:\/\/aviva.health\/wp-content\/uploads\/2023\/10\/aviva-main-building-web-scaled.jpg\",\"tablet\":\"https:\/\/aviva.health\/wp-content\/uploads\/2023\/10\/aviva-main-building-web-scaled-1024x768.jpg\",\"mobile\":\"https:\/\/aviva.health\/wp-content\/uploads\/2023\/10\/aviva-main-building-web-scaled-736x414.jpg\"},\"responsive\":\"true\"}' >\n\t\t\t\t\t\t\t\t\t<div class=\"mk-color-layer\"><\/div>\n\t\t<\/div>\n\t<\/div>\n\n\t\t\t<\/div>\n\n\t\t\t\n        <div class=\"page-section-content vc_row-fluid mk-grid\" >\n            <div class=\"mk-padding-wrapper wpb_row\">\n<div class=\"vc_col-sm-12 wpb_column column_container  jupiter-donut- _ jupiter-donut-height-full\">\n\t\n<h2 id=\"fancy-title-3\" class=\"mk-fancy-title  simple-style jupiter-donut-  color-single\">\n\t<span>\n\t\t\t\t<p style=\"text-align: center;\">NUESTRA HISTORIA<\/p>\n\t\t\t<\/span>\n<\/h2>\n<div class=\"clearboth\"><\/div>\n\n\n\n<\/div>\n<\/div>\n            <div class=\"clearboth\"><\/div>\n        <\/div>\n\n\n\t\t\t\n\t\t\t\n\t\t\t\n\t\t<div class=\"clearboth\"><\/div>\n\t<\/div>\n<\/div>\n<div class=\"vc_row-full-width vc_clearfix\"><\/div>\n\n<section class=\"vc_section\">\n<div  data-mk-stretch-content=\"true\" class=\"wpb_row vc_row vc_row-fluid jupiter-donut- mk-fullwidth-false  attched-false     js-master-row  mk-grid\">\n\t\t\t\t\n<div class=\"vc_col-sm-8 wpb_column column_container  jupiter-donut- _ jupiter-donut-height-full\">\n\t\n\n<div class=\"wpb_row vc_inner vc_row vc_row-fluid jupiter-donut-   attched-false\">\n\t\t\t<div class=\"wpb_column vc_column_container vc_col-sm-6\"><div class=\"vc_column-inner\"><div class=\"wpb_wrapper\">\t<div class=\"vc_custom_1704830056017\">\n\n<div id=\"text-block-5\" class=\"mk-text-block  jupiter-donut-\">\n\n\t\n\t<p><span style=\"font-size: 24pt;\">El Centro de Educaci\u00f3n en Salud del \u00c1rea del Suroeste de Oreg\u00f3n (AHECSW) se estableci\u00f3 como el cuarto AHEC en el estado de Oreg\u00f3n en 1994. <strong>Sirve a las poblaciones de los condados de Lane, Douglas, Coos, Josephine, Jackson y Curry en el suroeste de Oreg\u00f3n.<\/strong><\/span><\/p>\n\n\t<div class=\"clearboth\"><\/div>\n<\/div>\n\n\t<\/div>\n<\/div><\/div><\/div><div class=\"wpb_column vc_column_container vc_col-sm-6\"><div class=\"vc_column-inner\"><div class=\"wpb_wrapper\">\n<div id=\"padding-6\" class=\"mk-padding-divider jupiter-donut-  jupiter-donut-clearfix\"><\/div>\n\n\n\t<div  class=\"wpb_single_image wpb_content_element vc_align_center wpb_content_element\">\n\t\t\n\t\t<figure class=\"wpb_wrapper vc_figure\">\n\t\t\t<div class=\"vc_single_image-wrapper   vc_box_border_grey\"><img loading=\"lazy\" decoding=\"async\" width=\"500\" height=\"376\" src=\"https:\/\/aviva.health\/wp-content\/uploads\/2024\/01\/southern-oregon-counties.png\" class=\"vc_single_image-img attachment-medium\" alt=\"\" title=\"condados del sur de Oreg\u00f3n\" itemprop=\"image\" \/><\/div>\n\t\t<\/figure>\n\t<\/div>\n<\/div><\/div><\/div>\t<\/div>\n\n\n<div class=\"wpb_row vc_inner vc_row vc_row-fluid jupiter-donut-   attched-false   vc_custom_1717095262279\">\n\t\t\t<div class=\"wpb_column vc_column_container vc_col-sm-6\"><div class=\"vc_column-inner\"><div class=\"wpb_wrapper\">\n\t<div  class=\"wpb_single_image wpb_content_element vc_align_left wpb_content_element\">\n\t\t\n\t\t<figure class=\"wpb_wrapper vc_figure\">\n\t\t\t<div class=\"vc_single_image-wrapper   vc_box_border_grey\"><img loading=\"lazy\" decoding=\"async\" width=\"1000\" height=\"1333\" src=\"https:\/\/aviva.health\/wp-content\/uploads\/2024\/01\/img_9963.jpg\" class=\"vc_single_image-img attachment-full\" alt=\"\" title=\"img_9963\" srcset=\"https:\/\/aviva.health\/wp-content\/uploads\/2024\/01\/img_9963.jpg 1000w, https:\/\/aviva.health\/wp-content\/uploads\/2024\/01\/img_9963-768x1024.jpg 768w\" sizes=\"auto, (max-width: 1000px) 100vw, 1000px\" itemprop=\"image\" \/><\/div>\n\t\t<\/figure>\n\t<\/div>\n<\/div><\/div><\/div><div class=\"wpb_column vc_column_container vc_col-sm-6\"><div class=\"vc_column-inner\"><div class=\"wpb_wrapper\">\t<div class=\"vc_custom_1717095689980\">\n\n<div id=\"text-block-7\" class=\"mk-text-block  jupiter-donut-\">\n\n\t\n\t<h3><span style=\"font-size: 24pt;\"><strong>Fortaleciendo comunidades m\u00e1s saludables: nuestra lucha contra la escasez de atenci\u00f3n m\u00e9dica<\/strong><\/span><\/h3>\n\n\t<div class=\"clearboth\"><\/div>\n<\/div>\n\n\t<\/div>\n\t<div class=\"vc_custom_1717095707269\">\n\n<div id=\"text-block-8\" class=\"mk-text-block  jupiter-donut-\">\n\n\t\n\t<p><span style=\"font-size: 14pt;\">AHECSW es una organizaci\u00f3n que colabora con organizaciones clave en comunidades marginadas o desatendidas para mejorar la salud de las personas en el suroeste de Oreg\u00f3n. Los miembros de las comunidades rurales de Oreg\u00f3n necesitan una atenci\u00f3n m\u00e9dica sostenible. El estado de Oreg\u00f3n identifica el suroeste de Oreg\u00f3n como una Zona con Escasez de Profesionales de la Salud (HPSA). En resumen, no hay suficientes profesionales de la salud para satisfacer adecuadamente todas las necesidades de la comunidad. Adem\u00e1s, la mayor\u00eda de los profesionales de la salud que actualmente ejercen la medicina en el suroeste de Oreg\u00f3n est\u00e1n cerca de la edad de jubilaci\u00f3n. Es fundamental que estas comunidades rurales comiencen a fortalecer su oferta de futuros profesionales de la salud.<\/span><\/p>\n\n\t<div class=\"clearboth\"><\/div>\n<\/div>\n\n\t<\/div>\n<\/div><\/div><\/div>\t<\/div>\n\n\n<div class=\"wpb_row vc_inner vc_row vc_row-fluid jupiter-donut-   attched-false\">\n\t\t\t<div class=\"wpb_column vc_column_container vc_col-sm-6\"><div class=\"vc_column-inner\"><div class=\"wpb_wrapper\">\t<div class=\"vc_custom_1717095735615\">\n\n<div id=\"text-block-9\" class=\"mk-text-block  jupiter-donut-\">\n\n\t\n\t<h3><span style=\"font-size: 24pt;\"><strong>Forjando a los h\u00e9roes de la salud del ma\u00f1ana: educaci\u00f3n y alianzas<\/strong><\/span><\/h3>\n\n\t<div class=\"clearboth\"><\/div>\n<\/div>\n\n\t<\/div>\n\t<div class=\"vc_custom_1717104878357\">\n\n<div id=\"text-block-10\" class=\"mk-text-block  jupiter-donut-\">\n\n\t\n\t<p><span style=\"font-size: 14pt;\">Una de las maneras m\u00e1s efectivas en que AHECSW ayuda a estas comunidades a satisfacer sus necesidades de atenci\u00f3n m\u00e9dica y a desarrollar su oferta de futuros profesionales de la salud es a trav\u00e9s de iniciativas de educaci\u00f3n sanitaria. AHECSW ha desarrollado un sistema de educaci\u00f3n comunitaria denominado Modelo de Comunidad Sostenible (MCS) para educar y capacitar a los estudiantes y animarlos a convertirse en profesionales de la salud, especialmente en comunidades rurales, mediante programas de voluntariado estrat\u00e9gicos e inmersivos. Adem\u00e1s de esta exitosa iniciativa, AHECSW colabora con la Universidad de Salud y Ciencias de Oreg\u00f3n (OHSU) para ubicar a estudiantes de medicina en zonas rurales, quienes posteriormente reciben mentor\u00eda de m\u00e9dicos locales. Durante estas rotaciones, los estudiantes se sumergen por completo en la vida m\u00e9dica rural.<\/span><\/p>\n\n\t<div class=\"clearboth\"><\/div>\n<\/div>\n\n\t<\/div>\n<\/div><\/div><\/div><div class=\"wpb_column vc_column_container vc_col-sm-6\"><div class=\"vc_column-inner\"><div class=\"wpb_wrapper\">\n\t<div  class=\"wpb_single_image wpb_content_element vc_align_left wpb_content_element\">\n\t\t\n\t\t<figure class=\"wpb_wrapper vc_figure\">\n\t\t\t<div class=\"vc_single_image-wrapper   vc_box_border_grey\"><img loading=\"lazy\" decoding=\"async\" width=\"2560\" height=\"1920\" src=\"https:\/\/aviva.health\/wp-content\/uploads\/2024\/01\/img_1316-scaled-1.jpeg\" class=\"vc_single_image-img attachment-full\" alt=\"\" title=\"img_1316\" srcset=\"https:\/\/aviva.health\/wp-content\/uploads\/2024\/01\/img_1316-scaled-1.jpeg 2560w, https:\/\/aviva.health\/wp-content\/uploads\/2024\/01\/img_1316-scaled-1-768x576.jpeg 768w, https:\/\/aviva.health\/wp-content\/uploads\/2024\/01\/img_1316-scaled-1-1536x1152.jpeg 1536w, https:\/\/aviva.health\/wp-content\/uploads\/2024\/01\/img_1316-scaled-1-2048x1536.jpeg 2048w\" sizes=\"auto, (max-width: 2560px) 100vw, 2560px\" itemprop=\"image\" \/><\/div>\n\t\t<\/figure>\n\t<\/div>\n<\/div><\/div><\/div>\t<\/div>\n<\/div>\n\n<div class=\"vc_col-sm-4 wpb_column column_container  jupiter-donut- _ jupiter-donut-height-full\">\n\t\n\n<div class=\"wpb_row vc_inner vc_row vc_row-fluid jupiter-donut-   attched-false\">\n\t\t\t<div class=\"wpb_column vc_column_container vc_col-sm-12\"><div class=\"vc_column-inner\"><div class=\"wpb_wrapper\"><div class=\"vc_separator wpb_content_element vc_separator_align_center vc_sep_width_100 vc_sep_pos_align_center vc_separator_no_text vc_sep_color_grey wpb_content_element  wpb_content_element\" ><span class=\"vc_sep_holder vc_sep_holder_l\"><span class=\"vc_sep_line\"><\/span><\/span><span class=\"vc_sep_holder vc_sep_holder_r\"><span class=\"vc_sep_line\"><\/span><\/span>\n<\/div>\t<div class=\"vc_custom_1712691802340\">\n\n<div id=\"text-block-12\" class=\"mk-text-block  jupiter-donut-\">\n\n\t\n\t<h3><span style=\"font-size: 18pt;\"><strong>Sobre nosotros<\/strong><\/span><\/h3>\n\n\t<div class=\"clearboth\"><\/div>\n<\/div>\n\n\t<\/div>\n\t<div class=\"vc_custom_1768864899665\">\n\n<div id=\"text-block-13\" class=\"mk-text-block  jupiter-donut-\">\n\n\t\n\t<p><span style=\"font-size: 14pt;\"><a href=\"\/es\/our-story\/\">NUESTRA HISTORIA<\/a><\/span><br \/>\n<span style=\"font-size: 14pt;\"><a href=\"\/es\/mission-and-vision\/\">MISI\u00d3N Y VISI\u00d3N<\/a><\/span><br \/>\n<span style=\"font-size: 14pt;\"><a href=\"\/es\/our-team\/\">NUESTRO EQUIPO<\/a><\/span><\/p>\n\n\t<div class=\"clearboth\"><\/div>\n<\/div>\n\n\t<\/div>\n<div class=\"vc_separator wpb_content_element vc_separator_align_center vc_sep_width_100 vc_sep_pos_align_center vc_separator_no_text vc_sep_color_grey wpb_content_element  wpb_content_element\" ><span class=\"vc_sep_holder vc_sep_holder_l\"><span class=\"vc_sep_line\"><\/span><\/span><span class=\"vc_sep_holder vc_sep_holder_r\"><span class=\"vc_sep_line\"><\/span><\/span>\n<\/div><\/div><\/div><\/div>\t<\/div>\n\n\n<div class=\"wpb_row vc_inner vc_row vc_row-fluid jupiter-donut-   attched-false\">\n\t\t\t<div class=\"wpb_column vc_column_container vc_col-sm-12\"><div class=\"vc_column-inner\"><div class=\"wpb_wrapper\">\n\t<div  class=\"wpb_single_image wpb_content_element vc_align_left wpb_content_element vc_custom_1704831439641\">\n\t\t\n\t\t<figure class=\"wpb_wrapper vc_figure\">\n\t\t\t<div class=\"vc_single_image-wrapper   vc_box_border_grey\"><img loading=\"lazy\" decoding=\"async\" width=\"400\" height=\"300\" src=\"https:\/\/aviva.health\/wp-content\/uploads\/2024\/01\/reconnect.jpg\" class=\"vc_single_image-img attachment-full\" alt=\"\" title=\"reconectar\" itemprop=\"image\" \/><\/div>\n\t\t<\/figure>\n\t<\/div>\n\t<div class=\"vc_custom_1704830531953\">\n\n<div id=\"text-block-14\" class=\"mk-text-block  jupiter-donut-\">\n\n\t\n\t<h3 style=\"text-align: left;\"><span style=\"font-size: 18pt;\"><strong>Cont\u00e1ctenos<\/strong><\/span><\/h3>\n\n\t<div class=\"clearboth\"><\/div>\n<\/div>\n\n\t<\/div>\n\t<div class=\"vc_custom_1704830561616\">\n\n<div id=\"text-block-15\" class=\"mk-text-block  jupiter-donut-\">\n\n\t\n\t<p>Centro de Educaci\u00f3n para la Salud del \u00c1rea del Suroeste de Oreg\u00f3n<br \/>\n<em>Una divisi\u00f3n de Aviva Health<\/em><br \/>\n150 NE Kenneth Ford Drive<br \/>\nRoseburg, OR 97470<\/p>\n\n\t<div class=\"clearboth\"><\/div>\n<\/div>\n\n\t<\/div>\n\t<div class=\"vc_custom_1765909617230\">\n\n<div id=\"text-block-16\" class=\"mk-text-block  jupiter-donut-\">\n\n\t\n\t<h3 style=\"text-align: left;\"><strong>Tawnie Goetz-Kennedy<\/strong><\/h3>\n\n\t<div class=\"clearboth\"><\/div>\n<\/div>\n\n\t<\/div>\n\t<div class=\"vc_custom_1765909776319\">\n\n<div id=\"text-block-17\" class=\"mk-text-block  jupiter-donut-\">\n\n\t\n\t<p>Director<br \/>\n(541) 672-9596 x 348<br \/>\n<a href=\"mailto:tgoetzkennedy@aviva.health\">tgoetzkennedy@aviva.health<\/a><\/p>\n\n\t<div class=\"clearboth\"><\/div>\n<\/div>\n\n\t<\/div>\n\t<div class=\"vc_custom_1704830799969\">\n\n<div id=\"text-block-18\" class=\"mk-text-block  jupiter-donut-\">\n\n\t\n\t<h3 style=\"text-align: left;\"><strong>Lacey Ferguson<\/strong><\/h3>\n\n\t<div class=\"clearboth\"><\/div>\n<\/div>\n\n\t<\/div>\n\t<div class=\"vc_custom_1704830791135\">\n\n<div id=\"text-block-19\" class=\"mk-text-block  jupiter-donut-\">\n\n\t\n\t<p>Coordinador del Programa de Becas ReConnect Gap-Year<br \/>\n(541) 912-5805<br \/>\n<a href=\"mailto:reconnect@aviva.health\">reconnect@aviva.health<\/a><\/p>\n\n\t<div class=\"clearboth\"><\/div>\n<\/div>\n\n\t<\/div>\n<\/div><\/div><\/div>\t<\/div>\n<\/div>\n\t<\/div>\n<\/section>\n<\/div>","protected":false},"excerpt":{"rendered":"OUR STORY Area Health Education Center of Southwest Oregon (AHECSW) was established as the fourth AHEC in the State of Oregon in 1994. It serves the populations of Lane, Douglas, [...]","protected":false},"author":5,"featured_media":0,"parent":10504,"menu_order":0,"comment_status":"open","ping_status":"closed","template":"","meta":{"nf_dc_page":"","om_disable_all_campaigns":false,"_monsterinsights_skip_tracking":false,"_monsterinsights_sitenote_active":false,"_monsterinsights_sitenote_note":"","_monsterinsights_sitenote_category":0,"footnotes":""},"class_list":["post-10198","page","type-page","status-publish","hentry"],"aioseo_notices":[],"_links":{"self":[{"href":"https:\/\/aviva.health\/es\/wp-json\/wp\/v2\/pages\/10198","targetHints":{"allow":["GET"]}}],"collection":[{"href":"https:\/\/aviva.health\/es\/wp-json\/wp\/v2\/pages"}],"about":[{"href":"https:\/\/aviva.health\/es\/wp-json\/wp\/v2\/types\/page"}],"author":[{"embeddable":true,"href":"https:\/\/aviva.health\/es\/wp-json\/wp\/v2\/users\/5"}],"replies":[{"embeddable":true,"href":"https:\/\/aviva.health\/es\/wp-json\/wp\/v2\/comments?post=10198"}],"version-history":[{"count":5,"href":"https:\/\/aviva.health\/es\/wp-json\/wp\/v2\/pages\/10198\/revisions"}],"predecessor-version":[{"id":12015,"href":"https:\/\/aviva.health\/es\/wp-json\/wp\/v2\/pages\/10198\/revisions\/12015"}],"up":[{"embeddable":true,"href":"https:\/\/aviva.health\/es\/wp-json\/wp\/v2\/pages\/10504"}],"wp:attachment":[{"href":"https:\/\/aviva.health\/es\/wp-json\/wp\/v2\/media?parent=10198"}],"curies":[{"name":"gracias","href":"https:\/\/api.w.org\/{rel}","templated":true}]}}